{"id":16383,"date":"2023-04-21T13:18:14","date_gmt":"2023-04-21T11:18:14","guid":{"rendered":"http:\/\/intvla.unizg.hr\/?page_id=16383"},"modified":"2023-09-08T15:24:21","modified_gmt":"2023-09-08T13:24:21","slug":"natjecaj-za-upis","status":"publish","type":"page","link":"https:\/\/intvla.unizg.hr\/","title":{"rendered":"Natje\u010daj za upis"},"content":{"rendered":"<section class=\"wpb-content-wrapper\"><p>[vc_row css_animation=&#8221;&#8221; row_type=&#8221;row&#8221; use_row_as_full_screen_section=&#8221;no&#8221; type=&#8221;full_width&#8221; angled_section=&#8221;no&#8221; text_align=&#8221;left&#8221; background_image_as_pattern=&#8221;without_pattern&#8221;][vc_column][vc_column_text]<\/p>\r\n<p class=\"has-text-align-center\">[\/vc_column_text][\/vc_column][\/vc_row][vc_row row_type=&#8221;redak&#8221;][\/vc_row][vc_column][\/vc_column][vc_column_text]<\/p>\r\n<p style=\"text-align: center;\"><img loading=\"lazy\" decoding=\"async\" class=\"size-thumbnail wp-image-16410 aligncenter\" src=\"http:\/\/intvla.unizg.hr\/wp-content\/uploads\/2016\/05\/unizg-150x150.png\" alt=\"unizg\" width=\"150\" height=\"150\" \/><\/p>\r\n<p style=\"text-align: center;\"><strong>S V E U \u010c I L I \u0160 T E U Z A G R E B U<br \/><\/strong> CENTAR ZA POSLIJEDIPLOMSKE STUDIJE<\/p>\r\n<p style=\"text-align: center;\">[\/vc_column_text][vc_empty_space][vc_column_text]<\/p>\r\n<p style=\"text-align: center;\">Raspisuje<\/p>\r\n<p style=\"text-align: center;\"><strong>N A T J E \u010c A J<\/strong><\/p>\r\n<p style=\"text-align: center;\"><strong>\u00a0<\/strong><\/p>\r\n<p style=\"text-align: center;\"><strong>za upis nove generacije polaznika na Sveu\u010dili\u0161ni interdisciplinarni specijalisti\u010dki studij<\/strong><\/p>\r\n<p style=\"text-align: center;\"><strong><em>INTELEKTUALNO VLASNI\u0160TVO<\/em><\/strong><\/p>\r\n<p style=\"text-align: center;\"><strong><em>\u00a0<\/em><\/strong><\/p>\r\n<p style=\"text-align: center;\">za stjecanje akademskog naziva: <strong><em>sveu\u010dili\u0161ni specijalist\/specijalistica<\/em> <em>intelektualnog vlasni\u0161tva<\/em><\/strong><\/p>\r\n<p style=\"text-align: center;\">u akademskoj godini 2023.\/2024.<\/p>\r\n<p><strong>\u00a0<\/strong><\/p>\r\n<ol>\r\n<li><strong>UPIS I PO\u010cETAK NASTAVE<\/strong><\/li>\r\n<\/ol>\r\n<p>[\/vc_column_text][vc_empty_space][vc_column_text]<\/p>\r\n<p>Upisni rok na studij po\u010dinje<strong> 2. svibnja 2023. godine.<\/strong> Nastava zapo\u010dinje <strong>1. listopada 2023<\/strong>. godine i odr\u017eava se u zimskom i ljetnom semestru ak. god. 2023.\/2024.<\/p>\r\n<p>[\/vc_column_text][vc_empty_space][vc_column_text]<\/p>\r\n<ol start=\"2\">\r\n<li><strong>PRAVO UPISA<\/strong><\/li>\r\n<\/ol>\r\n<p>[\/vc_column_text][vc_empty_space][vc_column_text]<\/p>\r\n<p>Pravo upisa na studij imaju osobe koje su zavr\u0161ile sveu\u010dili\u0161ni dodiplomski ili diplomski studij \u00a0dru\u0161tvenoga, humanisti\u010dkoga, prirodnoga ili tehni\u010dkoga smjera, ostvariv\u0161i najmanje 300 ECTS bodova ( s njima su izjedna\u010dene osobe koje su po predbolonjskim studijskim programima stekle akademske nazive dipl.iur., dipl. oec., dipl. ing., prof. isl. ) ili usporedivi studij u inozemstvu. Postupak akademskoga priznavanja inozemnih visoko\u0161kolskih kvalifikacija, obavlja Ured za akademsko priznavanje inozemnih visoko\u0161kolskih kvalifikacija Sveu\u010dili\u0161ta u Zagrebu prethodi upisnom postupku.<\/p>\r\n<p>[\/vc_column_text][vc_empty_space][vc_column_text]<\/p>\r\n<p>Od pristupnika se o\u010dekuje aktivno poznavanje engleskoga jezika na razini pra\u0107enja stru\u010dne literature i stru\u010dne komunikacije.<\/p>\r\n<p>[\/vc_column_text][vc_empty_space][vc_column_text]<\/p>\r\n<ol start=\"3\">\r\n<li><strong>UPISNA KVOTA<\/strong><\/li>\r\n<\/ol>\r\n<p>[\/vc_column_text][vc_empty_space][vc_column_text]<\/p>\r\n<p>Na Studij se prima <strong>40 studenata<\/strong>.<\/p>\r\n<p>[\/vc_column_text][vc_empty_space][vc_column_text]<\/p>\r\n<ol start=\"4\">\r\n<li><strong>VISINA \u0160KOLARINE<\/strong><\/li>\r\n<\/ol>\r\n<p>[\/vc_column_text][vc_empty_space][vc_column_text]<\/p>\r\n<p>Visina cjelokupne \u0161kolarine iznosi <strong>5.500 \u20ac.<\/strong> Mogu\u0107e je obro\u010dno pla\u0107anje do tri rate.<\/p>\r\n<p>[\/vc_column_text][vc_empty_space][vc_column_text]<\/p>\r\n<ol>\r\n<li style=\"font-weight: 400;\">rata &#8211; 2.500 \u20ac, uplata tijekom upisa<\/li>\r\n<li>rata &#8211; 1.500 \u20ac, uplata do 23. prosinca 2023.<\/li>\r\n<li>rata &#8211; 1.500 \u20ac uplata do 30. travnja 2024.<\/li>\r\n<\/ol>\r\n<p>[\/vc_column_text][vc_empty_space][vc_column_text]<\/p>\r\n<p>Osobe koje ne zavr\u0161e studij obranom zavr\u0161nog rada niti do kraja akademske godine 2024.\/2025. du\u017ene su platiti dodatno tro\u0161kove ispita i obrane zavr\u0161noga rada koji nastanu u razdoblju nakon 30.09.2025.<\/p>\r\n<p>[\/vc_column_text][vc_empty_space][vc_column_text]<\/p>\r\n<ol start=\"5\">\r\n<li><strong>PROGRAM I TRAJANJE STUDIJA<\/strong><\/li>\r\n<\/ol>\r\n<p>[\/vc_column_text][vc_empty_space][vc_column_text]<\/p>\r\n<p>Detaljan program studija dostupan je na stranicama studija <a href=\"http:\/\/intvla.unizg.hr\/index.php\/nastavni-program\/\">intVLA | Nastavni program (unizg.hr)<\/a>. Studij traje dva semestra i nosi 60 ECTS bodova, s tim da je mogu\u0107e polaganje ispita i obrana zavr\u0161nog rada u tre\u0107em i \u010detvrtom semestru.<\/p>\r\n<p>[\/vc_column_text][vc_empty_space][vc_column_text]<\/p>\r\n<ol start=\"6\">\r\n<li><strong>PRIJAVI ZA UPIS NA STUDIJ POTREBNO JE PRILO\u017dITI<\/strong><\/li>\r\n<\/ol>\r\n<p>[\/vc_column_text][vc_empty_space][vc_column_text]<\/p>\r\n<ul>\r\n<li>ispunjen obrazac za prijavu<\/li>\r\n<li>original ili presliku diplome (ovjerenu na fakultetu ili kod javnog bilje\u017enika)<\/li>\r\n<li>prijepis ocjena<\/li>\r\n<li>dokaz o poznavanju engleskog jezika (npr. Potvrda \u0161kole stranih jezika ili preslika indeksa s polo\u017eenim ispitom iz engleskog jezika)<\/li>\r\n<li>\u017eivotopis<\/li>\r\n<\/ul>\r\n<p>[\/vc_column_text][vc_empty_space][vc_column_text]<\/p>\r\n<ol start=\"7\">\r\n<li><strong>ROK ZA PODNO\u0160ENJE PRIJAVA<\/strong><\/li>\r\n<\/ol>\r\n<p>[\/vc_column_text][vc_empty_space][vc_column_text]<\/p>\r\n<p>Rok za podno\u0161enje prijava na ovaj natje\u010daj je <strong>do 30. rujna 2023.<\/strong>\u00a0 <span style=\"font-size: inherit;\">Obrazac za <\/span><span style=\"color: #008080;\"><strong><span style=\"text-decoration: underline;\"><a style=\"color: #008080; text-decoration: underline;\" href=\"http:\/\/intvla.unizg.hr\/index.php\/online-prijava-za-upis\/\">prijavu.<\/a><\/span><\/strong><\/span><\/p>\r\n<p>[\/vc_column_text][vc_empty_space][vc_column_text]<\/p>\r\n<p style=\"text-align: center;\">Ispunjenu prijavu na natje\u010daj i tra\u017eenu dokumentaciju poslati\u00a0 po\u0161tom na adresu:<\/p>\r\n<p style=\"text-align: center;\">[\/vc_column_text][vc_empty_space][vc_column_text]<\/p>\r\n<p style=\"text-align: center;\"><strong>SVEU\u010cILI\u0160TE U ZAGREBU<\/strong><\/p>\r\n<p style=\"text-align: center;\">[\/vc_column_text][vc_empty_space][vc_column_text]<\/p>\r\n<p style=\"text-align: center;\">Centar za poslijediplomske studije<\/p>\r\n<p style=\"text-align: center;\">(s naznakom za: <strong>Studij Intelektualno vlasni\u0161tvo<\/strong>)<\/p>\r\n<p style=\"text-align: center;\">Trg Republike Hrvatske 14, 10 000 Zagreb<\/p>\r\n<p>[\/vc_column_text][vc_empty_space][vc_column_text]<\/p>\r\n<p>Dodatne upite poslati na e-mail: <span style=\"color: #000000;\"><strong><a style=\"color: #000000;\" href=\"mailto:kmzoric@unizg.hr\">kmzoric@unizg.hr<\/a><\/strong><\/span> ili na tel.: (01) 469 81 66.<\/p>\r\n<p>[\/vc_column_text][vc_empty_space][vc_column_text]<\/p>\r\n<p>KLASA: 643-01\/23-16\/02<br \/>URBROJ: 251-25-14\/2-23-1<\/p>\r\n<p>[\/vc_column_text][vc_empty_space][vc_column_text]<\/p>\r\n<p>I am text block. Click edit button to change this text. Lorem ipsum dolor sit amet, consectetur adipiscing elit. Ut elit tellus, luctus nec ullamcorper mattis, pulvinar dapibus leo.<\/p>\r\n<p>[\/vc_column_text]<\/p><\/section>","protected":false},"excerpt":{"rendered":"<p>[vc_row css_animation=&#8221;&#8221; row_type=&#8221;row&#8221; use_row_as_full_screen_section=&#8221;no&#8221; type=&#8221;full_width&#8221; angled_section=&#8221;no&#8221; text_align=&#8221;left&#8221; background_image_as_pattern=&#8221;without_pattern&#8221;][vc_column][vc_column_text] [\/vc_column_text][\/vc_column][\/vc_row][vc_row row_type=&#8221;redak&#8221;][\/vc_row][vc_column][\/vc_column][vc_column_text] S V E U \u010c I L I \u0160 T E U Z A G R E B U CENTAR ZA POSLIJEDIPLOMSKE STUDIJE [\/vc_column_text][vc_empty_space][vc_column_text] Raspisuje N A T J E \u010c A J \u00a0 za&#8230;<\/p>\n","protected":false},"author":5,"featured_media":0,"parent":0,"menu_order":0,"comment_status":"closed","ping_status":"closed","template":"","meta":{"footnotes":""},"_links":{"self":[{"href":"https:\/\/intvla.unizg.hr\/index.php\/wp-json\/wp\/v2\/pages\/16383"}],"collection":[{"href":"https:\/\/intvla.unizg.hr\/index.php\/wp-json\/wp\/v2\/pages"}],"about":[{"href":"https:\/\/intvla.unizg.hr\/index.php\/wp-json\/wp\/v2\/types\/page"}],"author":[{"embeddable":true,"href":"https:\/\/intvla.unizg.hr\/index.php\/wp-json\/wp\/v2\/users\/5"}],"replies":[{"embeddable":true,"href":"https:\/\/intvla.unizg.hr\/index.php\/wp-json\/wp\/v2\/comments?post=16383"}],"version-history":[{"count":66,"href":"https:\/\/intvla.unizg.hr\/index.php\/wp-json\/wp\/v2\/pages\/16383\/revisions"}],"predecessor-version":[{"id":16864,"href":"https:\/\/intvla.unizg.hr\/index.php\/wp-json\/wp\/v2\/pages\/16383\/revisions\/16864"}],"wp:attachment":[{"href":"https:\/\/intvla.unizg.hr\/index.php\/wp-json\/wp\/v2\/media?parent=16383"}],"curies":[{"name":"wp","href":"https:\/\/api.w.org\/{rel}","templated":true}]}}