{"id":16292,"date":"2016-02-12T09:53:09","date_gmt":"2016-02-12T09:53:09","guid":{"rendered":"http:\/\/intvla.unizg.hr\/?page_id=16292"},"modified":"2023-06-14T14:14:05","modified_gmt":"2023-06-14T12:14:05","slug":"tijela-studija","status":"publish","type":"page","link":"https:\/\/intvla.unizg.hr\/index.php\/tijela-studija\/","title":{"rendered":"Tijela studija"},"content":{"rendered":"<section class=\"wpb-content-wrapper\"><p>[vc_row css_animation=&#8221;&#8221; row_type=&#8221;row&#8221; use_row_as_full_screen_section=&#8221;no&#8221; type=&#8221;full_width&#8221; angled_section=&#8221;no&#8221; text_align=&#8221;left&#8221; background_image_as_pattern=&#8221;without_pattern&#8221;][vc_column][vc_column_text]<\/p>\n<h3>Voditeljica studija<\/h3>\n<p>[\/vc_column_text][vc_empty_space][vc_column_text]<\/p>\n<p><a href=\"http:\/\/intvla.unizg.hr\/index.php\/romana-matanovac-vuckovic\/\">Izv. prof. dr. sc. Romana Matanovac Vu\u010dkovi\u0107<\/a>, Pravni fakultet Sveu\u010dili\u0161ta u Zagrebu[\/vc_column_text][vc_empty_space][\/vc_column][\/vc_row][vc_row css_animation=&#8221;&#8221; row_type=&#8221;row&#8221; use_row_as_full_screen_section=&#8221;no&#8221; type=&#8221;full_width&#8221; angled_section=&#8221;no&#8221; text_align=&#8221;left&#8221; background_image_as_pattern=&#8221;without_pattern&#8221;][vc_column][vc_empty_space][\/vc_column][\/vc_row][vc_row css_animation=&#8221;&#8221; row_type=&#8221;row&#8221; use_row_as_full_screen_section=&#8221;no&#8221; type=&#8221;full_width&#8221; angled_section=&#8221;no&#8221; text_align=&#8221;left&#8221; background_image_as_pattern=&#8221;without_pattern&#8221;][vc_column][vc_column_text]<\/p>\n<h3>Stru\u010dno vije\u0107e studija<\/h3>\n<p>[\/vc_column_text][vc_empty_space][vc_column_text]<a href=\"http:\/\/intvla.unizg.hr\/index.php\/igor-gliha\/\">Prof. dr. sc. Igor Gliha<\/a>, Pravni fakultet Sveu\u010dili\u0161ta u Zagrebu<\/p>\n<p><a href=\"http:\/\/intvla.unizg.hr\/index.php\/romana-matanovac-vuckovic\/\">Izv. prof. dr. sc. Romana Matanovac Vu\u010dkovi\u0107<\/a>, Pravni fakultet Sveu\u010dili\u0161ta u Zagrebu<\/p>\n<p><a href=\"http:\/\/intvla.unizg.hr\/index.php\/durdana-ozretic-dosen\/\">Prof. dr. sc. \u0110ur\u0111ana Ozreti\u0107 Do\u0161en<\/a>, Ekonomski fakultet Sveu\u010dili\u0161ta u Zagrebu<\/p>\n<p><a href=\"http:\/\/intvla.unizg.hr\/index.php\/miljenko-simpraga\/\">Prof. dr. sc. Miljenko \u0160impraga<\/a>, prorektor za inovacije, transfer tehnologije i komunikacije Sveu\u010dili\u0161ta u Zagrebu<\/p>\n<p><a href=\"http:\/\/intvla.unizg.hr\/index.php\/donatella-verbanac\/\">Izv. prof. dr. sc. Donatella Verbanac<\/a>, Medicinski fakultet Sveu\u010dili\u0161ta u Zagrebu[\/vc_column_text][vc_empty_space][\/vc_column][\/vc_row][vc_row css_animation=&#8221;&#8221; row_type=&#8221;row&#8221; use_row_as_full_screen_section=&#8221;no&#8221; type=&#8221;full_width&#8221; angled_section=&#8221;no&#8221; text_align=&#8221;left&#8221; background_image_as_pattern=&#8221;without_pattern&#8221;][vc_column][vc_column_text]<\/p>\n<h3>Dokumenti<\/h3>\n<p><a href=\"http:\/\/www.unizg.hr\/fileadmin\/rektorat\/Istrazivanja\/Poslijediplomski\/doktorski_i_specijalisticki_studiji\/Pravilnik_o_specijalistickim_studijima_na_SUZ.pdf\">Pravilnik o poslijediplomskim specijalisti\u010dkim studijima Sveu\u010dili\u0161ta u Zagrebu od 13.07.2010.<\/a><\/p>\n<p><a href=\"http:\/\/www.unizg.hr\/o-sveucilistu\/dokumenti-i-javnost-informacija\/propisi\/statut-sveucilista-u-zagrebu\/\">Statut Sveu\u010dili\u0161ta u Zagrebu<\/a><\/p>\n<p><a href=\"http:\/\/www.zakon.hr\/z\/320\/Zakon-o-znanstvenoj-djelatnosti-i-visokom-obrazovanju\">Zakon o znanstvenoj djelatnosti i visokom obrazovanju<\/a><\/p>\n<p>[\/vc_column_text][vc_empty_space][vc_column_text]<\/p>\n<p>[\/vc_column_text][\/vc_column][\/vc_row]<\/p>\n<\/section>","protected":false},"excerpt":{"rendered":"<p>[vc_row css_animation=&#8221;&#8221; row_type=&#8221;row&#8221; use_row_as_full_screen_section=&#8221;no&#8221; type=&#8221;full_width&#8221; angled_section=&#8221;no&#8221; text_align=&#8221;left&#8221; background_image_as_pattern=&#8221;without_pattern&#8221;][vc_column][vc_column_text] Voditeljica studija [\/vc_column_text][vc_empty_space][vc_column_text] Izv. prof. dr. sc. Romana Matanovac Vu\u010dkovi\u0107, Pravni fakultet Sveu\u010dili\u0161ta u Zagrebu[\/vc_column_text][vc_empty_space][\/vc_column][\/vc_row][vc_row css_animation=&#8221;&#8221; row_type=&#8221;row&#8221; use_row_as_full_screen_section=&#8221;no&#8221; type=&#8221;full_width&#8221; angled_section=&#8221;no&#8221; text_align=&#8221;left&#8221; background_image_as_pattern=&#8221;without_pattern&#8221;][vc_column][vc_empty_space][\/vc_column][\/vc_row][vc_row css_animation=&#8221;&#8221; row_type=&#8221;row&#8221; use_row_as_full_screen_section=&#8221;no&#8221; type=&#8221;full_width&#8221; angled_section=&#8221;no&#8221; text_align=&#8221;left&#8221; background_image_as_pattern=&#8221;without_pattern&#8221;][vc_column][vc_column_text] Stru\u010dno vije\u0107e studija [\/vc_column_text][vc_empty_space][vc_column_text]Prof. dr. sc. Igor Gliha,&#8230;<\/p>\n","protected":false},"author":3,"featured_media":0,"parent":0,"menu_order":0,"comment_status":"closed","ping_status":"closed","template":"","meta":{"footnotes":""},"_links":{"self":[{"href":"https:\/\/intvla.unizg.hr\/index.php\/wp-json\/wp\/v2\/pages\/16292"}],"collection":[{"href":"https:\/\/intvla.unizg.hr\/index.php\/wp-json\/wp\/v2\/pages"}],"about":[{"href":"https:\/\/intvla.unizg.hr\/index.php\/wp-json\/wp\/v2\/types\/page"}],"author":[{"embeddable":true,"href":"https:\/\/intvla.unizg.hr\/index.php\/wp-json\/wp\/v2\/users\/3"}],"replies":[{"embeddable":true,"href":"https:\/\/intvla.unizg.hr\/index.php\/wp-json\/wp\/v2\/comments?post=16292"}],"version-history":[{"count":13,"href":"https:\/\/intvla.unizg.hr\/index.php\/wp-json\/wp\/v2\/pages\/16292\/revisions"}],"predecessor-version":[{"id":16847,"href":"https:\/\/intvla.unizg.hr\/index.php\/wp-json\/wp\/v2\/pages\/16292\/revisions\/16847"}],"wp:attachment":[{"href":"https:\/\/intvla.unizg.hr\/index.php\/wp-json\/wp\/v2\/media?parent=16292"}],"curies":[{"name":"wp","href":"https:\/\/api.w.org\/{rel}","templated":true}]}}