{"id":16274,"date":"2016-02-12T09:23:05","date_gmt":"2016-02-12T09:23:05","guid":{"rendered":"http:\/\/intvla.unizg.hr\/?page_id=16274"},"modified":"2019-05-30T23:21:34","modified_gmt":"2019-05-30T21:21:34","slug":"mladen-janjanin","status":"publish","type":"page","link":"https:\/\/intvla.unizg.hr\/index.php\/mladen-janjanin\/","title":{"rendered":"Mladen Janjanin"},"content":{"rendered":"<section class=\"wpb-content-wrapper\"><p>[vc_row row_type=&#8221;row&#8221; use_row_as_full_screen_section=&#8221;no&#8221; type=&#8221;full_width&#8221; angled_section=&#8221;no&#8221; text_align=&#8221;left&#8221; background_image_as_pattern=&#8221;without_pattern&#8221; css_animation=&#8221;&#8221;][vc_column][vc_column_text]<\/p>\n<h3><strong>Red. prof. art. Mladen Janjanin<\/strong><\/h3>\n<p>[\/vc_column_text][vc_empty_space][vc_column_text]<\/p>\n<p>[\/vc_column_text][\/vc_column][\/vc_row][vc_row row_type=&#8221;row&#8221; use_row_as_full_screen_section=&#8221;no&#8221; type=&#8221;full_width&#8221; angled_section=&#8221;no&#8221; text_align=&#8221;left&#8221; background_image_as_pattern=&#8221;without_pattern&#8221; padding_bottom=&#8221;75&#8243; css_animation=&#8221;&#8221;][vc_column width=&#8221;2\/3&#8243;][vc_column_text]<\/p>\n<p style=\"text-align: justify;\">Mladen Janjanin (1962.,Vinkovci), istaknuti pijanist i redoviti profesor na Muzi\u010dkoj akademiji Sveu\u010dili\u0161ta u Zagrebu, jedan je od najuglednijih umjetnika na hrvatskoj glazbenoj sceni.<\/p>\n<p>[\/vc_column_text][vc_empty_space][vc_column_text]<\/p>\n<p style=\"text-align: justify;\">Nakon zavr\u0161enog studija na &#8220;Royal College of Music&#8221; u Londonu, umjetni\u010dku karijeru zapo\u010dinje u svibnju 1984. godine koncertom u K. D. Vatroslav Lisinski u Zagrebu, kao solist, i kao komorni glazbenik u komornom duu sa britanskim pijanistom i orgulja\u0161em Wayneom Marshallom.<\/p>\n<p>[\/vc_column_text][vc_empty_space][vc_column_text]<\/p>\n<p style=\"text-align: justify;\">Nastupao je na mnogim pozornicama u Hrvatskoj, Sloveniji, Austriji, Italiji, Njema\u010dkoj, \u0160panjolskoj, Francuskoj, Velikoj Britaniji, Bermudima, Barbadosu, Hong Kongu, Sjedinjenim ameri\u010dkim dr\u017eavama, a zamjetni dio njegove ukupne koncertne djelatnosti odvijao se u respektabilnim svjetskim koncertnim prostorima: Royal Albert Hall, Royal Festival Hall, (London), St. David&#8217;s Hall (Cardiff), Bridgewater Hall, (Manchester), Berliner Philharmoniker Hall (Berlin), Arts and Cultural Centre (Hong Kong), Stetson Chapel, (Chicago), Eglise de la Trinite (Pariz), Giovanni Evangelista (Venecija), City Hall Theatre, (Bermuda), Frank Collymore Hall (Barbados)&#8230;<\/p>\n<p>[\/vc_column_text][vc_empty_space][vc_column_text]<\/p>\n<p style=\"text-align: justify;\">Nastupao je sa uglednim orkestrima u zemlji i inozemstvu; Londonska filharmonija, Berlinska filharmonija, Zagreba\u010dka filharmonija, Simfonijski orkestar HRTa, Zagreba\u010dki solisti i dr.<\/p>\n<p>[\/vc_column_text][vc_empty_space][vc_column_text]<\/p>\n<p style=\"text-align: justify;\">\u010cest je gost renomiranih svjetskih festivala, a sura\u0111ivao s brojnim poznatim stranim i doma\u0107im dirigentima i umjetnicima; Claudio Abbado, Wynton Marsalis, Carl Davis, David Wilcocks, Pavle De\u0161palj, Igor Gjadrov, Mladen Tarbuk&#8230;<\/p>\n<p>[\/vc_column_text][vc_empty_space][vc_column_text]<\/p>\n<p style=\"text-align: justify;\">U o\u017eujku 2014. u velikoj koncertnoj dvorani Vatroslav Lisinski obilje\u017eio je 30-tu obljetnicu svog umjetni\u010dkog rada i pijanisti\u010dke karijere koja do danas broji vi\u0161e stotina koncerata i javnih nastupa.<\/p>\n<p>[\/vc_column_text][vc_empty_space][vc_column_text]<\/p>\n<p style=\"text-align: justify;\">Dobitnik je brojnih strukovnih nagrada i priznanja; \u201eHonorary citizen\u201c (Hamilton, Bermuda), \u201cMilka Trnina\u201d (Hrvatsko dru\u0161tvo glazbenih umjetnika), \u201eDora\u201c \u00a0(HDGPP), \u201ePo\u010dasni gra\u0111anin\u201c (Vinkovci), \u201eGloria Artis\u201c (Vlada Republike Poljske) i dr.<\/p>\n<p>[\/vc_column_text][vc_empty_space][vc_column_text]<\/p>\n<p style=\"text-align: justify;\">Za svoj umjetni\u010dki rad odlikovan je Ordenom Danice Hrvatske s likom Marka Maruli\u0107a.<\/p>\n<p>[\/vc_column_text][vc_empty_space][vc_column_text]<\/p>\n<p style=\"text-align: justify;\">Bio je predsjednik Hrvatskog dru\u0161tva glazbenih umjetnika i dekan Muzi\u010dke akademije u Zagrebu.<\/p>\n<p>[\/vc_column_text][vc_empty_space][vc_column_text]<\/p>\n<p style=\"text-align: justify;\">Od samog po\u010detka svog dekanskog mandata aktivno se uklju\u010dio u projekt izgradnje nove zgrade Muzi\u010dke akademije koji je uspje\u0161no dovr\u0161io.<\/p>\n<p>[\/vc_column_text][vc_empty_space][vc_column_text]<\/p>\n<p style=\"text-align: justify;\">Idejni je za\u010detnik, koordinator i nositelj suradnje triju umjetni\u010dkih akademija Sveu\u010dili\u0161ta u Zagrebu (MA, ADU i ALU) te glazbenih akademija iz \u0161ire regije (Ljubljana, Graz, Be\u010d i Budimpe\u0161ta), \u0161to je rezultiralo brojnim zajedni\u010dkim uspje\u0161nim projektima; \u010carobna frula, Ivan Grozni, Carmen, Slavuj, Euphony\u2026<\/p>\n<p>[\/vc_column_text][vc_empty_space][vc_column_text]<\/p>\n<p style=\"text-align: justify;\">Niz godina aktivno djeluje na Sveu\u010dili\u0161tu u Zagrebu gdje trenutno obna\u0161a du\u017enost Prorektora za umjetnost i me\u0111unarodni polo\u017eaj.<\/p>\n<p>[\/vc_column_text][vc_empty_space][vc_column_text]<\/p>\n<p style=\"text-align: justify;\">1. velja\u010de 2015. godine imenovan je pomo\u0107nikom intendanta za glazbeni program Dubrova\u010dkih ljetnih igara.<\/p>\n<p>[\/vc_column_text][vc_empty_space][vc_column_text]<\/p>\n<p>[\/vc_column_text][\/vc_column][vc_column width=&#8221;1\/3&#8243;][vc_single_image image=&#8221;16276&#8243; img_size=&#8221;medium&#8221; add_caption=&#8221;yes&#8221; qode_css_animation=&#8221;&#8221;][vc_empty_space][vc_column_text]<\/p>\n<h5>Predmeti<\/h5>\n<p>[\/vc_column_text][vc_separator type=&#8221;normal&#8221;][vc_column_text]<a href=\"http:\/\/intvla.unizg.hr\/index.php\/autorsko-i-srodna-prava-u-kreativnim-industrijama\/\">Autorsko i srodna prava u kreativnim industrijama <\/a>[\/vc_column_text][vc_empty_space][vc_column_text]<\/p>\n<h5>Mati\u010dna ustanova<\/h5>\n<p>[\/vc_column_text][vc_separator type=&#8221;normal&#8221;][vc_column_text]Sveu\u010dili\u0161te u Zagrebu, Muzi\u010dka akademija[\/vc_column_text][\/vc_column][\/vc_row]<\/p>\n<\/section>","protected":false},"excerpt":{"rendered":"<p>[vc_row row_type=&#8221;row&#8221; use_row_as_full_screen_section=&#8221;no&#8221; type=&#8221;full_width&#8221; angled_section=&#8221;no&#8221; text_align=&#8221;left&#8221; background_image_as_pattern=&#8221;without_pattern&#8221; css_animation=&#8221;&#8221;][vc_column][vc_column_text] Red. prof. art. Mladen Janjanin [\/vc_column_text][vc_empty_space][vc_column_text] [\/vc_column_text][\/vc_column][\/vc_row][vc_row row_type=&#8221;row&#8221; use_row_as_full_screen_section=&#8221;no&#8221; type=&#8221;full_width&#8221; angled_section=&#8221;no&#8221; text_align=&#8221;left&#8221; background_image_as_pattern=&#8221;without_pattern&#8221; padding_bottom=&#8221;75&#8243; css_animation=&#8221;&#8221;][vc_column width=&#8221;2\/3&#8243;][vc_column_text] Mladen Janjanin (1962.,Vinkovci), istaknuti pijanist i redoviti profesor na Muzi\u010dkoj akademiji Sveu\u010dili\u0161ta u Zagrebu, jedan je od najuglednijih umjetnika na hrvatskoj&#8230;<\/p>\n","protected":false},"author":3,"featured_media":0,"parent":0,"menu_order":0,"comment_status":"closed","ping_status":"closed","template":"","meta":{"footnotes":""},"class_list":["post-16274","page","type-page","status-publish","hentry"],"_links":{"self":[{"href":"https:\/\/intvla.unizg.hr\/index.php\/wp-json\/wp\/v2\/pages\/16274","targetHints":{"allow":["GET"]}}],"collection":[{"href":"https:\/\/intvla.unizg.hr\/index.php\/wp-json\/wp\/v2\/pages"}],"about":[{"href":"https:\/\/intvla.unizg.hr\/index.php\/wp-json\/wp\/v2\/types\/page"}],"author":[{"embeddable":true,"href":"https:\/\/intvla.unizg.hr\/index.php\/wp-json\/wp\/v2\/users\/3"}],"replies":[{"embeddable":true,"href":"https:\/\/intvla.unizg.hr\/index.php\/wp-json\/wp\/v2\/comments?post=16274"}],"version-history":[{"count":5,"href":"https:\/\/intvla.unizg.hr\/index.php\/wp-json\/wp\/v2\/pages\/16274\/revisions"}],"predecessor-version":[{"id":16605,"href":"https:\/\/intvla.unizg.hr\/index.php\/wp-json\/wp\/v2\/pages\/16274\/revisions\/16605"}],"wp:attachment":[{"href":"https:\/\/intvla.unizg.hr\/index.php\/wp-json\/wp\/v2\/media?parent=16274"}],"curies":[{"name":"wp","href":"https:\/\/api.w.org\/{rel}","templated":true}]}}