{"id":16255,"date":"2016-02-11T07:38:13","date_gmt":"2016-02-11T07:38:13","guid":{"rendered":"http:\/\/intvla.unizg.hr\/?page_id=16255"},"modified":"2019-06-02T16:47:21","modified_gmt":"2019-06-02T14:47:21","slug":"damir-teresak","status":"publish","type":"page","link":"https:\/\/intvla.unizg.hr\/index.php\/damir-teresak\/","title":{"rendered":"Prof. dr. sc.\u00a0Damir Tere\u0161ak"},"content":{"rendered":"<section class=\"wpb-content-wrapper\"><p>[vc_row row_type=&#8221;row&#8221; use_row_as_full_screen_section=&#8221;no&#8221; type=&#8221;full_width&#8221; angled_section=&#8221;no&#8221; text_align=&#8221;left&#8221; background_image_as_pattern=&#8221;without_pattern&#8221; css_animation=&#8221;&#8221;][vc_column][vc_column_text]<\/p>\n<h3><strong>Red. prof. art. Damir Tere\u0161ak<\/strong><\/h3>\n<p>[\/vc_column_text][vc_empty_space][vc_column_text]<\/p>\n<p>[\/vc_column_text][\/vc_column][\/vc_row][vc_row row_type=&#8221;row&#8221; use_row_as_full_screen_section=&#8221;no&#8221; type=&#8221;full_width&#8221; angled_section=&#8221;no&#8221; text_align=&#8221;left&#8221; background_image_as_pattern=&#8221;without_pattern&#8221; padding_bottom=&#8221;75&#8243; css_animation=&#8221;&#8221;][vc_column width=&#8221;2\/3&#8243;][vc_column_text]<\/p>\n<p style=\"text-align: justify;\">Diplomirao na Ekonomskom fakultetu u Zagrebu 1979. godine.<\/p>\n<p>[\/vc_column_text][vc_empty_space][vc_column_text]<\/p>\n<p style=\"text-align: justify;\">Od 1981.- 1991. radi kao slobodni filmski djelatnik na preko 40 filmova, a od 1991. godine zapo\u010dinje karijejru filmskog i TV producenta.<\/p>\n<p>[\/vc_column_text][vc_empty_space][vc_column_text]<\/p>\n<p style=\"text-align: justify;\">Od 2002. zaposlen kao docent na Akademiji dramske umjetnosti Sveu\u010dili\u0161ta u Zagrebu, \u00a0a 2012. napreduje u zvanje redovitog profesora.<\/p>\n<p>[\/vc_column_text][vc_empty_space][vc_column_text]<\/p>\n<p style=\"text-align: justify;\">Filmom \u00abZLATNE GODINE\u00bb redatelja Davora \u017dmega\u010da 1991.inicira profesiju samostalnog filmskog producenta kao aktivnog sudionika u kreativnom procesu nastanka filmskog i TV djela, u onom smislu u kojem ta profesija egzistira u razvijenim kinematografijama. Film BOGORODICA\u00bb redatelja Nevena Hitreca producira 1999., a 2002. producira dva igrana filma, obiteljsku komediju \u00abNE DAO BOG VE\u0106EG ZLA\u00bb redateljice Snje\u017eane Tribuson i \u00abPREZIMITI U RIU\u00bb redatelja Davora \u017dmega\u010da.<\/p>\n<p>[\/vc_column_text][vc_empty_space][vc_column_text]<\/p>\n<p style=\"text-align: justify;\">Osim produciranja i stvaranja doma\u0107ih filmova, zanima se i za kreativnu i produkcijsku suradnju na filmovima koji su inicirani u drugim zemljama. Nakon \u0161to je bio koproducent na ma\u0111arskom filmu \u00abCHICO\u00bb (2001)\u00a0 redateljice Ibolye Fekete, 2004. koproducent je \u00a0na njema\u010dkom filmu \u00abOPRO\u0160TAJ\u00bb (Heimkher) redatelja Damira Luka\u010devi\u0107a. Slijedi \u201eNEPRIJATELJ\u201c (2010.) redatelja Deana Ze\u010devi\u0107a te filmovi \u201eKad svane dan\u201c (2012.) redatelja Gorana Paskaljevi\u0107a i \u201eNajljep\u0161a je zemlja moja\u201c (2012.) redateljice Michaele Kezele. Rezultat iskustva u me\u0111unarodnim koprodukcijama\u00a0 je i uspjeh igranog filma \u00abARMIN\u00bb(2007.) redatelja Ognjena Svili\u010di\u0107a koji je imao najve\u0107u gledanost nekog filma\u00a0 ikad zabilje\u017eenu na televiziji (milion gledatelja).<\/p>\n<p>[\/vc_column_text][vc_empty_space][vc_column_text]<\/p>\n<p style=\"text-align: justify;\">Osim \u0161to producira igrane filmove, \u00a0pro\u0161iruje svoj interes i na realizaciju TV programa za komercijalne televizije. Tako pokre\u0107e za RTL Televiziju do tada kod nas nepoznatu vrstu TV formata: dnevni talk-show \u00abSANJA\u00bb, izabrav\u0161i za voditeljicu Sanju Dole\u017eal. Svoje bavljenje TV produkcijom nastavlja 2009. kada pobje\u0111uje na javnom natje\u010daju HRT-a za humoristi\u010dnu seriju s projektom \u201eDOME SLATKI DOME\u201c. U nastavku producira zadnju sezonu kultne TV serije \u201eODMORI SE, ZASLU\u017dIO SI\u201c (2013.) te 2014. vrlo gledanu polit\u010dku satiru, TV seriju \u201eGLAS NARODA\u201c.<\/p>\n<p>[\/vc_column_text][vc_empty_space][vc_column_text]<\/p>\n<p style=\"text-align: justify;\">U dokumentarnom filmu se potvr\u0111uje njegov umjetni\u010dki doprinos koji je ugradio u sve filmove koje je radio i kreativno podr\u017eavao kao producent, jer je u toj filmskoj vrsti oti\u0161ao i korak dalje, prihva\u010daju\u0107i se re\u017eije dokumentarnog filma \u00abPOSLJEDNJI AUTOHTONI PETROVI\u0106\u00bb (2006) koji je pozvan na me\u0111unarodni festival dokumentarnog filma ZagrebDox (2007) gdje dobiva nagradu \u00abPosebno priznanje\u00bb (Honorary mention).<\/p>\n<p>[\/vc_column_text][vc_empty_space][vc_column_text]<\/p>\n<p style=\"text-align: justify;\">U filmografiji se isti\u010de posljednji film koji producira 2014., \u00abTAKVA SU PRAVILA\u00bb redatelja Ognjena Svili\u010di\u0107a koji je pozvan na festiavl u Veneciji gdje dobiva ZLATNOG LAVA za najbolju mu\u0161ku ulogu.<\/p>\n<p>[\/vc_column_text][vc_empty_space][vc_column_text]<\/p>\n<p style=\"text-align: justify;\">Uz kolege Vedrana Mihleti\u0107a i Darka Luki\u0107a, utemeljitelj nastavnog programa studija Produkcije. Koautor \u00a0sveu\u010dili\u0161ne skripte za studij produkcije za 1. godinu studija produkcije kao prvi hrvatski nastavni materijal za novoosnovani studij. Trenutno je nositelj i izvo\u0111a\u010d \u010detiri kolegija.<\/p>\n<p>[\/vc_column_text][vc_empty_space][vc_column_text]<\/p>\n<p style=\"text-align: justify;\"><strong>2014.-\u00a0\u00a0\u00a0\u00a0\u00a0\u00a0\u00a0\u00a0\u00a0<\/strong><\/p>\n<p style=\"text-align: justify;\">Predstojnik Odsjeka produkcije na Akademiji dramske umjetnosti<\/p>\n<p style=\"text-align: justify;\"><strong>2014.-2012.<\/strong><\/p>\n<p style=\"text-align: justify;\">Prodekan za poslovanje Akademije dramske umjetnosti u Zagrebu<\/p>\n<p style=\"text-align: justify;\"><strong>2012.-2008.\u00a0<\/strong><\/p>\n<p style=\"text-align: justify;\">HRVATSKO AUDIOVIZUALNO VIJE\u0106E \u2013 \u010dlan (predstavnik HRUP-a)<\/p>\n<p style=\"text-align: justify;\"><strong>2010.-2003.\u00a0<\/strong><\/p>\n<p style=\"text-align: justify;\">HRVATSKA UDRUGA PRODUCENATA (HRUP) \u2013 \u010dlan Upravnog odbora<\/p>\n<p style=\"text-align: justify;\"><strong>2009.\u00a0 \u00a0<\/strong><\/p>\n<p style=\"text-align: justify;\">PRAVILNIK HAVC-a\u2013 \u010dlan radne grupe za izradu Pravilnika<\/p>\n<p style=\"text-align: justify;\"><strong>2003.\u00a0<\/strong><\/p>\n<p style=\"text-align: justify;\">HRVATSKA UDRUGA PRODUCENATA (HRUP) \u2013 jedan od osniva\u010da<\/p>\n<p style=\"text-align: justify;\"><strong>1999.-1998.\u00a0 \u00a0<\/strong><\/p>\n<p style=\"text-align: justify;\">Dopredsjednik Dru\u0161tva hrvatskih filmskih djelatnika (HDFD)<\/p>\n<p>[\/vc_column_text][vc_empty_space][vc_column_text]<\/p>\n<p>[\/vc_column_text][\/vc_column][vc_column width=&#8221;1\/3&#8243;][vc_single_image image=&#8221;16256&#8243; img_size=&#8221;medium&#8221; add_caption=&#8221;yes&#8221; qode_css_animation=&#8221;&#8221;][vc_empty_space][vc_column_text]<\/p>\n<h5>Predmeti<\/h5>\n<p>[\/vc_column_text][vc_separator type=&#8221;normal&#8221;][vc_column_text]<a href=\"http:\/\/intvla.unizg.hr\/index.php\/autorsko-i-srodna-prava-u-kreativnim-industrijama\/\">Autorsko i srodna prava u kreativnim industrijama<\/a>[\/vc_column_text][vc_empty_space][vc_column_text]<\/p>\n<h5>Mati\u010dna ustanova<\/h5>\n<p>[\/vc_column_text][vc_separator type=&#8221;normal&#8221;][vc_column_text]Akademija dramske umjetnosti\u00a0Sveu\u010dili\u0161ta u Zagrebu[\/vc_column_text][\/vc_column][\/vc_row]<\/p>\n<\/section>","protected":false},"excerpt":{"rendered":"<p>[vc_row row_type=&#8221;row&#8221; use_row_as_full_screen_section=&#8221;no&#8221; type=&#8221;full_width&#8221; angled_section=&#8221;no&#8221; text_align=&#8221;left&#8221; background_image_as_pattern=&#8221;without_pattern&#8221; css_animation=&#8221;&#8221;][vc_column][vc_column_text] Red. prof. art. Damir Tere\u0161ak [\/vc_column_text][vc_empty_space][vc_column_text] [\/vc_column_text][\/vc_column][\/vc_row][vc_row row_type=&#8221;row&#8221; use_row_as_full_screen_section=&#8221;no&#8221; type=&#8221;full_width&#8221; angled_section=&#8221;no&#8221; text_align=&#8221;left&#8221; background_image_as_pattern=&#8221;without_pattern&#8221; padding_bottom=&#8221;75&#8243; css_animation=&#8221;&#8221;][vc_column width=&#8221;2\/3&#8243;][vc_column_text] Diplomirao na Ekonomskom fakultetu u Zagrebu 1979. godine. [\/vc_column_text][vc_empty_space][vc_column_text] Od 1981.- 1991. radi kao slobodni filmski djelatnik na preko 40 filmova,&#8230;<\/p>\n","protected":false},"author":3,"featured_media":0,"parent":0,"menu_order":0,"comment_status":"closed","ping_status":"closed","template":"","meta":{"footnotes":""},"class_list":["post-16255","page","type-page","status-publish","hentry"],"_links":{"self":[{"href":"https:\/\/intvla.unizg.hr\/index.php\/wp-json\/wp\/v2\/pages\/16255","targetHints":{"allow":["GET"]}}],"collection":[{"href":"https:\/\/intvla.unizg.hr\/index.php\/wp-json\/wp\/v2\/pages"}],"about":[{"href":"https:\/\/intvla.unizg.hr\/index.php\/wp-json\/wp\/v2\/types\/page"}],"author":[{"embeddable":true,"href":"https:\/\/intvla.unizg.hr\/index.php\/wp-json\/wp\/v2\/users\/3"}],"replies":[{"embeddable":true,"href":"https:\/\/intvla.unizg.hr\/index.php\/wp-json\/wp\/v2\/comments?post=16255"}],"version-history":[{"count":6,"href":"https:\/\/intvla.unizg.hr\/index.php\/wp-json\/wp\/v2\/pages\/16255\/revisions"}],"predecessor-version":[{"id":16726,"href":"https:\/\/intvla.unizg.hr\/index.php\/wp-json\/wp\/v2\/pages\/16255\/revisions\/16726"}],"wp:attachment":[{"href":"https:\/\/intvla.unizg.hr\/index.php\/wp-json\/wp\/v2\/media?parent=16255"}],"curies":[{"name":"wp","href":"https:\/\/api.w.org\/{rel}","templated":true}]}}