{"id":16244,"date":"2016-02-10T12:47:56","date_gmt":"2016-02-10T12:47:56","guid":{"rendered":"http:\/\/intvla.unizg.hr\/?page_id=16244"},"modified":"2016-02-12T10:32:10","modified_gmt":"2016-02-12T10:32:10","slug":"obrazac-za-iskazivanje-interesa","status":"publish","type":"page","link":"https:\/\/intvla.unizg.hr\/index.php\/obrazac-za-iskazivanje-interesa\/","title":{"rendered":"Poziv za iskazivanje interesa"},"content":{"rendered":"<section class=\"wpb-content-wrapper\"><p>[vc_row row_type=&#8221;row&#8221; use_row_as_full_screen_section=&#8221;no&#8221; type=&#8221;full_width&#8221; angled_section=&#8221;no&#8221; text_align=&#8221;left&#8221; background_image_as_pattern=&#8221;without_pattern&#8221; css_animation=&#8221;&#8221;][vc_column][vc_column_text]<\/p>\n<h4>Poziv za iskazivanje interesa za sveu\u010dili\u0161ni interdisciplinarni poslijediplomski specijalisti\u010dki studij Intelektualno vlasni\u0161tvo<\/h4>\n<p>[\/vc_column_text][vc_empty_space][\/vc_column][\/vc_row][vc_row row_type=&#8221;row&#8221; use_row_as_full_screen_section=&#8221;no&#8221; type=&#8221;full_width&#8221; angled_section=&#8221;no&#8221; text_align=&#8221;left&#8221; background_image_as_pattern=&#8221;without_pattern&#8221; css_animation=&#8221;&#8221;][vc_column][vc_column_text]<\/p>\n<p style=\"text-align: justify;\">Centar za poslijediplomske studije Sveu\u010dili\u0161ta u Zagrebu upu\u0107uje poziv za iskazivanje interesa za sveu\u010dili\u0161ni interdisciplinarni poslijediplomski specijalisti\u010dki studij Intelektualno vlasni\u0161tvo u akademskoj godini 2016.\/2017. za stjecanje akademskog naziva sveu\u010dili\u0161ni specijalist intelektualnog vlasni\u0161tva. Upis na specijalisti\u010dki studij bit \u0107e tijekom 2016. godine.\u00a0Na studij se mo\u017ee upisati najvi\u0161e 30 studenata. Studij traje dva semestra i nosi 60 ECTS bodova.<\/p>\n<p style=\"text-align: justify;\">Cjelokupna \u0161kolarina iznosi 40.000 kuna (mogu\u0107e je obro\u010dno pla\u0107anje). Po posebnom upitu zainteresiranih, Stru\u010dno vije\u0107e studija razmotrit \u0107e mogu\u0107nost stipendiranja dijela \u0161kolarine, rukovode\u0107i se kriterijima izvrsnosti polaznika.\u00a0Zbog ograni\u010denog broja upisnih mjesta prednost pri upisu na studij imat \u0107e kandidati koji su iskazali interes za upis na studij.<\/p>\n<p>[\/vc_column_text][vc_empty_space][vc_column_text]<\/p>\n<p style=\"text-align: justify;\">Za iskazivanje interesa za upis na studij, molimo popunite sljede\u0107i obrazac.\u00a0Informacije sadr\u017eane u obrascu bit \u0107e dostupne samo voditeljstvu studija, a u svrhu razmatranja prijava za upis na studij.<\/p>\n<p>[\/vc_column_text][vc_empty_space][\/vc_column][\/vc_row][vc_row row_type=&#8221;row&#8221; use_row_as_full_screen_section=&#8221;no&#8221; type=&#8221;full_width&#8221; angled_section=&#8221;no&#8221; text_align=&#8221;left&#8221; background_image_as_pattern=&#8221;without_pattern&#8221; css_animation=&#8221;&#8221;][vc_column][vc_column_text]\n<div class=\"wpcf7 no-js\" id=\"wpcf7-f16243-o1\" lang=\"en-US\" dir=\"ltr\" data-wpcf7-id=\"16243\">\n<div class=\"screen-reader-response\"><p role=\"status\" aria-live=\"polite\" aria-atomic=\"true\"><\/p> <ul><\/ul><\/div>\n<form action=\"\/index.php\/wp-json\/wp\/v2\/pages\/16244#wpcf7-f16243-o1\" method=\"post\" class=\"wpcf7-form init\" aria-label=\"Contact form\" novalidate=\"novalidate\" data-status=\"init\">\n<fieldset class=\"hidden-fields-container\"><input type=\"hidden\" name=\"_wpcf7\" value=\"16243\" \/><input type=\"hidden\" name=\"_wpcf7_version\" value=\"6.1.5\" \/><input type=\"hidden\" name=\"_wpcf7_locale\" value=\"en_US\" \/><input type=\"hidden\" name=\"_wpcf7_unit_tag\" value=\"wpcf7-f16243-o1\" \/><input type=\"hidden\" name=\"_wpcf7_container_post\" value=\"0\" \/><input type=\"hidden\" name=\"_wpcf7_posted_data_hash\" value=\"\" \/><input type=\"hidden\" name=\"_wpcf7_recaptcha_response\" value=\"\" \/>\n<\/fieldset>\n<p><STRONG>OSOBNI PODACI<\/strong>\n<\/p>\n<p>Ime i prezime\n<\/p>\n<p><span class=\"wpcf7-form-control-wrap\" data-name=\"your-name\"><input size=\"40\" maxlength=\"400\" class=\"wpcf7-form-control wpcf7-text wpcf7-validates-as-required\" aria-required=\"true\" aria-invalid=\"false\" value=\"\" type=\"text\" name=\"your-name\" \/><\/span>\n<\/p>\n<p>Datum ro\u0111enja\n<\/p>\n<p><span class=\"wpcf7-form-control-wrap\" data-name=\"your-birthday\"><input size=\"40\" maxlength=\"400\" class=\"wpcf7-form-control wpcf7-text\" aria-invalid=\"false\" value=\"\" type=\"text\" name=\"your-birthday\" \/><\/span>\n<\/p>\n<p>Mjesto ro\u0111enja\n<\/p>\n<p><span class=\"wpcf7-form-control-wrap\" data-name=\"your-birthplace\"><input size=\"40\" maxlength=\"400\" class=\"wpcf7-form-control wpcf7-text\" aria-invalid=\"false\" value=\"\" type=\"text\" name=\"your-birthplace\" \/><\/span>\n<\/p>\n<p>Adresa stanovanja\n<\/p>\n<p><span class=\"wpcf7-form-control-wrap\" data-name=\"your-address\"><input size=\"40\" maxlength=\"400\" class=\"wpcf7-form-control wpcf7-text\" aria-invalid=\"false\" value=\"\" type=\"text\" name=\"your-address\" \/><\/span>\n<\/p>\n<p>OIB\n<\/p>\n<p><span class=\"wpcf7-form-control-wrap\" data-name=\"your-oib\"><input size=\"40\" maxlength=\"400\" class=\"wpcf7-form-control wpcf7-text\" aria-invalid=\"false\" value=\"\" type=\"text\" name=\"your-oib\" \/><\/span>\n<\/p>\n<p>E-mail adresa\n<\/p>\n<p><span class=\"wpcf7-form-control-wrap\" data-name=\"your-email\"><input size=\"40\" maxlength=\"400\" class=\"wpcf7-form-control wpcf7-email wpcf7-validates-as-required wpcf7-text wpcf7-validates-as-email\" aria-required=\"true\" aria-invalid=\"false\" value=\"\" type=\"email\" name=\"your-email\" \/><\/span>\n<\/p>\n<p>Telefonski broj\n<\/p>\n<p><span class=\"wpcf7-form-control-wrap\" data-name=\"your-mobile\"><input size=\"40\" maxlength=\"400\" class=\"wpcf7-form-control wpcf7-text\" aria-invalid=\"false\" value=\"\" type=\"text\" name=\"your-mobile\" \/><\/span>\n<\/p>\n<p>Organizacija u kojoj ste zaposleni\n<\/p>\n<p><span class=\"wpcf7-form-control-wrap\" data-name=\"your-organization\"><input size=\"40\" maxlength=\"400\" class=\"wpcf7-form-control wpcf7-text\" aria-invalid=\"false\" value=\"\" type=\"text\" name=\"your-organization\" \/><\/span>\n<\/p>\n<p>Radno mjesto\n<\/p>\n<p><span class=\"wpcf7-form-control-wrap\" data-name=\"your-workplace\"><input size=\"40\" maxlength=\"400\" class=\"wpcf7-form-control wpcf7-text\" aria-invalid=\"false\" value=\"\" type=\"text\" name=\"your-workplace\" \/><\/span>\n<\/p>\n<p>Tko pla\u0107a studij?\n<\/p>\n<p><span class=\"wpcf7-form-control-wrap\" data-name=\"your-tuition\"><input size=\"40\" maxlength=\"400\" class=\"wpcf7-form-control wpcf7-text\" aria-invalid=\"false\" value=\"\" type=\"text\" name=\"your-tuition\" \/><\/span>\n<\/p>\n<p><STRONG>PODACI O DOSADA\u0160NJEM OBRAZOVANJU<\/strong>\n<\/p>\n<p>Naziv i vrsta studija (npr. sveu\u010dili\u0161ni dodiplomski studij)\n<\/p>\n<p><span class=\"wpcf7-form-control-wrap\" data-name=\"your-faculty\"><input size=\"40\" maxlength=\"400\" class=\"wpcf7-form-control wpcf7-text\" aria-invalid=\"false\" value=\"\" type=\"text\" name=\"your-faculty\" \/><\/span>\n<\/p>\n<p>Ostvaren akademski stupanj (npr. dipl. iur. ili profesor)\n<\/p>\n<p><span class=\"wpcf7-form-control-wrap\" data-name=\"your-title\"><input size=\"40\" maxlength=\"400\" class=\"wpcf7-form-control wpcf7-text\" aria-invalid=\"false\" value=\"\" type=\"text\" name=\"your-title\" \/><\/span>\n<\/p>\n<p>Godina upisa na studij\n<\/p>\n<p><span class=\"wpcf7-form-control-wrap\" data-name=\"your-enrolement\"><input size=\"40\" maxlength=\"400\" class=\"wpcf7-form-control wpcf7-text\" aria-invalid=\"false\" value=\"\" type=\"text\" name=\"your-enrolement\" \/><\/span>\n<\/p>\n<p>Godina stjecanja akademskog stupnja\n<\/p>\n<p><span class=\"wpcf7-form-control-wrap\" data-name=\"your-graduation\"><input size=\"40\" maxlength=\"400\" class=\"wpcf7-form-control wpcf7-text\" aria-invalid=\"false\" value=\"\" type=\"text\" name=\"your-graduation\" \/><\/span>\n<\/p>\n<p>Obrazovna institucija (npr. Sveu\u010dili\u0161te u Zagrebu)\n<\/p>\n<p><span class=\"wpcf7-form-control-wrap\" data-name=\"your-alma\"><input size=\"40\" maxlength=\"400\" class=\"wpcf7-form-control wpcf7-text\" aria-invalid=\"false\" value=\"\" type=\"text\" name=\"your-alma\" \/><\/span>\n<\/p>\n<p>Ukupan prosjek ocjena tijekom studija\n<\/p>\n<p><span class=\"wpcf7-form-control-wrap\" data-name=\"your-grades\"><input size=\"40\" maxlength=\"400\" class=\"wpcf7-form-control wpcf7-text\" aria-invalid=\"false\" value=\"\" type=\"text\" name=\"your-grades\" \/><\/span>\n<\/p>\n<p><STRONG>PODACI O OSTALIM KVALIFIKACIJAMA<\/strong>\n<\/p>\n<p>Podaci o ostalim kvalifikacijama (navedite podatke o zavr\u0161enim dodatnim studijima, te\u010dajevima jezika, stipendijama koje ste koristili za stru\u010dno usavr\u0161avanje, i ostalo)\n<\/p>\n<p><span class=\"wpcf7-form-control-wrap\" data-name=\"your-qualifications\"><textarea cols=\"40\" rows=\"10\" maxlength=\"2000\" class=\"wpcf7-form-control wpcf7-textarea\" aria-invalid=\"false\" name=\"your-qualifications\"><\/textarea><\/span>\n<\/p>\n<p>U ne vi\u0161e od 500 rije\u010di navedite \u0161to Vas motivira za sveu\u010dili\u0161ni interdisciplinarni poslijediplomski specijalisti\u010dki studij Intelektualno vlasni\u0161tvo\n<\/p>\n<p><span class=\"wpcf7-form-control-wrap\" data-name=\"your-motivation\"><textarea cols=\"40\" rows=\"10\" maxlength=\"2000\" class=\"wpcf7-form-control wpcf7-textarea\" aria-invalid=\"false\" name=\"your-motivation\"><\/textarea><\/span>\n<\/p>\n<p><input class=\"wpcf7-form-control wpcf7-submit has-spinner\" type=\"submit\" value=\"Po\u0161alji\" \/>\n<\/p><div class=\"wpcf7-response-output\" aria-hidden=\"true\"><\/div>\n<\/form>\n<\/div>\n[\/vc_column_text][\/vc_column][\/vc_row][vc_row row_type=&#8221;row&#8221; use_row_as_full_screen_section=&#8221;no&#8221; type=&#8221;full_width&#8221; angled_section=&#8221;no&#8221; text_align=&#8221;left&#8221; background_image_as_pattern=&#8221;without_pattern&#8221; css_animation=&#8221;&#8221;][vc_column][\/vc_column][\/vc_row][vc_row row_type=&#8221;row&#8221; use_row_as_full_screen_section=&#8221;no&#8221; type=&#8221;full_width&#8221; angled_section=&#8221;no&#8221; text_align=&#8221;left&#8221; background_image_as_pattern=&#8221;without_pattern&#8221; css_animation=&#8221;&#8221;][vc_column][\/vc_column][\/vc_row]<\/p>\n<\/section>","protected":false},"excerpt":{"rendered":"<p>[vc_row row_type=&#8221;row&#8221; use_row_as_full_screen_section=&#8221;no&#8221; type=&#8221;full_width&#8221; angled_section=&#8221;no&#8221; text_align=&#8221;left&#8221; background_image_as_pattern=&#8221;without_pattern&#8221; css_animation=&#8221;&#8221;][vc_column][vc_column_text] Poziv za iskazivanje interesa za sveu\u010dili\u0161ni interdisciplinarni poslijediplomski specijalisti\u010dki studij Intelektualno vlasni\u0161tvo [\/vc_column_text][vc_empty_space][\/vc_column][\/vc_row][vc_row row_type=&#8221;row&#8221; use_row_as_full_screen_section=&#8221;no&#8221; type=&#8221;full_width&#8221; angled_section=&#8221;no&#8221; text_align=&#8221;left&#8221; background_image_as_pattern=&#8221;without_pattern&#8221; css_animation=&#8221;&#8221;][vc_column][vc_column_text] Centar za poslijediplomske studije Sveu\u010dili\u0161ta u Zagrebu upu\u0107uje poziv za iskazivanje interesa za sveu\u010dili\u0161ni interdisciplinarni poslijediplomski specijalisti\u010dki&#8230;<\/p>\n","protected":false},"author":3,"featured_media":0,"parent":0,"menu_order":0,"comment_status":"closed","ping_status":"closed","template":"","meta":{"footnotes":""},"class_list":["post-16244","page","type-page","status-publish","hentry"],"_links":{"self":[{"href":"https:\/\/intvla.unizg.hr\/index.php\/wp-json\/wp\/v2\/pages\/16244","targetHints":{"allow":["GET"]}}],"collection":[{"href":"https:\/\/intvla.unizg.hr\/index.php\/wp-json\/wp\/v2\/pages"}],"about":[{"href":"https:\/\/intvla.unizg.hr\/index.php\/wp-json\/wp\/v2\/types\/page"}],"author":[{"embeddable":true,"href":"https:\/\/intvla.unizg.hr\/index.php\/wp-json\/wp\/v2\/users\/3"}],"replies":[{"embeddable":true,"href":"https:\/\/intvla.unizg.hr\/index.php\/wp-json\/wp\/v2\/comments?post=16244"}],"version-history":[{"count":9,"href":"https:\/\/intvla.unizg.hr\/index.php\/wp-json\/wp\/v2\/pages\/16244\/revisions"}],"predecessor-version":[{"id":16627,"href":"https:\/\/intvla.unizg.hr\/index.php\/wp-json\/wp\/v2\/pages\/16244\/revisions\/16627"}],"wp:attachment":[{"href":"https:\/\/intvla.unizg.hr\/index.php\/wp-json\/wp\/v2\/media?parent=16244"}],"curies":[{"name":"wp","href":"https:\/\/api.w.org\/{rel}","templated":true}]}}