{"id":16235,"date":"2016-02-09T18:36:28","date_gmt":"2016-02-09T18:36:28","guid":{"rendered":"http:\/\/intvla.unizg.hr\/?page_id=16235"},"modified":"2019-05-30T23:19:48","modified_gmt":"2019-05-30T21:19:48","slug":"miljenko-simpraga","status":"publish","type":"page","link":"https:\/\/intvla.unizg.hr\/index.php\/miljenko-simpraga\/","title":{"rendered":"Miljenko \u0160impraga"},"content":{"rendered":"<section class=\"wpb-content-wrapper\"><p>[vc_row row_type=&#8221;row&#8221; use_row_as_full_screen_section=&#8221;no&#8221; type=&#8221;full_width&#8221; angled_section=&#8221;no&#8221; text_align=&#8221;left&#8221; background_image_as_pattern=&#8221;without_pattern&#8221; css_animation=&#8221;&#8221;][vc_column][vc_column_text]<\/p>\n<h3><strong>Prof. dr. sc. Miljenko \u0160impraga<\/strong><\/h3>\n<p>[\/vc_column_text][vc_empty_space][vc_column_text]<\/p>\n<p>[\/vc_column_text][\/vc_column][\/vc_row][vc_row row_type=&#8221;row&#8221; use_row_as_full_screen_section=&#8221;no&#8221; type=&#8221;full_width&#8221; angled_section=&#8221;no&#8221; text_align=&#8221;left&#8221; background_image_as_pattern=&#8221;without_pattern&#8221; padding_bottom=&#8221;75&#8243; css_animation=&#8221;&#8221;][vc_column width=&#8221;2\/3&#8243;][vc_column_text]<\/p>\n<p style=\"text-align: justify;\">Miljenko \u0160impraga ro\u0111en je 8. velja\u010de 1958. godine u \u0160ibeniku, Republika Hrvatska. Godine 1961., iz mjesta Tisno, na otoku Murteru, doselio je u Zagreb gdje je zavr\u0161io osnovnu \u0161kolu i gimnaziju. Diplomirao je 1983. godine na Veterinarskom fakultetu Sveu\u010dili\u0161ta u Zagrebu.<\/p>\n<p>[\/vc_column_text][vc_empty_space][vc_column_text]<\/p>\n<p style=\"text-align: justify;\"><strong>Nastavni rad<\/strong><\/p>\n<p>[\/vc_column_text][vc_empty_space][vc_column_text]<\/p>\n<p style=\"text-align: justify;\">Godine 1983. zaposlio se je na Veterinarskom fakultetu, Sveu\u010dili\u0161ta u Zagrebu, na kojem radi i danas. Sveu\u010dili\u0161nu karijeru zapo\u010deo je kao znanstveni pripravnik na Klinici za kirurgiju, ortopediju i oftalmologiju. Godinu dana kasnije, u svojstvu stru\u010dnog suradnika, pre\u0161ao je na Zavod za fiziologiju i radiobiologiju, na Katedru za radiobiologiju. Na istoj katedri 1987. godine izabran je u zvanje asistenta. Godine 1988. zavr\u0161io je poslijediplomski studij, a doktorsku disertaciju obranio je 1993. godine. Osim zavr\u0161enog poslijediplomskog studija i doktorske disertacije, tijekom svoga rada usavr\u0161avao se i stru\u010dno. Po\u010detkom 1997. godine izabran je u zvanje vi\u0161eg asistenta za predmet Radiobiologija, a ljeta 1998. u zvanje vi\u0161eg asistenta za predmet Fiziologija. U rujnu 2000. godine izabran je u zvanje docenta, u travnju 2004. u zvanje izvanrednog profesora, a \u00a0u sije\u010dnju 2009. godine u znanstveno-nastavno zvanje redovitog profesora. U sije\u0107nju 2014. godine Senat Sveu\u010dili\u0161ta u Zagrebu izabrao ga je za redovitog profesora u trajnom zvanju na Veterinarskom fakultetu. Od 2001. mu je povjerena i nastava iz predmeta \u201cVeterinarska nuklearna medicina\u201d, a od 2005. &#8220;Uloga veterinara na ekolo\u0161koj farmi&#8221;. Oba potonja predmeta uvedeni su u nastavni plan i program dodiplomskog studija\u00a0 Veterinarskog fakulteta na prijedlog M. \u0160imprage. Osim dva predmeta na dodiplomskom studiju, uveo je i \u010detiri predmeta na Doktorskom studiju iz veterinarskih znanosti: &#8220;Fiziologija probave u monogastri\u010dnih \u017eivotinja&#8221;, &#8220;Fiziologija disanja u doma\u0107ih \u017eivotinja \u2013 sisavaca&#8221;, Fiziologija sporta&#8221; i &#8220;Fiziologija i patologija nojeva u intenzivnom uzgoju&#8221;. Uz predmete na doktorskom studiju, voditelj je i predmeta: &#8220;Fiziologija laboratrorijskih \u017eivotinja&#8221; na Poslijediplomskom specijalisti\u010dkom studiju &#8220;Uzgoj i patologija laboratorijskih \u017eivotinja.\u00a0Mentor\u00a0 je pet doktorskih radnji (\u010detiri obranjene, a jedna prihva\u0107ena i u postupku izrade), jednog magistarskog rada, 13 diplomskih radova i tri studentska rada.<\/p>\n<p>[\/vc_column_text][vc_empty_space][vc_column_text]<\/p>\n<p style=\"text-align: justify;\"><strong>Znanstveno-istra\u017eiva\u010dki rad<\/strong><\/p>\n<p>[\/vc_column_text][vc_empty_space][vc_column_text]<\/p>\n<p>Kao prvi autor i\/ili u suradnji sa ostalim autorima do sada je objavio 69 znanstvenih radova. Osim znanstvenih objavio je 39 stru\u010dnih, 6 ostalih radova, 39 sa\u017eetka znanstvenih radova na 16 doma\u0107ih i 23 me\u0111unarodnih znanstvenih skupova te tri studije i dva programa. Bio je voditelj 3 projekta: jednog znanstveno-istra\u017eiva\u010dkog, jednog tehnologijskog i jednog primijenjenog. Bio je konzultant na jednom i suradnik na 9 znanstveno-istra\u017eiva\u010dkih projekta. Odr\u017eao je 4 pozvana predavanja, recenzent je u dva doma\u0107a znanstvena \u010dasopisa: \u201cArhiv za higijenu rada i toksikologiju\u201d &#8211; podru\u010dje radiobiologija, i \u201cVeterinarski arhiv\u201d &#8211; podru\u010dje fiziologija. Od prosinca 2015. suradnik je Znanstvenog centra izvrsnosti za temeljnu, klini\u010dku i translacijsku neuroznaost.<\/p>\n<p>[\/vc_column_text][vc_empty_space][vc_column_text]<\/p>\n<p style=\"text-align: justify;\"><strong>Upravlja\u010dki rad<\/strong><\/p>\n<p>[\/vc_column_text][vc_empty_space][vc_column_text]<\/p>\n<p style=\"text-align: justify;\">\nTijekom 2004. i 2005. godine obna\u0161ao je du\u017enost pomo\u0107nika dekana za komunikacije Veterinarskog fakulteta Sveu\u010dili\u0161ta u Zagrebu. Od 2005. do 2009. godine bio je \u010dlan Senata (zamjena) i \u010dlan Vije\u0107a biomedicinskog podru\u010dja Sveu\u010dili\u0161ta u Zagrebu. Od 2006. do 2009. godine obna\u0161ao je du\u017enost pro\u010delnika Odjela za temeljne prirodne i pretklini\u010dke znanosti, Veterinarskog fakulteta, Sveu\u010dili\u0161ta u Zagrebu. U listopadu 2008. godine izabran je za predstojnika Zavoda za fiziologiju i radiobiologiju ,Veterinarskog fakulteta, Sveu\u010dili\u0161ta u Zagrebu i tu du\u017enost obavlja do danas. Godine 2011. ponovo je imenovan za pomo\u0107nika dekana Veterinarskog fakulteta Sveu\u010dili\u0161ta u Zagrebu i tu du\u017enost obna\u0161a do danas. Godine 2013. imenovan je za predsjednika Povjerenstva za provodbu Eti\u010dkog kodeksa Sveu\u010dili\u0161ta u Zagrebu. Godine 2014. gradona\u010delnik Grada Zagreba imenovao ga je za \u010dlana \u0160kolskog odbora osnovne \u0161kole Miroslav Krle\u017ea u Zagrebu te za \u010dlana \u0160kolskog odbora Veterinarske \u0161kole u Zagrebu. Dana 2. 10. 2014. Senat Sveu\u010dili\u0161ta u Zagrebu\u00a0 izabrao ga je za prorektora za inovacije, transfer tehnologije i komunikacije Sveu\u010dili\u0161ta u Zagrebu. U istom mjesecu imenovan je za \u010dlana Upravnog vije\u0107a SC Vara\u017edin \u00a0i Nadzornog odbora Sveu\u010dili\u0161ne tiskare. U prosincu 2014. Senat Sveu\u010dili\u0161ta u Zagrebu imenovao ga je obna\u0161ateljem du\u017enosti voditelja Centra za istra\u017eivanje, razvoj i transfer tehnologije te Centra za istra\u017eivanje i prijenos znanja u biotehnologiji Sveu\u010dili\u0161ta u Zagrebu na rok od \u0161est mjeseci. U rujnu 2015. izabran je za predsjednika Nadzornog odbora Sveu\u010dili\u0161ne tiskare.<\/p>\n<p>[\/vc_column_text][vc_empty_space][vc_column_text]<\/p>\n<p style=\"text-align: justify;\"><strong>Suradnja sa drugim visokim u\u010dili\u0161tima<\/strong><\/p>\n<p>[\/vc_column_text][vc_empty_space][vc_column_text]<\/p>\n<p style=\"text-align: justify;\">Dana 8. travnja 2005. godine, odlukom ministra znanosti, obrazovanja i \u0161porta, imenovan je \u010dlanom stru\u010dnog Povjerenstva za utemeljenje Veleu\u010dili\u0161ta \u00bbMarko Maruli\u0107\u00ab u Kninu. Od 2005. do 2007. bio je \u010dlan Stru\u010dnog vije\u0107a, a 2006. godine imenovan je i za koordinatora Centra za sto\u010darstvo kr\u0161a Veleu\u010dili\u0161ta &#8220;Marko Maruli\u0107&#8221; u Kninu.\u00a0 Za rad na utemeljenju i razvoju Veleu\u010dili\u0161ta &#8220;Marko Maruli\u0107&#8221; u Kninu, 2010. dobiva nagradu Libar Marka Maruli\u0107a, za doprinos u unaprje\u0111enju djelovanja, razvoju i promociji Veleu\u010dili\u0161ta.<\/p>\n<p>[\/vc_column_text][vc_empty_space][vc_column_text]<\/p>\n<p><strong>Rad u nacionalnim vije\u0107ima i tijelima<\/strong><\/p>\n<p>[\/vc_column_text][vc_empty_space][vc_column_text]<\/p>\n<p style=\"text-align: justify;\">Dana 25. svibnja 2005. Godine, Nacionalno vije\u0107e za znanost i Nacionalno vije\u0107e za visoko obrazovanje imenovalo ga je za \u010dlana Savjeta za financiranje znanstvene djelatnosti i visokog obrazovanja. Godine 2010. imenovan je po drugi put, a 2015. Nacionalno vije\u0107e za znanist, visoko obrazovanje i tehnolo\u0161ki razvoj ponovo ga je imenovalo \u010dlanom Savjeta. Od 2007. do 2011. odlukom Vlade Republike Hrvatske bio je \u010dlanom Vije\u0107e za obrazovanja odraslih.<\/p>\n<p>[\/vc_column_text][vc_empty_space][vc_column_text]<\/p>\n<p style=\"text-align: justify;\">Rje\u0161enjem ministra poljoprivrede i \u0161umarstva RH, od 2002. do kraja 2004. godine bio je \u010dlan dr\u017eavnog Povjerenstva za ekolo\u0161ku proizvodnju poljoprivrednih i prehrambenih proizvoda, a 14. svibnja 2010. godine rje\u0161enjem ministra poljoprivrede, ribarstva i ruralnog razvoja imenovan je \u010dlanom Nacionalnog savjeta za provedbu Programa o\u010duvanja izvornih i za\u0161ti\u0107enih pasmina doma\u0107ih \u017eivotinja u Republici Hrvatskoj.<\/p>\n<p>[\/vc_column_text][vc_empty_space][vc_column_text]<\/p>\n<p style=\"text-align: justify;\">Od 2006. do 2010. godine bio je zamjenik predsjednika Stru\u010dnog vije\u0107a Centra za kr\u0161 iz Gospi\u0107a. Od 2008. do 2010. godine bio je predsjednik Foruma Mre\u017ee za kr\u0161, Centra za kr\u0161 iz Gospi\u0107a.Od 2013. do 2015. Nacionalno vije\u0107e za znanost imenovalo ga je \u010dlanom Mati\u010dnog odbora za podru\u010dje biomedicine i zdravstva \u2013 polje veterinarske medicine.<\/p>\n<p>[\/vc_column_text][vc_empty_space][vc_column_text]<\/p>\n<p>Godine 2014. ministar poljoprivrede Vlade HR imenovao ga je \u010dlanom dr\u017eavnog Povjerenstva za ekolo\u0161ku proizvodnju, a 2015. imenovan je za \u010dlana Sektorskog vije\u0107a za poljoprivredu, prehranu i veterinu.<\/p>\n<p>[\/vc_column_text][vc_empty_space][vc_column_text]<\/p>\n<p><strong>Inovacije i transfer tehnologije<\/strong><\/p>\n<p>[\/vc_column_text][vc_empty_space][vc_column_text]<\/p>\n<p style=\"text-align: justify;\">Od 2003. bavi se inovacijama i transferom tehnologije. Godine 2003. pi\u0161e i dobiva tehnologijski projekt: &#8220;Proizvodnja janjetine sa ekolo\u0161kim znakom Hrvatske&#8221; financiran od Ministarstva znanosti, obrazovanja i sporta do 2007. godine. Za rezultate rada na Projektu dobiva \u010detiri\u00a0 priznanja od koja tri dobiva na sajmovima ideja, inovacija i novih tehnologija. Kao rezultat rada na projektu izradio je i tri studije i dva programa. Osim toga, rezultati rada na projektu su i intelektualno vlasni\u0161tvo nad \u017eigom &#8220;Eko janje&#8221;\u00a0 te osnivanje \u201espin-off\u201c tvrtke &#8220;Eko janje&#8221;.<\/p>\n<p>[\/vc_column_text][vc_empty_space][vc_column_text]<\/p>\n<p style=\"text-align: justify;\">Godine 2005. pokrenuo je i do 2008. vodio tribinu: &#8220;Suvremeno ov\u010darstvo&#8221; u okviru koje je odr\u017eano pet rasprava u Postirima i Nere\u017ei\u0161\u0107ima na otoku Bra\u010du te u \u017degaru, Benkovcu i Gospi\u0107u.<\/p>\n<p>[\/vc_column_text][vc_empty_space][vc_column_text]<\/p>\n<p style=\"text-align: justify;\">Godine 2006. pokrenuo je i do 2008. vodio tribinu: &#8220;Inovacije i nove tehnnologije \u2013 poticaj gospodarskog razvoja Hrvatske&#8221; u okviru koje je u Zagrebu odr\u017eano pet rasprava za podru\u010dje biomedicine i zdravstva.<\/p>\n<p>[\/vc_column_text][vc_empty_space][vc_column_text]<\/p>\n<p style=\"text-align: justify;\">Godine 2007. pokrenuo je i do 2007. vodio tribinu: &#8220;Inovativnost i patentabilnost projekata u veterini&#8221; u okviru koje je odr\u017eano 5 rasprava.<\/p>\n<p>[\/vc_column_text][vc_empty_space][vc_column_text]<\/p>\n<p>Godine 2007. autor je projekta: &#8220;Proizvodnja\u00a0 jaretine sa ekolo\u0161kim znakom Hrvatske&#8221; kojeg je do 2010. financiralo Ministarstvo poljoprivrede, Grad Knin te op\u0107ine Biskupija i Kijevo.<\/p>\n<p>[\/vc_column_text][vc_empty_space][vc_column_text]<\/p>\n<p>Od 2007. godine, suradnik je Udruge inovatora Hrvatske, a 2008. jedan je od utemeljitelja sajma Agro ARCA \u2013 me\u0111unarodnoga sajma ideja, inovacija, novih tehnologija i proizvoda u poljoprivredi i prehrambenoj industriji &#8211; koji se od tada tradicionalno odr\u017eava svake godine. Godine 2013. imenovan je po\u010dasnim predsjednikom sajma Agro ARCA. Za rad u tom podru\u010dju dobio je niz priznanja.<\/p>\n<p>[\/vc_column_text][vc_empty_space][vc_column_text]<\/p>\n<p><strong>Suradnja sa Hrvatskom akademijom znanosti i umjetnosti<\/strong><\/p>\n<p>[\/vc_column_text][vc_empty_space][vc_column_text]<\/p>\n<p>Od 2014. predsjednik je organizacijskog odbora tribine: \u201eInovacije i transfer tehnologije, poticaj gospodarskoga razvoja Hrvatske\u201c. Tribinu zajedni\u010dki organiziraju Sveu\u010dili\u0161te u Zagrebu i HAZU. Do sada je odr\u017eano 7 rasprava, od \u010dega dvije u suradnji sa Razredom za medicinske znanosti i pet u suradnji sa Znanstvenim vije\u0107em za tehnolo\u0161ki razvoj HAZU.<\/p>\n<p>[\/vc_column_text][vc_empty_space][vc_column_text]<\/p>\n<p><strong>Rad u znanstveno-stru\u010dnim organizacijama<\/strong><\/p>\n<p>[\/vc_column_text][vc_empty_space][vc_column_text]<\/p>\n<p>U razdoblju od 2005. &#8211; 2009. godine bio je Predsjednik Hrvatskog dru\u0161tva fiziologa, a od tada do danas \u010dlan je Upravnog odbora istog dru\u0161tva i njegov rizni\u010dar. \u010clan je Upravnog odbora Hrvatskog veterinarskog dru\u0161tva 1893 Societas Veterinaria Croatica.\u00a0 U \u00bbHrvatskom veterinarskom vjesniku\u00ab, glasilu Hrvatskog veterinarskog dru\u0161tva \u2013 1893 &#8211; Societas Veterinaria Croatica, 2001. i 2002. godine obna\u0161a du\u017enost pomo\u0107nika urednika za financije i marketing, 2002. i 2003. godine bio je \u010dlan Uredni\u010dkog odbora, a od 2005. godine \u010dlan je Uredni\u010dkog kolegija. Od 2002. do 2005.\u00a0 obna\u0161ao je du\u017enost pro\u010delnika Odjela za marketing i komunikacije, a 2006. izabran je i za voditelja Odjela za inovacijsko tehnologijski razvoj Hrvatskog veterinarskog dru\u0161tva. Od 2006. godine \u010dlan je i Hrvatskog dru\u0161tva za sustave. U Hrvatskom dru\u0161tvu za za\u0161titu od zra\u010denja u dva mandata je bio \u010dlan Upravnog odbora i u dva mandata predsjednik Nadzornog odbora.<\/p>\n<p>[\/vc_column_text][vc_empty_space][vc_column_text]<\/p>\n<p>Sudjelovao je u organizaciji deset doma\u0107ih i \u0161est me\u0111unarodnih simpozija i kongresa. Godine 2004. bio je i predsjednik lokalnog organizacijskog odbora 11th Ostrich World Congress, a 2014. predsjednik organizacijkosg odbora: 2nd International Scientific Meeting of Anatomy and Physiology: Fundamentals of Medicine. Na dva me\u0111unarodna kongresa bio je urednik Zbornika radova, a na jednom urednik Zbornika sa\u017eetaka.<\/p>\n<p>[\/vc_column_text][vc_empty_space][vc_column_text]<\/p>\n<p><strong>Promid\u017eba i popularizacija znanosti i struke<\/strong><\/p>\n<p>[\/vc_column_text][vc_empty_space][vc_column_text]<\/p>\n<p>Od 1994. do 2005. godine je, kao urednik i producent, sura\u0111ivao na HRT-u, OTV-u, Radiju 101 i Hrvatskom katoli\u010dkom radiju. U ime OTV-a bio je \u010dlan radne grupe koja je radila na osnivanju CCN-a \u2013 Nacionalne mre\u017ee lokalnih televizija. Prvih godinu dana rada CCN-a bio je njen glavni urednik i producent. Kao autor, pokrenuo je 7 televizijskih i 2 radijske serije emisija te kao gost urednik i suradnik sudjelovao u postoje\u0107im znanstvenim emisijama Znanstveno-obrazovnog programa HRT-a. U tom razdoblju broj emisija u kojima je sudjelovao dosegao je brojku od 600 televizijskih i 50 radijske emisije. Za taj dugogodi\u0161nji rad u elektronskim medijima, 2002. godine dobio je godi\u0161nju Dr\u017eavnu nagradu za znanost\u00a0 za popularizaciju i promid\u017ebu znanosti, posebice u podru\u010dju biomedicinskih znanosti, grana veterina.<\/p>\n<p>[\/vc_column_text][vc_empty_space][vc_column_text]<\/p>\n<p>Od 2001. do 2007. bio je uredenik mre\u017enih stranica Veterinarskog fakulteta Sveu\u010dili\u0161ta u Zagrebu.<\/p>\n<p>[\/vc_column_text][vc_empty_space][vc_column_text]<\/p>\n<p>Od 2015. godine urednik je serije emisija: \u201eSveu\u010dili\u0161ni Zagreb\u201c koja se emitira na Z1 televiziji.<\/p>\n<p>[\/vc_column_text][vc_empty_space][vc_column_text]<\/p>\n<p><strong>Dru\u0161tvene aktivnosti vezane za pitanje znanosti<\/strong><\/p>\n<p>[\/vc_column_text][vc_empty_space][vc_column_text]<\/p>\n<p>Jedan je od osniva\u010da Nezavisnog sindikata znanosti i visokog obrazovanja Hrvatske. U svim mandatima bio je \u010dlan Velikog vije\u0107a, a u \u0161est mandata \u010dlan Malog vije\u0107a. U razdoblju od 2002. do 2006. obna\u0161ao je funkcije zamjenika predsjednika Upravnog vije\u0107a, potpredsjednika Velikog vije\u0107a za unutarnja pitanja te zamjenika predsjendnika Sindikata. U istom razdoblju bio je i \u010dlan predsjedi\u0161tva Matice hrvatskih sindikata javnih slu\u017ebi. Od 2006. do 2010. bio je potpredsjednik Velikog vije\u0107a za visoko obrazovanje i predsjednik Upravnog vije\u0107a. U razdoblju od 2009. do 2010. ponovo je obna\u0161ao du\u017enost zamjenika predsjednika Sindikata. Od 2010. \u010dlan je Velikog i Malog vije\u0107a Sindikata te Velikog vije\u0107a Matice. Godine 2000. dobio je priznanje za osnivanje Sindikata znanosti, 2010. priznanje za uspje\u0161no vo\u0111enje Sindikata znanosti, a 2013. za doprinos djelovanju Matice hrvatskih sindikata.<\/p>\n<p>[\/vc_column_text][vc_empty_space][vc_column_text]<\/p>\n<p><strong>Humanitarni rad<\/strong><\/p>\n<p>[\/vc_column_text][vc_empty_space][vc_column_text]<\/p>\n<p>Od 1994. do 2000. godine bavio se i humanitarnim radom aktivno podupiru\u0107i Hrvatsku udrugu za \u0161kolovanje pasa vodi\u010da i mobilitet. Za njih je organizirao dva vrlo uspje\u0161na dobrotvorna koncerta u KD \u201cVatroslav Lisinski\u201d: 12. velja\u010de 1996. i 30. rujna 1997. godine, pod nazivom \u201cO\u010di koje vode\u201d te sudjelovao u organizaciji njihove prve aukcije slika i humanitarne priredbe na Jarunu u Zagrebu u ljeto 2000. godine. Za dugogodi\u0161nje podupiranje rada Udruge 2005. godine dobio je\u00a0 Priznanje za doprinos u razvoju \u0161kolovanju pasa vodi\u010da slijepih.<\/p>\n<p>[\/vc_column_text][vc_empty_space][vc_column_text]<\/p>\n<p><strong>Nagrade<\/strong><\/p>\n<p>[\/vc_column_text][vc_empty_space][vc_column_text]<\/p>\n<p><strong>2002.<\/strong> \u2013 Dr\u017eavna nagradu za znanost za 2001. godinu, za popularizaciju i promid\u017ebu\u00a0\u00a0\u00a0znanosti posebice u podru\u010dju biomedicinskih znanosti, grana veterina (za vi\u0161e od 200 TV emisija i priloga), Zagreb.<\/p>\n<p><strong>2010.<\/strong>\u2013 Libar Marka Maruli\u0107a za rad na utemeljenju i razvoju Veleu\u010dili\u0161ta &#8220;Marko\u00a0\u00a0\u00a0\u00a0\u00a0\u00a0\u00a0\u00a0 \u00a0\u00a0\u00a0\u00a0\u00a0\u00a0\u00a0\u00a0\u00a0 \u00a0\u00a0Maruli\u0107&#8221; u Kninu, Knin.<\/p>\n<p>[\/vc_column_text][vc_empty_space][vc_column_text]<\/p>\n<p><strong>Priznanja<\/strong><\/p>\n<p>[\/vc_column_text][vc_empty_space][vc_column_text]<\/p>\n<p><strong>2000.<\/strong> &#8211;\u00a0 Priznanje za osnivanje Nezavisnog sindikata znanosti i visokog obrazovanja\u00a0povodom 10 godina djelovanja Sindikata, Zagreb.<\/p>\n<p><strong>2005.<\/strong> &#8211; \u00a0Posebno priznanje za projekt &#8220;Eko janje&#8221; na 3. me\u0111unarodnoj izlo\u017ebi inovacija,\u00a0novih ideja, proizvoda i tehnologija ARCA 2005., Zagreb.<\/p>\n<p><strong>2005.<\/strong> &#8211; \u00a0Diploma za visoku razinu inovacija iz podru\u010dja medicine za projekt \u00bbEko janje\u00ab\u00a0na 7. izlo\u017ebi inovacija iz medicine i ekologije, na 22. me\u0111unarodnom\u00a0sjevernojadranskom sajmu, Rijeka.<\/p>\n<p><strong>2005.<\/strong> \u2013 Priznanje za doprinos u razvoju \u0161kolovanju pasa vodi\u010da slijepih, povodom 15.\u00a0obljetnice rada i postojanja Hrvatske udruge za \u0161kolovanje pasa vodi\u010da i mobilitet,\u00a0Zagreb.<\/p>\n<p><strong>2006.<\/strong> \u2013 Projekt \u00bbEko janje\u00ab predstavljen je kao jedan od 20 najuspje\u0161nijih\u00a0tehnologijskih projekata u Republici Hrvatskoj financiranih u razdoblju od 2001. do 2006., (me\u0111u 250 financiranih od 500 prijavljenih), Zagreb<\/p>\n<p><strong>2007.<\/strong> &#8211;\u00a0 Medalja ARCA 2007 za rad: &#8220;Od ideje do Spin off tvrtke&#8221; na 5. me\u0111unarodnoj\u00a0izlo\u017ebi inovacija, novih ideja i novih tehnologija, ARCA 2007, Zagreb.<\/p>\n<p><strong>2010.<\/strong> \u2013 Priznanje za uspje\u0161no i odgovorno vo\u0111enje te \u010dlanstvo u Velikom i Malom vije\u0107u\u00a0Sindikata vi\u0161e od 10 godina Nezavisnog sindikata znanosti i visokog obrazovanja,\u00a0povodom 20 godina djelovanja Sindikata, Zagreb.<\/p>\n<p><strong>2013.<\/strong> \u2013 Priznanje za doprinos djelovanja Matice hrvatskih sindikata, a time i\u00a0sindikalnom pokretu, socijalnoj pravdi i demokraciji u Republici Hrvatskoj,\u00a0povodom 20 godina djelovanja Matice, Zagreb.<\/p>\n<p><strong>2014.<\/strong> \u2013\u00a0 Plaketa AgroARCA 2014. za inovaciju\/projekt: &#8220;Zdravo stado, preduvjet kvalitetne i sigurne hrane \u017eivotinjskog podrijetla&#8221; na 7. me\u0111unarodnom sajmu inovacija u poljoprivredi i prehrambenoj industiji i poljoprivrednoj mehanizaciji, 9. \u2013 11. 2014., Biograd na moru, Hrvatska.<\/p>\n<p><strong>2015.<\/strong> &#8211;\u00a0\u00a0 Priznanje za doprinos djelovanju Sindikata znanosti u za\u0161titi dostojanstva\u00a0zaposlenika, razvoju znanosti i visokog obrazovanja te razvoju socijalne pravde i demokraciji u Republici Hrvatskoj, povodom 25 godina djelovanja\u00a0Nezavisnog sindikata znanosti i visokog obrazovanja<\/p>\n<p><strong>2015.<\/strong> &#8211;\u00a0\u00a0\u00a0 Srebrna plaketa AgroARCA 2015. za inovaciju\/projekt: \u201eTradicionalni proizvod\u00a0Grada Nina \u2013 \u0160okol\u201c na 8. me\u0111unarodnom sajmu inovacija u poljoprivredi,\u00a0prehrambenoj industriji i poljoprivrednoj mehanizaciji, 8 -10. svibnja 2015. Grad\u00a0Trilj, Hrvatska<\/p>\n<p><strong>2015.<\/strong> &#8211;\u00a0\u00a0 Zlatna plaketa AgroARCA 2015. za inovaciju\/projekt: \u201eOd funkcionalne hrane za\u00a0ovce do funkcionalne hrane za \u010dovjeka\u201c na 8. me\u0111unarodnom sajmu inovacija u\u00a0poljoprivredi, prehrambenoj industriji i poljoprivrednoj mehanizaciji, 8 -10. svibnja\u00a02015. Grad Trilj, Hrvatska<\/p>\n<p>[\/vc_column_text][vc_empty_space][vc_column_text]<\/p>\n<p>[\/vc_column_text][\/vc_column][vc_column width=&#8221;1\/3&#8243;][vc_single_image image=&#8221;16346&#8243; img_size=&#8221;medium&#8221; add_caption=&#8221;yes&#8221; qode_css_animation=&#8221;&#8221;][vc_empty_space][vc_column_text]<\/p>\n<h5>Predmeti<\/h5>\n<p>[\/vc_column_text][vc_separator type=&#8221;normal&#8221;][vc_column_text]<a href=\"http:\/\/intvla.unizg.hr\/index.php\/upravljanje-intelektualnim-vlasnistvom\/\">Upravljanje intelektualnim vlasni\u0161tvom<\/a>[\/vc_column_text][vc_empty_space][vc_column_text]<\/p>\n<h5>Mati\u010dna ustanova<\/h5>\n<p>[\/vc_column_text][vc_separator type=&#8221;normal&#8221;][vc_column_text]Veterinarski\u00a0fakultet Sveu\u010dili\u0161ta u Zagrebu[\/vc_column_text][\/vc_column][\/vc_row]<\/p>\n<\/section>","protected":false},"excerpt":{"rendered":"<p>[vc_row row_type=&#8221;row&#8221; use_row_as_full_screen_section=&#8221;no&#8221; type=&#8221;full_width&#8221; angled_section=&#8221;no&#8221; text_align=&#8221;left&#8221; background_image_as_pattern=&#8221;without_pattern&#8221; css_animation=&#8221;&#8221;][vc_column][vc_column_text] Prof. dr. sc. Miljenko \u0160impraga [\/vc_column_text][vc_empty_space][vc_column_text] [\/vc_column_text][\/vc_column][\/vc_row][vc_row row_type=&#8221;row&#8221; use_row_as_full_screen_section=&#8221;no&#8221; type=&#8221;full_width&#8221; angled_section=&#8221;no&#8221; text_align=&#8221;left&#8221; background_image_as_pattern=&#8221;without_pattern&#8221; padding_bottom=&#8221;75&#8243; css_animation=&#8221;&#8221;][vc_column width=&#8221;2\/3&#8243;][vc_column_text] Miljenko \u0160impraga ro\u0111en je 8. velja\u010de 1958. godine u \u0160ibeniku, Republika Hrvatska. Godine 1961., iz mjesta Tisno, na otoku Murteru, doselio&#8230;<\/p>\n","protected":false},"author":3,"featured_media":0,"parent":0,"menu_order":0,"comment_status":"closed","ping_status":"closed","template":"","meta":{"footnotes":""},"class_list":["post-16235","page","type-page","status-publish","hentry"],"_links":{"self":[{"href":"https:\/\/intvla.unizg.hr\/index.php\/wp-json\/wp\/v2\/pages\/16235","targetHints":{"allow":["GET"]}}],"collection":[{"href":"https:\/\/intvla.unizg.hr\/index.php\/wp-json\/wp\/v2\/pages"}],"about":[{"href":"https:\/\/intvla.unizg.hr\/index.php\/wp-json\/wp\/v2\/types\/page"}],"author":[{"embeddable":true,"href":"https:\/\/intvla.unizg.hr\/index.php\/wp-json\/wp\/v2\/users\/3"}],"replies":[{"embeddable":true,"href":"https:\/\/intvla.unizg.hr\/index.php\/wp-json\/wp\/v2\/comments?post=16235"}],"version-history":[{"count":9,"href":"https:\/\/intvla.unizg.hr\/index.php\/wp-json\/wp\/v2\/pages\/16235\/revisions"}],"predecessor-version":[{"id":16603,"href":"https:\/\/intvla.unizg.hr\/index.php\/wp-json\/wp\/v2\/pages\/16235\/revisions\/16603"}],"wp:attachment":[{"href":"https:\/\/intvla.unizg.hr\/index.php\/wp-json\/wp\/v2\/media?parent=16235"}],"curies":[{"name":"wp","href":"https:\/\/api.w.org\/{rel}","templated":true}]}}