{"id":16120,"date":"2016-02-09T12:43:15","date_gmt":"2016-02-09T12:43:15","guid":{"rendered":"http:\/\/intvla.unizg.hr\/?page_id=16120"},"modified":"2019-05-30T22:50:00","modified_gmt":"2019-05-30T20:50:00","slug":"igor-gliha","status":"publish","type":"page","link":"https:\/\/intvla.unizg.hr\/index.php\/igor-gliha\/","title":{"rendered":"Igor Gliha"},"content":{"rendered":"<section class=\"wpb-content-wrapper\"><p>[vc_row row_type=&#8221;row&#8221; use_row_as_full_screen_section=&#8221;no&#8221; type=&#8221;full_width&#8221; angled_section=&#8221;no&#8221; text_align=&#8221;left&#8221; background_image_as_pattern=&#8221;without_pattern&#8221; css_animation=&#8221;&#8221;][vc_column][vc_column_text]<\/p>\n<h3><strong>Prof. dr. sc. Igor Gliha<\/strong><\/h3>\n<p>[\/vc_column_text][vc_empty_space][vc_column_text]<\/p>\n<p>[\/vc_column_text][\/vc_column][\/vc_row][vc_row row_type=&#8221;row&#8221; use_row_as_full_screen_section=&#8221;no&#8221; type=&#8221;full_width&#8221; angled_section=&#8221;no&#8221; text_align=&#8221;left&#8221; background_image_as_pattern=&#8221;without_pattern&#8221; padding_bottom=&#8221;75&#8243; css_animation=&#8221;&#8221;][vc_column width=&#8221;2\/3&#8243;][vc_column_text]<\/p>\n<p style=\"text-align: justify;\">Prof. dr. sc. Igor Gliha, ro\u0111en 16. travnja 1962. u Zagrebu. Na Pravnom fakultetu u Zagrebu diplomirao 1985.; magistrirao 1990. s radom: &#8220;Mjerodavno pravo za izvanugovornu odgovornost za \u0161tetu nastalu u sportu s posebnim osvrtom na skijanje&#8221;; doktorirao 1996. s disertacijom &#8220;Pravna narav nakladnikovih prava&#8221;. Usavr\u0161avao se studijskim boravcima na Institut f\u00fcr Rechtsvergleichung, Rechtswissenschaftliche Fakult\u00e4t, Universit\u00e4t Wien te Max Planck Institut f\u00fcr Geistiges Eigentum, Wettbewerbs- und Steuerrecht. Pravosudni ispit polo\u017eio 1988. Stru\u010dni ispit za zastupnika za \u017eigove polo\u017eio 2007.<\/p>\n<p>[\/vc_column_text][vc_empty_space][vc_column_text]<\/p>\n<p style=\"text-align: justify;\">Od 1986. radi kao odvjetni\u010dki vje\u017ebenik do dolaska na Pravni fakultet Sveu\u010dili\u0161ta u Zagrebu, Katedra za gra\u0111ansko pravo, gdje neprestano radi od 1987. Za redovitog profesora u trajnom zvanju izabran 2010. U razdoblju 1992.-1993. savjetnik u Veleposlanstvu Republike Hrvatske u SAD. Prodekan Pravnog fakulteta Sveu\u010dili\u0161ta u Zagrebu od 1997-1999. Vi\u0161ekratno predstojnik Katedre za gra\u0111ansko pravo.<\/p>\n<p>[\/vc_column_text][vc_empty_space][vc_column_text]<\/p>\n<p style=\"text-align: justify;\">Autor stotinjak radova objavljenih u doma\u0107im i inozemnim publikacijama. Sudjelovao s priop\u0107enjima na osamdesetak doma\u0107ih i me\u0111unarodnih znanstvenih i stru\u010dnih skupova. Urednik i \u010dlan ure\u0111iva\u010dkih odbora ve\u0107eg broja znanstvenih i stru\u010dnih me\u0111unarodnih i doma\u0107ih skupova. Glavni urednik nakladni\u010dke djelatnosti Pravnog fakulteta Sveu\u010dili\u0161ta u Zagrebu od 2006-2015. \u010clan uredni\u0161tva Zbornika Hrvatskog dru\u0161tva za autorsko pravo a vi\u0161e godina bio je i \u010dlan uredni\u0161tva Zbornika Pravnog fakulteta u Zagrebu.<\/p>\n<p>[\/vc_column_text][vc_empty_space][vc_column_text]<\/p>\n<p style=\"text-align: justify;\">Osim na mati\u010dnom fakultetu na kojemu sudjeluje u izvo\u0111enju nastave na svim razinama nastave iz disciplina gra\u0111ansko pravo, autorsko pravo, osobna prava, europsko privatno pravo, sportsko pravo i ekolo\u0161ko pravo, sudjelovao je u izvo\u0111enju nastave na Akademiji dramskih umjetnosti, predmet Autorsko pravo i Medicinskom fakultetu, u okviru kolegija Bioetika. Na Pravnom fakultetu Sveu\u010dili\u0161ta u Grazu, u okviru <em>Master Programme South East European Law and European Integration (LL.M.)<\/em> izvodi nastavu iz kolegija <em>Intellectual Property Law<\/em>. Na poslijediplomskom specijalisti\u010dkom studiju \u0160portsko pravo Pravnog fakulteta Sveu\u010dili\u0161ta u Splitu sudjeluje u izvo\u0111enju nastave iz predmeta \u0160portsko gra\u0111ansko pravo te \u0160port i intelektualno vlasni\u0161tvo. Pozvana predavanja odr\u017eavao na The American University, School of Law, Washington, D.C., Doktorskom poslijediplomskom studiju Biomedicina i zdravstvo Medicinskog fakulteta Sveu\u010dili\u0161ta u Zagrebu te Postdiplomskom studiju Pravo europskih integracija Pravnog fakulteta u Rijeci.<\/p>\n<p>[\/vc_column_text][vc_empty_space][vc_column_text]<\/p>\n<p style=\"text-align: justify;\">Voditelj radne skupine &#8220;Pravo intelektualnog vlasni\u0161tva&#8221; za pripremu pregovora o pristupanju Republike Hrvatske Europskoj uniji. \u010clan radnih grupa za izradu propisa u podru\u010dju gra\u0111anskog prava i autorskog prava. Kao predstavnik Republike Hrvatske vi\u0161ekratno sudjelovao u radu ekspertnih skupina World Intellectual Property Organization (WIPO). \u010clan delegacije Republike Hrvatske na Diplomatic Conference on Certain Copyright and Neighboring Rights Questions, Geneva 2.-20.12.1996. i na Diplomatic Conference on the Protection of Audiovisual Performances, Geneva 7.-20.12.2000.<\/p>\n<p>[\/vc_column_text][vc_empty_space][vc_column_text]<\/p>\n<p style=\"text-align: justify;\">Arbitar u postupcima s i bez me\u0111unarodnog elementa pred Stalnim arbitra\u017enim sudi\u0161tem pri Hrvatskoj gospodarskoj komori; arbitar HR DNS slu\u017ebe za poddomene unutar vr\u0161ne HR-domene, arbitar Arbitra\u017enog \u0161portskog sudi\u0161ta pri HOO i \u010dlan Vije\u0107a \u0161portske arbitra\u017ee HOO.<\/p>\n<p>[\/vc_column_text][vc_empty_space][vc_column_text]<\/p>\n<p style=\"text-align: justify;\">Primio Nagradu HAZU za doprinos od osobitog i trajnog zna\u010denja za Republiku Hrvatsku u podru\u010dju dru\u0161tvenih znanosti za 1999 s drugim autorima knjige Stvarno pravo.<\/p>\n<p>[\/vc_column_text][vc_empty_space][vc_column_text]<\/p>\n<p style=\"text-align: justify;\">Redoviti \u010dlan Akademije pravnih znanosti Hrvatske. Predsjednik Hrvatskog dru\u0161tva za autorsko pravo i ALAI Hrvatska. \u010clan Izvr\u0161nog odbora Association litt\u00e9raire et artistique internationale, Almae matris alumnae et alumni Croaticae &#8211; Facultas Iuridica. te \u010dlan Association of the Friends and Alumni of the Max Planck Institute for Intellectual Property, Competition and Tax Law, Dru\u0161tva za gra\u0111anskopravne znanosti i praksu Hrvatske i Hrvatskog dru\u0161tva za prou\u010davanje Europske zajednice.<\/p>\n<p>[\/vc_column_text][vc_empty_space][vc_column_text]<\/p>\n<p>[\/vc_column_text][\/vc_column][vc_column width=&#8221;1\/3&#8243;][vc_single_image image=&#8221;16124&#8243; img_size=&#8221;medium&#8221; add_caption=&#8221;yes&#8221; qode_css_animation=&#8221;&#8221;][vc_empty_space][vc_column_text]<\/p>\n<h5>Predmeti<\/h5>\n<p>[\/vc_column_text][vc_separator type=&#8221;normal&#8221;][vc_column_text]<a href=\"http:\/\/intvla.unizg.hr\/index.php\/autorsko-pravo\/\">Autorsko pravo<\/a><\/p>\n<p><a href=\"http:\/\/intvla.unizg.hr\/index.php\/autorsko-i-srodna-prava-u-kreativnim-industrijama\/\">Autorsko pravo u kreativnim industrijama<\/a><\/p>\n<p><a href=\"http:\/\/intvla.unizg.hr\/index.php\/individualno-i-kolektivno-ostvarivanje-autorskog-i-srodnih-prava\/\">Individualno i kolektivno ostvarivanje autorskog i srodnih prava<\/a>[\/vc_column_text][vc_empty_space][vc_column_text]<\/p>\n<h5>Mati\u010dna ustanova<\/h5>\n<p>[\/vc_column_text][vc_separator type=&#8221;normal&#8221;][vc_column_text]Pravni fakultet Sveu\u010dili\u0161ta u Zagrebu[\/vc_column_text][\/vc_column][\/vc_row]<\/p>\n<\/section>","protected":false},"excerpt":{"rendered":"<p>[vc_row row_type=&#8221;row&#8221; use_row_as_full_screen_section=&#8221;no&#8221; type=&#8221;full_width&#8221; angled_section=&#8221;no&#8221; text_align=&#8221;left&#8221; background_image_as_pattern=&#8221;without_pattern&#8221; css_animation=&#8221;&#8221;][vc_column][vc_column_text] Prof. dr. sc. Igor Gliha [\/vc_column_text][vc_empty_space][vc_column_text] [\/vc_column_text][\/vc_column][\/vc_row][vc_row row_type=&#8221;row&#8221; use_row_as_full_screen_section=&#8221;no&#8221; type=&#8221;full_width&#8221; angled_section=&#8221;no&#8221; text_align=&#8221;left&#8221; background_image_as_pattern=&#8221;without_pattern&#8221; padding_bottom=&#8221;75&#8243; css_animation=&#8221;&#8221;][vc_column width=&#8221;2\/3&#8243;][vc_column_text] Prof. dr. sc. Igor Gliha, ro\u0111en 16. travnja 1962. u Zagrebu. Na Pravnom fakultetu u Zagrebu diplomirao 1985.; magistrirao 1990. s&#8230;<\/p>\n","protected":false},"author":3,"featured_media":0,"parent":0,"menu_order":0,"comment_status":"closed","ping_status":"closed","template":"","meta":{"footnotes":""},"class_list":["post-16120","page","type-page","status-publish","hentry"],"_links":{"self":[{"href":"https:\/\/intvla.unizg.hr\/index.php\/wp-json\/wp\/v2\/pages\/16120","targetHints":{"allow":["GET"]}}],"collection":[{"href":"https:\/\/intvla.unizg.hr\/index.php\/wp-json\/wp\/v2\/pages"}],"about":[{"href":"https:\/\/intvla.unizg.hr\/index.php\/wp-json\/wp\/v2\/types\/page"}],"author":[{"embeddable":true,"href":"https:\/\/intvla.unizg.hr\/index.php\/wp-json\/wp\/v2\/users\/3"}],"replies":[{"embeddable":true,"href":"https:\/\/intvla.unizg.hr\/index.php\/wp-json\/wp\/v2\/comments?post=16120"}],"version-history":[{"count":6,"href":"https:\/\/intvla.unizg.hr\/index.php\/wp-json\/wp\/v2\/pages\/16120\/revisions"}],"predecessor-version":[{"id":16580,"href":"https:\/\/intvla.unizg.hr\/index.php\/wp-json\/wp\/v2\/pages\/16120\/revisions\/16580"}],"wp:attachment":[{"href":"https:\/\/intvla.unizg.hr\/index.php\/wp-json\/wp\/v2\/media?parent=16120"}],"curies":[{"name":"wp","href":"https:\/\/api.w.org\/{rel}","templated":true}]}}