{"id":16118,"date":"2016-02-09T12:41:02","date_gmt":"2016-02-09T12:41:02","guid":{"rendered":"http:\/\/intvla.unizg.hr\/?page_id=16118"},"modified":"2019-06-02T17:01:09","modified_gmt":"2019-06-02T15:01:09","slug":"hano-ernst","status":"publish","type":"page","link":"https:\/\/intvla.unizg.hr\/index.php\/hano-ernst\/","title":{"rendered":"Hano Ernst"},"content":{"rendered":"<section class=\"wpb-content-wrapper\"><p>[vc_row row_type=&#8221;row&#8221; use_row_as_full_screen_section=&#8221;no&#8221; type=&#8221;full_width&#8221; angled_section=&#8221;no&#8221; text_align=&#8221;left&#8221; background_image_as_pattern=&#8221;without_pattern&#8221; css_animation=&#8221;&#8221;][vc_column][vc_column_text]<\/p>\n<h3><strong>Doc. dr. sc. Hano Ernst<\/strong><\/h3>\n<p>[\/vc_column_text][vc_empty_space][vc_column_text]<\/p>\n<p>[\/vc_column_text][\/vc_column][\/vc_row][vc_row row_type=&#8221;row&#8221; use_row_as_full_screen_section=&#8221;no&#8221; type=&#8221;full_width&#8221; angled_section=&#8221;no&#8221; text_align=&#8221;left&#8221; background_image_as_pattern=&#8221;without_pattern&#8221; padding_bottom=&#8221;75&#8243; css_animation=&#8221;&#8221;][vc_column width=&#8221;2\/3&#8243;][vc_column_text]<\/p>\n<p style=\"text-align: justify;\">Doc. dr. sc. Hano Ernst je docent na Katedri za gra\u0111ansko pravo Pravnog fakulteta Sveu\u010dili\u0161ta u Zagrebu. Predaje Gra\u0111ansko pravo 1 (op\u0107i dio i obvezno pravo) i Gra\u0111ansko pravo 2 (stvarno i nasljedno pravo), kao osnovne predmete, te Zemlji\u0161noknji\u017eno pravo, i Osnove europskog privatnog prava kao izborne predmete. Prethodno je bio u zvanju asistenta (do 2011.) te vi\u0161eg asistenta (2011.) na istome fakultetu. Prije dolaska na fakultet radio je na Op\u0107inskom i \u017dupanijskom sudu u Zagrebu, te je polo\u017eio pravosudni ispit (2006.).<\/p>\n<p>[\/vc_column_text][vc_empty_space][vc_column_text]<\/p>\n<p style=\"text-align: justify;\">U svojem istra\u017eiva\u010dkom radu posebno se bavio stvarnim pravom, i to podru\u010djem osiguranja tra\u017ebina na pokretninama i pravima. Obranio je doktorsku disertaciju (2011.) naslova &#8220;Funkcionalizam u mobilijarnom osiguranju tra\u017ebina&#8221; u kojoj se bavio komparativnopravnom, historijskom, i ekonomskopravnom analizom ure\u0111enja mobilijarnih osiguranja u SAD-u, Engleskoj, Francuskoj, Njema\u010dkoj i Hrvatskoj. Istra\u017eiva\u010dki interesi su mu u podru\u010dju komparativnog prava, teorije vlasni\u0161tva, mobilijarnih i imobilijarnih osiguranja, zemlji\u0161noknji\u017enog prava i pretvorbe dru\u0161tvenog vlasni\u0161tva, te odnosa stvarnog prava i ste\u010dajnog prava. Osim osnovnog pravnog obrazovanja na Pravnom fakultetu u Zagrebu (dipl. iur.\/mag. iur.) tijekom kojeg je dobio nekoliko nagrada za znanstvene radove, boravio je na inozemnim sveu\u010dili\u0161tima (UC Berkeley Fulbright VR; Harvard Law School LLM) i znanstvenim institucijama (Max Planck Institute for Foreign and International Private Law). Dobitnik je nekoliko istra\u017eiva\u010dkih stipendija. Autor je velikog broja znanstvenih radova iz podru\u010dja stvarnog prava, objavljenih u znanstvenim \u010dasopisima i poglavljima znanstvenih knjiga, te je izlagao na brojnim doma\u0107im i me\u0111unarodnim znanstvenim konferencijama (v. <a href=\"https:\/\/www.pravo.unizg.hr\/hano.ernst\">https:\/\/www.pravo.unizg.hr\/hano.ernst<\/a>).<\/p>\n<p>[\/vc_column_text][vc_empty_space][vc_column_text]<\/p>\n<p style=\"text-align: justify;\">Sudjelovao je na nizu stru\u010dnih projekata ministarstva i jedinica lokalne odnosno regionalne samouprave koji su se ticali reforme dijelova gra\u0111anskoga prava, od kojih su neki financirani iz fondova EU (CARDS). Sudjelovao je na nizu znanstvenih projekata, od kojih je aktualan projekt o za\u0161titi prava gra\u0111ana u financijskoj krizi, s posebnim osvrtom na prisilno namirenje i ste\u010daj potro\u0161a\u010da. Sudjelovao je u pristupnim pregovorima koje je Republika Hrvatska vodila sa EU radi uskla\u0111ivanja doma\u0107eg prava sa pravnom ste\u010devinom Unije. Arbitar je pri Arbitra\u017enom sudi\u0161tu Hrvatske gospodarske komore u Zagrebu.<\/p>\n<p>[\/vc_column_text][vc_empty_space][vc_column_text]<\/p>\n<p style=\"text-align: justify;\">U vezi sa svojim nastavnim radom sudjelovao je u mnogim projektima u svrhu pobolj\u0161anja kvalitete i kontrole kvalitete nastave (SEELS, IPA, TEMPUS), te implementacije e-learning metoda u visoko\u0161kolskom obrazovanju.<\/p>\n<p>[\/vc_column_text][vc_empty_space][vc_column_text]<\/p>\n<p>[\/vc_column_text][\/vc_column][vc_column width=&#8221;1\/3&#8243;][vc_single_image image=&#8221;16308&#8243; img_size=&#8221;medium&#8221; add_caption=&#8221;yes&#8221; qode_css_animation=&#8221;&#8221;][vc_empty_space][vc_column_text]<\/p>\n<h5>Predmeti<\/h5>\n<p>[\/vc_column_text][vc_separator type=&#8221;normal&#8221;][vc_column_text]<a href=\"http:\/\/intvla.unizg.hr\/index.php\/temelji-privatnog-i-procesnog-prava-2\/\">Temelji privatnog i procesnog prava<\/a><\/p>\n<p><a href=\"http:\/\/intvla.unizg.hr\/index.php\/odabrane-teme-ekonomske-analize-prava\/\">Odabrane teme ekonomske analize prava<\/a><\/p>\n<p>[\/vc_column_text][vc_empty_space][vc_column_text]<\/p>\n<h5>Mati\u010dna ustanova<\/h5>\n<p>[\/vc_column_text][vc_separator type=&#8221;normal&#8221;][vc_column_text]Pravni fakultet Sveu\u010dili\u0161ta u Zagrebu[\/vc_column_text][\/vc_column][\/vc_row]<\/p>\n<\/section>","protected":false},"excerpt":{"rendered":"<p>[vc_row row_type=&#8221;row&#8221; use_row_as_full_screen_section=&#8221;no&#8221; type=&#8221;full_width&#8221; angled_section=&#8221;no&#8221; text_align=&#8221;left&#8221; background_image_as_pattern=&#8221;without_pattern&#8221; css_animation=&#8221;&#8221;][vc_column][vc_column_text] Doc. dr. sc. Hano Ernst [\/vc_column_text][vc_empty_space][vc_column_text] [\/vc_column_text][\/vc_column][\/vc_row][vc_row row_type=&#8221;row&#8221; use_row_as_full_screen_section=&#8221;no&#8221; type=&#8221;full_width&#8221; angled_section=&#8221;no&#8221; text_align=&#8221;left&#8221; background_image_as_pattern=&#8221;without_pattern&#8221; padding_bottom=&#8221;75&#8243; css_animation=&#8221;&#8221;][vc_column width=&#8221;2\/3&#8243;][vc_column_text] Doc. dr. sc. Hano Ernst je docent na Katedri za gra\u0111ansko pravo Pravnog fakulteta Sveu\u010dili\u0161ta u Zagrebu. Predaje Gra\u0111ansko pravo 1&#8230;<\/p>\n","protected":false},"author":3,"featured_media":0,"parent":0,"menu_order":0,"comment_status":"closed","ping_status":"closed","template":"","meta":{"footnotes":""},"class_list":["post-16118","page","type-page","status-publish","hentry"],"_links":{"self":[{"href":"https:\/\/intvla.unizg.hr\/index.php\/wp-json\/wp\/v2\/pages\/16118","targetHints":{"allow":["GET"]}}],"collection":[{"href":"https:\/\/intvla.unizg.hr\/index.php\/wp-json\/wp\/v2\/pages"}],"about":[{"href":"https:\/\/intvla.unizg.hr\/index.php\/wp-json\/wp\/v2\/types\/page"}],"author":[{"embeddable":true,"href":"https:\/\/intvla.unizg.hr\/index.php\/wp-json\/wp\/v2\/users\/3"}],"replies":[{"embeddable":true,"href":"https:\/\/intvla.unizg.hr\/index.php\/wp-json\/wp\/v2\/comments?post=16118"}],"version-history":[{"count":4,"href":"https:\/\/intvla.unizg.hr\/index.php\/wp-json\/wp\/v2\/pages\/16118\/revisions"}],"predecessor-version":[{"id":16735,"href":"https:\/\/intvla.unizg.hr\/index.php\/wp-json\/wp\/v2\/pages\/16118\/revisions\/16735"}],"wp:attachment":[{"href":"https:\/\/intvla.unizg.hr\/index.php\/wp-json\/wp\/v2\/media?parent=16118"}],"curies":[{"name":"wp","href":"https:\/\/api.w.org\/{rel}","templated":true}]}}