{"id":16017,"date":"2016-01-26T18:50:29","date_gmt":"2016-01-26T18:50:29","guid":{"rendered":"http:\/\/virgo.pravo.hr\/intvla\/www\/wordpress\/?page_id=16017"},"modified":"2019-06-02T14:20:42","modified_gmt":"2019-06-02T12:20:42","slug":"tihomir-katulic","status":"publish","type":"page","link":"https:\/\/intvla.unizg.hr\/index.php\/tihomir-katulic\/","title":{"rendered":"Tihomir Katuli\u0107"},"content":{"rendered":"<section class=\"wpb-content-wrapper\"><p>[vc_row row_type=&#8221;row&#8221; use_row_as_full_screen_section=&#8221;no&#8221; type=&#8221;full_width&#8221; angled_section=&#8221;no&#8221; text_align=&#8221;left&#8221; background_image_as_pattern=&#8221;without_pattern&#8221; css_animation=&#8221;&#8221;][vc_column][vc_column_text]<\/p>\n<h3><strong>Doc. dr. sc. Tihomir Katuli\u0107<\/strong><\/h3>\n<p>[\/vc_column_text][vc_empty_space][vc_column_text]<\/p>\n<p>[\/vc_column_text][\/vc_column][\/vc_row][vc_row row_type=&#8221;row&#8221; use_row_as_full_screen_section=&#8221;no&#8221; type=&#8221;full_width&#8221; angled_section=&#8221;no&#8221; text_align=&#8221;left&#8221; background_image_as_pattern=&#8221;without_pattern&#8221; padding_bottom=&#8221;75&#8243; css_animation=&#8221;&#8221;][vc_column width=&#8221;2\/3&#8243;][vc_column_text]<\/p>\n<p style=\"text-align: justify;\">Ro\u0111en 1979. u Zagrebu. 2003. diplomirao na Pravnom fakultetu Sveu\u010dili\u0161ta u Zagrebu.<\/p>\n<p>[\/vc_column_text][vc_empty_space][vc_column_text]<\/p>\n<p style=\"text-align: justify;\">2012. doktorirao s temom &#8220;Upravljanje digitalnim sadr\u017eajima u informacijskom dru\u0161tvu\u201c.<\/p>\n<p>[\/vc_column_text][vc_empty_space][vc_column_text]<\/p>\n<p style=\"text-align: justify;\">2003-2004. kao stru\u010dni suradnik radi u CERTu Hrvatske akademske istra\u017eiva\u010dke mre\u017ee (CARNet) na poslovima obrade sigurnosnih incidenata i izradi stru\u010dne literature na podru\u010dju informacijske sigurnosti.<\/p>\n<p>[\/vc_column_text][vc_empty_space][vc_column_text]<\/p>\n<p style=\"text-align: justify;\">2004.-2006. kao vje\u017ebenik, stru\u010dni suradnik i attach\u00e9 radi u Ministarstvu vanjskih poslova i europskih integracija Republike Hrvatske, u Odjelu za me\u0111unarodne gospodarske organizacije i integracije.<\/p>\n<p>[\/vc_column_text][vc_empty_space][vc_column_text]<\/p>\n<p style=\"text-align: justify;\">2006. prelazi na Katedru za pravnu informatiku Pravnog fakulteta Sveu\u010dili\u0161ta u Zagrebu. Sudjeluje u nastavi na kolegijima Pravna informatika, Pravo elektroni\u010dkih medija, Privatnost u elektroni\u010dkim komunikacijama, Osnove informacijske sigurnosti te kolegiju Informati\u010dko pravo pri Fakultetu elektrotehnike i ra\u010dunarstva Sveu\u010dili\u0161ta u Zagrebu.<\/p>\n<p>[\/vc_column_text][vc_empty_space][vc_column_text]<\/p>\n<p style=\"text-align: justify;\">2008. postaje koordinator za e-u\u010denje Pravnog fakulteta u Zagrebu. Autor je elektroni\u010dkog ud\u017ebenika \u201eUvod u intelektualno vlasni\u0161tvo\u201c, koautor ud\u017ebenika &#8220;Pravna informatika i informacijsko pravo&#8221; te autor znanstvenih i stru\u010dnih radova objavljenih u \u010dasopisima poput Zbornika Pravnog fakulteta Sveu\u010dili\u0161ta u Zagrebu, Zbornika Pravnog fakulteta Sveu\u010dili\u0161ta u Rijeci, Prava u gospodarstvu, Informatora, Edupointa itd.<\/p>\n<p>[\/vc_column_text][vc_empty_space][vc_column_text]<\/p>\n<p style=\"text-align: justify;\">Od 2007. do 2010. \u010dlan uredni\u0161tva \u010dasopisa Edupoint. Dugogodi\u0161nji je vanjski suradnik \u010dasopisa Bug, Mre\u017ea, Infotrend, a objavljivao je i objavljuje stru\u010dne \u010dlanke i analize u \u010dasopisima Banka, Privredni vjesnik, Poslovni dnevnik, Sistemac, Plan B itd.<\/p>\n<p>[\/vc_column_text][vc_empty_space][vc_column_text]<\/p>\n<p>[\/vc_column_text][\/vc_column][vc_column width=&#8221;1\/3&#8243;] <img loading=\"lazy\" decoding=\"async\" class=\"alignnone size-medium wp-image-16701\" src=\"http:\/\/intvla.unizg.hr\/wp-content\/uploads\/2019\/06\/Tihomir-Katulic-251x300.jpg\" alt=\"\" width=\"251\" height=\"300\" srcset=\"https:\/\/intvla.unizg.hr\/wp-content\/uploads\/2019\/06\/Tihomir-Katulic-251x300.jpg 251w, https:\/\/intvla.unizg.hr\/wp-content\/uploads\/2019\/06\/Tihomir-Katulic-768x919.jpg 768w, https:\/\/intvla.unizg.hr\/wp-content\/uploads\/2019\/06\/Tihomir-Katulic-856x1024.jpg 856w, https:\/\/intvla.unizg.hr\/wp-content\/uploads\/2019\/06\/Tihomir-Katulic-700x837.jpg 700w\" sizes=\"(max-width: 251px) 100vw, 251px\" \/> [vc_empty_space][vc_column_text]<\/p>\n<h5>Predmeti<\/h5>\n<p>[\/vc_column_text][vc_separator type=&#8221;normal&#8221;][vc_column_text]<a href=\"http:\/\/intvla.unizg.hr\/index.php\/informacijsko-komunikacijske-tehnologije-i-intelektualno-vlasnistvo\/\">Informacijsko-komunikacijske tehnologije i intelektualno vlasni\u0161tvo<\/a><\/p>\n<p><a href=\"http:\/\/intvla.unizg.hr\/index.php\/europski-aspekti-prava-intelektualnog-vlasnistva\/\">Europski aspekti prava intelektualnog vlasni\u0161tva<\/a>[\/vc_column_text][vc_empty_space][vc_column_text]<\/p>\n<h5>Mati\u010dna ustanova<\/h5>\n<p>[\/vc_column_text][vc_separator type=&#8221;normal&#8221;][vc_column_text]Pravni fakultet Sveu\u010dili\u0161ta u Zagrebu[\/vc_column_text][\/vc_column][\/vc_row]<\/p>\n<\/section>","protected":false},"excerpt":{"rendered":"<p>[vc_row row_type=&#8221;row&#8221; use_row_as_full_screen_section=&#8221;no&#8221; type=&#8221;full_width&#8221; angled_section=&#8221;no&#8221; text_align=&#8221;left&#8221; background_image_as_pattern=&#8221;without_pattern&#8221; css_animation=&#8221;&#8221;][vc_column][vc_column_text] Doc. dr. sc. Tihomir Katuli\u0107 [\/vc_column_text][vc_empty_space][vc_column_text] [\/vc_column_text][\/vc_column][\/vc_row][vc_row row_type=&#8221;row&#8221; use_row_as_full_screen_section=&#8221;no&#8221; type=&#8221;full_width&#8221; angled_section=&#8221;no&#8221; text_align=&#8221;left&#8221; background_image_as_pattern=&#8221;without_pattern&#8221; padding_bottom=&#8221;75&#8243; css_animation=&#8221;&#8221;][vc_column width=&#8221;2\/3&#8243;][vc_column_text] Ro\u0111en 1979. u Zagrebu. 2003. diplomirao na Pravnom fakultetu Sveu\u010dili\u0161ta u Zagrebu. [\/vc_column_text][vc_empty_space][vc_column_text] 2012. doktorirao s temom &#8220;Upravljanje digitalnim sadr\u017eajima u&#8230;<\/p>\n","protected":false},"author":3,"featured_media":0,"parent":0,"menu_order":0,"comment_status":"closed","ping_status":"closed","template":"","meta":{"footnotes":""},"_links":{"self":[{"href":"https:\/\/intvla.unizg.hr\/index.php\/wp-json\/wp\/v2\/pages\/16017"}],"collection":[{"href":"https:\/\/intvla.unizg.hr\/index.php\/wp-json\/wp\/v2\/pages"}],"about":[{"href":"https:\/\/intvla.unizg.hr\/index.php\/wp-json\/wp\/v2\/types\/page"}],"author":[{"embeddable":true,"href":"https:\/\/intvla.unizg.hr\/index.php\/wp-json\/wp\/v2\/users\/3"}],"replies":[{"embeddable":true,"href":"https:\/\/intvla.unizg.hr\/index.php\/wp-json\/wp\/v2\/comments?post=16017"}],"version-history":[{"count":6,"href":"https:\/\/intvla.unizg.hr\/index.php\/wp-json\/wp\/v2\/pages\/16017\/revisions"}],"predecessor-version":[{"id":16703,"href":"https:\/\/intvla.unizg.hr\/index.php\/wp-json\/wp\/v2\/pages\/16017\/revisions\/16703"}],"wp:attachment":[{"href":"https:\/\/intvla.unizg.hr\/index.php\/wp-json\/wp\/v2\/media?parent=16017"}],"curies":[{"name":"wp","href":"https:\/\/api.w.org\/{rel}","templated":true}]}}