{"id":16015,"date":"2016-01-26T18:44:20","date_gmt":"2016-01-26T18:44:20","guid":{"rendered":"http:\/\/virgo.pravo.hr\/intvla\/www\/wordpress\/?page_id=16015"},"modified":"2016-10-20T12:11:07","modified_gmt":"2016-10-20T12:11:07","slug":"predmeti","status":"publish","type":"page","link":"https:\/\/intvla.unizg.hr\/index.php\/predmeti\/","title":{"rendered":"Predmeti"},"content":{"rendered":"<section class=\"wpb-content-wrapper\"><p>[vc_row row_type=&#8221;row&#8221; use_row_as_full_screen_section=&#8221;no&#8221; type=&#8221;full_width&#8221; angled_section=&#8221;no&#8221; text_align=&#8221;left&#8221; background_image_as_pattern=&#8221;without_pattern&#8221; padding_bottom=&#8221;75&#8243; css_animation=&#8221;&#8221;][vc_column width=&#8221;1\/2&#8243;][vc_row_inner row_type=&#8221;row&#8221; type=&#8221;full_width&#8221; text_align=&#8221;left&#8221; css_animation=&#8221;&#8221;][vc_column_inner width=&#8221;1\/2&#8243;][vc_column_text]<\/p>\n<h3 style=\"text-align: left;\">Pripremni predmet<\/h3>\n<p>[\/vc_column_text][vc_separator type=&#8221;normal&#8221;][vc_column_text]<em><a href=\"http:\/\/intvla.unizg.hr\/index.php\/temelji-privatnog-i-procesnog-prava-2\/\">Temelji privatnog i procesnog prava (5 ECTS)<\/a><\/em>[\/vc_column_text][\/vc_column_inner][vc_column_inner width=&#8221;1\/2&#8243;][vc_column_text]<\/p>\n<h3>Obvezni predmeti<\/h3>\n<p>[\/vc_column_text][vc_separator type=&#8221;normal&#8221;][vc_column_text]<em><a href=\"http:\/\/intvla.unizg.hr\/index.php\/autorsko-pravo\/\">Autorsko pravo (4 ECTS)<\/a><\/em><\/p>\n<p>&nbsp;<\/p>\n<p><em><a href=\"http:\/\/intvla.unizg.hr\/index.php\/pravna-zastita-izuma\/\">Pravna za\u0161tita izuma (4 ECTS)<\/a><\/em><\/p>\n<p>&nbsp;<\/p>\n<p><em><a href=\"http:\/\/intvla.unizg.hr\/index.php\/pravo-ziga-industrijskog-dizajna-i-drugih-oznaka-razlikovanja\/\">Pravo \u017eiga, industrijskog dizajna i drugih oznaka razlikovanja (5 ECTS)<\/a><\/em><\/p>\n<p>&nbsp;<\/p>\n<p><em><a href=\"http:\/\/intvla.unizg.hr\/index.php\/upravljanje-intelektualnim-vlasnistvom\/\">Upravljanje intelektualnim vlasni\u0161tvom (3 ECTS)<\/a><\/em>[\/vc_column_text][\/vc_column_inner][\/vc_row_inner][\/vc_column][vc_column width=&#8221;1\/2&#8243;][vc_row_inner row_type=&#8221;row&#8221; type=&#8221;full_width&#8221; text_align=&#8221;left&#8221; css_animation=&#8221;&#8221;][vc_column_inner][vc_column_text]<\/p>\n<h3>Izborni predmeti<\/h3>\n<p>[\/vc_column_text][vc_separator type=&#8221;normal&#8221;][\/vc_column_inner][\/vc_row_inner][vc_row_inner row_type=&#8221;row&#8221; type=&#8221;full_width&#8221; text_align=&#8221;left&#8221; css_animation=&#8221;&#8221;][vc_column_inner width=&#8221;1\/2&#8243;][vc_column_text]<a href=\"http:\/\/intvla.unizg.hr\/index.php\/intelektualno-vlasnistvo-u-istrazivanju-lijekova-i-biomedicini\/\"><em>Intelektualno vlasni\u0161tvo u istra\u017eivanju lijekova i biomedicini (2 ECTS)<\/em><\/a><\/p>\n<p>&nbsp;<\/p>\n<p><a href=\"http:\/\/intvla.unizg.hr\/index.php\/informacijsko-komunikacijske-tehnologije-i-intelektualno-vlasnistvo\/\"><em>Informacijsko-komunikacijske tehnologije i intelektualno vlasni\u0161tvo (3 ECTS)<\/em><\/a><\/p>\n<p>&nbsp;<\/p>\n<p><a href=\"http:\/\/intvla.unizg.hr\/index.php\/europski-aspekti-prava-intelektualnog-vlasnistva\/\"><em>Europski aspekti prava intelektualnog vlasni\u0161tva (3 ECTS)<\/em><\/a><\/p>\n<p>&nbsp;<\/p>\n<p><a href=\"http:\/\/intvla.unizg.hr\/index.php\/autorsko-i-srodna-prava-u-kreativnim-industrijama\/\"><em>Autorsko i srodna prava u kreativnim industrijama (3 ECTS)\u00a0<\/em><\/a><\/p>\n<p>&nbsp;<\/p>\n<p><a href=\"http:\/\/intvla.unizg.hr\/index.php\/patenti-u-biotehnologiji\/\"><em>Patenti u biotehnologiji (2 ECTS)<\/em><\/a><\/p>\n<p>&nbsp;<\/p>\n<p><em><a href=\"http:\/\/intvla.unizg.hr\/index.php\/patentna-zastita-u-tehnickim-znanostima\/\">Patentna za\u0161tita u tehni\u010dkim znanostima (2 ECTS)<\/a><\/em><\/p>\n<p>&nbsp;<\/p>\n<p><em>\u00a0<\/em>[\/vc_column_text][\/vc_column_inner][vc_column_inner width=&#8221;1\/2&#8243;][vc_column_text]<a href=\"http:\/\/intvla.unizg.hr\/index.php\/individualno-i-kolektivno-ostvarivanje-autorskog-i-srodnih-prava\/\"><em>Individualno i kolektivno ostvarivanje autorskog i srodnih prava (2 ECTS)\u00a0<\/em><\/a><\/p>\n<p>&nbsp;<\/p>\n<p><a href=\"http:\/\/intvla.unizg.hr\/index.php\/poslovni-i-pravni-aspekti-ugovora-u-podrucju-industrijskog-vlasnistva\/\"><em>Poslovni i pravni aspekti ugovora u podru\u010dju industrijskog vlasni\u0161tva (2 ECTS)<\/em><\/a><\/p>\n<p>&nbsp;<\/p>\n<p><a href=\"http:\/\/intvla.unizg.hr\/index.php\/pravo-trzisnog-natjecanja-i-intelektualno-vlasnistvo\/\"><em>Pravo tr\u017ei\u0161nog natjecanja i intelektualno vlasni\u0161tvo (3 ECTS)<\/em><\/a><\/p>\n<p>&nbsp;<\/p>\n<p><a href=\"http:\/\/intvla.unizg.hr\/index.php\/medunarodno-i-medunarodno-privatno-pravo-intelektualnog-vlasnistva\/\"><em>Me\u0111unarodno i me\u0111unarodno privatno pravo intelektualnog vlasni\u0161tva (3 ECTS)<\/em><\/a><\/p>\n<p>&nbsp;<\/p>\n<p><a href=\"http:\/\/intvla.unizg.hr\/index.php\/upravljanje-markom\/\"><em>Upravljanje markom (3 ECTS)<\/em><\/a><\/p>\n<p>&nbsp;<\/p>\n<p><a href=\"http:\/\/intvla.unizg.hr\/index.php\/odabrane-teme-ekonomske-analize-prava\/\"><em>Odabrane teme ekonomske analize prava (2 ECTS)<\/em><\/a><\/p>\n<p>&nbsp;<\/p>\n<p><em><a href=\"http:\/\/intvla.unizg.hr\/index.php\/pravna-zastita-novih-biljnih-sorti\/\">Pravna za\u0161tita novih biljnih sorti (2 ECTS)<\/a><\/em>[\/vc_column_text][\/vc_column_inner][\/vc_row_inner][\/vc_column][\/vc_row]<\/p>\n<\/section>","protected":false},"excerpt":{"rendered":"<p>[vc_row row_type=&#8221;row&#8221; use_row_as_full_screen_section=&#8221;no&#8221; type=&#8221;full_width&#8221; angled_section=&#8221;no&#8221; text_align=&#8221;left&#8221; background_image_as_pattern=&#8221;without_pattern&#8221; padding_bottom=&#8221;75&#8243; css_animation=&#8221;&#8221;][vc_column width=&#8221;1\/2&#8243;][vc_row_inner row_type=&#8221;row&#8221; type=&#8221;full_width&#8221; text_align=&#8221;left&#8221; css_animation=&#8221;&#8221;][vc_column_inner width=&#8221;1\/2&#8243;][vc_column_text] Pripremni predmet [\/vc_column_text][vc_separator type=&#8221;normal&#8221;][vc_column_text]Temelji privatnog i procesnog prava (5 ECTS)[\/vc_column_text][\/vc_column_inner][vc_column_inner width=&#8221;1\/2&#8243;][vc_column_text] Obvezni predmeti [\/vc_column_text][vc_separator type=&#8221;normal&#8221;][vc_column_text]Autorsko pravo (4 ECTS) &nbsp; Pravna za\u0161tita izuma (4 ECTS) &nbsp; Pravo \u017eiga, industrijskog dizajna i&#8230;<\/p>\n","protected":false},"author":3,"featured_media":0,"parent":0,"menu_order":0,"comment_status":"closed","ping_status":"closed","template":"","meta":{"footnotes":""},"_links":{"self":[{"href":"https:\/\/intvla.unizg.hr\/index.php\/wp-json\/wp\/v2\/pages\/16015"}],"collection":[{"href":"https:\/\/intvla.unizg.hr\/index.php\/wp-json\/wp\/v2\/pages"}],"about":[{"href":"https:\/\/intvla.unizg.hr\/index.php\/wp-json\/wp\/v2\/types\/page"}],"author":[{"embeddable":true,"href":"https:\/\/intvla.unizg.hr\/index.php\/wp-json\/wp\/v2\/users\/3"}],"replies":[{"embeddable":true,"href":"https:\/\/intvla.unizg.hr\/index.php\/wp-json\/wp\/v2\/comments?post=16015"}],"version-history":[{"count":22,"href":"https:\/\/intvla.unizg.hr\/index.php\/wp-json\/wp\/v2\/pages\/16015\/revisions"}],"predecessor-version":[{"id":16637,"href":"https:\/\/intvla.unizg.hr\/index.php\/wp-json\/wp\/v2\/pages\/16015\/revisions\/16637"}],"wp:attachment":[{"href":"https:\/\/intvla.unizg.hr\/index.php\/wp-json\/wp\/v2\/media?parent=16015"}],"curies":[{"name":"wp","href":"https:\/\/api.w.org\/{rel}","templated":true}]}}