{"id":15966,"date":"2016-01-26T17:00:01","date_gmt":"2016-01-26T17:00:01","guid":{"rendered":"http:\/\/virgo.pravo.hr\/intvla\/www\/wordpress\/?page_id=15966"},"modified":"2019-05-31T00:09:49","modified_gmt":"2019-05-30T22:09:49","slug":"temelji-privatnog-i-procesnog-prava-2","status":"publish","type":"page","link":"https:\/\/intvla.unizg.hr\/index.php\/temelji-privatnog-i-procesnog-prava-2\/","title":{"rendered":"Temelji privatnog i procesnog prava"},"content":{"rendered":"<section class=\"wpb-content-wrapper\"><p>[vc_row row_type=&#8221;row&#8221; use_row_as_full_screen_section=&#8221;no&#8221; type=&#8221;full_width&#8221; angled_section=&#8221;no&#8221; text_align=&#8221;left&#8221; background_image_as_pattern=&#8221;without_pattern&#8221; padding_bottom=&#8221;25&#8243; css_animation=&#8221;&#8221;][vc_column][vc_column_text]<\/p>\n<h3>Temelji privatnog i procesnog prava<\/h3>\n<p>[\/vc_column_text][\/vc_column][\/vc_row][vc_row row_type=&#8221;row&#8221; use_row_as_full_screen_section=&#8221;no&#8221; type=&#8221;full_width&#8221; angled_section=&#8221;no&#8221; text_align=&#8221;left&#8221; background_image_as_pattern=&#8221;without_pattern&#8221; padding_bottom=&#8221;75&#8243; css_animation=&#8221;&#8221;][vc_column width=&#8221;2\/3&#8243;][vc_accordion active_tab=&#8221;1&#8243; collapsible=&#8221;yes&#8221; style=&#8221;boxed_toggle&#8221;][vc_accordion_tab title=&#8221;Ciljevi predmeta&#8221;][vc_column_text]<\/p>\n<p style=\"text-align: justify;\">Cilj predmeta je studentima koji nemaju osnovno pravno obrazovanje pru\u017eiti temeljna znanja i vje\u0161tine koji im omogu\u0107avaju i olak\u0161avaju snala\u017eenje u pravnim propisima, pravnoj literaturi i pra\u0107enju ostalih predmeta pravnog sadr\u017eaja na istom poslijediplomskom studiju. S obzirom da je studij zami\u0161ljen kao inkluzivan, te da omogu\u0107ava i osobama \u010dije stru\u010dno djelovanje i interes le\u017ei u podru\u010dju intelektualnog vlasni\u0161tva da upi\u0161u studij neovisno o tome imaju li prethodno pravno obrazovanje, a uzev\u0161i u obzir da su obavezni predmeti pravne tematike, koja pretpostavlja poznavanje temelje privatnog i procesnog prava, osobe bez pravnog obrazovanja bile bi u lo\u0161ijem polo\u017eaju u odnosu na pravnike. Slijedom toga je nu\u017eno da se ovim osobama osigura adekvatno poznavanje temeljnih pravnih instituta s kojima \u0107e se susresti. Predmet je prilago\u0111en upravo potrebama studija, te obuhva\u0107a s jedne strane temelje privatnog prava koji se odnose na gra\u0111ansko i trgova\u010dko pravo, te temelje procesnog prava, koji se odnose na gra\u0111ansko procesno, kazneno procesno i upravno procesno pravo. Kolegij ne obra\u0111uje sistematski sve institute, ve\u0107 samo one za koje je ocijenjeno da mogu biti od va\u017enosti u prou\u010davanju intelektualnog vlasni\u0161tva.<\/p>\n<p>[\/vc_column_text][\/vc_accordion_tab][vc_accordion_tab title=&#8221;Sadr\u017eaj predmeta i satnica&#8221;][vc_column_text]<strong>1.\u00a0\u00a0\u00a0\u00a0 Pravni izvori (4 sata)<\/strong><\/p>\n<p>[\/vc_column_text][vc_empty_space][vc_column_text]<\/p>\n<p>a.\u00a0\u00a0\u00a0\u00a0 pravo i pravni sustav<br \/>\nb.\u00a0\u00a0\u00a0 hijerarhija pravnih izvora<br \/>\nc.\u00a0\u00a0\u00a0\u00a0 pretra\u017eivanje propisa<br \/>\nd.\u00a0\u00a0\u00a0 sudska praksa kao izvor prava<br \/>\ne.\u00a0\u00a0\u00a0\u00a0 pretra\u017eivanje sudske prakse<br \/>\nf.\u00a0\u00a0\u00a0\u00a0 stru\u010dna i znanstvena literatura<br \/>\ng.\u00a0\u00a0\u00a0 pretra\u017eivanje stru\u010dne i znanstvene literature<br \/>\nh.\u00a0\u00a0\u00a0\u00a0 citiranje pravnih izvora[\/vc_column_text][vc_empty_space][vc_column_text]<strong>2.\u00a0\u00a0\u00a0\u00a0 Gra\u0111anskopravni odnosi i trgova\u010dka dru\u0161tva (8 sati)<\/strong><\/p>\n<p>[\/vc_column_text][vc_empty_space][vc_column_text]<\/p>\n<p>a.\u00a0\u00a0\u00a0\u00a0 pojam gra\u0111anskopravnog odnosa<br \/>\nb.\u00a0\u00a0\u00a0 subjekti gra\u0111anskopravnog odnosa<br \/>\nc.\u00a0\u00a0\u00a0\u00a0 pravne osobe<br \/>\nd.\u00a0\u00a0\u00a0 subjektivna gra\u0111anska prava<br \/>\ne.\u00a0\u00a0\u00a0\u00a0 stjecanje i gubitak gra\u0111anskih prava<br \/>\nf.\u00a0\u00a0\u00a0\u00a0 objekti gra\u0111anskopravnog odnosa<br \/>\ng.\u00a0\u00a0\u00a0 pravni poslovi<br \/>\nh.\u00a0\u00a0\u00a0\u00a0 trgova\u010dka dru\u0161tva<br \/>\ni.\u00a0\u00a0\u00a0\u00a0\u00a0 dru\u0161tva osoba<br \/>\nj.\u00a0\u00a0\u00a0\u00a0\u00a0 dru\u0161tva kapitala[\/vc_column_text][vc_empty_space][vc_column_text]<strong>3. Obvezno pravo (10 sati)<\/strong><\/p>\n<p>[\/vc_column_text][vc_empty_space][vc_column_text]<\/p>\n<p>a.\u00a0\u00a0\u00a0\u00a0 pojam i vrste obveza<br \/>\nb.\u00a0\u00a0\u00a0 sklapanje ugovora<br \/>\nc.\u00a0\u00a0\u00a0\u00a0 poja\u010danje obveznopravnog odnosa<br \/>\nd.\u00a0\u00a0\u00a0 promjene u obveznopravnom odnosu<br \/>\ne.\u00a0\u00a0\u00a0\u00a0 prestanak obveznopravnog odnosa<br \/>\nf.\u00a0\u00a0\u00a0\u00a0 odgovornost za \u0161tetu<br \/>\ng.\u00a0\u00a0\u00a0 stjecanje bez osnove<br \/>\nh.\u00a0\u00a0\u00a0\u00a0 poslovodstvo bez naloga<br \/>\ni.\u00a0\u00a0\u00a0\u00a0\u00a0 vrijednosni papiri<\/p>\n<p>[\/vc_column_text][vc_empty_space][vc_column_text]<strong>4. Vlasni\u010dki, obiteljski i nasljedni odnosi (6 sati)<\/strong><\/p>\n<p>[\/vc_column_text][vc_empty_space][vc_column_text]<\/p>\n<p>a.\u00a0\u00a0\u00a0\u00a0 pojam vlasni\u0161tva<br \/>\nb.\u00a0\u00a0\u00a0 vlasni\u0161tvo i intelektualno vlasni\u0161tvo<br \/>\nc.\u00a0\u00a0\u00a0\u00a0 ograni\u010denja vlasni\u0161tva<br \/>\nd.\u00a0\u00a0\u00a0 stjecanje i za\u0161tita vlasni\u0161tva<br \/>\ne.\u00a0\u00a0\u00a0\u00a0 imovinski odnosi u braku i sli\u010dnim zajednicama<br \/>\nf.\u00a0\u00a0\u00a0\u00a0 zakonsko naslje\u0111ivanje<br \/>\ng.\u00a0\u00a0\u00a0 oporu\u010dno naslje\u0111ivanje[\/vc_column_text][vc_empty_space][vc_column_text]<strong>5. Procesno pravo (10 sati)<\/strong><\/p>\n<p>[\/vc_column_text][vc_empty_space][vc_column_text]<\/p>\n<p>a.\u00a0\u00a0\u00a0\u00a0 ustrojstvo pravosu\u0111a<br \/>\nb.\u00a0\u00a0\u00a0 parni\u010dno procesno pravo<br \/>\nc.\u00a0\u00a0\u00a0\u00a0 izvanparni\u010dno procesno pravo<br \/>\nd.\u00a0\u00a0\u00a0 ovr\u0161no pravo<br \/>\ne.\u00a0\u00a0\u00a0\u00a0 ste\u010dajno pravo<br \/>\nf.\u00a0\u00a0\u00a0\u00a0 kazneno procesno pravo<br \/>\ng.\u00a0\u00a0\u00a0 upravno procesno pravo[\/vc_column_text][\/vc_accordion_tab][vc_accordion_tab title=&#8221;Literatura&#8221;][vc_column_text]<strong>Obvezna literatura<\/strong><\/p>\n<p>[\/vc_column_text][vc_empty_space][vc_column_text]<\/p>\n<p>1.\u00a0\u00a0\u00a0\u00a0 Mintas Hodak, Lj. (ur.), Osnove prava, 2008.<\/p>\n<p>2.\u00a0\u00a0\u00a0\u00a0 Vedri\u0161, M., Klari\u0107, P., Gra\u0111ansko pravo, 2011.<\/p>\n<p>3.\u00a0\u00a0\u00a0\u00a0 Tumbri, T., Uvod u imovinsko pravo, 1998.<\/p>\n<p>4.\u00a0\u00a0\u00a0\u00a0 Petrovi\u0107, S., Ceronja, P., Osnove prava dru\u0161tava, 2010.<\/p>\n<p>[\/vc_column_text][vc_empty_space][vc_column_text]<strong>Dopunska literatura<\/strong><\/p>\n<p>[\/vc_column_text][vc_empty_space][vc_column_text]<\/p>\n<p>1.\u00a0\u00a0\u00a0\u00a0 Barbi\u0107, J., Pravo dru\u0161tava, Knjiga 1-3, (2005-)<\/p>\n<p>2.\u00a0\u00a0\u00a0\u00a0 Alin\u010di\u0107, M., et al., Obiteljsko pravo, 2006.<\/p>\n<p>3.\u00a0\u00a0\u00a0\u00a0 Gavella, N., Belaj, V., Nasljedno pravo, 2008.<\/p>\n<p>4.\u00a0\u00a0\u00a0\u00a0 Gavella, N. et al., Stvarno pravo, Knjiga 1-3 (2007-)<\/p>\n<p>5.\u00a0\u00a0\u00a0\u00a0 Triva, S., Dika, M., Gra\u0111ansko parni\u010dno procesno pravo, 2004.<\/p>\n<p>6.\u00a0\u00a0\u00a0\u00a0 Dika, M., Gra\u0111ansko ovr\u0161no pravo, Knjiga 1, 2007.<\/p>\n<p>7.\u00a0\u00a0\u00a0\u00a0 Dika, M., Insolvencijsko pravo, 1998.<\/p>\n<p>8.\u00a0\u00a0\u00a0\u00a0 Borkovi\u0107, I., Upravno pravo, 2002.<\/p>\n<p>9. \u00a0 \u00a0 Krapac, D., Kazneno procesno pravo, Institucije, 2010.[\/vc_column_text][\/vc_accordion_tab][vc_accordion_tab title=&#8221;Ishodi u\u010denja&#8221;][vc_column_text]<strong>Ishodi u\u010denja na razini programa kojima predmet doprinosi<\/strong><\/p>\n<p>[\/vc_column_text][vc_empty_space][vc_column_text]<\/p>\n<p style=\"text-align: justify;\">Nakon odslu\u0161anog kolegija i polo\u017eenog pisanog i usmenog ispita, te nakon poha\u0111anja seminara i izrade seminarskog rada student\/ica je osposobljen\/a za razumijevanje temeljnih pravnih koncepata, kao i za rje\u0161avanje jednostavnih pravnih slu\u010dajeva. Kolegij je uvodnog tipa, te daje pregled va\u017enijih pravnih instituta s kojima se osoba koja se profesionalno bavi intelektualnim vlasni\u0161tvom mo\u017ee redovito susretati u svojem poslovanju.<\/p>\n<p>[\/vc_column_text][vc_empty_space][vc_column_text]<\/p>\n<p style=\"text-align: justify;\">Student\/ica \u0107e mo\u0107i \u010ditati pravne propise s razumijevanjem, te ih staviti u kontekst pravnog sustava kao cjeline. Student\/ica \u0107e biti u stanju pristupiti pravnom problemu analiti\u010dki, te odrediti temeljne odrednice rje\u0161enja tog problema. Student\/ica \u0107e biti sposoban\/a samostalno istra\u017eiti pravne izvore relevantne za odre\u0111eni pravni problem, uklju\u010duju\u0107i propise, sudsku praksu i stru\u010dnu i znanstvenu literaturu. Jednako tako, student\/ica \u0107e mo\u0107i samostalno citirati pravne izvore u svojem stru\u010dnom i eventualnom znanstvenom raddu. Nadalje, student\/ica \u0107e znati odrediti i razlikovati pojedine oblike pravnih osoba kao subjekata gra\u0111anskog i trgova\u010dkog prava, a osobito trgova\u010dka dru\u0161tva (dru\u0161tva osoba i dru\u0161tva kapitala). Student\/ica \u0107e znati ispravno odrediti put stjecanja i gubitka gra\u0111anskih prava na razli\u010ditim objektima. Student\/ica \u0107e mo\u0107i poduzeti odgovaraju\u0107e postupke za sklapanje ugovora, eventualnu promjenu u obveznopravnom odnosu te njegovom prestaku, te rije\u0161iti probleme koji nastanu prilikom tih postupaka. Student\/ica \u0107e znati odrediti postojanje odgovornosti za \u0161tetu u razli\u010ditim situacijama, te poduzeti odgovaraju\u0107e mjere za\u0161tite. Jednako tako, student\/ica \u0107e mo\u0107i primijeniti temeljna pravila o stjecanju bez osnove poslovodstvu bez naloga i vrijednosnim papirima. Student\/ica \u0107e mo\u0107i odrediti pojam vlasni\u0161tva i intelektualnog vlasni\u0161tva i staviti ih u njihov me\u0111usobni odnos i kontekst, razumijeti vlasni\u010dkopravna ograni\u010denjsa te u tom smislu odrediti njegove granice te poduzeti mjere za njegovu za\u0161titu. Student\/ica \u0107e znati primijeniti osnovna pravila o obiteljskopravnim imovinskim odnosima u braku i sli\u010dnim zajednicama (izvanbra\u010dna i istospolna zajednica), te o imovinskopravnim u\u010dincima smrti, bilo u vidu zakonskog bilo u vidu oporu\u010dnog naslje\u0111ivanja. Kona\u010dno, student\/ica \u0107e razumijeti organizaciju pravosu\u0111a i mo\u0107i ispravno razmotriti korake u sudskim parni\u010dnim, izvanparni\u010dnim, ovr\u0161nim i ste\u010dajnim postupcima, kao i u upravnom i kaznenom postupku, u kojima se svima mogu susresti obavljaju\u0107i stru\u010dne poslove vezane uz intelektualno vlasni\u0161tvo odnosno njegovu za\u0161titu.<\/p>\n<p>[\/vc_column_text][vc_empty_space][vc_column_text]<\/p>\n<p style=\"text-align: justify;\">Na seminaru se o\u010dekuje da \u0107e student\/ica mo\u0107i samostalno i uz upute i nadzor voditelja istra\u017eiti i citirati odgovaraju\u0107e pravne izvore rje\u0161avaju\u0107i slu\u010dajeve iz obveznog prava, vlasni\u010dkopravnih, obiteljsopravnih i nasljednih odnosa te iz procesnog prava.<\/p>\n<p>[\/vc_column_text][vc_empty_space][vc_column_text]<strong>Ishodi u\u010denja na razini predmeta<\/strong><\/p>\n<p>[\/vc_column_text][vc_empty_space][vc_column_text]<\/p>\n<ul>\n<li>Stjecanje sposobnosti za razumijevanje osnovnih pravnih koncepata.<\/li>\n<li>Stjecanje sposobnosti samostalnog istra\u017eivanja pravnih izvora i njihovog ispravnog citiranja.<\/li>\n<li>Stjecanje op\u0107ih znanja iz podru\u010dja gra\u0111anskopravnih odnosa, prava trgova\u010dkih dru\u0161tava, obveznog prava, vlasni\u010dkopravnih, obiteljskopravnih i nasljednih odnosa, te procesnih prava.<\/li>\n<li>Stjecanje sposobnosti za analizu i rje\u0161avanje jednostavnih pravnih slu\u010dajeva iz navedenih podru\u010dja.<\/li>\n<li>Stjecanje znanja i sposobnosti ispravnog razumijevanja problema intelektualnog vlasni\u0161tva u kontekstu pravnog sustava, a posebno u kontekstu pravnih podru\u010dja i pravila koja se obra\u0111uju u kolegiju.<\/li>\n<\/ul>\n<p>[\/vc_column_text][\/vc_accordion_tab][\/vc_accordion][\/vc_column][vc_column width=&#8221;1\/3&#8243;][vc_column_text]<\/p>\n<h3>Nositelj predmeta<\/h3>\n<p>[\/vc_column_text][vc_column_text]<a href=\"http:\/\/intvla.unizg.hr\/index.php\/hano-ernst\/\">Doc. dr. sc. Hano Ernst<\/a>[\/vc_column_text][vc_separator type=&#8221;normal&#8221;][vc_column_text]<\/p>\n<h3>Bodovna vrijednost<\/h3>\n<p>[\/vc_column_text][vc_column_text]5 ECTS[\/vc_column_text][vc_separator type=&#8221;normal&#8221;][vc_column_text]<\/p>\n<h3>Na\u010din izvo\u0111enja nastave<\/h3>\n<p>[\/vc_column_text][vc_column_text]Predavanja, 40 sati[\/vc_column_text][vc_separator type=&#8221;normal&#8221;][\/vc_column][\/vc_row]<\/p>\n<\/section>","protected":false},"excerpt":{"rendered":"<p>[vc_row row_type=&#8221;row&#8221; use_row_as_full_screen_section=&#8221;no&#8221; type=&#8221;full_width&#8221; angled_section=&#8221;no&#8221; text_align=&#8221;left&#8221; background_image_as_pattern=&#8221;without_pattern&#8221; padding_bottom=&#8221;25&#8243; css_animation=&#8221;&#8221;][vc_column][vc_column_text] Temelji privatnog i procesnog prava [\/vc_column_text][\/vc_column][\/vc_row][vc_row row_type=&#8221;row&#8221; use_row_as_full_screen_section=&#8221;no&#8221; type=&#8221;full_width&#8221; angled_section=&#8221;no&#8221; text_align=&#8221;left&#8221; background_image_as_pattern=&#8221;without_pattern&#8221; padding_bottom=&#8221;75&#8243; css_animation=&#8221;&#8221;][vc_column width=&#8221;2\/3&#8243;][vc_accordion active_tab=&#8221;1&#8243; collapsible=&#8221;yes&#8221; style=&#8221;boxed_toggle&#8221;][vc_accordion_tab title=&#8221;Ciljevi predmeta&#8221;][vc_column_text] Cilj predmeta je studentima koji nemaju osnovno pravno obrazovanje pru\u017eiti temeljna znanja i vje\u0161tine koji im&#8230;<\/p>\n","protected":false},"author":3,"featured_media":0,"parent":0,"menu_order":0,"comment_status":"closed","ping_status":"closed","template":"","meta":{"footnotes":""},"class_list":["post-15966","page","type-page","status-publish","hentry"],"_links":{"self":[{"href":"https:\/\/intvla.unizg.hr\/index.php\/wp-json\/wp\/v2\/pages\/15966","targetHints":{"allow":["GET"]}}],"collection":[{"href":"https:\/\/intvla.unizg.hr\/index.php\/wp-json\/wp\/v2\/pages"}],"about":[{"href":"https:\/\/intvla.unizg.hr\/index.php\/wp-json\/wp\/v2\/types\/page"}],"author":[{"embeddable":true,"href":"https:\/\/intvla.unizg.hr\/index.php\/wp-json\/wp\/v2\/users\/3"}],"replies":[{"embeddable":true,"href":"https:\/\/intvla.unizg.hr\/index.php\/wp-json\/wp\/v2\/comments?post=15966"}],"version-history":[{"count":12,"href":"https:\/\/intvla.unizg.hr\/index.php\/wp-json\/wp\/v2\/pages\/15966\/revisions"}],"predecessor-version":[{"id":16652,"href":"https:\/\/intvla.unizg.hr\/index.php\/wp-json\/wp\/v2\/pages\/15966\/revisions\/16652"}],"wp:attachment":[{"href":"https:\/\/intvla.unizg.hr\/index.php\/wp-json\/wp\/v2\/media?parent=15966"}],"curies":[{"name":"wp","href":"https:\/\/api.w.org\/{rel}","templated":true}]}}