{"id":15956,"date":"2016-01-26T16:20:59","date_gmt":"2016-01-26T16:20:59","guid":{"rendered":"http:\/\/virgo.pravo.hr\/intvla\/www\/wordpress\/?page_id=15956"},"modified":"2019-05-31T00:08:12","modified_gmt":"2019-05-30T22:08:12","slug":"tajana-tomic","status":"publish","type":"page","link":"https:\/\/intvla.unizg.hr\/index.php\/tajana-tomic\/","title":{"rendered":"Tajana Tomi\u0107"},"content":{"rendered":"<section class=\"wpb-content-wrapper\"><p>[vc_row row_type=&#8221;row&#8221; use_row_as_full_screen_section=&#8221;no&#8221; type=&#8221;full_width&#8221; angled_section=&#8221;no&#8221; text_align=&#8221;left&#8221; background_image_as_pattern=&#8221;without_pattern&#8221; css_animation=&#8221;&#8221;][vc_column][vc_column_text]<\/p>\n<h3><strong>Mr. sc. Tajana Tomi\u0107<\/strong><\/h3>\n<p>[\/vc_column_text][vc_empty_space][vc_column_text]<\/p>\n<p>[\/vc_column_text][\/vc_column][\/vc_row][vc_row row_type=&#8221;row&#8221; use_row_as_full_screen_section=&#8221;no&#8221; type=&#8221;full_width&#8221; angled_section=&#8221;no&#8221; text_align=&#8221;left&#8221; background_image_as_pattern=&#8221;without_pattern&#8221; padding_bottom=&#8221;75&#8243; css_animation=&#8221;&#8221;][vc_column width=&#8221;2\/3&#8243;][vc_column_text]<\/p>\n<p style=\"text-align: justify;\">Diplomirala je na Pravnom fakultetu sveu\u010dili\u0161ta u Zagrebu 1979.g., magistrirala na Poslijediplomskom studiju iz autorskog prava i stekla naziv Magistra prava 2001.g. Dodatno obrazovanje stekla je na Visiting Scholars Program, The United States Patent and Trademarke Office, Washington DC, 2003.g. \u201eGeneral Course on Intellectual Property\u201c, WIPO Worldewide Academy, \u017deneva, 2004. g. i Intermediate Training Course on Copyright and Related Rights, World Intelectual Property Organisation, British Coppyright Council i Copyright Directorate of The Patent Office, London, 2005.<\/p>\n<p>[\/vc_column_text][vc_empty_space][vc_column_text]<\/p>\n<p style=\"text-align: justify;\">Radno i stru\u010dno iskustvo stekla je rade\u0107i kao pravni zastupnik na poslovima zastupanja autora u Hrvatskoj Autorskoj agenciji od 1979.g. do 1997.g. Od 1997.g. zaposlena je u Dr\u017eavnom zavodu za intelektualno vlasni\u0161tvo gdje je radila kao savjetnik i vi\u0161i savjetnik u Odjelu autorskog prava, na\u010delnik Odjela za autorsko pravo i srodna prava, a danas radi kao voditeljica Samostalne slu\u017ebe za autorsko pravo i zajedni\u010dke pravne poslove.<\/p>\n<p>[\/vc_column_text][vc_empty_space][vc_column_text]<\/p>\n<p style=\"text-align: justify;\">Uz magistarski rad \u201ePravna narav prava slije\u0111enja\u201c, 2001. napisala je \u010dlanke koji su objavljeni u Zbornicima Hrvatskog dru\u0161tva za autorsko pravo \u201ePrava likovnih umjetnika po propisima novog ZAPSP-a\u201c, 2004, vol. 5, \u201ePravo slije\u0111enja\u201c, 2005, vol. 6, Hrvatsko dru\u0161tvo za autorsko pravo, Zagreb, \u201eOrganizacije za radiodifuziju u sustavu kolektivnog ostvarivanja prava i stvaranje novog WIPO ugovora o za\u0161titi prava organizacija za radiodifuziju\u201c, 2007, vol. 8, \u201eO kolektivnom ostvarivanju prava\u201c, Privredni vjesnik, 2009.<\/p>\n<p>[\/vc_column_text][vc_empty_space][vc_column_text]<\/p>\n<p style=\"text-align: justify;\">Aktivno je sudjelovala i sudjeluje u izradi Zakona i svih izmjena i dopuna Zakona o autorskom pravu i srodnim pravima i svih podzakonskih propisa iz podru\u010dja autorskog prava. Obavlja inspekcijski nadzor radom udruga koje obavljaju djelatnost kolektivnog ostvarivanja prava. Daje pisana pravna mi\u0161ljenja i obja\u0161njenja iz podru\u010dja autorskog prava na zahtjev Vlade RH, Europske komisije, Ustavnog suda, drugih sudova, tijela dr\u017eavne uprave te ostalih pravnih i fizi\u010dkih osoba. Sudjelovala je u redovitom radu sjednica iz podru\u010dja autorskog prava i srodnih prava SCCRR grupe i Odbora WIPO-a u \u017denevi za pripremu i izradu me\u0111unarodnih ugovora koji se donose na Diplomatskim konferencijama WIPO-a. Kao predstavnik Zavoda sudjelovala je na WIPO Diplomatskim konferencijama 2012.g. u Pekingu i 2013.g. u Marake\u0161u. Sudjeluje u radu Radne skupine Vije\u0107a EU za pravo intelektualnog vlasni\u0161tva (podgrupa za autorsko pravo) u Bruxelles\u2013u. 2010. g. Vlada RH ju je imenovala kao \u010dlana Vije\u0107a stru\u010dnjaka za naknade na podru\u010dju autorskog prava, odnosno srodnih prava. Kao \u010dlan Vije\u0107a stru\u010dnjaka sudjeluje u radu Vije\u0107a i u drugom mandatu. Osmislila je kolegij \u201eAutorsko pravo i srodna prava\u201d na V\u0160TK AGORA i odr\u017eavala predavanja 2010.g. i 2011. g. Odr\u017eala je ciklus\u00a0 predavanja na Institutu Ru\u0111er Bo\u0161kovi\u0107 pod nazivom: \u201ePravo intelektualnog vlasni\u0161tva\u201c i \u201eAutorsko pravo u znanstvenim istra\u017eivanjima\u201c. 2011.g. Odr\u017eala je ve\u0107i broj predavanja na savjetovanjima Hrvatskog dru\u0161tva za autorsko pravo. Odr\u017eava predavanja u okviru Pravosudne akademije za stru\u010dno usavr\u0161avanje sudaca.<\/p>\n<p>[\/vc_column_text][vc_empty_space][vc_column_text]<\/p>\n<p>[\/vc_column_text][\/vc_column][vc_column width=&#8221;1\/3&#8243;][vc_single_image image=&#8221;16158&#8243; img_size=&#8221;medium&#8221; add_caption=&#8221;yes&#8221; qode_css_animation=&#8221;&#8221;][vc_empty_space][vc_column_text]<\/p>\n<h5>Predmeti<\/h5>\n<p>[\/vc_column_text][vc_separator type=&#8221;normal&#8221;][vc_column_text]<a href=\"http:\/\/intvla.unizg.hr\/index.php\/autorsko-pravo\/\">Autorsko pravo<\/a><\/p>\n<p><a href=\"http:\/\/intvla.unizg.hr\/index.php\/individualno-i-kolektivno-ostvarivanje-autorskog-i-srodnih-prava\/\">Individualno i kolektivno ostvarivanje autorskog i srodnih prava<\/a><\/p>\n<p><a href=\"http:\/\/intvla.unizg.hr\/index.php\/autorsko-i-srodna-prava-u-kreativnim-industrijama\/\">Autorsko i srodna prava u kreativnim industrijama\u00a0<\/a>[\/vc_column_text][vc_empty_space][vc_column_text]<\/p>\n<h5>Mati\u010dna ustanova<\/h5>\n<p>[\/vc_column_text][vc_separator type=&#8221;normal&#8221;][vc_column_text]Dr\u017eavni zavod za intelektualno vlasni\u0161tvo[\/vc_column_text][\/vc_column][\/vc_row]<\/p>\n<\/section>","protected":false},"excerpt":{"rendered":"<p>[vc_row row_type=&#8221;row&#8221; use_row_as_full_screen_section=&#8221;no&#8221; type=&#8221;full_width&#8221; angled_section=&#8221;no&#8221; text_align=&#8221;left&#8221; background_image_as_pattern=&#8221;without_pattern&#8221; css_animation=&#8221;&#8221;][vc_column][vc_column_text] Mr. sc. Tajana Tomi\u0107 [\/vc_column_text][vc_empty_space][vc_column_text] [\/vc_column_text][\/vc_column][\/vc_row][vc_row row_type=&#8221;row&#8221; use_row_as_full_screen_section=&#8221;no&#8221; type=&#8221;full_width&#8221; angled_section=&#8221;no&#8221; text_align=&#8221;left&#8221; background_image_as_pattern=&#8221;without_pattern&#8221; padding_bottom=&#8221;75&#8243; css_animation=&#8221;&#8221;][vc_column width=&#8221;2\/3&#8243;][vc_column_text] Diplomirala je na Pravnom fakultetu sveu\u010dili\u0161ta u Zagrebu 1979.g., magistrirala na Poslijediplomskom studiju iz autorskog prava i stekla naziv Magistra prava 2001.g&#8230;.<\/p>\n","protected":false},"author":3,"featured_media":0,"parent":0,"menu_order":0,"comment_status":"closed","ping_status":"closed","template":"","meta":{"footnotes":""},"class_list":["post-15956","page","type-page","status-publish","hentry"],"_links":{"self":[{"href":"https:\/\/intvla.unizg.hr\/index.php\/wp-json\/wp\/v2\/pages\/15956","targetHints":{"allow":["GET"]}}],"collection":[{"href":"https:\/\/intvla.unizg.hr\/index.php\/wp-json\/wp\/v2\/pages"}],"about":[{"href":"https:\/\/intvla.unizg.hr\/index.php\/wp-json\/wp\/v2\/types\/page"}],"author":[{"embeddable":true,"href":"https:\/\/intvla.unizg.hr\/index.php\/wp-json\/wp\/v2\/users\/3"}],"replies":[{"embeddable":true,"href":"https:\/\/intvla.unizg.hr\/index.php\/wp-json\/wp\/v2\/comments?post=15956"}],"version-history":[{"count":6,"href":"https:\/\/intvla.unizg.hr\/index.php\/wp-json\/wp\/v2\/pages\/15956\/revisions"}],"predecessor-version":[{"id":16650,"href":"https:\/\/intvla.unizg.hr\/index.php\/wp-json\/wp\/v2\/pages\/15956\/revisions\/16650"}],"wp:attachment":[{"href":"https:\/\/intvla.unizg.hr\/index.php\/wp-json\/wp\/v2\/media?parent=15956"}],"curies":[{"name":"wp","href":"https:\/\/api.w.org\/{rel}","templated":true}]}}