{"id":15906,"date":"2016-01-26T14:32:56","date_gmt":"2016-01-26T14:32:56","guid":{"rendered":"http:\/\/virgo.pravo.hr\/intvla\/www\/wordpress\/?page_id=15906"},"modified":"2019-06-02T16:49:13","modified_gmt":"2019-06-02T14:49:13","slug":"visnja-gaurina-srcek","status":"publish","type":"page","link":"https:\/\/intvla.unizg.hr\/index.php\/visnja-gaurina-srcek\/","title":{"rendered":"Vi\u0161nja Gaurina Sr\u010dek"},"content":{"rendered":"<section class=\"wpb-content-wrapper\"><p>[vc_row row_type=&#8221;row&#8221; use_row_as_full_screen_section=&#8221;no&#8221; type=&#8221;full_width&#8221; angled_section=&#8221;no&#8221; text_align=&#8221;left&#8221; background_image_as_pattern=&#8221;without_pattern&#8221; css_animation=&#8221;&#8221;][vc_column][vc_column_text]<\/p>\n<h3><strong>Prof. dr. sc. Vi\u0161nja Gaurina Sr\u010dek<\/strong><\/h3>\n<p>[\/vc_column_text][vc_empty_space][vc_column_text]<\/p>\n<p>[\/vc_column_text][\/vc_column][\/vc_row][vc_row row_type=&#8221;row&#8221; use_row_as_full_screen_section=&#8221;no&#8221; type=&#8221;full_width&#8221; angled_section=&#8221;no&#8221; text_align=&#8221;left&#8221; background_image_as_pattern=&#8221;without_pattern&#8221; padding_bottom=&#8221;75&#8243; css_animation=&#8221;&#8221;][vc_column width=&#8221;2\/3&#8243;][vc_column_text]<\/p>\n<p>Vi\u0161nja Gaurina Sr\u010dek redovita je profesorica na Prehrambeno-biotehnolo\u0161kom fakultetu Sveu\u010dili\u0161ta u Zagrebu. Diplomirala je Biokemijsko in\u017eenjerstvo (1994.), magistrirala u podru\u010dju Toksikologije (1998.) i doktorirala u podru\u010dju Biotehnologije (2003.) na Sveu\u010dili\u0161tu u Zagrebu. Nositeljica je i sudjeluje u izvo\u0111enju nastave vi\u0161e kolegija preddiplomskog i diplomskih studija koji se izvode na PBF-u. Tako\u0111er, \u00a0\u00a0sudjeluje u izvo\u0111enju predavanja i seminara iz kolegija Metodika znanstvenog rada i za\u0161tita intelektualnog vlasni\u0161tva koji je obavezan kolegij na svim diplomskim studijima. Nositeljica je i 3 kolegija koji se izvode na doktorskom studiju PBF-a, a me\u0111u njima i kolegija Planiranje istra\u017eiva\u010dkih projekata i za\u0161tita intelektualnog vlasni\u0161tva. Bila je mentor vi\u0161e od 40 zavr\u0161nih i diplomskih radova te jednog doktorskog rada.<\/p>\n<p>[\/vc_column_text][vc_empty_space][vc_column_text]<\/p>\n<p>Podru\u010dje njene znanstveno-istra\u017eiva\u010dke djelatnosti vezano je za tehnologiju\u00a0 i primjenu \u017eivotinjskih stanica u\u00a0 proizvodnji biolo\u0161ki aktivnih spojeva (cjepiva), primjenu <em>in vitro<\/em> sustava za pra\u0107enje u\u010dinaka \u00a0biolo\u0161ki aktivnih tvari i tvari iz okoli\u0161a. Trenutno se bavi odre\u0111ivanjem biolo\u0161kog potencijala proteina i peptide iz nus-proizvoda uljarica te njihovim u\u010dincima na rast i proizvodnost kultura \u017eivotinjskih stanica. Aktivno je sudjelovala na vi\u0161e znanstvenih, bilateralnih, tehnologijskih i stru\u010dnih projekata, a trenutno je voditeljica projekta financiranog od strane Hrvatske zaklade za znanost. Dobitnica je nagrade Dru\u0161tva hrvatskih inovatora za 2005. i 2006. (ARCA 2005 i ARCA 2006). U 2010. je sudjelovala kao gostuju\u0107i profesor na Sveu\u010dili\u0161tu u Orleansu, Francuska. Rezultati njenog znanstveno-istra\u017eiva\u010dkog rada prikazani su u preko 40 znanstvenih i stru\u010dnih radova koji se prema kriterijima Znanstvenog vije\u0107a svrstavaju u skupinu a1 (30 radova), skupinu a2 (6 rada) te skupinu a3 (6 radova). Tako\u0111er, sudjelovala je na oko 40 doma\u0107ih i me\u0111unarodnih znanstvenih skupova s predavanjima i posterskim prip\u0107enjima. Vi\u0161e o znanstveno-istra\u017eiva\u010dkoj djelatnosti na poveznici https:\/\/bib.irb.hr\/lista-radova?autor=206591. \u010clanica je Hrvatskog dru\u0161tva za biotehnologiju (HDB), Hrvatskog toksikolo\u0161kog dru\u0161tva (HTD), Europske tematske mre\u017ee za biotehnologiju (EBTNA) i Europskog dru\u0161tva za tehnologiju stanica (ESACT). Od 2006. imenovana je za Upraviteljicu Biotehni\u010dke zaklade PBF-a.<\/p>\n<p>[\/vc_column_text][vc_empty_space][vc_column_text]<\/p>\n<p>Usavr\u0161avala se u podru\u010dju za\u0161tite intelektualnog vlasni\u0161ta te je sudjelovala na vi\u0161e doma\u0107ih i me\u0111unarodnih projekata i seminara vezanih za problematiku za\u0161tite prava intelektualnog vlasni\u0161tva (PHARE 2006 \u201cCapacity building in technology transfer institutions in order to enhance research commercialization activities\u201c, CARDS 2003 \u201eIntellectual Property Rights Infrastructure for the Research and\u00a0 Development Sector in Croatia\u201c) te vi\u0161e seminara u organizaciji WIPO i DZIV RH. U periodu 2005.-2007. imenovana je IP koordinatorom za PBF u sklopu projekta \u201cUniversity Research and Development Initiative\u201d kojeg su koordinirali WIPO, DZIV i MZO\u0160 RH.<\/p>\n<p>[\/vc_column_text][vc_empty_space][vc_column_text]<\/p>\n<p>[\/vc_column_text][\/vc_column][vc_column width=&#8221;1\/3&#8243;] <img loading=\"lazy\" decoding=\"async\" class=\"alignnone size-medium wp-image-16676\" src=\"http:\/\/intvla.unizg.hr\/wp-content\/uploads\/2019\/06\/Vi\u0161nja-Gaurina-Sr\u010dek-203x300.jpg\" alt=\"\" width=\"203\" height=\"300\" srcset=\"https:\/\/intvla.unizg.hr\/wp-content\/uploads\/2019\/06\/Vi\u0161nja-Gaurina-Sr\u010dek-203x300.jpg 203w, https:\/\/intvla.unizg.hr\/wp-content\/uploads\/2019\/06\/Vi\u0161nja-Gaurina-Sr\u010dek.jpg 270w\" sizes=\"(max-width: 203px) 100vw, 203px\" \/> [vc_empty_space][vc_column_text]<\/p>\n<h5>Predmeti<\/h5>\n<p>[\/vc_column_text][vc_separator type=&#8221;normal&#8221;][vc_column_text]<a href=\"http:\/\/intvla.unizg.hr\/index.php\/pravna-zastita-izuma\/\">Pravna za\u0161tita izuma<\/a><\/p>\n<p><a href=\"http:\/\/intvla.unizg.hr\/index.php\/patenti-u-biotehnologiji\/\">Patenti u podru\u010dju biotehnologije<\/a>[\/vc_column_text][vc_empty_space][vc_column_text]<\/p>\n<h5>Mati\u010dna ustanova<\/h5>\n<p>[\/vc_column_text][vc_separator type=&#8221;normal&#8221;][vc_column_text]Prehrambeno-biotehnolo\u0161ki fakultet Sveu\u010dili\u0161ta u Zagrebu[\/vc_column_text][\/vc_column][\/vc_row]<\/p>\n<\/section>","protected":false},"excerpt":{"rendered":"<p>[vc_row row_type=&#8221;row&#8221; use_row_as_full_screen_section=&#8221;no&#8221; type=&#8221;full_width&#8221; angled_section=&#8221;no&#8221; text_align=&#8221;left&#8221; background_image_as_pattern=&#8221;without_pattern&#8221; css_animation=&#8221;&#8221;][vc_column][vc_column_text] Prof. dr. sc. Vi\u0161nja Gaurina Sr\u010dek [\/vc_column_text][vc_empty_space][vc_column_text] [\/vc_column_text][\/vc_column][\/vc_row][vc_row row_type=&#8221;row&#8221; use_row_as_full_screen_section=&#8221;no&#8221; type=&#8221;full_width&#8221; angled_section=&#8221;no&#8221; text_align=&#8221;left&#8221; background_image_as_pattern=&#8221;without_pattern&#8221; padding_bottom=&#8221;75&#8243; css_animation=&#8221;&#8221;][vc_column width=&#8221;2\/3&#8243;][vc_column_text] Vi\u0161nja Gaurina Sr\u010dek redovita je profesorica na Prehrambeno-biotehnolo\u0161kom fakultetu Sveu\u010dili\u0161ta u Zagrebu. Diplomirala je Biokemijsko in\u017eenjerstvo (1994.), magistrirala u podru\u010dju&#8230;<\/p>\n","protected":false},"author":3,"featured_media":0,"parent":0,"menu_order":0,"comment_status":"closed","ping_status":"closed","template":"","meta":{"footnotes":""},"_links":{"self":[{"href":"https:\/\/intvla.unizg.hr\/index.php\/wp-json\/wp\/v2\/pages\/15906"}],"collection":[{"href":"https:\/\/intvla.unizg.hr\/index.php\/wp-json\/wp\/v2\/pages"}],"about":[{"href":"https:\/\/intvla.unizg.hr\/index.php\/wp-json\/wp\/v2\/types\/page"}],"author":[{"embeddable":true,"href":"https:\/\/intvla.unizg.hr\/index.php\/wp-json\/wp\/v2\/users\/3"}],"replies":[{"embeddable":true,"href":"https:\/\/intvla.unizg.hr\/index.php\/wp-json\/wp\/v2\/comments?post=15906"}],"version-history":[{"count":8,"href":"https:\/\/intvla.unizg.hr\/index.php\/wp-json\/wp\/v2\/pages\/15906\/revisions"}],"predecessor-version":[{"id":16729,"href":"https:\/\/intvla.unizg.hr\/index.php\/wp-json\/wp\/v2\/pages\/15906\/revisions\/16729"}],"wp:attachment":[{"href":"https:\/\/intvla.unizg.hr\/index.php\/wp-json\/wp\/v2\/media?parent=15906"}],"curies":[{"name":"wp","href":"https:\/\/api.w.org\/{rel}","templated":true}]}}