{"id":15902,"date":"2016-01-26T14:28:10","date_gmt":"2016-01-26T14:28:10","guid":{"rendered":"http:\/\/virgo.pravo.hr\/intvla\/www\/wordpress\/?page_id=15902"},"modified":"2019-06-02T14:10:25","modified_gmt":"2019-06-02T12:10:25","slug":"gordana-turkalj","status":"publish","type":"page","link":"https:\/\/intvla.unizg.hr\/index.php\/gordana-turkalj\/","title":{"rendered":"Gordana Turkalj"},"content":{"rendered":"<section class=\"wpb-content-wrapper\"><p>[vc_row row_type=&#8221;row&#8221; use_row_as_full_screen_section=&#8221;no&#8221; type=&#8221;full_width&#8221; angled_section=&#8221;no&#8221; text_align=&#8221;left&#8221; background_image_as_pattern=&#8221;without_pattern&#8221; css_animation=&#8221;&#8221;][vc_column][vc_column_text]<\/p>\n<h3><strong>Mr. sc. Gordana Turkalj<\/strong><\/h3>\n<p>[\/vc_column_text][vc_empty_space][vc_column_text]<\/p>\n<p>[\/vc_column_text][\/vc_column][\/vc_row][vc_row row_type=&#8221;row&#8221; use_row_as_full_screen_section=&#8221;no&#8221; type=&#8221;full_width&#8221; angled_section=&#8221;no&#8221; text_align=&#8221;left&#8221; background_image_as_pattern=&#8221;without_pattern&#8221; padding_bottom=&#8221;75&#8243; css_animation=&#8221;&#8221;][vc_column width=&#8221;2\/3&#8243;][vc_column_text]<\/p>\n<p>Ro\u0111ena 2. travnja 1966. u Zagrebu. Po zavr\u0161etku srednje \u0161kole studirala je na Fakultetu kemijskog in\u017eenjerstva i tehnologije u Zagrebu, gdje je diplomirala 24.02.1992. godine stekav\u0161i zvanje diplomirane in\u017eenjerke kemijske tehnologije. Kasnije nakon \u0161to se zaposlila u upisuje poslijediplomski studij na Prirodoslovno-matemati\u010dkom fakultetu u Zagrebu, polje: kemija, podru\u010dje: organska kemija, gdje je magistrirala 28.03.2003. na temi: <em>\u00abKemijske transformacije makrolaktonskog prstena oleandomicina\u00bb.<\/em><\/p>\n<p>[\/vc_column_text][vc_empty_space][vc_column_text]<\/p>\n<p>11. svibnja 2007. polo\u017ee stru\u010dni ispit za patentnog zastupnika pri Dr\u017eavnom zavodu za intelektualno vlasni\u0161tvo, Republike Hrvatske, te se 08. lipnja.2007. upisuje u registar patentnih zastupnika pri Dr\u017eavnom zavodu za intelektualno vlasni\u0161tvo, Republika Hrvatske, a 27. lipnja 2008. na listu profesionalnih zastupnika Europskog patentnog ureda (EPO).<\/p>\n<p>[\/vc_column_text][vc_empty_space][vc_column_text]<\/p>\n<p>Po zavr\u0161etku studija 08. rujna 1992. zaposlila se u Plivi d.d., Istra\u017eiva\u010dki institut gdje do 2002. radi kao kao istra\u017eiva\u010d \u2013 medicinski kemi\u010dar na sintezi, izolaciji, strukturnoj analizi novih kemijskih entiteta, te odre\u0111ivanju odnosa strukture i aktivnosti novih spojeva. Od 01.02.2002. prelazi unutar kompanije u Pravne poslove, Intelektualno vlasni\u0161tvo na poziciju suradnika za patente gdje po\u010dinje karijeru i obrazovanje u podru\u010dju intelektualnog vlasni\u0161tva. Nakon 01. sije\u010dnja 2004. kada se Pliva-Istra\u017eiva\u010dki institut d.o.o., kao kompanija k\u0107er odvojila od Pliva d.d. nastavlja rad kao suradnik za patente u Pliva-Istra\u017eiva\u010dki institut d.o.o., Pravni poslovi i intelektualno vlasni\u0161tvo; te zatim u Corporate Intellectual Property, GlaxoSmithKline istra\u017eiva\u010dki centar Zagreb d.o.o. koji je promijenio ime nakon akvizicije Pliva-Istra\u017eiva\u010dki institut d.o.o. od strane me\u0111unarodne farmaceutske kompanije GlaxoSmithKline (GSK). Tijekom rada u korporativnom odjelu za intelektualno vlasni\u0161tvo GSK-a unaprije\u0111ena sve do rukovoditelja za patente. Nakon akvizicije GlaxoSmithKline istra\u017eiva\u010dki centar Zagreb d.o.o.\u00a0 od strane Gal\u00e1pagos NV u rujnu 2010. nastavlja raditi u odjelu za intelektualno vlasni\u0161tvo, Galapagos istra\u017eiva\u010dki centar d.o.o., gdje je 2012. promovirana u stariju savjetnicu za patente (Senior Patent Counsel).<\/p>\n<p>[\/vc_column_text][vc_empty_space][vc_column_text]<\/p>\n<p>2013. godine zajedno sa zastupnicom za patente i \u017eigove Tatjanom Su\u010di\u0107, dipl.ing.stroj. osniva vlastitu tvrtku: Callidea d.o.o., \u010dija je glavna djelatnost zastupanje u podru\u010dju prava industrijskog vlasni\u0161tva, gdje od 1. lipnja 2013. do 31. sije\u010dnja 2017. radi kao direktorica tvrtke.<\/p>\n<p>[\/vc_column_text][vc_empty_space][vc_column_text]<\/p>\n<p>Od 01.02.2017. prelazi u Dr\u017eavni zavod za intelektualno vlasni\u0161tvo RH (DZIV), gdje do danas radi na mjestu vi\u0161e upravne savjetnice u podru\u010dju kemije i biotehnologije u Odjelu za kemiju i kemijsku tehnologiju.<\/p>\n<p>[\/vc_column_text][vc_empty_space][vc_column_text]<\/p>\n<p>Od 2002. do danas redovito se usavr\u0161ava u podru\u010dju intelektualnog vlasni\u0161tva u uglednim me\u0111unarodnim institucijama: 2014. Praktika Interna, EPO-European Patent Academy, Munich, DE; 2009. CEIPI, Preparation Seminar for EQE, Strasbourg, FR; te seminari u organizaciji Management Foruma, London, UK: 2002. \u201cWorking with Patents\u201d i 2003. \u201cEuropean Claim Drafting\u201d; a 2002. provodi dva mjeseca na specijalizaciji u Darby &amp; Darby, Professional Corporation, Intellectual Property Law, New York, US.<\/p>\n<p>[\/vc_column_text][vc_empty_space][vc_column_text]<\/p>\n<p>Od 2010. je gost predava\u010d pri Medicinskom fakultetu, Sveu\u010dili\u0161ta u Zagrebu, Doktorski studij Biomedicina i zdravstvo, \u00abStruktura, metodologija i funkcioniranje znanstvenog rada II\u00bb, Modul: Intelektualno vlasni\u0161tvo; voditelj: doc.dr.sc. Donatella Verbanac.<\/p>\n<p>[\/vc_column_text][vc_empty_space][vc_column_text]<\/p>\n<p>Do prelaska u DZIV bila je \u010dlanica Institute of Professional Representatives before the European Patent Office (epi), gdje je predstavljala RH u European Patent Practice Committee, te Hrvatske komore patentnih zastupnika i zastupnika za \u017eigove, gdje je zadnje bila \u010dlanica Senata, a prije toga Disciplinskog suda.<\/p>\n<p>[\/vc_column_text][vc_empty_space][vc_column_text]<\/p>\n<p>Tijekom 20 godina karijere u velikim i srednje velikim farmaceutskim i biotehnolo\u0161kim tvrtkama, od 2013. u vlastitoj tvrtci, a sada u DZIV-u zadnjih 14 godina bavi se raznim aspektima industrijskog vlasni\u0161tva inovativnih i generi\u010dkih proizvoda. Ima bogato prakti\u010dno iskustvo u pisanju i procesuiranju komercijalno va\u017enih patenata u kompleksnim podru\u010djima tehnologije, u kreiranju strategije patentiranja, davanju mi\u0161ljenja o patentabilnosti izuma i slobodi izlaska na tr\u017ei\u0161te, te edukaciji znanstvenika u podru\u010dju intelektualnog vlasni\u0161tva. Upravo zato \u0161to je radila u industriji dobro razumije strate\u0161ke potrebe i probleme, i na koji na\u010din industrijsko vlasni\u0161tvo mo\u017ee imati krucijanu ulogu u razvoju i rastu tvrtke. Obzirom da je i sama bila istra\u017eiva\u010d i izumitelj vrlo dobro razumije probleme znastvenika i razvojnih in\u017einjera.<\/p>\n<p>[\/vc_column_text][vc_empty_space][vc_column_text]<\/p>\n<p>[\/vc_column_text][\/vc_column][vc_column width=&#8221;1\/3&#8243;][vc_single_image image=&#8221;15903&#8243; img_size=&#8221;medium&#8221; add_caption=&#8221;yes&#8221; qode_css_animation=&#8221;&#8221;][vc_empty_space][vc_column_text]<\/p>\n<h5>Predmeti<\/h5>\n<p>[\/vc_column_text][vc_separator type=&#8221;normal&#8221;][vc_column_text]<a href=\"http:\/\/intvla.unizg.hr\/index.php\/pravna-zastita-izuma\/\">Pravna za\u0161tita izuma<\/a><\/p>\n<p><a href=\"http:\/\/intvla.unizg.hr\/index.php\/intelektualno-vlasnistvo-u-istrazivanju-lijekova-i-biomedicini\/\">Intelektualno vlasni\u0161tvo u istra\u017eivanju lijekova i biomedicini<\/a>[\/vc_column_text][vc_empty_space][vc_column_text]<\/p>\n<h5>Mati\u010dna ustanova<\/h5>\n<p>[\/vc_column_text][vc_separator type=&#8221;normal&#8221;][vc_column_text]Callidea d.o.o., patentna zastupnica[\/vc_column_text][\/vc_column][\/vc_row]<\/p>\n<\/section>","protected":false},"excerpt":{"rendered":"<p>[vc_row row_type=&#8221;row&#8221; use_row_as_full_screen_section=&#8221;no&#8221; type=&#8221;full_width&#8221; angled_section=&#8221;no&#8221; text_align=&#8221;left&#8221; background_image_as_pattern=&#8221;without_pattern&#8221; css_animation=&#8221;&#8221;][vc_column][vc_column_text] Mr. sc. Gordana Turkalj [\/vc_column_text][vc_empty_space][vc_column_text] [\/vc_column_text][\/vc_column][\/vc_row][vc_row row_type=&#8221;row&#8221; use_row_as_full_screen_section=&#8221;no&#8221; type=&#8221;full_width&#8221; angled_section=&#8221;no&#8221; text_align=&#8221;left&#8221; background_image_as_pattern=&#8221;without_pattern&#8221; padding_bottom=&#8221;75&#8243; css_animation=&#8221;&#8221;][vc_column width=&#8221;2\/3&#8243;][vc_column_text] Ro\u0111ena 2. travnja 1966. u Zagrebu. Po zavr\u0161etku srednje \u0161kole studirala je na Fakultetu kemijskog in\u017eenjerstva i tehnologije u Zagrebu, gdje je&#8230;<\/p>\n","protected":false},"author":3,"featured_media":0,"parent":0,"menu_order":0,"comment_status":"closed","ping_status":"closed","template":"","meta":{"footnotes":""},"_links":{"self":[{"href":"https:\/\/intvla.unizg.hr\/index.php\/wp-json\/wp\/v2\/pages\/15902"}],"collection":[{"href":"https:\/\/intvla.unizg.hr\/index.php\/wp-json\/wp\/v2\/pages"}],"about":[{"href":"https:\/\/intvla.unizg.hr\/index.php\/wp-json\/wp\/v2\/types\/page"}],"author":[{"embeddable":true,"href":"https:\/\/intvla.unizg.hr\/index.php\/wp-json\/wp\/v2\/users\/3"}],"replies":[{"embeddable":true,"href":"https:\/\/intvla.unizg.hr\/index.php\/wp-json\/wp\/v2\/comments?post=15902"}],"version-history":[{"count":7,"href":"https:\/\/intvla.unizg.hr\/index.php\/wp-json\/wp\/v2\/pages\/15902\/revisions"}],"predecessor-version":[{"id":16694,"href":"https:\/\/intvla.unizg.hr\/index.php\/wp-json\/wp\/v2\/pages\/15902\/revisions\/16694"}],"wp:attachment":[{"href":"https:\/\/intvla.unizg.hr\/index.php\/wp-json\/wp\/v2\/media?parent=15902"}],"curies":[{"name":"wp","href":"https:\/\/api.w.org\/{rel}","templated":true}]}}