{"id":15895,"date":"2016-01-26T13:30:30","date_gmt":"2016-01-26T13:30:30","guid":{"rendered":"http:\/\/virgo.pravo.hr\/intvla\/www\/wordpress\/?page_id=15895"},"modified":"2019-06-06T11:58:56","modified_gmt":"2019-06-06T09:58:56","slug":"jasminka-adamovic","status":"publish","type":"page","link":"https:\/\/intvla.unizg.hr\/index.php\/jasminka-adamovic\/","title":{"rendered":"Jasminka Adamovi\u0107"},"content":{"rendered":"<section class=\"wpb-content-wrapper\"><p>[vc_row row_type=&#8221;row&#8221; use_row_as_full_screen_section=&#8221;no&#8221; type=&#8221;full_width&#8221; angled_section=&#8221;no&#8221; text_align=&#8221;left&#8221; background_image_as_pattern=&#8221;without_pattern&#8221; css_animation=&#8221;&#8221;][vc_column][vc_column_text]<\/p>\n<h3><strong>Jasminka Adamovi\u0107, dipl.iur.<\/strong><\/h3>\n<p>[\/vc_column_text][vc_empty_space][vc_column_text]<\/p>\n<p>[\/vc_column_text][\/vc_column][\/vc_row][vc_row row_type=&#8221;row&#8221; use_row_as_full_screen_section=&#8221;no&#8221; type=&#8221;full_width&#8221; angled_section=&#8221;no&#8221; text_align=&#8221;left&#8221; background_image_as_pattern=&#8221;without_pattern&#8221; padding_bottom=&#8221;75&#8243; css_animation=&#8221;&#8221;][vc_column width=&#8221;2\/3&#8243;][vc_column_text]<\/p>\n<p>Diplomirala na Pravnom fakultetu u Zagrebu 1988. godine. U Dr\u017eavnom zavodu za intelektualno vlasni\u0161tvo zaposlena od 1993. godine, kada i zapo\u010dinje njena karijera jedne od za\u010detnica sustava patentne za\u0161tite na podru\u010dju Republike Hrvatske.<\/p>\n<p>[\/vc_column_text][vc_empty_space][vc_column_text]<\/p>\n<p>Od 2002. godine obavlja poslove na\u010delnice Odjela za administrativno-pravne poslove, da bi 2008 godine preuzela rukovodstvo nad cijelim Sektorom za patente, na \u010dijem se \u010delu i dalje nalazi.<\/p>\n<p>[\/vc_column_text][vc_empty_space][vc_column_text]<\/p>\n<p>Stru\u010dno se usavr\u0161avala, izme\u0111u ostaloga,\u00a0 u okviru Svjetske organizacije za intelektualno vlasni\u0161tvo i Europske patentne organizacije.<\/p>\n<p>[\/vc_column_text][vc_empty_space][vc_column_text]<\/p>\n<p>Posebno se isti\u010du aktivnosti vezane uz pristupanje Republike Hrvatske Europskoj Uniji:\u00a0 od 2003. sudjeluje u radu Pododbora za unutarnje tr\u017ei\u0161te, a Odlukom Vlade RH iz 2006. god imenovana \u010dlanicom Radne skupine za pripremu pregovora o pristupu RH EU za poglavlje 7. \u2013 Pravo intelektualnog vlasni\u0161tva.<\/p>\n<p>[\/vc_column_text][vc_empty_space][vc_column_text]<\/p>\n<p>Pored toga, sudjeluje u aktivnostima vezanim uz potpisivanje i potvr\u0111ivanje Sporazuma izme\u0111u Vlade Republike Hrvatske i Europske patentne organizacije (dalje: EPO) o suradnji na podru\u010dju patenata\u00a0 tijekom 2003. godine, te u aktivnostima vezanim uz potvr\u0111ivanje i pristup EPO, odnosno Europskoj patentnoj konvenciji.<\/p>\n<p>[\/vc_column_text][vc_empty_space][vc_column_text]<\/p>\n<p>Aktivno sudjeluje u izradi Zakona o patentu i Pravilnika o patentu (i svim njihovim izmjenama i dopunama), te ostalih op\u0107ih propisa iz podru\u010dja intelektualnog vlasni\u0161tva.<\/p>\n<p>[\/vc_column_text][vc_empty_space][vc_column_text]<\/p>\n<p>Ispit za patentnog zastupnika\u00a0 i za zastupnika za \u017eigove polo\u017eila 2006. godine. Od 2006. godine \u010dlanica je Ispitne komisije za provo\u0111enje stru\u010dnih ispita za ovla\u0161tene zastupnike u podru\u010dju prava industrijskog vlasni\u0161tva, a od 2008. do 2013. godine bila je \u010dlanicom \u017dalbenog vije\u0107a za pitanje patenata.<\/p>\n<p>[\/vc_column_text][vc_empty_space][vc_column_text]<\/p>\n<p>Sudjelovala u projektima financiranim od strane Europske Unije ( CARDS projekti: 2001: \u2013 Pravo intelektualnog vlasni\u0161tva u Hrvatskoj; 2002 \u2013 Regionalni projekt; 2003 \u2013 Ja\u010danje sustava za\u0161tite intelektualnog vlasni\u0161tva).<\/p>\n<p>[\/vc_column_text][vc_empty_space][vc_column_text]<\/p>\n<p>Anga\u017eirana kao konzultant u projektima pravne pomo\u0107i povodom ja\u010danja sustava prava intelektualnog vlasni\u0161tva i analize i ure\u0111enja zakonodavnog okvira uredima za intelektualno vlasni\u0161tvo: Kosova (EU\/UNSCR, 2009 \u2013 2010, EuropeAid\/Pohl Consulting &amp; Associates GmbH i Danski ured za patente i \u017eigove 2013 \u2013 2014, Twinning projekt, Republika Hrvatska u konzorciju s Republikom Poljskom i Saveznom Republikom Njema\u010dkom), Crne Gore (IPA program, 2011; EPO 2013 \u2013 2014, TAIEX 2015 godine), Albanije (EPO 2012), te Bosne i Hercegovine (EU Delegation\/SOFRECO, 2014. godina).<\/p>\n<p>[\/vc_column_text][vc_empty_space][vc_column_text]<\/p>\n<p>Odr\u017eala brojna predavanja iz patentnog podru\u010dja u zemlji i inozemstvu, od 2013 godine predava\u010d\u00a0 osnovnog modula \u201ePrava intelektualnog vlasni\u0161tva\u201c u podru\u010dju patenata u Pravosudnoj Akademiji u Zagrebu &#8211; te objavila radove na temu Na\u010dini stjecanja patenta te utjecaj prakse europskog patentnog ureda na postupak potpunog ispitivanja u Republici Hrvatskoj (\u201cHrvatsko pravo intelektualnog vlasni\u0161tva u svjetlu pristupa Europskoj uniji\u201d, skupina autora, izdava\u010di: Narodne Novine i Dr\u017eavni zavod za intelektualno vlasni\u0161tvo, Zagreb, 2006., te Novela Zakona o patentu, \u201cPrilagodba hrvatskog prava intelektualnog\u00a0 vlasni\u0161tva europskom pravu\u201c, skupina autora, izdava\u010di: Narodne novine i Dr\u017eavni zavod za intelektualno vlasni\u0161tvo, Zagreb, 2007.<\/p>\n<p>[\/vc_column_text][vc_empty_space][vc_column_text]<\/p>\n<p>[\/vc_column_text][\/vc_column][vc_column width=&#8221;1\/3&#8243;] <img loading=\"lazy\" decoding=\"async\" class=\"alignnone size-full wp-image-16744\" src=\"http:\/\/intvla.unizg.hr\/wp-content\/uploads\/2019\/06\/J.-Adamovi\u0107.jpg\" alt=\"\" width=\"216\" height=\"291\" \/> [vc_empty_space][vc_column_text]<\/p>\n<h5>Predmeti<\/h5>\n<p>[\/vc_column_text][vc_separator type=&#8221;normal&#8221;][vc_column_text]<a href=\"http:\/\/intvla.unizg.hr\/index.php\/pravna-zastita-izuma\/\">Pravna za\u0161tita izuma<\/a>[\/vc_column_text][vc_empty_space][vc_column_text]<\/p>\n<h5>Mati\u010dna ustanova<\/h5>\n<p>[\/vc_column_text][vc_separator type=&#8221;normal&#8221;][vc_column_text]Dr\u017eavni zavod za intelektualno vlasni\u0161tvo[\/vc_column_text][\/vc_column][\/vc_row]<\/p>\n<\/section>","protected":false},"excerpt":{"rendered":"<p>[vc_row row_type=&#8221;row&#8221; use_row_as_full_screen_section=&#8221;no&#8221; type=&#8221;full_width&#8221; angled_section=&#8221;no&#8221; text_align=&#8221;left&#8221; background_image_as_pattern=&#8221;without_pattern&#8221; css_animation=&#8221;&#8221;][vc_column][vc_column_text] Jasminka Adamovi\u0107, dipl.iur. [\/vc_column_text][vc_empty_space][vc_column_text] [\/vc_column_text][\/vc_column][\/vc_row][vc_row row_type=&#8221;row&#8221; use_row_as_full_screen_section=&#8221;no&#8221; type=&#8221;full_width&#8221; angled_section=&#8221;no&#8221; text_align=&#8221;left&#8221; background_image_as_pattern=&#8221;without_pattern&#8221; padding_bottom=&#8221;75&#8243; css_animation=&#8221;&#8221;][vc_column width=&#8221;2\/3&#8243;][vc_column_text] Diplomirala na Pravnom fakultetu u Zagrebu 1988. godine. U Dr\u017eavnom zavodu za intelektualno vlasni\u0161tvo zaposlena od 1993. godine, kada i zapo\u010dinje njena karijera&#8230;<\/p>\n","protected":false},"author":3,"featured_media":0,"parent":0,"menu_order":0,"comment_status":"closed","ping_status":"closed","template":"","meta":{"footnotes":""},"_links":{"self":[{"href":"https:\/\/intvla.unizg.hr\/index.php\/wp-json\/wp\/v2\/pages\/15895"}],"collection":[{"href":"https:\/\/intvla.unizg.hr\/index.php\/wp-json\/wp\/v2\/pages"}],"about":[{"href":"https:\/\/intvla.unizg.hr\/index.php\/wp-json\/wp\/v2\/types\/page"}],"author":[{"embeddable":true,"href":"https:\/\/intvla.unizg.hr\/index.php\/wp-json\/wp\/v2\/users\/3"}],"replies":[{"embeddable":true,"href":"https:\/\/intvla.unizg.hr\/index.php\/wp-json\/wp\/v2\/comments?post=15895"}],"version-history":[{"count":7,"href":"https:\/\/intvla.unizg.hr\/index.php\/wp-json\/wp\/v2\/pages\/15895\/revisions"}],"predecessor-version":[{"id":16746,"href":"https:\/\/intvla.unizg.hr\/index.php\/wp-json\/wp\/v2\/pages\/15895\/revisions\/16746"}],"wp:attachment":[{"href":"https:\/\/intvla.unizg.hr\/index.php\/wp-json\/wp\/v2\/media?parent=15895"}],"curies":[{"name":"wp","href":"https:\/\/api.w.org\/{rel}","templated":true}]}}