{"id":15813,"date":"2016-01-25T20:09:47","date_gmt":"2016-01-25T20:09:47","guid":{"rendered":"http:\/\/virgo.pravo.hr\/intvla\/www\/wordpress\/?page_id=15813"},"modified":"2019-06-02T14:06:18","modified_gmt":"2019-06-02T12:06:18","slug":"jasminka-pecotic-kaufman","status":"publish","type":"page","link":"https:\/\/intvla.unizg.hr\/index.php\/jasminka-pecotic-kaufman\/","title":{"rendered":"Jasminka Pecoti\u0107 Kaufman"},"content":{"rendered":"<section class=\"wpb-content-wrapper\"><p>[vc_row row_type=&#8221;row&#8221; use_row_as_full_screen_section=&#8221;no&#8221; type=&#8221;full_width&#8221; angled_section=&#8221;no&#8221; text_align=&#8221;left&#8221; background_image_as_pattern=&#8221;without_pattern&#8221; css_animation=&#8221;&#8221;][vc_column][vc_column_text]<\/p>\n<h3><strong>Izv. prof. dr. sc. Jasminka Pecoti\u0107 Kaufman<\/strong><\/h3>\n<p>[\/vc_column_text][vc_empty_space][vc_column_text]<\/p>\n<p>[\/vc_column_text][\/vc_column][\/vc_row][vc_row row_type=&#8221;row&#8221; use_row_as_full_screen_section=&#8221;no&#8221; type=&#8221;full_width&#8221; angled_section=&#8221;no&#8221; text_align=&#8221;left&#8221; background_image_as_pattern=&#8221;without_pattern&#8221; padding_bottom=&#8221;75&#8243; css_animation=&#8221;&#8221;][vc_column width=&#8221;2\/3&#8243;][vc_column_text]<\/p>\n<p style=\"text-align: justify;\">Jasminka Pecoti\u0107 Kaufman doktorirala je 2008. na Pravnom fakultetu Sveu\u010dili\u0161ta u Zagrebu na temi horizontalnih sporazuma o cijeni u pravu tr\u017ei\u0161nog natjecanja (mentor: prof. dr. sc. Sinj\u0161a Petrovi\u0107). Magistirala je na istom fakultetu 2004. na temu zajedni\u010dkog pothvata u pravu tr\u017eisnog natjecanja, a titulu Master of Laws (LL.M.) stekla je 2000. na University College London. Diplomirala je 1998. na Pravnom fakultetu Sveu\u010dili\u0161ta u Zagrebu. Pravosudni ispit polo\u017eila je 2002., a dr\u017eavni stru\u010dni ispit 2001.<\/p>\n<p>[\/vc_column_text][vc_empty_space][vc_column_text]<\/p>\n<p style=\"text-align: justify;\">Od 2014. izvanredni je profesor na Katedri za pravo Ekonomskog fakulteta Sveu\u010dili\u0161ta u Zagrebu, gdje je od 2010. do 2014. bila docent, od 2008. do 2010. vi\u0161i asistent, a od 2003. do 2008. asistent. Od 2000. do 2002. radila je u Ministarstvu za europske integracije Republike Hrvatske. Od 2001. djeluje kao <em>Non-Govermental Advisor<\/em> u okviru International Competition Network. Dopisnik je iz Hrvatske za European Competition Law Review, te E-Competitions.<\/p>\n<p>[\/vc_column_text][vc_empty_space][vc_column_text]<\/p>\n<p style=\"text-align: justify;\">Od 2005. do 2011. bila je \u010dlan radnih skupina za pripremu pregovora s Europskom unijom u podru\u010dju tr\u017ei\u0161nog natjecanja, te u podru\u010dju poslovnog nastana i usluga. Sudjelovala je u nizu me\u0111unarodnih projekata vezanih za obrazovanje hrvatskih sudaca u podru\u010dju prava tr\u017ei\u0161nog natjecanja financiranih od stane Europske unije, te kao nacionalni stru\u010dnjak u projektu o primjeni prava tr\u017ei\u0161nog natjecanja Europske unije od strane nacionalnih sudova koji je naru\u010dila Europska komisija.<\/p>\n<p>[\/vc_column_text][vc_empty_space][vc_column_text]<\/p>\n<p style=\"text-align: justify;\">U svojstvu konzultanta savjetovala je crnogorsko tijelo za tr\u017ei\u0161no natjecanje u projektu financiranom od Europske unije. Savjetuje trgova\u010dka dru\u0161tva u Hrvatskoj po raznim pitanjima iz podru\u010dja prava tr\u017ei\u0161nog natjecanja. Predaje kolegije Trgova\u010dko pravo i Pravo tr\u017ei\u0161nog natjecanja na Ekonomskom fakultetu Sveu\u010dili\u0161ta u Zagrebu.<\/p>\n<p>[\/vc_column_text][vc_empty_space][vc_column_text]<\/p>\n<p style=\"text-align: justify;\">Sudjeluje kao gost-predava\u010d u izvo\u0111enju nastave iz predmeta Pravo konkurencije na doktorskom studiju iz Europskog prava na Pravnom fakultetu Sveu\u010dili\u0161ta u Zagrebu. Sunositelj je kolegija Pravo tr\u017ei\u0161nog natjecanja i elektroni\u010dke komunikacije na Sveu\u010dili\u0161nom interdisciplinarnom studiju \u00abReguliranje tr\u017eista elektroni\u010dkih komunikacija\u00bb. Sudjeluje u znanstvenom projektu Pravnog fakulteta i Fakulteta elektronike i ra\u010dunarstva \u00abPogled u budu\u0107nost 2020\u00bb (naru\u010ditelj: HAKOM), a sudjelovala je me\u0111u ostalim kao istra\u017eiva\u010d i nositelj na projektu o nadzoru koncentracija poduzetnika u pravu tr\u017ei\u0161nog natjecanja financiranog od MZO\u0160-a.<\/p>\n<p>[\/vc_column_text][vc_empty_space][vc_column_text]<\/p>\n<p style=\"text-align: justify;\">Organizator je tradicionalne konferencije o pravu tr\u017ei\u0161nog natjecanja u spomen na dr. sc. Vedrana \u0160oljana koja se odr\u017eava na Ekonomskom fakultetu Sveu\u010dili\u0161ta u Zagrebu. \u010clan je ASCOLA-e (Academic Society for Competition Law), Mediterranean Competition Council, Croatian Society for European Law, YARS (Yearbook of Antitrust and Regulatory Studies)-Scientific Board. Izlagala je na mnogobrojnim konferencijama u Hrvatskoj i inozemstvu o razli\u010ditim temama iz podru\u010dja prava tr\u017ei\u0161nog natjecanja i prava europskog tr\u017ei\u0161ta, uklju\u010duju\u0107i aspekte prava intelektualnog vlasni\u0161tva.<\/p>\n<p>[\/vc_column_text][vc_empty_space][vc_column_text]<\/p>\n<p style=\"text-align: justify;\">Suautor je sveu\u010dili\u0161nog ud\u017ebenika \u00abPravo tr\u017ei\u0161nog natjecanja\u00bb (Pravni fakultet Sveu\u010dili\u0161ta u Zagrebu, 2013.), sveu\u010dili\u0161nog ud\u017ebenika \u00abUvod u europsko pravo dru\u0161tava\u00bb (\u0160kolska knjiga, 2010.), knjige \u00abEuropsko tr\u017ei\u0161no pravo\u00bb (\u0160kolska knjiga, 2006.), te autor knjige \u00abZajedni\u010dki pothvat (joint venture) u pravu tr\u017ei\u0161nog natjecanja\u00bb (Sinergija, 2005.), kao i niza drugih znanstvenih i stru\u010dnih radova iz podru\u010dja prava tr\u017ei\u0161nog natjecanja i prava europskog tr\u017ei\u0161ta, uklju\u010duju\u0107i aspekte prava intelektualnog vlasni\u0161tva. Cjelovit popis radova dostupan je na portalu Hrvatska znanstvena bibliografija (<a href=\"https:\/\/bib.irb.hr)\">https:\/\/bib.irb.hr)<\/a>.<\/p>\n<p>[\/vc_column_text][vc_empty_space][vc_column_text]<\/p>\n<p>[\/vc_column_text][\/vc_column][vc_column width=&#8221;1\/3&#8243;] <img loading=\"lazy\" decoding=\"async\" class=\"alignnone size-medium wp-image-16682\" src=\"http:\/\/intvla.unizg.hr\/wp-content\/uploads\/2019\/06\/Jasminka-Pecoti\u0107-Kaufman-225x300.jpg\" alt=\"\" width=\"225\" height=\"300\" srcset=\"https:\/\/intvla.unizg.hr\/wp-content\/uploads\/2019\/06\/Jasminka-Pecoti\u0107-Kaufman-225x300.jpg 225w, https:\/\/intvla.unizg.hr\/wp-content\/uploads\/2019\/06\/Jasminka-Pecoti\u0107-Kaufman-768x1022.jpg 768w, https:\/\/intvla.unizg.hr\/wp-content\/uploads\/2019\/06\/Jasminka-Pecoti\u0107-Kaufman-769x1024.jpg 769w, https:\/\/intvla.unizg.hr\/wp-content\/uploads\/2019\/06\/Jasminka-Pecoti\u0107-Kaufman-600x800.jpg 600w, https:\/\/intvla.unizg.hr\/wp-content\/uploads\/2019\/06\/Jasminka-Pecoti\u0107-Kaufman-700x932.jpg 700w\" sizes=\"(max-width: 225px) 100vw, 225px\" \/> [vc_empty_space][vc_column_text]<\/p>\n<h5>Predmeti<\/h5>\n<p>[\/vc_column_text][vc_separator type=&#8221;normal&#8221;][vc_column_text]<a href=\"http:\/\/intvla.unizg.hr\/index.php\/pravo-trzisnog-natjecanja-i-intelektualno-vlasnistvo\/\">Pravo tr\u017ei\u0161nog natjecanja i intelektualno vlasni\u0161tvo<\/a>[\/vc_column_text][vc_empty_space][vc_column_text]<\/p>\n<h5>Mati\u010dna ustanova<\/h5>\n<p>[\/vc_column_text][vc_separator type=&#8221;normal&#8221;][vc_column_text]Ekonomski\u00a0fakultet Sveu\u010dili\u0161ta u Zagrebu[\/vc_column_text][\/vc_column][\/vc_row]<\/p>\n<\/section>","protected":false},"excerpt":{"rendered":"<p>[vc_row row_type=&#8221;row&#8221; use_row_as_full_screen_section=&#8221;no&#8221; type=&#8221;full_width&#8221; angled_section=&#8221;no&#8221; text_align=&#8221;left&#8221; background_image_as_pattern=&#8221;without_pattern&#8221; css_animation=&#8221;&#8221;][vc_column][vc_column_text] Izv. prof. dr. sc. Jasminka Pecoti\u0107 Kaufman [\/vc_column_text][vc_empty_space][vc_column_text] [\/vc_column_text][\/vc_column][\/vc_row][vc_row row_type=&#8221;row&#8221; use_row_as_full_screen_section=&#8221;no&#8221; type=&#8221;full_width&#8221; angled_section=&#8221;no&#8221; text_align=&#8221;left&#8221; background_image_as_pattern=&#8221;without_pattern&#8221; padding_bottom=&#8221;75&#8243; css_animation=&#8221;&#8221;][vc_column width=&#8221;2\/3&#8243;][vc_column_text] Jasminka Pecoti\u0107 Kaufman doktorirala je 2008. na Pravnom fakultetu Sveu\u010dili\u0161ta u Zagrebu na temi horizontalnih sporazuma o cijeni u&#8230;<\/p>\n","protected":false},"author":3,"featured_media":0,"parent":0,"menu_order":0,"comment_status":"closed","ping_status":"closed","template":"","meta":{"footnotes":""},"_links":{"self":[{"href":"https:\/\/intvla.unizg.hr\/index.php\/wp-json\/wp\/v2\/pages\/15813"}],"collection":[{"href":"https:\/\/intvla.unizg.hr\/index.php\/wp-json\/wp\/v2\/pages"}],"about":[{"href":"https:\/\/intvla.unizg.hr\/index.php\/wp-json\/wp\/v2\/types\/page"}],"author":[{"embeddable":true,"href":"https:\/\/intvla.unizg.hr\/index.php\/wp-json\/wp\/v2\/users\/3"}],"replies":[{"embeddable":true,"href":"https:\/\/intvla.unizg.hr\/index.php\/wp-json\/wp\/v2\/comments?post=15813"}],"version-history":[{"count":5,"href":"https:\/\/intvla.unizg.hr\/index.php\/wp-json\/wp\/v2\/pages\/15813\/revisions"}],"predecessor-version":[{"id":16690,"href":"https:\/\/intvla.unizg.hr\/index.php\/wp-json\/wp\/v2\/pages\/15813\/revisions\/16690"}],"wp:attachment":[{"href":"https:\/\/intvla.unizg.hr\/index.php\/wp-json\/wp\/v2\/media?parent=15813"}],"curies":[{"name":"wp","href":"https:\/\/api.w.org\/{rel}","templated":true}]}}