{"id":15713,"date":"2016-01-22T11:46:18","date_gmt":"2016-01-22T11:46:18","guid":{"rendered":"http:\/\/virgo.pravo.hr\/intvla\/www\/wordpress\/?page_id=15713"},"modified":"2023-06-14T14:15:25","modified_gmt":"2023-06-14T12:15:25","slug":"nastavnici","status":"publish","type":"page","link":"https:\/\/intvla.unizg.hr\/index.php\/nastavnici\/","title":{"rendered":"Nastavnici"},"content":{"rendered":"<section class=\"wpb-content-wrapper\"><p>[vc_row row_type=&#8221;row&#8221; use_row_as_full_screen_section=&#8221;no&#8221; type=&#8221;full_width&#8221; angled_section=&#8221;no&#8221; text_align=&#8221;left&#8221; background_image_as_pattern=&#8221;without_pattern&#8221; css_animation=&#8221;&#8221;][vc_column][vc_column_text]<\/p>\n<h3>Nastavnici i suradnici<\/h3>\n<p>[\/vc_column_text][vc_empty_space][vc_column_text]<\/p>\n<p style=\"text-align: justify;\">Nastavu na studiju Intelektualnog vlasni\u0161tva izvode nastavnici Pravnog fakulteta, Prehrambeno-biotehnolo\u0161kog fakulteta, Medicinskog fakulteta, Tekstilno-tehnolo\u0161kog fakulteta, Ekonomskog fakulteta, Fakulteta elektronike i ra\u010dunarstva, Muzi\u010dke akademije, Akademije dramskih umjetnosti, Akademije likovnih umjetnosti, Arhitektonskog fakulteta, stru\u010dnjaci iz Centra za istra\u017eivanje, razvoj i transfer tehnologije i Ureda za transfer tehnologije Sveu\u010dili\u0161ta u Zagrebu, iz Dr\u017eavnog zavoda za intelektualno vlasni\u0161tvo, te suci Visokog trgova\u010dkog suda i patentni zastupnici<\/p>\n<p>[\/vc_column_text][vc_empty_space][vc_column_text]<\/p>\n<p>[\/vc_column_text][vc_separator type=&#8221;normal&#8221;][\/vc_column][\/vc_row][vc_row row_type=&#8221;row&#8221; use_row_as_full_screen_section=&#8221;no&#8221; type=&#8221;grid&#8221; angled_section=&#8221;no&#8221; text_align=&#8221;left&#8221; background_image_as_pattern=&#8221;without_pattern&#8221; padding_bottom=&#8221;75&#8243; css_animation=&#8221;&#8221;][vc_column width=&#8221;1\/3&#8243;][vc_column_text]<a href=\"http:\/\/intvla.unizg.hr\/index.php\/igor-gliha\/\">prof. dr. sc. Igor Gliha<\/a><\/p>\n<p><a href=\"http:\/\/intvla.unizg.hr\/index.php\/durdana-ozretic-dosen\/\">prof. dr. sc. \u0110ur\u0111ana Ozreti\u0107 Do\u0161en<\/a><\/p>\n<p><a href=\"http:\/\/intvla.unizg.hr\/index.php\/sinisa-petrovic\/\">prof. dr. sc. Sini\u0161a Petrovi\u0107<\/a><\/p>\n<p><a href=\"http:\/\/intvla.unizg.hr\/index.php\/miljenko-simpraga\/\">prof. dr. sc. Miljenko \u0160impraga<\/a><\/p>\n<p><a href=\"http:\/\/intvla.unizg.hr\/index.php\/visnja-gaurina-srcek\/\">prof. dr. sc. Vi\u0161nja Gaurina Sr\u010dek<\/a><\/p>\n<p><a href=\"http:\/\/intvla.unizg.hr\/index.php\/ivana-kunda\/\">izv. prof. dr. sc. Ivana Kunda<\/a><\/p>\n<p><a href=\"http:\/\/intvla.unizg.hr\/index.php\/sasa-niksic\/\">izv. prof. dr. sc. Sa\u0161a Nik\u0161i\u0107<\/a><\/p>\n<p><a href=\"http:\/\/intvla.unizg.hr\/index.php\/jasminka-pecotic-kaufman\/\">izv. prof. dr. sc. Jasminka Pecoti\u0107 Kaufman<\/a><\/p>\n<p><a href=\"http:\/\/intvla.unizg.hr\/index.php\/anita-slavica\/\">prof. dr. sc. Anita Slavica<\/a><\/p>\n<p>[\/vc_column_text][\/vc_column][vc_column width=&#8221;1\/3&#8243;][vc_column_text]<a href=\"http:\/\/intvla.unizg.hr\/index.php\/dubravko-babic\/\">doc. dr. sc. Dubravko Babi\u0107<\/a><\/p>\n<p><a href=\"http:\/\/intvla.unizg.hr\/index.php\/zeljko-bihar\/\">doc. dr. sc. \u017deljko Bihar<\/a><\/p>\n<p><a href=\"http:\/\/intvla.unizg.hr\/index.php\/hano-ernst\/\">doc. dr. sc. Hano Ernst<\/a><\/p>\n<p><a href=\"http:\/\/intvla.unizg.hr\/index.php\/marko-juric\/\">izv. prof. dr. sc. Marko Juri\u0107<\/a><\/p>\n<p><a href=\"http:\/\/intvla.unizg.hr\/index.php\/tihomir-katulic\/\">izv. prof. dr. sc. Tihomir Katuli\u0107<\/a><\/p>\n<p><a href=\"http:\/\/intvla.unizg.hr\/index.php\/zoran-krupka\/\">izv. prof. dr.sc. Zoran Krupka<\/a><\/p>\n<p><a href=\"http:\/\/intvla.unizg.hr\/index.php\/romana-matanovac-vuckovic\/\">izv. prof. dr.sc. Romana Matanovac Vu\u010dkovi\u0107<\/a><\/p>\n<p><a href=\"http:\/\/intvla.unizg.hr\/index.php\/ana-racki-marinkovic\/\">doc. dr. sc. Ana Ra\u010dki Marinkovi\u0107<\/a><\/p>\n<p><a href=\"http:\/\/intvla.unizg.hr\/index.php\/vatroslav-skare\/\">izv. prof. dr. sc. Vatroslav \u0160kare<\/a><\/p>\n<p><a href=\"http:\/\/intvla.unizg.hr\/index.php\/donatella-verbanac\/\">izv. prof. dr. sc. Donatella Verbanac<\/a>[\/vc_column_text][\/vc_column][vc_column width=&#8221;1\/3&#8243;][vc_column_text]<a href=\"http:\/\/intvla.unizg.hr\/index.php\/sandra-horvat\/\">doc. dr. sc. Sandra Horvat<\/a><\/p>\n<p><a href=\"http:\/\/intvla.unizg.hr\/index.php\/vlatka-petrovic\/\">dr. sc. Vlatka Petrovi\u0107<\/a><\/p>\n<p><a href=\"http:\/\/intvla.unizg.hr\/index.php\/ljiljana-kuterovac\/\">mr. sc. Ljiljana Kuterovac<\/a><\/p>\n<p><a href=\"http:\/\/intvla.unizg.hr\/index.php\/tajana-tomic\/\">mr. sc. Tajana Tomi\u0107<\/a><\/p>\n<p><a href=\"http:\/\/intvla.unizg.hr\/index.php\/gordana-turkalj\/\">mr. sc. Gordana Turkalj<\/a><\/p>\n<p><a href=\"http:\/\/intvla.unizg.hr\/index.php\/smiljka-vikic-topic\/\">mr. sc. Smiljka Viki\u0107 Topi\u0107<\/a><\/p>\n<p><a href=\"http:\/\/intvla.unizg.hr\/index.php\/jasminka-adamovic\/\">Jasminka Adamovi\u0107, dipl. iur.<\/a><\/p>\n<p><a href=\"http:\/\/intvla.unizg.hr\/index.php\/gorana-aralica-martinovic\/\">Gorana Aralica Martinovi\u0107<\/a><\/p>\n<p><a href=\"http:\/\/intvla.unizg.hr\/index.php\/kamelija-parac\/\">Kamelija Para\u0107<\/a><\/p>\n<p><a href=\"http:\/\/intvla.unizg.hr\/index.php\/tomislav-jaksic-2\/\">doc. dr. sc. Tomislav Jak\u0161i\u0107<\/a><\/p>\n<p><a href=\"http:\/\/intvla.unizg.hr\/index.php\/antun-bilic\/\">doc. dr. sc. Antun Bili\u0107<\/a><\/p>\n<p>[\/vc_column_text][\/vc_column][\/vc_row][vc_row row_type=&#8221;row&#8221; use_row_as_full_screen_section=&#8221;no&#8221; type=&#8221;full_width&#8221; angled_section=&#8221;no&#8221; text_align=&#8221;left&#8221; background_image_as_pattern=&#8221;without_pattern&#8221; css_animation=&#8221;&#8221;][vc_column][\/vc_column][\/vc_row]<\/p>\n<\/section>","protected":false},"excerpt":{"rendered":"<p>[vc_row row_type=&#8221;row&#8221; use_row_as_full_screen_section=&#8221;no&#8221; type=&#8221;full_width&#8221; angled_section=&#8221;no&#8221; text_align=&#8221;left&#8221; background_image_as_pattern=&#8221;without_pattern&#8221; css_animation=&#8221;&#8221;][vc_column][vc_column_text] Nastavnici i suradnici [\/vc_column_text][vc_empty_space][vc_column_text] Nastavu na studiju Intelektualnog vlasni\u0161tva izvode nastavnici Pravnog fakulteta, Prehrambeno-biotehnolo\u0161kog fakulteta, Medicinskog fakulteta, Tekstilno-tehnolo\u0161kog fakulteta, Ekonomskog fakulteta, Fakulteta elektronike i ra\u010dunarstva, Muzi\u010dke akademije, Akademije dramskih umjetnosti, Akademije likovnih umjetnosti, Arhitektonskog fakulteta, stru\u010dnjaci iz&#8230;<\/p>\n","protected":false},"author":3,"featured_media":0,"parent":0,"menu_order":0,"comment_status":"closed","ping_status":"closed","template":"","meta":{"footnotes":""},"_links":{"self":[{"href":"https:\/\/intvla.unizg.hr\/index.php\/wp-json\/wp\/v2\/pages\/15713"}],"collection":[{"href":"https:\/\/intvla.unizg.hr\/index.php\/wp-json\/wp\/v2\/pages"}],"about":[{"href":"https:\/\/intvla.unizg.hr\/index.php\/wp-json\/wp\/v2\/types\/page"}],"author":[{"embeddable":true,"href":"https:\/\/intvla.unizg.hr\/index.php\/wp-json\/wp\/v2\/users\/3"}],"replies":[{"embeddable":true,"href":"https:\/\/intvla.unizg.hr\/index.php\/wp-json\/wp\/v2\/comments?post=15713"}],"version-history":[{"count":79,"href":"https:\/\/intvla.unizg.hr\/index.php\/wp-json\/wp\/v2\/pages\/15713\/revisions"}],"predecessor-version":[{"id":16848,"href":"https:\/\/intvla.unizg.hr\/index.php\/wp-json\/wp\/v2\/pages\/15713\/revisions\/16848"}],"wp:attachment":[{"href":"https:\/\/intvla.unizg.hr\/index.php\/wp-json\/wp\/v2\/media?parent=15713"}],"curies":[{"name":"wp","href":"https:\/\/api.w.org\/{rel}","templated":true}]}}