{"id":15694,"date":"2016-01-22T08:49:18","date_gmt":"2016-01-22T08:49:18","guid":{"rendered":"http:\/\/virgo.pravo.hr\/intvla\/www\/wordpress\/?page_id=15694"},"modified":"2019-05-30T23:45:22","modified_gmt":"2019-05-30T21:45:22","slug":"pravna-zastita-novih-biljnih-sorti","status":"publish","type":"page","link":"https:\/\/intvla.unizg.hr\/index.php\/pravna-zastita-novih-biljnih-sorti\/","title":{"rendered":"Pravna za\u0161tita novih biljnih sorti"},"content":{"rendered":"<section class=\"wpb-content-wrapper\"><p>[vc_row row_type=&#8221;row&#8221; use_row_as_full_screen_section=&#8221;no&#8221; type=&#8221;full_width&#8221; angled_section=&#8221;no&#8221; text_align=&#8221;left&#8221; background_image_as_pattern=&#8221;without_pattern&#8221; padding_bottom=&#8221;25&#8243; css_animation=&#8221;&#8221;][vc_column][vc_column_text]<\/p>\n<h3>Pravna za\u0161tita novih biljnih sorti<\/h3>\n<p>[\/vc_column_text][\/vc_column][\/vc_row][vc_row row_type=&#8221;row&#8221; use_row_as_full_screen_section=&#8221;no&#8221; type=&#8221;full_width&#8221; angled_section=&#8221;no&#8221; text_align=&#8221;left&#8221; background_image_as_pattern=&#8221;without_pattern&#8221; padding_bottom=&#8221;75&#8243; css_animation=&#8221;&#8221;][vc_column width=&#8221;2\/3&#8243;][vc_accordion active_tab=&#8221;1&#8243; collapsible=&#8221;yes&#8221; style=&#8221;boxed_toggle&#8221;][vc_accordion_tab title=&#8221;Ciljevi predmeta&#8221;][vc_column_text]<\/p>\n<p style=\"text-align: justify;\">Cilj predmeta je osposobiti studente\/ice za rje\u0161avanje problema povezanih s pravnom za\u0161titom novih biljnih sorti.<\/p>\n<p>[\/vc_column_text][\/vc_accordion_tab][vc_accordion_tab title=&#8221;Sadr\u017eaj predmeta i satnica&#8221;][vc_column_text]a) uvodno o me\u0111unarodnom, europskom i nacionalnom ure\u0111enju pravne za\u0161tite novih biljnih sorti (2 sata)<\/p>\n<p>b) biljna sorta, oplemenjiva\u010d, oplemenjiva\u010dko pravo, drugi osnovni pojmovi (2 sata)<\/p>\n<p>c) sadr\u017eaj oplemenjiva\u010dkog prava, ograni\u010denja sadr\u017eaja \/ izuzeci (1 sat)<\/p>\n<p>d) odnos prema patentima (1 sat)<\/p>\n<p>e) stjecanje i odr\u017eavanje u vrijednosti oplemenjiva\u010dkog prava \u2013 nacionalni i europski sustav (2 sata)<\/p>\n<p>f) imovinsko pravna raspolaganja oplemenjiva\u010dkim pravom (1 sat)<\/p>\n<p>g) za\u0161tita od povrede oplemenjiva\u010dkog prava (1 sat)[\/vc_column_text][\/vc_accordion_tab][vc_accordion_tab title=&#8221;Literatura&#8221;][vc_column_text]<strong>Obvezna literatura<\/strong><\/p>\n<p>[\/vc_column_text][vc_empty_space][vc_column_text]<\/p>\n<p>1.\u00a0\u00a0\u00a0\u00a0 Zakon o za\u0161titi biljnih sorti (NN 131\/97, 62\/00, 67\/08, 124\/11)<br \/>\n2.\u00a0\u00a0\u00a0\u00a0 Pravilnik o priznavanju sorti poljoprivrednog bilja (NN 99\/08, 100\/09, 109\/10, 77\/13)<br \/>\n3.\u00a0\u00a0\u00a0\u00a0 Pravilnik o upisu sorti u sortnu listu (NN 45\/07, 84\/08, 77\/13)<br \/>\n4.\u00a0\u00a0\u00a0\u00a0 Uredba Vije\u0107a (EZ) br. 2100\/94 od 27. Srpnja 1994. Godine o za\u0161titi biljnih sorti i njene izmjene i dopune<\/p>\n<p>[\/vc_column_text][vc_empty_space][vc_column_text]<strong>Dopunska literatura<\/strong><\/p>\n<p>[\/vc_column_text][vc_empty_space][vc_column_text]<\/p>\n<p>1.\u00a0\u00a0\u00a0\u00a0\u00a0 International Convention For The Protection Of New Varieties Of Plants of December 2, 1961, as revised at Geneva on November 10, 1972, and on October 23, 1978, UPOV Convention<\/p>\n<p>2.\u00a0\u00a0\u00a0\u00a0\u00a0 Vodi\u010d za za\u0161titu novih biljnih sorti \/ velja\u010da 2011<\/p>\n<p>3.\u00a0\u00a0\u00a0\u00a0\u00a0 Matthew Rimmer. &#8220;Franklin Barley Patent Law And Plant Breeders&#8217; Rights&#8221;, Murdoch University Electronic Journal of Law, December 2003, Vol. 10, No. 4, URL http:\/\/www.murdoch.edu.au\/elaw\/issues\/v10n4\/rimmer104.html<\/p>\n<p>4.\u00a0\u00a0\u00a0\u00a0\u00a0 Kesan, Jay P.: Agricultural biotechnology and intellectual property: seeds of change, Wallingford, UK; Cambridge, MA: CABI, 2007<\/p>\n<p>5.\u00a0\u00a0\u00a0\u00a0\u00a0 Frison, C.: Intellectual property and facilitated access to genetic resources under the International Treaty on plant genetic resources for food and agriculture, European Intellectual Property Review (EIPR), GB 10 2010 Vol 32 No 1, pp 1-8<\/p>\n<p>6.\u00a0\u00a0\u00a0\u00a0\u00a0 W\u00fcrtenberger, G.: European community plant variety protection, Oxford; New York: Oxford University Press, 2006<\/p>\n<p>7.\u00a0\u00a0\u00a0\u00a0\u00a0 Blakeney, M.: Protection of plant varieties and farmers&#8217; rights, European Intellectual Property Review, 2002 Vol 24 No 1 pp 9-19<\/p>\n<p>8.\u00a0\u00a0\u00a0\u00a0\u00a0 Sunkapongse, S.: Plant variety legislation aims to stimulate research, IP Asia, 2000 Vol 13 No 3 pp 25-27<\/p>\n<p>9.\u00a0\u00a0\u00a0\u00a0\u00a0 Dutfield, G.: Intellectual property rights, trade and biodiversity: seeds and plant varieties, London: Earthscan Publications, 2000<\/p>\n<p>10.\u00a0\u00a0\u00a0 Fiftieth Anniversary of the UPOV Convention \/ INTERNATIONAL UNION FOR THE PROTECTION OF NEW VARIETIES OF PLANTS (UPOV), Geneva: International Union for the Protection of New Varieties of Plants (UPOV), UPOV Publication<\/p>\n<p>11.\u00a0\u00a0\u00a0 Santaniello, V. (ed.): Agriculture and intellectual property rights: economic, institutional and implementation issues in biotechnology, Wallingford, UK, 2000<\/p>\n<p>12.\u00a0\u00a0\u00a0 van der Kooij, P.: Towards an EC directive on plant breeder&#8217;s rights?, Journal of Intellectual Property Law &amp; Practice, February 2008 Vol 3 No 2 pp 97 \u2013 101<\/p>\n<p>13.\u00a0\u00a0\u00a0 Singh, H.: Plant variety protection and food security, Journal of Intellectual Property Rights, July 2007 Vol 12 No 4, pp 391 \u2013 399<\/p>\n<p>14. \u00a0 \u00a0Llewelyn, M.: European plant intellectual property, Oxford; Portland, OR: Hart, 2006<\/p>\n<p>[\/vc_column_text][\/vc_accordion_tab][vc_accordion_tab title=&#8221;Ishodi u\u010denja&#8221;][vc_column_text]<strong>Ishodi u\u010denja na razini programa kojima predmet doprinosi<\/strong><\/p>\n<p>[\/vc_column_text][vc_empty_space][vc_column_text]<\/p>\n<p style=\"text-align: justify;\">Nakon odslu\u0161anog predmeta i polo\u017eenog pismenog i usmenog ispita iz ovog predmeta, student\/ica je na razini temeljnih znanja osposobljen\/a rje\u0161avati prakti\u010dne probleme i pitanja vezane uz pravnu za\u0161titu novih biljnih sorti. Ovaj predmet nadogra\u0111uje znanja ste\u010dena u svim ostalim obveznim predmetima novim znanjima u podru\u010dju pravne za\u0161tite novih biljnih sorti.<\/p>\n<p>[\/vc_column_text][vc_empty_space][vc_column_text]<strong>Ishodi u\u010denja na razini predmeta<\/strong><\/p>\n<p>[\/vc_column_text][vc_empty_space][vc_column_text]<\/p>\n<ul>\n<li>Stjecanje temeljnih sposobnosti za prakti\u010dno obavljanje poslova vezanih uz stjecanje, odr\u017eavanje u vrijednosti te prestanak oplemenjiva\u010dkog prava.<\/li>\n<li>Stjecanje op\u0107ih znanja za teorijsko bavljenje pravnom za\u0161titom novih biljnih sorti.<\/li>\n<li>Stjecanje znanja o pravnoj za\u0161titi oplemenjiva\u010dkog prava od povrede.<\/li>\n<li>Stjecanje sposobnosti za prakti\u010dno rje\u0161avanje i drugih pitanja, problema i zadataka temeljne razine slo\u017eenosti, vezanih uz pravnu za\u0161titu novih biljnih sorti.<\/li>\n<\/ul>\n<p>[\/vc_column_text][\/vc_accordion_tab][\/vc_accordion][\/vc_column][vc_column width=&#8221;1\/3&#8243;][vc_column_text]<\/p>\n<h3>Nositelj predmeta<\/h3>\n<p>[\/vc_column_text][vc_column_text]<a href=\"http:\/\/intvla.unizg.hr\/index.php\/romana-matanovac-vuckovic\/\">Izv. prof. dr. sc. Romana Matanovac Vu\u010dkovi\u0107<\/a>[\/vc_column_text][vc_separator type=&#8221;normal&#8221;][vc_column_text]<\/p>\n<h3>Bodovna vrijednost<\/h3>\n<p>[\/vc_column_text][vc_column_text]2 ECTS[\/vc_column_text][vc_separator type=&#8221;normal&#8221;][vc_column_text]<\/p>\n<h3>Na\u010din izvo\u0111enja nastave<\/h3>\n<p>[\/vc_column_text][vc_column_text]Predavanja, 10 sati[\/vc_column_text][vc_separator type=&#8221;normal&#8221;][\/vc_column][\/vc_row]<\/p>\n<\/section>","protected":false},"excerpt":{"rendered":"<p>[vc_row row_type=&#8221;row&#8221; use_row_as_full_screen_section=&#8221;no&#8221; type=&#8221;full_width&#8221; angled_section=&#8221;no&#8221; text_align=&#8221;left&#8221; background_image_as_pattern=&#8221;without_pattern&#8221; padding_bottom=&#8221;25&#8243; css_animation=&#8221;&#8221;][vc_column][vc_column_text] Pravna za\u0161tita novih biljnih sorti [\/vc_column_text][\/vc_column][\/vc_row][vc_row row_type=&#8221;row&#8221; use_row_as_full_screen_section=&#8221;no&#8221; type=&#8221;full_width&#8221; angled_section=&#8221;no&#8221; text_align=&#8221;left&#8221; background_image_as_pattern=&#8221;without_pattern&#8221; padding_bottom=&#8221;75&#8243; css_animation=&#8221;&#8221;][vc_column width=&#8221;2\/3&#8243;][vc_accordion active_tab=&#8221;1&#8243; collapsible=&#8221;yes&#8221; style=&#8221;boxed_toggle&#8221;][vc_accordion_tab title=&#8221;Ciljevi predmeta&#8221;][vc_column_text] Cilj predmeta je osposobiti studente\/ice za rje\u0161avanje problema povezanih s pravnom za\u0161titom novih biljnih sorti. [\/vc_column_text][\/vc_accordion_tab][vc_accordion_tab&#8230;<\/p>\n","protected":false},"author":3,"featured_media":0,"parent":0,"menu_order":0,"comment_status":"closed","ping_status":"closed","template":"","meta":{"footnotes":""},"_links":{"self":[{"href":"https:\/\/intvla.unizg.hr\/index.php\/wp-json\/wp\/v2\/pages\/15694"}],"collection":[{"href":"https:\/\/intvla.unizg.hr\/index.php\/wp-json\/wp\/v2\/pages"}],"about":[{"href":"https:\/\/intvla.unizg.hr\/index.php\/wp-json\/wp\/v2\/types\/page"}],"author":[{"embeddable":true,"href":"https:\/\/intvla.unizg.hr\/index.php\/wp-json\/wp\/v2\/users\/3"}],"replies":[{"embeddable":true,"href":"https:\/\/intvla.unizg.hr\/index.php\/wp-json\/wp\/v2\/comments?post=15694"}],"version-history":[{"count":5,"href":"https:\/\/intvla.unizg.hr\/index.php\/wp-json\/wp\/v2\/pages\/15694\/revisions"}],"predecessor-version":[{"id":16632,"href":"https:\/\/intvla.unizg.hr\/index.php\/wp-json\/wp\/v2\/pages\/15694\/revisions\/16632"}],"wp:attachment":[{"href":"https:\/\/intvla.unizg.hr\/index.php\/wp-json\/wp\/v2\/media?parent=15694"}],"curies":[{"name":"wp","href":"https:\/\/api.w.org\/{rel}","templated":true}]}}