{"id":15675,"date":"2016-01-22T08:35:24","date_gmt":"2016-01-22T08:35:24","guid":{"rendered":"http:\/\/virgo.pravo.hr\/intvla\/www\/wordpress\/?page_id=15675"},"modified":"2019-06-03T14:50:18","modified_gmt":"2019-06-03T12:50:18","slug":"poslovni-i-pravni-aspekti-ugovora-u-podrucju-industrijskog-vlasnistva","status":"publish","type":"page","link":"https:\/\/intvla.unizg.hr\/index.php\/poslovni-i-pravni-aspekti-ugovora-u-podrucju-industrijskog-vlasnistva\/","title":{"rendered":"Poslovni i pravni aspekti ugovora u podru\u010dju industrijskog vlasni\u0161tva"},"content":{"rendered":"<section class=\"wpb-content-wrapper\"><p>[vc_row row_type=&#8221;row&#8221; use_row_as_full_screen_section=&#8221;no&#8221; type=&#8221;full_width&#8221; angled_section=&#8221;no&#8221; text_align=&#8221;left&#8221; background_image_as_pattern=&#8221;without_pattern&#8221; padding_bottom=&#8221;25&#8243; css_animation=&#8221;&#8221;][vc_column][vc_column_text]<\/p>\n<h3>Poslovni i pravni aspekti ugovora u podru\u010dju industrijskog vlasni\u0161tva<\/h3>\n<p>[\/vc_column_text][\/vc_column][\/vc_row][vc_row row_type=&#8221;row&#8221; use_row_as_full_screen_section=&#8221;no&#8221; type=&#8221;full_width&#8221; angled_section=&#8221;no&#8221; text_align=&#8221;left&#8221; background_image_as_pattern=&#8221;without_pattern&#8221; padding_bottom=&#8221;75&#8243; css_animation=&#8221;&#8221;][vc_column width=&#8221;2\/3&#8243;][vc_accordion active_tab=&#8221;1&#8243; collapsible=&#8221;yes&#8221; style=&#8221;boxed_toggle&#8221;][vc_accordion_tab title=&#8221;Ciljevi predmeta&#8221;][vc_column_text]<\/p>\n<p style=\"text-align: justify;\">Cilj kolegija je osposobiti studente\/ice za sastavljanje i analizu razli\u010ditih vrsta ugovora u podru\u010dju industrijskog vlasni\u0161tva i rje\u0161avanje pravnih i poslovnih problema vezanih uz takve ugovore.<\/p>\n<p>[\/vc_column_text][\/vc_accordion_tab][vc_accordion_tab title=&#8221;Sadr\u017eaj predmeta i satnica&#8221;][vc_column_text]a) op\u0107enito o trgova\u010dkim ugovorima (1 sat)<\/p>\n<p>b) pravni i poslovni aspekti ugovora o licenciji (2 sata)<\/p>\n<p>c) pravni i poslovni aspekti ugovora o fran\u0161izi (2 sata)<\/p>\n<p>d) pravni i poslovni aspekti ugovora o distribuciji (2 sata)<\/p>\n<p>e) ugovori u biomedicini i klini\u010dkim istra\u017eivanjima (3 sata)[\/vc_column_text][\/vc_accordion_tab][vc_accordion_tab title=&#8221;Literatura&#8221;][vc_column_text]<strong>Obvezna literatura<\/strong><\/p>\n<p>[\/vc_column_text][vc_empty_space][vc_column_text]<\/p>\n<p>1.\u00a0\u00a0\u00a0\u00a0 Zakon o obveznim odnosima NN 35\/05, 41\/08<br \/>\n2.\u00a0\u00a0\u00a0\u00a0 GORENC, Vilim, Komentar Zakona o obveznim odnosima, Zagreb, 2005<br \/>\n3.\u00a0\u00a0\u00a0\u00a0 Power point prezentacije sa predavanja, koje \u0107e individualno biti dostavljene svim polaznicima[\/vc_column_text][vc_empty_space][vc_column_text]<strong>Dopunska literatura<\/strong><\/p>\n<p>[\/vc_column_text][vc_empty_space][vc_column_text]<\/p>\n<p>1.\u00a0\u00a0\u00a0\u00a0\u00a0 BARAN, Mirjana, BARAN, Krunoslav, Ugovor o isklju\u010divoj distribuciji u pravu EZ i propisima RH, Hrvatska pravna revija, 7(2007),4;str.59-67<\/p>\n<p>2.\u00a0\u00a0\u00a0\u00a0\u00a0 BLAGOJEVI\u0106, Borislav T. \/ KRULJ, Vrleta, Komentar Zakona o obligacionim odnosima, Beograd, 1983<\/p>\n<p>3.\u00a0\u00a0\u00a0\u00a0\u00a0 BUKLJA\u0160, Ivan \/ VIZNER, Boris, Komentar Zakona o obveznim (obligacionim) odnosima, 4. knjiga, Zagreb, 1979<\/p>\n<p>4.\u00a0\u00a0\u00a0\u00a0\u00a0 \u010cIZMI\u0106, Jozo, Ustupanje prava iz podru\u010dja industrijskog vlasni\u0161tva \u2013 ugovor o licenciji \u017eiga i ugovor o know howu, Zbornik Pravnog fakulteta Sveu\u010dili\u0161ta u Rijeci, vol. 22, 2001, str. 377-406<\/p>\n<p>5.\u00a0\u00a0\u00a0\u00a0\u00a0 \u010cIZMI\u0106, Jozo, Licencija \u017eiga, Slobodno poduzetni\u0161tvo, br.10, 2000, str. 97-106<\/p>\n<p>6.\u00a0\u00a0\u00a0\u00a0\u00a0 \u010cIZMI\u0106, Jozo \/ ZLATOVI\u0106, Dragan, Komentar Zakona o \u017eigu, Zagreb, 2002<\/p>\n<p>7.\u00a0\u00a0\u00a0\u00a0\u00a0 GOYDER, Joanna, EU distribution law, Oxford, 2011<\/p>\n<p>8.\u00a0\u00a0\u00a0\u00a0\u00a0 HESSELINK, Martijn W., Commercial agency, franchise and distribution contracts (PEL CAFDC) \/ Principles of European law; vol. 2, str. 333-338<\/p>\n<p>9.\u00a0\u00a0\u00a0\u00a0\u00a0 HENN, G\u00fcnter, Patent- und Know-how- Lizenzvertrag, Heidelberg, 2003, 5. Aufl.<\/p>\n<p>10.\u00a0\u00a0\u00a0 HILTY, Reto M., Lizenzvertragsrecht, Bern, 2001<\/p>\n<p>11.\u00a0\u00a0\u00a0 KLARI\u0106, Petar \/ VEDRI\u0160, Mladen, Gra\u0111ansko pravo, Zagreb, 2008<\/p>\n<p>12.\u00a0\u00a0\u00a0 MATANOVAC VU\u010cKOVI\u0106, Romana, Ugovor o licenciji \u017eiga u svjetlu prilagodbe hrvatskog prava europskom, dis., Zagreb, 2010<\/p>\n<p>13.\u00a0\u00a0\u00a0 MLIKOTIN TOMI\u0106, De\u0161a, Ugovor o distribuciji robe i usluga, Pravo i porezi, 12(2003),4;str.6-12<\/p>\n<p>14.\u00a0\u00a0\u00a0 MLIKOTIN TOMI\u0106, De\u0161a, Ugovor o fran\u0161izingu &#8211; instrument sigurnog uspjeha ili proma\u0161aja, Ra\u010dunovodstvo, revizija i financije, 14(2004),6;str.128-137<\/p>\n<p>15.\u00a0\u00a0\u00a0 MUTABD\u017dIJA, Jasmina, Klauzule pla\u0107anja kod ugovora o licenciji, Pravo i porezi, Zagreb,2005,br.5,str.\u00a0 7-16.<\/p>\n<p>16.\u00a0\u00a0\u00a0 PARA\u0106, Zoran, Ugovor o licenciji i promjene u jugoslavenskom pravu industrijskog vlansi\u0161tva, Privreda i pravo, 1989, br. 7-8, str. 505-520<\/p>\n<p>17.\u00a0\u00a0\u00a0 PARA\u0106, Zoran, Patentirani izum i know-how kao predmeti ugovora o licenci, Zbornik Pravnog fakulteta u Zagrebu, god. 36, 1986, br. 3-4, str. 469-493<\/p>\n<p>18.\u00a0\u00a0\u00a0 PEZO, Ivica, Tipi\u010dni sastojci ugovora o franchizingu &#8211; dozvoljeni i zabranjeni sadr\u017eaji kroz primjenu prava za\u0161tite tr\u017ei\u0161nog natjecanja, Hrvatska pravna revija, 1(2001),2;str.55-68<\/p>\n<p>19.\u00a0\u00a0\u00a0 SCHULTE-BECKHAUSEN, Thomas, Markenlizenzvertr\u00e4ge, K\u00f6ln, 2002<\/p>\n<p>20.\u00a0\u00a0\u00a0 VUKMIR, Branko, Fran\u0161izing, Pravo i porezi, 9(2000),5;str.10-18.<\/p>\n<p>21.\u00a0\u00a0\u00a0 WILKOF, Neil, J., Wake-up Call for U.K. Law on Trade Mark Licensing, E.I.P.R., 1998, 10, str. .386-390<\/p>\n<p>22.\u00a0\u00a0\u00a0 WILKOF, Neil J. \/ BURKITT, Daniel \/ STOTHERS, Christopher \/ SINGH, Asim \/ LE BARS, Julie \/ KOUKER, Ludwig \/ EASTAWAY, Nigel, Trade Mark Licensing, London, 2005<\/p>\n<p>23.\u00a0\u00a0\u00a0 ZLATOVI\u0106, Dragan, \u017digovno pravo, Zagreb, 2008<\/p>\n<p>24.\u00a0\u00a0\u00a0 ZLATOVI\u0106, Dragan, Ugovori o selektivnoj distribuciji kao modaliteti prometa robe obilje\u017eene \u010duvenim \u017eigom, Hrvatska gospodarska revija, 1999, br. 9, str. 1013-1019<\/p>\n<p>25.\u00a0\u00a0\u00a0 ZLATOVI\u0106, Dragan, Raspolaganje pravom na \u017eig, Pravo i porezi, br. 11, 1998., str. 39-41<\/p>\n<p>26.\u00a0\u00a0\u00a0 ZLATOVI\u0106, Dragan, Licencija i prijenos \u017eiga, Suvremeno poduzetni\u0161tvo, br.7, 2002, str. 102-108<\/p>\n<p>27.\u00a0\u00a0\u00a0 ZLATOVI\u0106, Dragan, Modaliteti pla\u0107anja u ugovorima o raspolaganju pravom na \u017eig, Vladavina prava, 1999, br. 1, str. 99-121<\/p>\n<p>28.\u00a0\u00a0\u00a0 ZLATOVI\u0106, Dragan, Licencija i prijenos \u017eiga, Suvremeno poduzetni\u0161tvo, br.7, 2002, str. 102-108<\/p>\n<p>29. \u00a0 \u00a0ZLATOVI\u0106, Dragan, Franchising i pravo uporabe \u017eiga, Suvremeno poduzetni\u0161tvo, br.6, 2003, str. 184-189<\/p>\n<p>[\/vc_column_text][\/vc_accordion_tab][vc_accordion_tab title=&#8221;Ishodi u\u010denja&#8221;][vc_column_text]<strong>Ishodi u\u010denja na razini programa kojima predmet doprinosi<\/strong><\/p>\n<p>[\/vc_column_text][vc_empty_space][vc_column_text]<\/p>\n<p style=\"text-align: justify;\">Nakon odslu\u0161anog kolegija i polo\u017eenog pisanog i usmenog ispita, student\/ica je potpuno osposobljen\/a rje\u0161avati prakti\u010dne probleme i pitanja srednje razine slo\u017eenosti, vezana uz ugovore u podru\u010dju industrijskog vlasni\u0161tva. Detaljna obradba pravnih i poslovnih aspekata ugovora o znanstvenim istra\u017eivanjima, ugovora o licenciji, ugovora o fran\u0161izi te ugovora o distribuciji usmjerena je na osposobljavanje studenata\/ica za prakti\u010dnu analizu i sastavljanje takvih ugovora te rje\u0161avanje drugih prakti\u010dnih zadataka vezanih za takve ugovore.\u00a0 Ovaj predmet sintetizira znanja ste\u010dena u obveznim predmetima s ovoga studija Pravna za\u0161tita izuma i Pravo \u017eiga, industrijskog dizajna i drugih oznaka razlikovanja te ih ujedno nadogra\u0111uje i pro\u0161iruje u podru\u010dju ugovornog prava te poslovnih aspekata spomenutih vrsta ugovora.<\/p>\n<p>[\/vc_column_text][vc_empty_space][vc_column_text]<strong>Ishodi u\u010denja na razini predmeta<\/strong><\/p>\n<p>[\/vc_column_text][vc_empty_space][vc_column_text]<\/p>\n<ul>\n<li>Stjecanje sposobnosti za rje\u0161avanje pravnih i poslovnih problema srednje razine slo\u017eenosti u ugovorima u znanstvenim istra\u017eivanjima.<\/li>\n<li>Stjecanje sposobnosti za rje\u0161avanje pravnih i poslovnih problema srednje razine slo\u017eenosti u ugovoru o licenciji.<\/li>\n<li>Stjecanje sposobnosti za rje\u0161avanje pravnih i poslovnih problema srednje razine slo\u017eenosti u ugovoru o fran\u0161izi.<\/li>\n<li>Stjecanje sposobnosti za rje\u0161avanje pravnih i poslovnih problema srednje razine slo\u017eenosti u ugovoru o distribuciji.<\/li>\n<\/ul>\n<p>[\/vc_column_text][\/vc_accordion_tab][\/vc_accordion][\/vc_column][vc_column width=&#8221;1\/3&#8243;][vc_column_text]<\/p>\n<h3>Nositelj predmeta<\/h3>\n<p>[\/vc_column_text][vc_column_text]Izv. prof. dr. sc. Nina Tepe\u0161[\/vc_column_text][vc_separator type=&#8221;normal&#8221;][vc_column_text]<\/p>\n<h3>Suradnici<\/h3>\n<p>[\/vc_column_text][vc_column_text]<a href=\"http:\/\/intvla.unizg.hr\/index.php\/anita-slavica\/\">Prof. dr. sc. Anita Slavica<\/a><\/p>\n<p><a href=\"http:\/\/intvla.unizg.hr\/index.php\/smiljka-vikic-topic\/\">Mr. sc. Smiljka Viki\u0107 Topi\u0107<\/a>[\/vc_column_text][vc_separator type=&#8221;normal&#8221;][vc_column_text]<\/p>\n<h3>Bodovna vrijednost<\/h3>\n<p>[\/vc_column_text][vc_column_text]2 ECTS[\/vc_column_text][vc_separator type=&#8221;normal&#8221;][vc_column_text]<\/p>\n<h3>Na\u010din izvo\u0111enja nastave<\/h3>\n<p>[\/vc_column_text][vc_column_text]Predavanja, 10 sati[\/vc_column_text][vc_separator type=&#8221;normal&#8221;][\/vc_column][\/vc_row]<\/p>\n<\/section>","protected":false},"excerpt":{"rendered":"<p>[vc_row row_type=&#8221;row&#8221; use_row_as_full_screen_section=&#8221;no&#8221; type=&#8221;full_width&#8221; angled_section=&#8221;no&#8221; text_align=&#8221;left&#8221; background_image_as_pattern=&#8221;without_pattern&#8221; padding_bottom=&#8221;25&#8243; css_animation=&#8221;&#8221;][vc_column][vc_column_text] Poslovni i pravni aspekti ugovora u podru\u010dju industrijskog vlasni\u0161tva [\/vc_column_text][\/vc_column][\/vc_row][vc_row row_type=&#8221;row&#8221; use_row_as_full_screen_section=&#8221;no&#8221; type=&#8221;full_width&#8221; angled_section=&#8221;no&#8221; text_align=&#8221;left&#8221; background_image_as_pattern=&#8221;without_pattern&#8221; padding_bottom=&#8221;75&#8243; css_animation=&#8221;&#8221;][vc_column width=&#8221;2\/3&#8243;][vc_accordion active_tab=&#8221;1&#8243; collapsible=&#8221;yes&#8221; style=&#8221;boxed_toggle&#8221;][vc_accordion_tab title=&#8221;Ciljevi predmeta&#8221;][vc_column_text] Cilj kolegija je osposobiti studente\/ice za sastavljanje i analizu razli\u010ditih vrsta ugovora&#8230;<\/p>\n","protected":false},"author":3,"featured_media":0,"parent":0,"menu_order":0,"comment_status":"closed","ping_status":"closed","template":"","meta":{"footnotes":""},"class_list":["post-15675","page","type-page","status-publish","hentry"],"_links":{"self":[{"href":"https:\/\/intvla.unizg.hr\/index.php\/wp-json\/wp\/v2\/pages\/15675","targetHints":{"allow":["GET"]}}],"collection":[{"href":"https:\/\/intvla.unizg.hr\/index.php\/wp-json\/wp\/v2\/pages"}],"about":[{"href":"https:\/\/intvla.unizg.hr\/index.php\/wp-json\/wp\/v2\/types\/page"}],"author":[{"embeddable":true,"href":"https:\/\/intvla.unizg.hr\/index.php\/wp-json\/wp\/v2\/users\/3"}],"replies":[{"embeddable":true,"href":"https:\/\/intvla.unizg.hr\/index.php\/wp-json\/wp\/v2\/comments?post=15675"}],"version-history":[{"count":6,"href":"https:\/\/intvla.unizg.hr\/index.php\/wp-json\/wp\/v2\/pages\/15675\/revisions"}],"predecessor-version":[{"id":16769,"href":"https:\/\/intvla.unizg.hr\/index.php\/wp-json\/wp\/v2\/pages\/15675\/revisions\/16769"}],"wp:attachment":[{"href":"https:\/\/intvla.unizg.hr\/index.php\/wp-json\/wp\/v2\/media?parent=15675"}],"curies":[{"name":"wp","href":"https:\/\/api.w.org\/{rel}","templated":true}]}}