{"id":15671,"date":"2016-01-22T08:34:40","date_gmt":"2016-01-22T08:34:40","guid":{"rendered":"http:\/\/virgo.pravo.hr\/intvla\/www\/wordpress\/?page_id=15671"},"modified":"2019-06-02T15:47:57","modified_gmt":"2019-06-02T13:47:57","slug":"autorsko-i-srodna-prava-u-kreativnim-industrijama","status":"publish","type":"page","link":"https:\/\/intvla.unizg.hr\/index.php\/autorsko-i-srodna-prava-u-kreativnim-industrijama\/","title":{"rendered":"Autorsko i srodna prava u kreativnim industrijama"},"content":{"rendered":"<section class=\"wpb-content-wrapper\"><p>[vc_row row_type=&#8221;row&#8221; use_row_as_full_screen_section=&#8221;no&#8221; type=&#8221;full_width&#8221; angled_section=&#8221;no&#8221; text_align=&#8221;left&#8221; background_image_as_pattern=&#8221;without_pattern&#8221; padding_bottom=&#8221;25&#8243; css_animation=&#8221;&#8221;][vc_column][vc_column_text]<\/p>\n<h3>Autorsko i srodna prava u kreativnim industrijama<\/h3>\n<p>[\/vc_column_text][\/vc_column][\/vc_row][vc_row row_type=&#8221;row&#8221; use_row_as_full_screen_section=&#8221;no&#8221; type=&#8221;full_width&#8221; angled_section=&#8221;no&#8221; text_align=&#8221;left&#8221; background_image_as_pattern=&#8221;without_pattern&#8221; padding_bottom=&#8221;75&#8243; css_animation=&#8221;&#8221;][vc_column width=&#8221;2\/3&#8243;][vc_accordion active_tab=&#8221;1&#8243; collapsible=&#8221;yes&#8221; style=&#8221;boxed_toggle&#8221;][vc_accordion_tab title=&#8221;Ciljevi predmeta&#8221;][vc_column_text]<\/p>\n<p style=\"text-align: justify;\">Cilj kolegija je osposobiti studente\/ice za rje\u0161avanje pravnih problema kao i problema druge vrste, vezanih uz pravnu za\u0161titu onih vrsta autorskih djela i predmeta srodnih prava koji se iskori\u0161tavaju u glazbenoj, filmskoj i likovnoj djelatnosti te u arhitekturi.<\/p>\n<p>[\/vc_column_text][\/vc_accordion_tab][vc_accordion_tab title=&#8221;Sadr\u017eaj predmeta i satnica&#8221;][vc_column_text]a) autorsko i srodna prava u glazbenoj industriji (vrste prava, karakteristi\u010dni na\u010dini iskori\u0161tavanja glazbenih djela, glazbenih umjetni\u010dkih izvedaba i fonograma, ugovori u glazbenoj industriji, ostvarivanje glazbenih prava, glazba na internetu) (6 sati)<\/p>\n<p>b) autorsko i srodna prava u filmskoj industriji (vrste prava, karakteristi\u010dni na\u010dini iskori\u0161tavanja filma, gluma\u010dkih izvedaba i videograma, ugovori u filmskoj industriji, ostvarivanje filmskih prava, film na internetu) (6 sati)<\/p>\n<p>c) autorsko pravo na likovnim djelima (vrste likovnih djela, ugovori o likovnim djelima, pravo slije\u0111enja) (4 sata)<\/p>\n<p>d) autorsko pravo na arhitektonskim djelima (vrste arhitektonskih djela, odnos autorskog prava i prava vlasni\u0161tva, ugovori o djelima arhitekture) (3 sata)<\/p>\n<p>e) multimedijalna djela (1 sat)[\/vc_column_text][\/vc_accordion_tab][vc_accordion_tab title=&#8221;Literatura&#8221;][vc_column_text]<strong>Obvezna literatura<\/strong><\/p>\n<p>[\/vc_column_text][vc_empty_space][vc_column_text]<\/p>\n<p>1.\u00a0\u00a0\u00a0\u00a0 Zakon o autorskom pravu i srodnim pravima s NN 167\/03, 79\/07, 80\/11<br \/>\n2.\u00a0\u00a0\u00a0\u00a0 ROSEN, Ronald S., Music and Copyright, Oxford, 2008<br \/>\n3.\u00a0\u00a0\u00a0\u00a0 TORREMANS, Paul, A Handbook of Contemporary Research, Cheltenham UK, 2007, str. 18-49, 185-207, 460-483[\/vc_column_text][vc_empty_space][vc_column_text]<strong>Dopunska literatura<\/strong><\/p>\n<p>[\/vc_column_text][vc_empty_space][vc_column_text]<\/p>\n<p>1.\u00a0\u00a0\u00a0\u00a0\u00a0 COLSTON, Catherine \/ MIDDLETON, Kirsty, Modern Intellectual Property Law, London, 2005, 2. Ed.<\/p>\n<p>2.\u00a0\u00a0\u00a0\u00a0\u00a0 CORNISH, William \/ LLEWELYN, David, Intellectual Property: Patents, Copyright, Trade Marks and Allied Rights, London, Sweet &amp; Maxwell, 2003, 5. ed.<\/p>\n<p>3.\u00a0\u00a0\u00a0\u00a0\u00a0 GARNETT, Kevin, et al., Copinger and Skone James on Copyright, London, 2005<\/p>\n<p>4.\u00a0\u00a0\u00a0\u00a0\u00a0 LOEWENHEIM, Ulrich, et al., Handbuch des Urheberrechts, Muenchen, 2003[\/vc_column_text][\/vc_accordion_tab][vc_accordion_tab title=&#8221;Ishodi u\u010denja&#8221;][vc_column_text]<strong>Ishodi u\u010denja na razini programa kojima predmet doprinosi<\/strong><\/p>\n<p>[\/vc_column_text][vc_empty_space][vc_column_text]<\/p>\n<p style=\"text-align: justify;\">Nakon odslu\u0161anog kolegija i polo\u017eenog pisanog i usmenog ispita, student\/ica je osposobljen\/a rje\u0161avati prakti\u010dne probleme i pitanja srednje razine slo\u017eenosti, vezana uz za\u0161titu posebnih vrsta autorskih djela i predmeta srodnih prava koji su karakteristi\u010dni za pojedine vrste djelatnosti. Detaljna obradba ovih problema i pitanja usmjerena je na osposobljavanje studenata\/ica za rje\u0161avanje prakti\u010dnih zadataka vezanih upravo za te posebne vrste predmeta za\u0161tite. Ovaj predmet sintetizira znanja ste\u010dena u obveznom predmetu s ovoga studija Autorsko pravo i ujedno ih nadogra\u0111uje i pro\u0161iruje u posebnim podru\u010djima kreativne djelatnosti kao \u0161to su glazbena, filmska i likovna djelatnost te arhitektura. Stje\u010du se znanja o posebnim obilje\u017ejima ove vrste predmeta za\u0161tite i modalitetima njihova iskori\u0161tavanja, te posebno o problematici ostvarivanja prava na internetu.<\/p>\n<p>[\/vc_column_text][vc_empty_space][vc_column_text]<strong>Ishodi u\u010denja na razini predmeta<\/strong><\/p>\n<p>[\/vc_column_text][vc_empty_space][vc_column_text]<\/p>\n<ul>\n<li>Stjecanje sposobnosti za prakti\u010dno obavljanje poslova srednje razine slo\u017eenosti, vezanih uz glazbena, filmska i likovna djela te djela arhitekture.<\/li>\n<li>Stjecanje sposobnosti za prakti\u010dno obavljanje poslova srednje razine slo\u017eenosti, vezanih uz prava glazbenih umjetnika izvo\u0111a\u010da i glumaca.<\/li>\n<li>Stjecanje sposobnosti za prakti\u010dno obavljanje poslova srednje razine slo\u017eenosti, vezanih uz pravnu za\u0161titu fonograma i videograma.<\/li>\n<li>Stjecanje sposobnosti za analizu i rje\u0161avanje problema odnosa prava vlasni\u0161tva na gra\u0111evinama i autorskog prava na arhitektonskim djelima.<\/li>\n<li>Stjecanje sposobnosti za obavljanje poslova srednje razine slo\u017eenosti, vezanih uz za\u0161titu glazbe i filma na internetu.<\/li>\n<\/ul>\n<p>[\/vc_column_text][\/vc_accordion_tab][\/vc_accordion][\/vc_column][vc_column width=&#8221;1\/3&#8243;][vc_column_text]<\/p>\n<h3>Nositelj predmeta<\/h3>\n<p>[\/vc_column_text][vc_column_text]<a href=\"http:\/\/intvla.unizg.hr\/index.php\/igor-gliha\/\">Prof. dr. sc. Igor Gliha<\/a><\/p>\n<p><a href=\"http:\/\/intvla.unizg.hr\/index.php\/romana-matanovac-vuckovic\/\">Izv. prof. dr.sc. Romana Matanovac Vu\u010dkovi\u0107<\/a>[\/vc_column_text][vc_separator type=&#8221;normal&#8221;][vc_column_text]<\/p>\n<h3>Suradnici<\/h3>\n<p>[\/vc_column_text][vc_column_text]<a href=\"http:\/\/intvla.unizg.hr\/index.php\/damir-teresak\/\">Red. prof. art. Damir Tere\u0161ak<\/a><\/p>\n<p><a href=\"http:\/\/intvla.unizg.hr\/index.php\/mladen-janjanin\/\">Red. prof. art. Mladen Janjanin<\/a><\/p>\n<p><a href=\"http:\/\/intvla.unizg.hr\/index.php\/tajana-tomic\/\">Mr. sc. Tajana Tomi\u0107<\/a>[\/vc_column_text][vc_separator type=&#8221;normal&#8221;][vc_column_text]<\/p>\n<h3>Bodovna vrijednost<\/h3>\n<p>[\/vc_column_text][vc_column_text]3 ECTS[\/vc_column_text][vc_separator type=&#8221;normal&#8221;][vc_column_text]<\/p>\n<h3>Na\u010din izvo\u0111enja nastave<\/h3>\n<p>[\/vc_column_text][vc_column_text]Predavanja, 20 sati[\/vc_column_text][vc_separator type=&#8221;normal&#8221;][\/vc_column][\/vc_row]<\/p>\n<\/section>","protected":false},"excerpt":{"rendered":"<p>[vc_row row_type=&#8221;row&#8221; use_row_as_full_screen_section=&#8221;no&#8221; type=&#8221;full_width&#8221; angled_section=&#8221;no&#8221; text_align=&#8221;left&#8221; background_image_as_pattern=&#8221;without_pattern&#8221; padding_bottom=&#8221;25&#8243; css_animation=&#8221;&#8221;][vc_column][vc_column_text] Autorsko i srodna prava u kreativnim industrijama [\/vc_column_text][\/vc_column][\/vc_row][vc_row row_type=&#8221;row&#8221; use_row_as_full_screen_section=&#8221;no&#8221; type=&#8221;full_width&#8221; angled_section=&#8221;no&#8221; text_align=&#8221;left&#8221; background_image_as_pattern=&#8221;without_pattern&#8221; padding_bottom=&#8221;75&#8243; css_animation=&#8221;&#8221;][vc_column width=&#8221;2\/3&#8243;][vc_accordion active_tab=&#8221;1&#8243; collapsible=&#8221;yes&#8221; style=&#8221;boxed_toggle&#8221;][vc_accordion_tab title=&#8221;Ciljevi predmeta&#8221;][vc_column_text] Cilj kolegija je osposobiti studente\/ice za rje\u0161avanje pravnih problema kao i problema druge vrste,&#8230;<\/p>\n","protected":false},"author":3,"featured_media":0,"parent":0,"menu_order":0,"comment_status":"closed","ping_status":"closed","template":"","meta":{"footnotes":""},"class_list":["post-15671","page","type-page","status-publish","hentry"],"_links":{"self":[{"href":"https:\/\/intvla.unizg.hr\/index.php\/wp-json\/wp\/v2\/pages\/15671","targetHints":{"allow":["GET"]}}],"collection":[{"href":"https:\/\/intvla.unizg.hr\/index.php\/wp-json\/wp\/v2\/pages"}],"about":[{"href":"https:\/\/intvla.unizg.hr\/index.php\/wp-json\/wp\/v2\/types\/page"}],"author":[{"embeddable":true,"href":"https:\/\/intvla.unizg.hr\/index.php\/wp-json\/wp\/v2\/users\/3"}],"replies":[{"embeddable":true,"href":"https:\/\/intvla.unizg.hr\/index.php\/wp-json\/wp\/v2\/comments?post=15671"}],"version-history":[{"count":9,"href":"https:\/\/intvla.unizg.hr\/index.php\/wp-json\/wp\/v2\/pages\/15671\/revisions"}],"predecessor-version":[{"id":16713,"href":"https:\/\/intvla.unizg.hr\/index.php\/wp-json\/wp\/v2\/pages\/15671\/revisions\/16713"}],"wp:attachment":[{"href":"https:\/\/intvla.unizg.hr\/index.php\/wp-json\/wp\/v2\/media?parent=15671"}],"curies":[{"name":"wp","href":"https:\/\/api.w.org\/{rel}","templated":true}]}}