{"id":15669,"date":"2016-01-22T08:34:26","date_gmt":"2016-01-22T08:34:26","guid":{"rendered":"http:\/\/virgo.pravo.hr\/intvla\/www\/wordpress\/?page_id=15669"},"modified":"2019-06-02T16:29:16","modified_gmt":"2019-06-02T14:29:16","slug":"medunarodno-i-medunarodno-privatno-pravo-intelektualnog-vlasnistva","status":"publish","type":"page","link":"https:\/\/intvla.unizg.hr\/index.php\/medunarodno-i-medunarodno-privatno-pravo-intelektualnog-vlasnistva\/","title":{"rendered":"Me\u0111unarodno i me\u0111unarodno privatno pravo intelektualnog vlasni\u0161tva"},"content":{"rendered":"<section class=\"wpb-content-wrapper\"><p>[vc_row row_type=&#8221;row&#8221; use_row_as_full_screen_section=&#8221;no&#8221; type=&#8221;full_width&#8221; angled_section=&#8221;no&#8221; text_align=&#8221;left&#8221; background_image_as_pattern=&#8221;without_pattern&#8221; padding_bottom=&#8221;25&#8243; css_animation=&#8221;&#8221;][vc_column][vc_column_text]<\/p>\n<h3>Me\u0111unarodno i me\u0111unarodno privatno pravo intelektualnog vlasni\u0161tva<\/h3>\n<p>[\/vc_column_text][\/vc_column][\/vc_row][vc_row row_type=&#8221;row&#8221; use_row_as_full_screen_section=&#8221;no&#8221; type=&#8221;full_width&#8221; angled_section=&#8221;no&#8221; text_align=&#8221;left&#8221; background_image_as_pattern=&#8221;without_pattern&#8221; padding_bottom=&#8221;75&#8243; css_animation=&#8221;&#8221;][vc_column width=&#8221;2\/3&#8243;][vc_accordion active_tab=&#8221;1&#8243; collapsible=&#8221;yes&#8221; style=&#8221;boxed_toggle&#8221;][vc_accordion_tab title=&#8221;Ciljevi predmeta&#8221;][vc_column_text]<\/p>\n<p style=\"text-align: justify;\">Cilj kolegija je osposobiti studente\/ice za rje\u0161avanje pravnih problema, kao i problema druge vrste, vezanih uz me\u0111unarodne aspekte prava intelektualnog vlasni\u0161tva te ih upoznati s me\u0111unarodnim sustavom konvencija i pravnih izvora op\u0107enito u ovome pravnom podru\u010dju, njihovim sadr\u017eajem i svrhom. Tako\u0111er, cilj je osposobiti studente\/ice za rje\u0161avanje pravnih problema u sporovima s me\u0111unarodnim elementom i drugim aspektima me\u0111unarodnog privatnog prava u podru\u010dju intelektualnog vlasni\u0161tva.<\/p>\n<p>[\/vc_column_text][\/vc_accordion_tab][vc_accordion_tab title=&#8221;Sadr\u017eaj predmeta i satnica&#8221;][vc_column_text]a) uvodna pitanja u me\u0111unarodnom pravu intelektualnog vlasni\u0161tva (na\u010delo teritorijalnosti i univerzalnosti, na\u010delo neovisnosti) (2 sata)<\/p>\n<p>b) me\u0111unarodne konvencije i drugi propisi u podru\u010dju autorskog i srodnih prava (4 sata)<\/p>\n<p>c) me\u0111unarodne konvencije i drugi propisi u podru\u010dju prava industrijskog vlasni\u0161tva (4 sata)<\/p>\n<p>d) op\u0107enito o me\u0111unarodnoj nadle\u017enosti i me\u0111unarodnom privatnom pravu (4 sata)<\/p>\n<p>e) me\u0111unarodna nadle\u017enost u sporovima i drugim spornim situacijama intelektualnom vlasni\u0161tvu (2 sata)<\/p>\n<p>f) mjerodavno pravo u ugovornim odnosima i odnosima zbog povrede prava intelektualnog vlasni\u0161tva (4 sata)[\/vc_column_text][\/vc_accordion_tab][vc_accordion_tab title=&#8221;Literatura&#8221;][vc_column_text]<strong>Obvezna literatura<\/strong><\/p>\n<p>[\/vc_column_text][vc_empty_space][vc_column_text]<\/p>\n<p>1.\u00a0\u00a0\u00a0\u00a0 Pari\u0161ka konvencija za za\u0161titu industrijskog vlasni\u0161tva<\/p>\n<p>2.\u00a0\u00a0\u00a0\u00a0 Konvencija o osnivanju Svjetske organizacije za intelektualno vlasni\u0161tvo (WIPO konvencija, 1967., dopunjena 1979.)<\/p>\n<p>3.\u00a0\u00a0\u00a0\u00a0 Bernska konvencija za za\u0161titu knji\u017eevnih i umjetni\u010dkih djela iz 1886. godine; (Pari\u0161ki akt, 1971.)<\/p>\n<p>4.\u00a0\u00a0\u00a0\u00a0 Univerzalna konvencija o autorskom pravu prema izvornom tekstu (\u017deneva, 1952.)<\/p>\n<p>5.\u00a0\u00a0\u00a0\u00a0 Me\u0111unarodna konvencija za za\u0161titu umjetnika izvo\u0111a\u010da, proizvo\u0111a\u010da fonograma i organizacija za radiodifuziju (Rimska konvencija, 1961.)<\/p>\n<p>6.\u00a0\u00a0\u00a0\u00a0 Univerzalna konvencija o autorskom pravu revidirana u Parizu (1971.)<\/p>\n<p>7.\u00a0\u00a0\u00a0\u00a0 Konvencija za za\u0161titu proizvo\u0111a\u010da fonograma od neodobrenog umno\u017eavanja njihovih fonograma (Fonogramska konvencija &#8211; \u017deneva, 1971.)<\/p>\n<p>8.\u00a0\u00a0\u00a0\u00a0 Konvencija o distribuciji signala za prijenos programa preko satelita (Satelitska konvencija, Brisel, 1974.)<\/p>\n<p>9.\u00a0\u00a0\u00a0\u00a0 Ugovor o autorskom pravu Svjetske organizacije za intelektualno vlasni\u0161tvo (\u017deneva, 1996.)<\/p>\n<p>10.\u00a0 Ugovor o izvedbama i fonogramima Svjetske organizacije za intelektualno vlasni\u0161tvo (\u017deneva, 1996.)<\/p>\n<p>11.\u00a0 Madridski sporazum o me\u0111unarodnoj registraciji \u017eigova NN MU 12\/93, 3\/99 I 12\/08<\/p>\n<p>12.\u00a0 Protokol koji se odnosi na Madridski sporazum o me\u0111unarodnoj registraciji \u017eigova NN MU 13\/03, 18\/03 i 12\/08<\/p>\n<p>13.\u00a0 Nicanski sporazum o me\u0111unarodnoj klasifikaciji roba i usluga u svrhu registriranja \u017eigova NN MU 12\/93 i 3\/99<\/p>\n<p>14.\u00a0 Ha\u0161ki sporazum o me\u0111unarodnoj registraciji industrijskog dizajna NN MU 14\/03 i 1\/04<\/p>\n<p>15.\u00a0 Ugovor o suradnji na podru\u010dju patenata NN Mu 3\/98 i 10\/98<\/p>\n<p>16.\u00a0 Pravilnik prema Ugovoru o suradnji na podru\u010dju patenata (PCT) NN MU 10\/98, 3\/01, 4\/02, 15\/02, 1\/03, 18\/03, 3\/05, 3\/06, 5\/08, 12\/08, 5\/09, 4\/10, 9\/11<\/p>\n<p>17.\u00a0 Europska patentna konvencija 2000 (EPC 2000) NN MU 8\/07 i 1\/08<\/p>\n<p>18.\u00a0 Provedbeni pravilnik Europske patentne konvencije 2000.<br \/>\nusvojen odlukom Upravnog vije\u0107a od 7. prosinca 2006. godine koje je sastavni dio Europske patentne konvencije kako je izmijenjena i dopunjena NN MU 13\/09<\/p>\n<p>19.\u00a0 Zakon o potvr\u0111ivanju Sporazuma o primjeni \u010dlanka 65. Konvencije o priznavanju europskih patenata (Londonski sporazum) NN Mu 8\/07 i 4\/08<\/p>\n<p>20.\u00a0 Strasbur\u0161ki sporazum o me\u0111unarodnoj klasifikaciji patenata NN MU 11\/99 i 4\/00<\/p>\n<p>21.\u00a0 Budimpe\u0161tanski ugovor o me\u0111unarodnom priznavanju depozita mikroorganizama za potrebe patentnog postupka NN MU 11\/99 i 4\/00<\/p>\n<p>22.\u00a0 Ugovor o patentnom pravu (PLT) NN MU 10\/04 i 3\/05<\/p>\n<p>23.\u00a0 Sporazum o trgovinskim aspektima prava intelektualnog vlasni\u0161tva (Sporazum TRIPS), NN MU 8\/10<\/p>\n<p>24.\u00a0 Vidjeti i popis na: http:\/\/www.dziv.hr\/hr\/zakonodavstvo\/medjunarodni-ugovori\/<\/p>\n<p>25.\u00a0 Uredba 593\/2008 i 864\/2007 (Rim I i II)<\/p>\n<p>26.\u00a0 Uredba 44\/2001 (Brisel I)<br \/>\n27.\u00a0 Zakon o autorskom pravu i srodnim pravima (NN br. 167\/2003, 79\/2007, 80\/2011) (odabrani \u010dlanci)<\/p>\n<p>28.\u00a0 Zakon o patentu (NN br. 173\/2003, 87\/2005, 76\/2007, 30\/2009, 128\/2010, 49\/2011) (odabrani \u010dlanci)<\/p>\n<p>29.\u00a0 Zakon o \u017eigu (NN br. 173\/2003, 76\/2007, 30\/2009, 49\/2011) (odabrani \u010dlanci)<\/p>\n<p>30.\u00a0 Zakon o industrijskom dizajnu (NN br. 173\/2003, 76\/2007, 30\/2009, 49\/2011) (odabrani \u010dlanci)<\/p>\n<p>31.\u00a0 Zakon o oznakama zemljopisnog podrijetla i oznakama izvornosti proizvoda i usluga (NN br. 173\/2003, 76\/2007, 49\/2011) (odabrani \u010dlanci)<\/p>\n<p>32.\u00a0 Zakon o za\u0161titi topografija poluvodi\u010dkih proizvoda (NN br. 173\/2003, 76\/2007, 30\/2009, 49\/2011) (odabrani \u010dlanci)<br \/>\n33.\u00a0 FAWCETT, James, TORREMANS, Paul, Intellectual Property and Private International Law, 2. izd., Oxford,2011.. (odabrana poglavlja)<br \/>\n34.\u00a0 von LEWINSKI, Silke, International Copyright Law and Policy, Oxford, 2008. (odabrana poglavlja)<br \/>\n35.\u00a0 KUNDA, Ivana, VRBLJANAC, Danijela, Pravo mjerodavno za ugovore o intelektualnom vlasni\u0161tvu \u2013 od ZRSZ-a do Uredbe Rim I, u: Velad\u017ei\u0107, Nevzet, Findrik, Nikola, Rami\u0107, Ermina (ur.), Zbornik radova me\u0111unarodne nau\u010dne konferencije Bosna i Hercegovina i euro-atlantske integracije &#8211; trenutni izazovi i perspektive, Pravni fakultet Univerziteta u Biha\u0107u, 2012, str. 318.-333.<\/p>\n<p>36.\u00a0 MATANOVAC VU\u010cKOVI\u0106, Romana, KUNDA, Ivana, Materijalnopravno i kolizijskopravno ure\u0111enje intelektualnog vlasni\u0161tva nastalog u radnom odnosu, Zbornik Pravnog fakulteta Sveu\u010dili\u0161ta u Rijeci, vol. 32, Suppl., 2011., str. 75.-125. (dio o kolizijskom pravu)<\/p>\n<p>37.\u00a0 KUNDA, Ivana, MATANOVAC VU\u010cKOVI\u0106, Romana, Raspolaganje autorskim pravom na ra\u010dunalnom programu \u2013 materijalnopravni i kolizijskopravni aspekti, Zbornik Pravnog fakulteta Sveu\u010dili\u0161ta u Rijeci, vol. 31, Suppl. 2010., str. 85.-131.<\/p>\n<p>38.\u00a0 KUNDA, Ivana, Me\u0111unarodna nadle\u017enost u postupcima povodom povrede prava intelektualnog vlasni\u0161tva u Europskoj uniji &#8211; priprema za izravnu primjenu acquisa, u: MATANOVAC R. (ur.), Prilagodba prava intelektualnog vlasni\u0161tva europskom pravu, Zagreb, 2007, str. 271.-324.[\/vc_column_text][vc_empty_space][vc_column_text]<strong>Dopunska literatura<\/strong><\/p>\n<p>[\/vc_column_text][vc_empty_space][vc_column_text]<\/p>\n<p>1.\u00a0\u00a0\u00a0\u00a0\u00a0 AUSTIN, Graeme W., Intellectual Property Politics and the Private International Law of Copyright Ownership, Brook. J. Int\u2019l L., vol. 30, 2005., str. 899.-923.<\/p>\n<p>2.\u00a0\u00a0\u00a0\u00a0\u00a0 DINWOODIE, Graeme B., Private International Law Aspects of the Protection of Trademarks, WIPO Doc. No. WIPO\/PIL\/01\/4 (2001.), dostupno na &lt;http:\/\/www.wipo.int\/edocs\/mdocs\/mdocs\/en\/wipo_pil_01\/wipo_pil_01_4.pdf&gt;.<\/p>\n<p>3.\u00a0\u00a0\u00a0\u00a0\u00a0 DREXL, Joseph\/KUR, Annette (ur.), Intellectual Property and Private International Law \u2013 Heading for the Future, Hart Publishing, Oxford and Portland, Oregon, 2005.<\/p>\n<p>4.\u00a0\u00a0\u00a0\u00a0\u00a0 GINSBURG, Jane C., Private International Law Aspects of the Protection of Works and Objects of Related Rights Transmitted Through Digital Networks, WIPO Doc. GCPIC\/2 (30.11.1998.), dostupno na &lt;http:\/\/www.wipo.int\/edocs\/mdocs\/mdocs\/en\/gcpic\/gcpic_2.pdf&gt;<\/p>\n<p>5.\u00a0\u00a0\u00a0\u00a0\u00a0 GINSBURG, Jane C., Private International Law Aspects of the Protection of Works and Objects of Related Rights Transmitted Through Digital Networks, 2000 Update, WIPO Doc. No. PIL\/01\/02 (2000), dostupno na &lt;http:\/\/wipo.int\/pil-forum\/en\/documents\/pdf\/pil_01_2.pdf&gt;<\/p>\n<p>6.\u00a0\u00a0\u00a0\u00a0\u00a0 KUNDA, Ivana, Defining Internationally Mandatory Rules in European Private International Law of Contract, GPR, vol. 4, br. 5, 2007., str. 210.-222.<\/p>\n<p>7.\u00a0\u00a0\u00a0\u00a0\u00a0 KUNDA, Ivana, Two Recent Croatian Decisions on Copyright Infringement: Conflict of Laws and More, Yearbook of Private International Law, Vol. 10, 2008., str. 617.-628.<\/p>\n<p>8.\u00a0\u00a0\u00a0\u00a0\u00a0 KUNDA, Ivana, Uredba Rim II: ujedna\u010dena pravila o pravu mjerodavnom za izvanugovorne obveze u Europskoj uniji, Zbornik Pravnog Fakulteta Sveu\u010dili\u0161ta u Rijeci, vol. 28, br. 2, 2007., str. 1269.-1324.<\/p>\n<p>9.\u00a0\u00a0\u00a0\u00a0\u00a0 MUTAB\u017dIJA, Jasmina, KUNDA, Ivana, Pravna ograni\u010denja genetskih istra\u017eivanja na ljudima i komercijalizacije njihovih rezultata u hrvatskom pravu, Hrvatska pravna revija, vol. 8, br.1, 2008., str. 71.-81.<\/p>\n<p>10.\u00a0\u00a0\u00a0 PERTEG\u00c1S SENDER, Marta, Cross-Border Enforcement of Patent Rights: An Analysis of the Interface between Intellectual Property and Private International Law, Oxford University Press, Oxford, 2002.<\/p>\n<p>11.\u00a0\u00a0\u00a0 UBERTAZZI, Benedetta, Exclusive jurisdiction in intellectual property, Mohr Siebeck, T\u00fcbingen, 2012<\/p>\n<p>12.\u00a0\u00a0\u00a0 ULMER, Eugen, Intellectual Property Rights and the Conflict of Laws, Kluwer\/Commission of the European Communities, Luxembourg, 1978.<\/p>\n<p>13.\u00a0\u00a0\u00a0 VERONA, Albert, Licencni ugovor u jugoslavenskom, inozemnom i me\u0111unarodnom pravu, Infromator, Zagreb, 1981.<\/p>\n<p>14.\u00a0\u00a0\u00a0 VERONA, Albert, Me\u0111unarodna za\u0161tita industrijskog vlasni\u0161tva, Privreda i pravo, vol. 13, br. 10, 1975., str. 29.-38.<\/p>\n<p>15.\u00a0\u00a0\u00a0 VUKMIR, Branko, Novi me\u0111unarodnopravni okvir za\u0161tite prava intelektualnog vlasni\u0161tva, PuG, vol. 33, br. 5-6, 1994., str. 305.-329.<\/p>\n<p>16.\u00a0\u00a0\u00a0 WADLOW, Christopher, Enforcement of Intellectual Property in European and International Law, Sweet &amp; Maxwell, London, 1998.<\/p>\n<p>17.\u00a0\u00a0\u00a0 WIPO, Joint Recommendation Concerning Provisions on the Protection of Marks, and Other Industrial Property Rights in Signs, on the Internet, dostupno na &lt;http:\/\/www.wipo.int\/about-ip\/en\/development_iplaw\/pub845.htm&gt;<\/p>\n<p>18.\u00a0\u00a0\u00a0 WIPO Standing Committee on the Law of Trademarks, Industrial Designs and Geographical Indications, Geographical Indications and the Territoriality Principle (Prepared by the Secretariat, SCT\/9\/5, 1. listopad 2002.), Ninth Session Geneva, 11-15 November 2002, dostupno na &lt;http:\/\/www.wipo.int\/edocs\/mdocs\/sct\/en\/sct_9\/sct_9_5.pdf&gt;[\/vc_column_text][\/vc_accordion_tab][vc_accordion_tab title=&#8221;Ishodi u\u010denja&#8221;][vc_column_text]<strong>Ishodi u\u010denja na razini programa kojima predmet doprinosi<\/strong><\/p>\n<p>[\/vc_column_text][vc_empty_space][vc_column_text]<\/p>\n<p style=\"text-align: justify;\">Nakon odslu\u0161anog kolegija i polo\u017eenog pisanog i usmenog ispita, student\/ica je osposobljen\/a rje\u0161avati prakti\u010dne probleme i pitanja vezana uz me\u0111unarodne aspekte prava intelektualnog vlasni\u0161tva. Student\/ica je upoznat\/a sa sadr\u017eajem me\u0111unarodnih konvencija i drugih pravnih izvora u podru\u010dju autorskog i srodnih prava, kao i prava industrijskog vlasni\u0161tva koje administriraju Svjetska organizacija za intelektualno vlasni\u0161tvo i Svjetska trgovinska organizacija. Ovaj predmet sintetizira znanja, vje\u0161tine i kompetencije ste\u010dene u obveznim predmetima ovoga studija i ujedno ih nadogra\u0111uje i pro\u0161iruje na sva ona podru\u010dja koja su vezana uz me\u0111unarodne aspekte intelektualnog vlasni\u0161tva kao \u0161to je unifikacija pravnog ure\u0111enja prava intelektualnog vlasni\u0161tva osobito u pogledu intelektualnih tvorevina koje su za\u0161ti\u0107ene i sadr\u017eaja pravne za\u0161tite te postupaka stjecanja prava industrijskog vlasni\u0161tva. Studenti\/ice stje\u010de znanja, vje\u0161tine i kompetencije u problematici me\u0111unarodne nadle\u017enosti sudova i drugih tijela koji odlu\u010duju o stjecanju i gubitku prava industrijskog vlasni\u0161tva, kao i o pravu koje se primjenjuje na osnovna pitanja u vezi s postojanjem i valjano\u0161\u0107u prava intelektualnog vlasni\u0161tva. Tako\u0111er, stje\u010du se znanja u problematici me\u0111unarodne nadle\u017enosti sudova i drugih tijela, kao i mjerodavnog prava, u sporovima zbog povrede prava intelektualnog vlasni\u0161tva. Nadalje, stje\u010du se znanja o me\u0111unarodnoj nadle\u017enosti i primjeni mjerodavnog prava u ugovornim odnosima s me\u0111unarodnim elementom, kao i u slu\u010dajevima povrede prava intelektualnog vlasni\u0161tva drugim aspektima me\u0111unarodnog privatnog prava. Razina znanja koja se stje\u010de u ovom kolegiju je srednja (prema mjerilu: temeljno \u2013 srednje \u2013 izvrsno). Za postizanje izvrsne razine znanja potrebno je daljnje izu\u010davanje predmetne problematike.<\/p>\n<p>[\/vc_column_text][vc_empty_space][vc_column_text]<strong>Ishodi u\u010denja na razini predmeta<\/strong><\/p>\n<p>[\/vc_column_text][vc_empty_space][vc_column_text]<\/p>\n<ul>\n<li>Stjecanje sposobnosti za prakti\u010dno obavljanje poslova srednje razine slo\u017eenosti vezanih uz me\u0111unarodne aspekte prava intelektualnog vlasni\u0161tva.<\/li>\n<li>Stjecanje sposobnosti za analizu i rje\u0161avanje problema srednje razine slo\u017eenosti, za\u0161tite autorskih djela i predmeta srodnih prava te prava industrijskog vlasni\u0161tva stranih dr\u017eavljana.<\/li>\n<li>Stjecanje sposobnosti za analizu i rje\u0161avanje problema srednje razine slo\u017eenosti, vezanih uz me\u0111unarodnu nadle\u017enost sudova i drugih tijela u sporovima i drugim spornim pitanjima s me\u0111unarodnim elementom.<\/li>\n<li>Stjecanje sposobnosti za analizu i rje\u0161avanje problema srednje razine slo\u017eenosti vezanih uz primjenu mjerodavnog prava u sporovima, obveznim i drugim pravnim odnosima u podru\u010dju prava intelektualnog vlasni\u0161tva, s me\u0111unarodnim elementom.<\/li>\n<li>Stjecanje sposobnosti za analizu i rje\u0161avanje problema srednje razine slo\u017eenosti, vezanih uz nadle\u017enost i primjenu mjerodavnog prava u svezi s iskori\u0161tavanjem intelektualnih tvorevina na internetu.<\/li>\n<\/ul>\n<p>[\/vc_column_text][\/vc_accordion_tab][\/vc_accordion][\/vc_column][vc_column width=&#8221;1\/3&#8243;][vc_column_text]<\/p>\n<h3>Nositelj predmeta<\/h3>\n<p>[\/vc_column_text][vc_column_text]<\/p>\n<p><a href=\"http:\/\/intvla.unizg.hr\/index.php\/ivana-kunda\/\">Izv. prof. dr. sc. Ivana Kunda<\/a>[\/vc_column_text][vc_separator type=&#8221;normal&#8221;][vc_column_text]<\/p>\n<h3>Bodovna vrijednost<\/h3>\n<p>[\/vc_column_text][vc_column_text]3 ECTS[\/vc_column_text][vc_separator type=&#8221;normal&#8221;][vc_column_text]<\/p>\n<h3>Na\u010din izvo\u0111enja nastave<\/h3>\n<p>[\/vc_column_text][vc_column_text]Predavanja, 20 sati[\/vc_column_text][vc_separator type=&#8221;normal&#8221;][\/vc_column][\/vc_row]<\/p>\n<\/section>","protected":false},"excerpt":{"rendered":"<p>[vc_row row_type=&#8221;row&#8221; use_row_as_full_screen_section=&#8221;no&#8221; type=&#8221;full_width&#8221; angled_section=&#8221;no&#8221; text_align=&#8221;left&#8221; background_image_as_pattern=&#8221;without_pattern&#8221; padding_bottom=&#8221;25&#8243; css_animation=&#8221;&#8221;][vc_column][vc_column_text] Me\u0111unarodno i me\u0111unarodno privatno pravo intelektualnog vlasni\u0161tva [\/vc_column_text][\/vc_column][\/vc_row][vc_row row_type=&#8221;row&#8221; use_row_as_full_screen_section=&#8221;no&#8221; type=&#8221;full_width&#8221; angled_section=&#8221;no&#8221; text_align=&#8221;left&#8221; background_image_as_pattern=&#8221;without_pattern&#8221; padding_bottom=&#8221;75&#8243; css_animation=&#8221;&#8221;][vc_column width=&#8221;2\/3&#8243;][vc_accordion active_tab=&#8221;1&#8243; collapsible=&#8221;yes&#8221; style=&#8221;boxed_toggle&#8221;][vc_accordion_tab title=&#8221;Ciljevi predmeta&#8221;][vc_column_text] Cilj kolegija je osposobiti studente\/ice za rje\u0161avanje pravnih problema, kao i problema druge vrste,&#8230;<\/p>\n","protected":false},"author":3,"featured_media":0,"parent":0,"menu_order":0,"comment_status":"closed","ping_status":"closed","template":"","meta":{"footnotes":""},"_links":{"self":[{"href":"https:\/\/intvla.unizg.hr\/index.php\/wp-json\/wp\/v2\/pages\/15669"}],"collection":[{"href":"https:\/\/intvla.unizg.hr\/index.php\/wp-json\/wp\/v2\/pages"}],"about":[{"href":"https:\/\/intvla.unizg.hr\/index.php\/wp-json\/wp\/v2\/types\/page"}],"author":[{"embeddable":true,"href":"https:\/\/intvla.unizg.hr\/index.php\/wp-json\/wp\/v2\/users\/3"}],"replies":[{"embeddable":true,"href":"https:\/\/intvla.unizg.hr\/index.php\/wp-json\/wp\/v2\/comments?post=15669"}],"version-history":[{"count":6,"href":"https:\/\/intvla.unizg.hr\/index.php\/wp-json\/wp\/v2\/pages\/15669\/revisions"}],"predecessor-version":[{"id":16717,"href":"https:\/\/intvla.unizg.hr\/index.php\/wp-json\/wp\/v2\/pages\/15669\/revisions\/16717"}],"wp:attachment":[{"href":"https:\/\/intvla.unizg.hr\/index.php\/wp-json\/wp\/v2\/media?parent=15669"}],"curies":[{"name":"wp","href":"https:\/\/api.w.org\/{rel}","templated":true}]}}