{"id":15667,"date":"2016-01-22T08:34:04","date_gmt":"2016-01-22T08:34:04","guid":{"rendered":"http:\/\/virgo.pravo.hr\/intvla\/www\/wordpress\/?page_id=15667"},"modified":"2023-06-06T14:16:06","modified_gmt":"2023-06-06T12:16:06","slug":"europski-aspekti-prava-intelektualnog-vlasnistva","status":"publish","type":"page","link":"https:\/\/intvla.unizg.hr\/index.php\/europski-aspekti-prava-intelektualnog-vlasnistva\/","title":{"rendered":"Europski aspekti prava intelektualnog vlasni\u0161tva"},"content":{"rendered":"<section class=\"wpb-content-wrapper\"><p>[vc_row row_type=&#8221;row&#8221; use_row_as_full_screen_section=&#8221;no&#8221; type=&#8221;full_width&#8221; angled_section=&#8221;no&#8221; text_align=&#8221;left&#8221; background_image_as_pattern=&#8221;without_pattern&#8221; padding_bottom=&#8221;25&#8243; css_animation=&#8221;&#8221;][vc_column][vc_column_text]<\/p>\n<h3>Europski aspekti prava intelektualnog vlasni\u0161tva<\/h3>\n<p>[\/vc_column_text][\/vc_column][\/vc_row][vc_row row_type=&#8221;row&#8221; use_row_as_full_screen_section=&#8221;no&#8221; type=&#8221;full_width&#8221; angled_section=&#8221;no&#8221; text_align=&#8221;left&#8221; background_image_as_pattern=&#8221;without_pattern&#8221; padding_bottom=&#8221;75&#8243; css_animation=&#8221;&#8221;][vc_column width=&#8221;2\/3&#8243;][vc_accordion active_tab=&#8221;1&#8243; collapsible=&#8221;yes&#8221; style=&#8221;boxed_toggle&#8221;][vc_accordion_tab title=&#8221;Ciljevi predmeta&#8221;][vc_column_text]<\/p>\n<p style=\"text-align: justify;\">Cilj kolegija je osposobiti studente\/ice za rje\u0161avanje pravnih problema kao i problema druge vrste, vezanih uz europske aspekte prava intelektualnog vlasni\u0161tva, osobito povezuju\u0107i op\u0107a na\u010dela europskog prava s posebnostima prava intelektualnog vlasni\u0161tva.<\/p>\n<p>[\/vc_column_text][\/vc_accordion_tab][vc_accordion_tab title=&#8221;Sadr\u017eaj predmeta i satnica&#8221;][vc_column_text]a) uvodno o europskom pravu i institucijama Europske unije (4 sata)<\/p>\n<p>b) odnos intelektualnog vlasni\u0161tva i tr\u017ei\u0161nih sloboda (2 sata)<\/p>\n<p>c) intelektualno vlasni\u0161tvo i Lisabonski ugovor (1 sat)<\/p>\n<p>d) autorsko pravo i srodna prava u Europskoj uniji &#8211; odabrani primjeri iz prakse (4 sata)<\/p>\n<p>e) unijska prava industrijskog vlasni\u0161tvo (\u017eig Zajednice, dizajn Zajednice, europski patent i unitarni patent, unijsko pravo biljnih sorti) (3 sata)<\/p>\n<p>prava industrijskog vlasni\u0161tva u Europskoj uniji &#8211; odabrani primjeri iz prakse (3 sata)<\/p>\n<p>g) za\u0161tita prava intelektualnog vlasni\u0161tva od povrede u Europskoj uniji (2 sata)<\/p>\n<p>h) istra\u017eivanje i razvoj u Europskoj uniji (1 sat)[\/vc_column_text][\/vc_accordion_tab][vc_accordion_tab title=&#8221;Literatura&#8221;][vc_column_text]<strong>Obvezna literatura<\/strong><\/p>\n<p>[\/vc_column_text][vc_empty_space][vc_column_text]<\/p>\n<p>1.&nbsp;&nbsp;&nbsp;&nbsp; Directive 2006\/116\/EC of the European Parliament and of the Council of 12 December 2006 on the term of protection of copyright and certain related rights (codified version).<\/p>\n<p>2.&nbsp;&nbsp;&nbsp;&nbsp; Directive 2001\/84\/EC of the European Parliament and of the Council of 27 September 2001 on the resale right for the benefit of the author of an original work of art.<\/p>\n<p>3.&nbsp;&nbsp;&nbsp;&nbsp; Directive 2006\/115\/EC of the European Parliament and of the Council of 12 December 2006 on rental right and lending right and on certain rights related to copyright in the field of intellectual property (codified version).<\/p>\n<p>4.&nbsp;&nbsp;&nbsp;&nbsp; Council Directive 93\/83\/EEC of 27 September 1993 on the coordination of certain rules concerning copyright and rights related to copyright applicable to satellite broadcasting and cable retransmission.<\/p>\n<p>5.&nbsp;&nbsp;&nbsp;&nbsp; Directive 96\/9\/EC of the European Parliament and the Council of 11 March 1996 on the legal protection of databases.<\/p>\n<p>6.&nbsp;&nbsp;&nbsp;&nbsp; European Parliament and Council Directive 98\/84\/EC of 20 November 1998 on the legal protection of services based on, or consisting of, conditional access.<\/p>\n<p>7.&nbsp;&nbsp;&nbsp;&nbsp; Directive 2009\/24\/EC of the European Parliament and of the Council of 23 April 2009 on the legal protection of computer programs (Codified version) (Text with EEA relevance).<\/p>\n<p>8.&nbsp;&nbsp;&nbsp;&nbsp; Directive 2001\/29\/EC of the European Parliament and of the Council of 22 May 2001 on the harmonisation of certain aspects of copyright and related rights in the information society.<\/p>\n<p>9.&nbsp;&nbsp;&nbsp;&nbsp; Commission Recommendation 2005\/737\/EC of 18 May 2005 on collective cross-border management of copyright and related rights for legitimate online music services [Official Journal L 276, 21.10.2005].<\/p>\n<p>10.&nbsp; European Parliament and Council Directive 98\/44\/EC of 6 July 1998 on the legal protection of biotechnological inventions.<\/p>\n<p>11.&nbsp; Council Regulation (EC) No 207\/2009 of 26 February 2009 on the Community trade mark (codified version) (Text with EEA relevance).<\/p>\n<p>12.&nbsp; Directive 2008\/95\/EC of the European Parliament and of the Council of 22 October 2008 to approximate the laws of the Member States relating to trade marks (Codified version) (Text with EEA relevance).<\/p>\n<p>13.&nbsp; Council Regulation (EC) No 6\/2002 of 12 December 2001 on Community designs<\/p>\n<p>14.&nbsp; Directive 98\/71\/EC of the European Parliament and of the Council of 13 October 1998 on the legal protection of designs.<\/p>\n<p>15.&nbsp; Directive 2004\/48\/EC of the European Parliament and of the Council of 29 April 2004 on the enforcement of intellectual property rights.<\/p>\n<p>16.&nbsp; Council Regulation (EC) No 510\/2006 of 20 March 2006 on the protection of geographical indications and designations of origin for agricultural products and foodstuffs [See amending act(s)].<\/p>\n<p>17.&nbsp; Commission Regulation (EC) No 772\/2004 of 7 April 2004 on the application of Article 81(3) of the Treaty to categories of technology transfer agreements.<\/p>\n<p>18.&nbsp; Regulation (EC) No 1610\/96 of the European Parliament and of the Council of 23 July 1996 concerning the creation of a supplementary protection certificate for plant protection products<\/p>\n<p>19.&nbsp; Council Regulation (EEC) No 1768\/92 of 18 June 1992 concerning the creation of a supplementary protection certificate for medicinal products<br \/>\n20.&nbsp; TRITTON, Guy, et al. Intellectual Property in Europe, London, 2008<br \/>\n21.&nbsp; MATANOVAC VU\u010cKOVI\u0106, Romana, Zbirka propisa u podru\u010dju intelektualnog vlasni\u0161tva [uvodna studija \u201eIntelektualno vlasni\u0161tvo i pristupanje Europskoj uniji \u2013 novele zakona iz 2007. godine\u201c( str. 3-77), Zagreb, 2008.<br \/>\n22.&nbsp; MATANOVAC, Romana (ur.), Hrvatsko pravo intelektualnog vlasni\u0161tva u svjetlu pristupanja Europskoj uniji, Zagreb, 2006, str. 115-168.<br \/>\n23.&nbsp; MATANOVAC, Romana (ur.), Prilagodba hrvatskog prava intelektualnog vlasni\u0161tva europskom pravu, Zagreb, 2007[\/vc_column_text][vc_empty_space][vc_column_text]<strong>Dopunska literatura<\/strong><\/p>\n<p>[\/vc_column_text][vc_empty_space][vc_column_text]<\/p>\n<p>1.&nbsp;&nbsp;&nbsp;&nbsp; \u0106APETA, Tamara, RODIN, Sini\u0161a, Osnove prava Europske unije, Zagreb, 2010<\/p>\n<p>2.&nbsp;&nbsp;&nbsp;&nbsp; GAVELLA, Nikola, et al., Europsko privatno pravo, Zagreb, 2002<\/p>\n<p>3.&nbsp;&nbsp;&nbsp;&nbsp; GLIHA, Igor, Razvoj autorskog prava u Europskoj zajednici, Zbornik Hrvatskog dru\u0161tva za autorsko pravo, 2001<\/p>\n<p>4.&nbsp;&nbsp;&nbsp;&nbsp; GLIHA, Igor, Pregovori Republike Hrvatske i Europske unije iz podru\u010dja autorskog prava, Zbornik Hrvatskog dru\u0161tva za autorsko pravo, 2006<\/p>\n<p>5.&nbsp;&nbsp;&nbsp;&nbsp; GLIHA, Igor, MATANOVAC, Romana, U\u010dinci pristupanja Europskoj uniji na pravni polo\u017eaj autora i umjetnika izvo\u0111a\u010da, u: Hrvatska i Europa \u2013 Medicina, znanost i umjetnost, Hrvatski odbor Europskog udru\u017eenja Medicine umjetnosti, Zagreb, 2007., str. 173-223.<\/p>\n<p>6.&nbsp;&nbsp;&nbsp;&nbsp; HAYS, Thomas, Parallel Importation under European Union Law, London, 2004<\/p>\n<p>7.&nbsp;&nbsp;&nbsp;&nbsp; KEELING, David T., Intellectual Property Rights in EU Law, Oxford, 2003<\/p>\n<p>8.&nbsp;&nbsp;&nbsp;&nbsp; MATANOVAC VU\u010cKOVI\u0106, Romana, Teritorijalni aspekt na\u010dela iscrpljenja prava koja proizlaze iz \u017eiga u europskom i hrvatskom pravu, u: zbornik radova Liber amicorum Nikola Gavella, Pravni fakultet Sveu\u010dili\u0161ta u Zagrebu, Zagreb, 2007., str. 485-522. .<\/p>\n<p>9.&nbsp;&nbsp;&nbsp;&nbsp; MATANOVAC VU\u010cKOVI\u0106, Romana, Neke refleksije o Direktivi 2006\/1237EZ o uslugama na unutarnjem tr\u017ei\u0161tu i kolektivnom ostvarivanju autorskog i srodnih prava, u: Zbornik Hrvatskog dru\u0161tva za autorsko pravo, Zagreb, vol. 11-12, 2011, str. 37-53.<\/p>\n<p>10.&nbsp; MATANOVAC VU\u010cKOVI\u0106, Romana, Perspektiva razvoja pravnog okvira za kolektivno ostvarivanje autorskog i srodnih prava u svjetlu pristupanja Republike Hrvatske Europskoj uniji kao otvoreno pitanje, Zbornik Hrvatskog dru\u0161tva za autorsko pravo, Zagreb, vol. 8, 2007, str.1-10.<\/p>\n<p>11.&nbsp; OPPERMANN, Thomas, Europarecht, Muenchen, 2005<\/p>\n<p>12.&nbsp; RODIN, Sini\u0161a, et al. (ur.), Reforma Europske unije, Lisabonski ugovor, Zagreb, 2009<\/p>\n<p>13.&nbsp; WALTER, Michel M., Europaeisches Urheberrecht, Wien, 2001<\/p>\n<p>14. &nbsp;H. COHEN JEHORAM, European Copyright Law- Ever More Horizontal? in 32 IIC 2001, 532 ff.[\/vc_column_text][\/vc_accordion_tab][vc_accordion_tab title=&#8221;Ishodi u\u010denja&#8221;][vc_column_text]<strong>Ishodi u\u010denja na razini programa kojima predmet doprinosi<\/strong><\/p>\n<p>[\/vc_column_text][vc_empty_space][vc_column_text]<\/p>\n<p style=\"text-align: justify;\">Nakon odslu\u0161anog kolegija i polo\u017eenog pisanog i usmenog ispita, student\/ica je osposobljen\/a rje\u0161avati prakti\u010dne probleme i pitanja srednje razine slo\u017eenosti, vezana uz europske aspekte prava intelektualnog vlasni\u0161tva. Student\/ica je upoznat\/a sa sadr\u017eajem pravne ste\u010devine u podru\u010dju autorskog i srodnih prava kao i prava industrijskog vlasni\u0161tva. Ovaj predmet sintetizira znanja ste\u010dena u obveznim predmetima s ovoga studija i ujedno ih nadogra\u0111uje i pro\u0161iruje na sva ona podru\u010dja koja su vezana uz europske aspekte intelektualnog vlasni\u0161tva i europsko tr\u017ei\u0161te. Student\/ica je upoznata s posebnostima odnosa za\u0161tite prava intelektualnog vlasni\u0161tva kao monopolnih prava s potrebom ispravnog funkcioniranja jedinstvenog europskog tr\u017ei\u0161ta. Tako\u0111er, stje\u010du se znanja o nastojanjima u Europskoj uniji da se intelektualne tvorevine iskori\u0161tavaju kao poluga razvoja i rasta europske ekonomije zasnovane na znanju. Posebno se obra\u0111uju presude Europskog suda.<\/p>\n<p>[\/vc_column_text][vc_empty_space][vc_column_text]<strong>Ishodi u\u010denja na razini predmeta<\/strong><\/p>\n<p>[\/vc_column_text][vc_empty_space][vc_column_text]<\/p>\n<ul>\n<li>Stjecanje sposobnosti za prakti\u010dno obavljanje&nbsp; poslova vezanih uz europske aspekte prava intelektualnog vlasni\u0161tva, na srednjoj razini.<\/li>\n<li>Stjecanje sposobnosti za analizu i primjenu pravne ste\u010devine u podru\u010dju intelektualnog vlasni\u0161tva.<\/li>\n<li>Prepoznavanje i rje\u0161avanje problema odnosa pravne za\u0161tite intelektualnih tvorevina i jedinstvenog tr\u017ei\u0161ta Europske unije.<\/li>\n<li>Stjecanje sposobnosti za analizu i rje\u0161avanje problema vezanih uz ulogu intelektualnog vlasni\u0161tva u gospodarskom razvoju Europske unije, na srednjoj razini.<\/li>\n<\/ul>\n<p>[\/vc_column_text][\/vc_accordion_tab][\/vc_accordion][\/vc_column][vc_column width=&#8221;1\/3&#8243;][vc_column_text]<\/p>\n<h3>Nositelji predmeta<\/h3>\n<p>[\/vc_column_text][vc_column_text]<a href=\"http:\/\/intvla.unizg.hr\/index.php\/sinisa-petrovic\/\">Prof. dr. sc. Sini\u0161a Petrovi\u0107<\/a><\/p>\n<p><a href=\"http:\/\/intvla.unizg.hr\/index.php\/romana-matanovac-vuckovic\/\">Izv. prof. dr. sc. Romana Matanovac Vu\u010dkovi\u0107<\/a>[\/vc_column_text][vc_separator type=&#8221;normal&#8221;][vc_column_text]<\/p>\n<h3>Suradnici<\/h3>\n<p>[\/vc_column_text][vc_column_text]<a href=\"http:\/\/intvla.unizg.hr\/index.php\/tihomir-katulic\/\">Doc. dr. sc. Tihomir Katuli\u0107<\/a>[\/vc_column_text][vc_separator type=&#8221;normal&#8221;][vc_column_text]<\/p>\n<h3>Bodovna vrijednost<\/h3>\n<p>[\/vc_column_text][vc_column_text]3 ECTS[\/vc_column_text][vc_separator type=&#8221;normal&#8221;][vc_column_text]<\/p>\n<h3>Na\u010din izvo\u0111enja nastave<\/h3>\n<p>[\/vc_column_text][vc_column_text]Predavanja, 20 sati[\/vc_column_text][vc_separator type=&#8221;normal&#8221;][\/vc_column][\/vc_row]<\/p>\n<\/section>","protected":false},"excerpt":{"rendered":"<p>[vc_row row_type=&#8221;row&#8221; use_row_as_full_screen_section=&#8221;no&#8221; type=&#8221;full_width&#8221; angled_section=&#8221;no&#8221; text_align=&#8221;left&#8221; background_image_as_pattern=&#8221;without_pattern&#8221; padding_bottom=&#8221;25&#8243; css_animation=&#8221;&#8221;][vc_column][vc_column_text] Europski aspekti prava intelektualnog vlasni\u0161tva [\/vc_column_text][\/vc_column][\/vc_row][vc_row row_type=&#8221;row&#8221; use_row_as_full_screen_section=&#8221;no&#8221; type=&#8221;full_width&#8221; angled_section=&#8221;no&#8221; text_align=&#8221;left&#8221; background_image_as_pattern=&#8221;without_pattern&#8221; padding_bottom=&#8221;75&#8243; css_animation=&#8221;&#8221;][vc_column width=&#8221;2\/3&#8243;][vc_accordion active_tab=&#8221;1&#8243; collapsible=&#8221;yes&#8221; style=&#8221;boxed_toggle&#8221;][vc_accordion_tab title=&#8221;Ciljevi predmeta&#8221;][vc_column_text] Cilj kolegija je osposobiti studente\/ice za rje\u0161avanje pravnih problema kao i problema druge vrste, vezanih uz&#8230;<\/p>\n","protected":false},"author":3,"featured_media":0,"parent":0,"menu_order":0,"comment_status":"closed","ping_status":"closed","template":"","meta":{"footnotes":""},"class_list":["post-15667","page","type-page","status-publish","hentry"],"_links":{"self":[{"href":"https:\/\/intvla.unizg.hr\/index.php\/wp-json\/wp\/v2\/pages\/15667","targetHints":{"allow":["GET"]}}],"collection":[{"href":"https:\/\/intvla.unizg.hr\/index.php\/wp-json\/wp\/v2\/pages"}],"about":[{"href":"https:\/\/intvla.unizg.hr\/index.php\/wp-json\/wp\/v2\/types\/page"}],"author":[{"embeddable":true,"href":"https:\/\/intvla.unizg.hr\/index.php\/wp-json\/wp\/v2\/users\/3"}],"replies":[{"embeddable":true,"href":"https:\/\/intvla.unizg.hr\/index.php\/wp-json\/wp\/v2\/comments?post=15667"}],"version-history":[{"count":8,"href":"https:\/\/intvla.unizg.hr\/index.php\/wp-json\/wp\/v2\/pages\/15667\/revisions"}],"predecessor-version":[{"id":16839,"href":"https:\/\/intvla.unizg.hr\/index.php\/wp-json\/wp\/v2\/pages\/15667\/revisions\/16839"}],"wp:attachment":[{"href":"https:\/\/intvla.unizg.hr\/index.php\/wp-json\/wp\/v2\/media?parent=15667"}],"curies":[{"name":"wp","href":"https:\/\/api.w.org\/{rel}","templated":true}]}}