{"id":15665,"date":"2016-01-22T08:33:24","date_gmt":"2016-01-22T08:33:24","guid":{"rendered":"http:\/\/virgo.pravo.hr\/intvla\/www\/wordpress\/?page_id=15665"},"modified":"2019-06-02T16:31:14","modified_gmt":"2019-06-02T14:31:14","slug":"informacijsko-komunikacijske-tehnologije-i-intelektualno-vlasnistvo","status":"publish","type":"page","link":"https:\/\/intvla.unizg.hr\/index.php\/informacijsko-komunikacijske-tehnologije-i-intelektualno-vlasnistvo\/","title":{"rendered":"Informacijsko-komunikacijske tehnologije i intelektualno vlasni\u0161tvo"},"content":{"rendered":"<section class=\"wpb-content-wrapper\"><p>[vc_row row_type=&#8221;row&#8221; use_row_as_full_screen_section=&#8221;no&#8221; type=&#8221;full_width&#8221; angled_section=&#8221;no&#8221; text_align=&#8221;left&#8221; background_image_as_pattern=&#8221;without_pattern&#8221; padding_bottom=&#8221;25&#8243; css_animation=&#8221;&#8221;][vc_column][vc_column_text]<\/p>\n<h3>Informacijsko-komunikacijske tehnologije i intelektualno vlasni\u0161tvo<\/h3>\n<p>[\/vc_column_text][\/vc_column][\/vc_row][vc_row row_type=&#8221;row&#8221; use_row_as_full_screen_section=&#8221;no&#8221; type=&#8221;full_width&#8221; angled_section=&#8221;no&#8221; text_align=&#8221;left&#8221; background_image_as_pattern=&#8221;without_pattern&#8221; padding_bottom=&#8221;75&#8243; css_animation=&#8221;&#8221;][vc_column width=&#8221;2\/3&#8243;][vc_accordion active_tab=&#8221;1&#8243; collapsible=&#8221;yes&#8221; style=&#8221;boxed_toggle&#8221;][vc_accordion_tab title=&#8221;Ciljevi predmeta&#8221;][vc_column_text]Cilj kolegija je osposobiti studente\/ice za rje\u0161avanje pravnih problema za\u0161tite intelektualnih tvorevina u informacijsko-komunikacijskim tehnologijama.[\/vc_column_text][\/vc_accordion_tab][vc_accordion_tab title=&#8221;Sadr\u017eaj predmeta i satnica&#8221;][vc_column_text]a) uvodno o informacijsko-komunikacijskim tehnologijama (5 sati)<\/p>\n<p>b) elektroni\u010dka trgovina i sklapanje pravnih poslova putem interneta (2 sata)<\/p>\n<p>c) za\u0161tita podataka i privatnosti na internetu (2 sata)<\/p>\n<p>d) za\u0161tita potro\u0161a\u010da (1 sat)<\/p>\n<p>d) pravna za\u0161tita ra\u010dunalnih programa i elektroni\u010dkih baza podataka (2 sata)<\/p>\n<p>f) pravna za\u0161tita internet domena (2 sata)<\/p>\n<p>g) posebnosti iskori\u0161tavanja autorskih djela i predmeta srodnih prava na internetu \u2013 rad na slu\u010dajevima (4 sata)<\/p>\n<p>h) posebnosti iskori\u0161tavanja \u017eiga na internetu \u2013 rad na slu\u010dajevima (2 sata)[\/vc_column_text][\/vc_accordion_tab][vc_accordion_tab title=&#8221;Literatura&#8221;][vc_column_text]<strong>Obvezna literatura<\/strong><\/p>\n<p>[\/vc_column_text][vc_empty_space][vc_column_text]<\/p>\n<p>1.\u00a0\u00a0\u00a0\u00a0 Zakon o autorskom pravu i srodnim pravima NN 167\/03, 79\/07, 80\/11<\/p>\n<p>2.\u00a0\u00a0\u00a0\u00a0 Zakon o \u017eigu NN 173\/03, 54\/05, 76\/07, 30\/09, 49\/11<\/p>\n<p>3.\u00a0\u00a0\u00a0\u00a0 Zakon o elektroni\u010dkoj trgovini NN 173\/03, 67\/08, 36\/09, 130\/11<\/p>\n<p>4.\u00a0\u00a0\u00a0\u00a0 FICSOR, Michaly, The Law of Copyright and the Internet, Oxford, 2002<\/p>\n<p>5.\u00a0\u00a0\u00a0\u00a0 Julie E. Cohen, Lydia Pallas Loren, Ruth Gana Okediji, Maureen O\u2019Rourke, Copyright in a Global Information Economy, Aspen Law &amp; Business, New York \u2013 Gaithersburg, 2002<\/p>\n<p>6.\u00a0\u00a0\u00a0\u00a0 H.C. LUCAS, Strategies for Electronic Commerce and the Internet, The MIT Press, Cambridge, Mass.-London-England, 2001<\/p>\n<p>7.\u00a0\u00a0\u00a0\u00a0 F.L. STREET-M.P. GRANT, Law of the Internet, Matthew Bender, New York, 1999 (PRIV 1669)[\/vc_column_text][vc_empty_space][vc_column_text]<strong>Dopunska literatura<\/strong><\/p>\n<p>[\/vc_column_text][vc_empty_space][vc_column_text]<\/p>\n<p>1.\u00a0\u00a0\u00a0\u00a0 M. Henry Heines, Patents for Business, Praeger, Westport, Connecticut,London 2007 (ISBN 0-275-99337-X)<\/p>\n<p>2.\u00a0\u00a0\u00a0\u00a0 H. J. Meeker, A Primer on Intellectual Property Licensing, Earthling Press, 2003 (ISBN 1587493950)<\/p>\n<p>3.\u00a0\u00a0\u00a0\u00a0 L. Bently-B. Sherman, Intellectual Property Law, Oxford University Press, Oxford, 2004 (PRIV 3814<\/p>\n<p>4.\u00a0\u00a0\u00a0\u00a0 EINHORN, Michael A., Media, Technology and Copyright, Cheltenham UK, Northampton, USA, 2004<\/p>\n<p>5.\u00a0\u00a0\u00a0\u00a0 WILLIAMS, A. et al., Digital Media &#8211; Cotracts, Rights and Licences, London 2001<\/p>\n<p>6.\u00a0\u00a0\u00a0\u00a0 C.R. MC MANIS, Taking Trips on the Information Superhighway: International Intellectual Property Protecton and Emerging Computer Technology, in 41 Vill. L. Rev., 1996, 207 ss<\/p>\n<p>7.\u00a0\u00a0\u00a0\u00a0 Lawrence Rosen, Open Source Licensing: Software Freedom and Intellectual Property Law, Prentice Hall PTR, 2005 (PRIV 4606)<\/p>\n<p>8.\u00a0\u00a0\u00a0\u00a0 G. Wei, Telephone Directories and Databases: The Policy at the Helm of Copyright Law and a Tale of Two Cities, in IPQ 2004, 316-365<\/p>\n<p>9.\u00a0\u00a0\u00a0\u00a0 E. Derclaye, Data Bases \u201cSui Generis\u201d Right: Should we Adopt the Spin-off theory? in 26 EIPR \u00a02004, 402-413<\/p>\n<p>10.\u00a0 T.A. Oriola, Electronic Database Protection and the Limits of Copyright \u2013 What Options for Developing Countries, in 7 JWIP 2004, 201-228<\/p>\n<p>11.\u00a0 JL. Determann-A. Coan, Spoiled Code? SCO v. Linux \u2013 a case-study in the implications of upstream intellectual property disputes for software end users, in Computer und Recht international 2003, 161-167<\/p>\n<p>12.\u00a0 H. Chesbrough, Open Innovation. The New Imperative for Creating and Profiting from Technology, Harvard Business School Publishing, Boston, 2003 (PRIV 2978)<\/p>\n<p>13.\u00a0 D. KOO, Patent and Copyright Protection of Computer Programs, in IPQ 2002, 172 ff.<\/p>\n<p>14.\u00a0 P.K. BOBCKO, Open-Source Software and the Demise of Copyright, in 27 Rutgers Computer and Technology Law Journal 2001, 51 ff.<\/p>\n<p>15.\u00a0 E. MOGLEN, Anarchism Triumphant: Free Software and the Death of Copyright, in E. LEDERMAN-R. SHAPIRA eds., Law, Information and Information Technology, Kluwer, The Hague, 2001, 145 ff. (PRIV 2439)<\/p>\n<p>16.\u00a0 M. JAMIESON, Copyright for Computer Software, in The Juridical Review, 2001, 165 ff.<\/p>\n<p>17.\u00a0 B. FITZGERALD, Intellectual Property Rights in Digital Architecture (including Software): The Question of Digital Diversity, in\u00a0 EIPR, 2001, 121 ff.<\/p>\n<p>18.\u00a0 D.J.M. ATTRIDGE, Copyright Protection for Computer Programs, in EIPR 2000, 563<\/p>\n<p>19.\u00a0 J. GINSBURG, Creation and Commercial Value: Copyright Protection of Works of Information, in 90 Columbia L. Rev., 1990, 1865 ff.<\/p>\n<p>20.\u00a0 D. SCHIUMA, TRIPS and Exclusion of Software \u201cas Such\u201d from Patentability, in 31 IIC, 2000, 36 ff.<\/p>\n<p>21.\u00a0 K. BERESFORD, Patenting Software under the European Patent Convention, Sweet &amp; Maxwell, London, 1999 (INT 691)<\/p>\n<p>22.\u00a0 E. DERCLAYE, Software Copyright Protection: Can Europe Learn from American Case Law?, in EIPR, 2000, 56 ff.<\/p>\n<p>23.\u00a0 B. KREMER, Copyright Protection of Computer Programs, in\u00a0 EIPR, 292 ff.<\/p>\n<p>24.\u00a0 Estelle Derclaye, The Legal Protection of Data Bases. A Comparative Analysis, Edward Elgar, Celtenham, 2008 (4618)<\/p>\n<p>25.\u00a0 Tanya Aplin, The EU Database Right: Recent Developments, in IPQ 52-68 (2005)<\/p>\n<p>26.\u00a0 J. LIPTON, Data Bases as Intellectual Property: New Legal Approaches, in 25 EIPR 2003, 139-145<\/p>\n<p>27.\u00a0 J. Lipton, Copyright in the Digital Age:\u00a0 A Comparative Survey, in 27 Rutgers Comp. &amp; Tech. L. J., 2001, 333 ff.<\/p>\n<p>28.\u00a0 M. Davison, The Legal Protection of Databases, Cambridge University Press, Cambridge, 2003 (PRIV 3233)<\/p>\n<p>29.\u00a0 N. THAKUR, Database Protection in the European Union and the United States: The European Database Directive as an Optimum Global Model? in IPQ 2001, 100 ff.<\/p>\n<p>30.\u00a0 S. CHALTON, Database Right: Stronger That it Looks? in 23 EIPR 2001, 296 ff.<\/p>\n<p>31.\u00a0 V.VANOVERMEIRE, The Concept of the Lawful User in the Database Directive, in 31 IIC, 2000, 63 ff.<\/p>\n<p>32.\u00a0 D. LICHTMAN, Property Rights in Emerging Platform Technologies, in 29 J. Legal St., 2000, 615 ff.<\/p>\n<p>33.\u00a0 Hong Xue, Territorialism versus Universalism: International Intellectual Property Law in the International Domain Name System, in 9 JWIP 2006, 1-24<\/p>\n<p>34.\u00a0 J Goldsmith-Tim Wu, Who Controls the Internet? Illusions of a Borderless World, Oxford University Press, Oxford, 2006 (PRIV 3876)<\/p>\n<p>35.\u00a0 J.I. Sherman, Fan Websites\u2019 Use of Trademark in their Domain Names: Fair or Foul? in 30 Rutgers Comp. &amp; Techn. L\u00a0.J. 2004, 399-430<\/p>\n<p>36.\u00a0 Engel, International Domain Names Disputes: Rules and Practice of the UDRP, in EIPR 2003, 351-365<\/p>\n<p>37.\u00a0 CHRISTIE, The ICANN Domain Name Dispute Resolution System as a Model for Resolving other Intellectual Property Disputes on the Internet, in 5 The Journal of World Intellectual Property 2002, 105 ff.<\/p>\n<p>38.\u00a0 M. STECHTER, Webvertising: Unfair Competition and Trademarks on the Internet, Kluwer Law International, 1999 (PRIV 2388)<\/p>\n<p>39.\u00a0 E. RHEIN, Reverse Domain Name Hijacking: Analysis and Suggestions, in EIPR 2001, 557 ff.<\/p>\n<p>40.\u00a0 P. GEY, Bad Faith Under ICANN\u2019s Uniform Domain Names Dispute Resolution Policy, in EIPR 2001, 507 ff.<\/p>\n<p>41.\u00a0 J.P. LIU, Legitimacy and Authority in Internet Coordination: A Domain Name Case Study, in 74 Ind. L.J., 1999, 587<\/p>\n<p>42.\u00a0 D. J. EZER, Celebrity Names as Web Site Addresses: Extending the Domain of Publicity Rights to the Internet, in 67 The University of Chicago Law Rev., 2000, 1291 ff.<\/p>\n<p>43.\u00a0 M. LEAFFER, Domain Names, Globalization and Internet Governance, in 6 Ind. J. of Global Legal Studies, 1998, 139 ff.<\/p>\n<p>44.\u00a0 GIBSON, Digital Dispute Resolution. Internet Domain Names and WIPO\u2019s Role, in Computer und Recht International, n.2, 2001, 33 ff.<\/p>\n<p>45.\u00a0 HUBERMAN, The Laws of the Web. Patterns in the Ecology of Information, The MIT Press, Cambridge, Mass.-London-England, 2001 (PRIV 2433)<\/p>\n<p>46.\u00a0 A.R. LODDER-H.W.K. KASPERSEN, eDirectives: Guide to European Union Law on E-Commerce, Kluwer, The Hague, 2002 (INT 1096)<\/p>\n<p>47.\u00a0 D.R. JOHNSON-D. POST, Law and Borders: The Rise of Law in Cyberspace, in 48 Stanford L. Rev., 1996, 1367 ff.<\/p>\n<p>48.\u00a0 R.J. BARCELO\u2019, On line Intermediary Liability Issues: Comparing E.U. and U.S. Legal Frameworks, in EIPR, 2000, 105 ff.<\/p>\n<p>49.\u00a0 LUCAS, Exploitation and Liability in the Light of Media Convergence, in 23 EIPR 2001, 275 ff.<\/p>\n<p>50.\u00a0 L. LESSIG, Code and Other Laws of Cyberspace, Basic Books, New York, 2000<\/p>\n<p>51.\u00a0 KUR, Use of Trademarks on the Internet \u2013 the WIPO Recommendations, in 33 IIC 2002, 41 ff.<\/p>\n<p>52.\u00a0 F.L. STREET-M.P. GRANT, Law of the Internet, Matthew Bender, New York, 1999<\/p>\n<p>53.\u00a0 STULKEY, Internet and Online Law, Law Journal Press, New York, 1999 (PRIV 1450)<\/p>\n<p>54.\u00a0 S. YORK, e-commerce: A Guide to the Law of Electronic Business, Butterworths, London, 1999<\/p>\n<p>55.\u00a0 M. CHISSICK-A. KELMAN, Electronic Commerce Law &amp; Practice, Sweet &amp; Maxwell, London, 2002[\/vc_column_text][\/vc_accordion_tab][vc_accordion_tab title=&#8221;Ishodi u\u010denja&#8221;][vc_column_text]<strong>Ishodi u\u010denja na razini programa kojima predmet doprinosi<\/strong><\/p>\n<p>[\/vc_column_text][vc_empty_space][vc_column_text]<\/p>\n<p style=\"text-align: justify;\">Nakon odslu\u0161anog kolegija i polo\u017eenog pisanog i usmenog ispita, student\/ica je upoznat\/a s najva\u017enijim suvremenim tehnolo\u0161kim dostignu\u0107ima u kojima se koriste predmeti za\u0161ti\u0107eni intelektualnim vlasni\u0161tvom. Tako\u0111er, dobiva bazicno razumjevanje filozofije koja stoji iza patentiranja i primjene poslovne tajne, njihove zastite, i kako se to intelektualno vlasnistvo monetizira u poduzecima koja su temeljena na znanju. Student\/ica osposobljen\/a je rje\u0161avati prakti\u010dne probleme i pitanja srednje razine slo\u017eenosti, vezana uz za\u0161titu posebnih vrsta autorskih djela i predmeta srodnih prava koji su karakteristi\u010dni za pojedine vrste djelatnosti (ra\u010dunalni programi i baze podataka). Upoznat\/a je s najva\u017enijim na\u010dinima komunikacije i trgovine putem interneta i za\u0161titom intelektualnih tvorevina u takvim komunikacijama te za\u0161tite privatnosti i za\u0161tite potro\u0161a\u010da u takvim komunikacijama. Ovaj predmet sintetizira znanja ste\u010dena u obveznim predmetima s ovoga studija i ujedno ih nadogra\u0111uje i pro\u0161iruje u pogledu iskori\u0161tavanja i za\u0161tite intelektualnih tvorevina posredstvom informacijsko &#8211; komunikacijskih tehnologija<\/p>\n<p>[\/vc_column_text][vc_empty_space][vc_column_text]<strong>Ishodi u\u010denja na razini predmeta<\/strong><\/p>\n<p>[\/vc_column_text][vc_empty_space][vc_column_text]<\/p>\n<ul>\n<li>Stjecanje sposobnosti za prakti\u010dno obavljanje poslova vezanih uz pravnu za\u0161titu ra\u010dunalnih programa i baza podataka, na srednjoj razini.<\/li>\n<li>Stjecanje sposobnosti za prakti\u010dno obavljanje poslova vezanih uz pravnu za\u0161titu internet domena, na srednjoj razini.<\/li>\n<li>Stjecanje sposobnosti za analizu i rje\u0161avanje prakti\u010dnih pitanja i problema povezanih s iskori\u0161tavanjem autorskih djela, predmeta srodnih prava, \u017eigova i drugih intelektualnih tvorevina na internetu, na srednjoj razini.<\/li>\n<\/ul>\n<p>[\/vc_column_text][\/vc_accordion_tab][\/vc_accordion][\/vc_column][vc_column width=&#8221;1\/3&#8243;][vc_column_text]<\/p>\n<h3>Nositelj predmeta<\/h3>\n<p>[\/vc_column_text][vc_column_text]<a href=\"http:\/\/intvla.unizg.hr\/index.php\/sasa-niksic\/\">Izv. prof. dr. sc. Sa\u0161a Nik\u0161i\u0107<\/a><\/p>\n<p><a href=\"http:\/\/intvla.unizg.hr\/index.php\/dubravko-babic\/\">Doc. dr. sc. Dubravko Babi\u0107<\/a>[\/vc_column_text][vc_separator type=&#8221;normal&#8221;][vc_column_text]<\/p>\n<h3>Suradnici<\/h3>\n<p>[\/vc_column_text][vc_column_text]<\/p>\n<p><a href=\"http:\/\/intvla.unizg.hr\/index.php\/marko-juric\/\">Doc. dr. sc. Marko Juri\u0107<\/a><\/p>\n<p><a href=\"http:\/\/intvla.unizg.hr\/index.php\/tihomir-katulic\/\">Doc. dr. sc. Tihomir Katuli\u0107<\/a>[\/vc_column_text][vc_separator type=&#8221;normal&#8221;][vc_column_text]<\/p>\n<h3>Bodovna vrijednost<\/h3>\n<p>[\/vc_column_text][vc_column_text]3 ECTS[\/vc_column_text][vc_separator type=&#8221;normal&#8221;][vc_column_text]<\/p>\n<h3>Na\u010din izvo\u0111enja nastave<\/h3>\n<p>[\/vc_column_text][vc_column_text]Predavanja, 20 sati[\/vc_column_text][vc_separator type=&#8221;normal&#8221;][\/vc_column][\/vc_row]<\/p>\n<\/section>","protected":false},"excerpt":{"rendered":"<p>[vc_row row_type=&#8221;row&#8221; use_row_as_full_screen_section=&#8221;no&#8221; type=&#8221;full_width&#8221; angled_section=&#8221;no&#8221; text_align=&#8221;left&#8221; background_image_as_pattern=&#8221;without_pattern&#8221; padding_bottom=&#8221;25&#8243; css_animation=&#8221;&#8221;][vc_column][vc_column_text] Informacijsko-komunikacijske tehnologije i intelektualno vlasni\u0161tvo [\/vc_column_text][\/vc_column][\/vc_row][vc_row row_type=&#8221;row&#8221; use_row_as_full_screen_section=&#8221;no&#8221; type=&#8221;full_width&#8221; angled_section=&#8221;no&#8221; text_align=&#8221;left&#8221; background_image_as_pattern=&#8221;without_pattern&#8221; padding_bottom=&#8221;75&#8243; css_animation=&#8221;&#8221;][vc_column width=&#8221;2\/3&#8243;][vc_accordion active_tab=&#8221;1&#8243; collapsible=&#8221;yes&#8221; style=&#8221;boxed_toggle&#8221;][vc_accordion_tab title=&#8221;Ciljevi predmeta&#8221;][vc_column_text]Cilj kolegija je osposobiti studente\/ice za rje\u0161avanje pravnih problema za\u0161tite intelektualnih tvorevina u informacijsko-komunikacijskim tehnologijama.[\/vc_column_text][\/vc_accordion_tab][vc_accordion_tab title=&#8221;Sadr\u017eaj predmeta&#8230;<\/p>\n","protected":false},"author":3,"featured_media":0,"parent":0,"menu_order":0,"comment_status":"closed","ping_status":"closed","template":"","meta":{"footnotes":""},"_links":{"self":[{"href":"https:\/\/intvla.unizg.hr\/index.php\/wp-json\/wp\/v2\/pages\/15665"}],"collection":[{"href":"https:\/\/intvla.unizg.hr\/index.php\/wp-json\/wp\/v2\/pages"}],"about":[{"href":"https:\/\/intvla.unizg.hr\/index.php\/wp-json\/wp\/v2\/types\/page"}],"author":[{"embeddable":true,"href":"https:\/\/intvla.unizg.hr\/index.php\/wp-json\/wp\/v2\/users\/3"}],"replies":[{"embeddable":true,"href":"https:\/\/intvla.unizg.hr\/index.php\/wp-json\/wp\/v2\/comments?post=15665"}],"version-history":[{"count":7,"href":"https:\/\/intvla.unizg.hr\/index.php\/wp-json\/wp\/v2\/pages\/15665\/revisions"}],"predecessor-version":[{"id":16719,"href":"https:\/\/intvla.unizg.hr\/index.php\/wp-json\/wp\/v2\/pages\/15665\/revisions\/16719"}],"wp:attachment":[{"href":"https:\/\/intvla.unizg.hr\/index.php\/wp-json\/wp\/v2\/media?parent=15665"}],"curies":[{"name":"wp","href":"https:\/\/api.w.org\/{rel}","templated":true}]}}