{"id":15659,"date":"2016-01-22T08:32:13","date_gmt":"2016-01-22T08:32:13","guid":{"rendered":"http:\/\/virgo.pravo.hr\/intvla\/www\/wordpress\/?page_id=15659"},"modified":"2019-06-02T15:44:29","modified_gmt":"2019-06-02T13:44:29","slug":"intelektualno-vlasnistvo-u-istrazivanju-lijekova-i-biomedicini","status":"publish","type":"page","link":"https:\/\/intvla.unizg.hr\/index.php\/intelektualno-vlasnistvo-u-istrazivanju-lijekova-i-biomedicini\/","title":{"rendered":"Intelektualno vlasni\u0161tvo u istra\u017eivanju lijekova i biomedicini"},"content":{"rendered":"<section class=\"wpb-content-wrapper\"><p>[vc_row row_type=&#8221;row&#8221; use_row_as_full_screen_section=&#8221;no&#8221; type=&#8221;full_width&#8221; angled_section=&#8221;no&#8221; text_align=&#8221;left&#8221; background_image_as_pattern=&#8221;without_pattern&#8221; padding_bottom=&#8221;25&#8243; css_animation=&#8221;&#8221;][vc_column][vc_column_text]<\/p>\n<h3>Intelektualno vlasni\u0161tvo u istra\u017eivanju lijekova i biomedicini<\/h3>\n<p>[\/vc_column_text][\/vc_column][\/vc_row][vc_row row_type=&#8221;row&#8221; use_row_as_full_screen_section=&#8221;no&#8221; type=&#8221;full_width&#8221; angled_section=&#8221;no&#8221; text_align=&#8221;left&#8221; background_image_as_pattern=&#8221;without_pattern&#8221; padding_bottom=&#8221;75&#8243; css_animation=&#8221;&#8221;][vc_column width=&#8221;2\/3&#8243;][vc_accordion active_tab=&#8221;1&#8243; collapsible=&#8221;yes&#8221; style=&#8221;boxed_toggle&#8221;][vc_accordion_tab title=&#8221;Ciljevi predmeta&#8221;][vc_column_text]Cilj kolegija je upoznati polaznike s procesom istra\u017eivanja lijekova, te osposobiti studente\/ice za rje\u0161avanje osnovnih pitanja povezanih sa za\u0161titom izuma u podru\u010dju novih terapijskih opcija i biomedicine op\u0107enito.[\/vc_column_text][\/vc_accordion_tab][vc_accordion_tab title=&#8221;Sadr\u017eaj predmeta i satnica&#8221;][vc_column_text]a) Proces istra\u017eivanja i razvoja lijeka i za\u0161tita intelektualnog vlasni\u0161tva u inovativnom i generi\u010dkom poslovanju razvoja lijekova (2 sata).<\/p>\n<p>b) Izuzetci od patentibilnosti definicije i primjeri (1 sat).<\/p>\n<p>c) Nove formulacije, kombinacije, indikacije, terapijski re\u017eimi i pod-grupe pacijenata kao mogu\u0107nosti pro\u0161irenja za\u0161tite IV u podru\u010dju novih terapijskih opcija i biomedicine op\u0107enito \u2013 primjeri sastavljanja patentnih zahtjeva (3 sata).<\/p>\n<p>d) Posebnosti trajanja patentne za\u0161tite za lijekove, medicinske i pedijatrijske proizvode, te paket rezultata klini\u010dkih istra\u017eivanja u svrhu dobivanja odobrenja za stavljanje lijeka u promet (<em>data exclusivity<\/em>) kao posebno pravo intelektualnog vlasni\u0161tva (2 sata).<\/p>\n<p>e) Suradnja s (farmaceutskom) industrijom, kako i za\u0161to, ugovori i na \u0161to treba obratiti pa\u017enju (2 sata)[\/vc_column_text][\/vc_accordion_tab][vc_accordion_tab title=&#8221;Literatura&#8221;][vc_column_text]<strong>Obvezna literatura<\/strong><\/p>\n<p>[\/vc_column_text][vc_empty_space][vc_column_text]<\/p>\n<p>1.\u00a0\u00a0\u00a0\u00a0 Zakon o patentu NN 173\/03, 87\/05, 76\/07, 30\/09, 128\/10, 49\/11<\/p>\n<p>2.\u00a0\u00a0\u00a0\u00a0 Pravilnik o patentu\u00a0 NN 117\/07, 03\/11, 66\/11, 145\/12<\/p>\n<p>3.\u00a0\u00a0\u00a0\u00a0 Ugovor o suradnji na podru\u010dju patenata NN 3\/98 i 10\/98<\/p>\n<p>4.\u00a0\u00a0\u00a0\u00a0 Pravilnik prema Ugovoru o suradnji na podru\u010dju patenata (PCT), stupio na snagu u RH od 01.07.1998. NN 10\/98, 3\/01, 4\/02, 15\/02, 1\/03, 18\/03, 3\/05, 3\/06, 5\/08, 12\/08, 5\/09, 4\/10, 9\/11<\/p>\n<p>5.\u00a0\u00a0\u00a0\u00a0 Sporazum Vlade Republike Hrvatske i Europske patentne organizacije o suradnji na podru\u010dju patenata (Sporazum o suradnji i\u00a0 pro\u0161irenju, sastavljen u Munchenu 16.06.2003. stupio na snagu u RH od 01.04.2004. NN 14\/03 i 2\/04<\/p>\n<p>6.\u00a0\u00a0\u00a0\u00a0 Europska patentna konvencija 2000 (EPC 2000) kako je usvojena Odlukom Upravnog vije\u0107a 28.06.2001. stupila na snagu u RH od 01.01.2008. NN 8\/07 i 1\/08<\/p>\n<p>7.\u00a0\u00a0\u00a0\u00a0 Provedbeni pravilnik Europske patentne konvencije 2000. usvojen odlukom Upravnog vije\u0107a od 7.12- 2006. godine koje je sastavni dio Europske patentne konvencije kako je izmijenjena i dopunjena,\u00a0 stupio na snagu u RH od 01.01.2008.\u00a0 NN 13\/09<\/p>\n<p>8.\u00a0\u00a0\u00a0\u00a0 Pravilnik o pristojbama uz Europsku patentnu konvenciju NN 3\/10<\/p>\n<p>9.\u00a0\u00a0\u00a0\u00a0 Odluke Upravnog vije\u0107a o izmjenama i dopunama provedbenog Pravilnika Europske patentne konvencije NN13\/09,\u00a0 4\/10 i 1\/12<br \/>\n\u2013 vidi na stranicama DZIV-a: http:\/\/www.dziv.hr\/hr\/zakonodavstvo\/medjunarodni-ugovori\/<\/p>\n<p>10.\u00a0 Odluke Upravnog vije\u0107a Europske patentne organizacije kojima se mijenja i dopunjuje Pravilnik o pristojbama i Provedbeni pravilnik, NN 4\/10, i 1\/12<br \/>\n&#8211; vidi na stranicama DZIV-a: http:\/\/www.dziv.hr\/hr\/zakonodavstvo\/medjunarodni-ugovori\/<\/p>\n<p>11.\u00a0 Zakon o potvr\u0111ivanju Sporazuma o primjeni \u010dlanka 65. Konvencije o priznavanju europskih patenata (Londonski sporazum) NN 8\/07 i 4\/08<\/p>\n<p>12.\u00a0 Strazbur\u0161ki sporazum o me\u0111unarodnoj klasifikaciji patenata 1971 stupio na snagu u RH od 25.11.2000. NN 11\/99 i 4\/00<\/p>\n<p>13.\u00a0 Budimpe\u0161tanski ugovor o me\u0111unarodnom priznavanju depozita mikroorganizama za potrebe patentnog postupka 1977 stupio na snagu u RH od 25.02.2000. NN 11\/99 i 4\/00<\/p>\n<p>14.\u00a0 Ugovor o patentnom pravu (PLT) stupio na snagu u RH od 28.04.2005. NN 10\/04 i 3\/05<\/p>\n<p>15.\u00a0 Zakon o upravnim pristojbama na podru\u010dju prava intelektualnog vlasni\u0161tva i Zakon o izmjenama i dopunama Zakona o upravnim pristojbama u podru\u010dju prava intelektualnog vlasni\u0161tva NN 64\/00, 160\/04, 62\/08, 30\/09, 49\/11<\/p>\n<p>16.\u00a0 Uredba o naknadama za posebne tro\u0161kove i tro\u0161kove za pru\u017eanje informacijskih usluga Dr\u017eavnog zavoda za intelektualno vlasni\u0161tvo NN 109\/11<\/p>\n<p>17.\u00a0 Zakon o zastupanju u podru\u010dju prava industrijskog vlasni\u0161tva NN 54\/05, 49\/11<\/p>\n<p>18.\u00a0\u00a0\u00a0\u00a0 Kako ostvariti Europski patent, Vodi\u010d za podnositelje prijava, prosinac 2007, dostupan na web stranici DZIV-a: http:\/\/www.dziv.hr\/files\/File\/obrasci\/patent\/EU_patent.pdf<\/p>\n<p>19.\u00a0\u00a0\u00a0\u00a0 Le-Nhung McLeland, What Every Chemist Should Know About Patents, ACS, Washington DC, 2002 dostupno na www stranici:http:\/\/portal.acs.org\/portal\/fileFetch\/C\/WPCP_006903\/pdf\/WPCP_006903.pdf<\/p>\n<p>20.\u00a0\u00a0\u00a0\u00a0 CARDS 2003 CROATIA IPR PROJECT: INTELLECTUAL PROPERTY RIGHTS INFRASTRUCTURE FOR THE R&amp;D SECTOR IN CROATIA,\u00a0&#8216;Responsible Partnering Guidelines&#8217; for Collaborative Research and Knowledge Transfer between Science and Industry,\u00a0http:\/\/www.eua.be\/Libraries\/Publications_homepage_list\/Responsible_Partnering_Guidelines_09.sflb.ashx<\/p>\n<p>[\/vc_column_text][vc_empty_space][vc_column_text]<strong>Dopunska literatura<\/strong><\/p>\n<p>[\/vc_column_text][vc_empty_space][vc_column_text]<\/p>\n<p>1.\u00a0\u00a0\u00a0\u00a0 Dennis Cosmatos,\u00a0 and Shein-Chung Chow: Translational Medicine: Strategies and Statistical Methods, Chapman &amp; Hall ed., 2008.<\/p>\n<p>2.\u00a0\u00a0\u00a0\u00a0 Gina Smith: The Genomics Age: How DNA Technology Is Transforming the Way We Live and Who We Are; Library of Congres Cataloging-in-Publication Dana, 2005, Free Download \u2013 dostupno besplatno na internetu<\/p>\n<p>3.\u00a0\u00a0\u00a0\u00a0 Alexandros Makriyannis and Diane Biegel Drug Discovery Strategies and Methods; Marcel Dekker, Inc. , 2004, Free Download- dostupno besplatno na internetu<\/p>\n<p>4.\u00a0\u00a0\u00a0\u00a0 Bert Spilker: Multinational Pharmaceutical Companies-Principles and Practices; 2nd edition, Ed. Raven Press, NY, 1994.<\/p>\n<p>5.\u00a0\u00a0\u00a0\u00a0 FABER Robert C.: Landis on Mechanics of Patent Claim Drafting, 4th edition, PLI Press, New York, 1999<\/p>\n<p>6.\u00a0\u00a0\u00a0\u00a0 European Patent Convention, published by EPO, 14th edition July 2007, dostupno besplatno na internetu ; http:\/\/www.epo.org\/law-practice\/legal-texts\/epc.html<\/p>\n<p>7. \u00a0 \u00a0 Guidelines for Examination in the EPO, published by EPO, status 20 June 2012, dostupno besplatno na internetu : http:\/\/www.epo.org\/law-practice\/legal-texts\/guidelines.html[\/vc_column_text][\/vc_accordion_tab][vc_accordion_tab title=&#8221;Ishodi u\u010denja&#8221;][vc_column_text]<strong>Ishodi u\u010denja na razini programa kojima predmet doprinosi<\/strong><\/p>\n<p>[\/vc_column_text][vc_empty_space][vc_column_text]<\/p>\n<p style=\"text-align: justify;\">Nakon odslu\u0161anog kolegija i polo\u017eenog pisanog i usmenog ispita, student\/ica je osposobljen\/a rje\u0161avati prakti\u010dne probleme i pitanja srednje razine slo\u017eenosti vezana uz za\u0161titu izuma u podru\u010dju novih terapijskih opcija i biomedicine op\u0107enito. Detaljna obradba pojedinih problema i pitanja usmjerena je na osposobljavanje studenata\/ica za rje\u0161avanje prakti\u010dnih zadataka srednje razine slo\u017eenosti vezanih uz stjecanje patenata za izume iz ovog podru\u010dja kao i njihovo iskori\u0161tavanje te pravnu za\u0161titu. Ovaj predmet sintetizira znanja ste\u010dena u obveznom predmetu s ovoga studija Patentno pravo i ujedno ih nadogra\u0111uje i pro\u0161iruje.<\/p>\n<p>[\/vc_column_text][vc_empty_space][vc_column_text]<strong>Ishodi u\u010denja na razini predmeta<\/strong><\/p>\n<p>[\/vc_column_text][vc_empty_space][vc_column_text]<\/p>\n<ul>\n<li>Stjecanje sposobnosti za razumijevanje procesa istra\u017eivanja novih i generi\u010dkih lijekova.<\/li>\n<li>Stjecanje sposobnosti za prakti\u010dno obavljanje pravnih problema i pitanja srednje razine slo\u017eenosti, vezanih uz izume u podru\u010dju novih terapijskih opcija i biomedicine op\u0107enito.<\/li>\n<li>Stjecanje sposobnosti za mogu\u0107nosti savjetovanja i djelovanja u podru\u010dju pro\u0161irenja i nadograde postoje\u0107ih patenata u podru\u010dju novih terapijskih opcija i biomedicine op\u0107enito.<\/li>\n<li>Stjecanje sposobnosti za prakti\u010dno obavljanje pravnih problema i pitanja srednje razine slo\u017eenosti, vezanih uz izume u podru\u010dju istra\u017eivanja lijekova i medicinskih preparata.<\/li>\n<li>Stjecanje sposobnosti za prakti\u010dnu analizu i rje\u0161avanje pitanja srednje razine slo\u017eenosti, poslovne naravi povezane sa stjecanjem, odr\u017eavanjem u vrijednosti, gubitkom i iskori\u0161tavanjem patenata u podru\u010dju novih terapijskih opcija i biomedicine op\u0107enito.<\/li>\n<li>Stjecanje vje\u0161tina za sastavljanje patentnih zahtjeva za izume u podru\u010dju novih terapijskih opcija i biomedicine op\u0107enito.<\/li>\n<\/ul>\n<p>[\/vc_column_text][\/vc_accordion_tab][\/vc_accordion][\/vc_column][vc_column width=&#8221;1\/3&#8243;][vc_column_text]<\/p>\n<h3>Nositelj predmeta<\/h3>\n<p>[\/vc_column_text][vc_column_text]<a href=\"http:\/\/intvla.unizg.hr\/index.php\/donatella-verbanac\/\">Doc. dr. sc. Donatella Verbanac<\/a>[\/vc_column_text][vc_separator type=&#8221;normal&#8221;][vc_column_text]<\/p>\n<h3>Suradnici<\/h3>\n<p>[\/vc_column_text][vc_column_text]<a href=\"http:\/\/intvla.unizg.hr\/index.php\/gordana-turkalj\/\">Mr. sc. Gordana Turkalj<\/a><\/p>\n<p><a href=\"http:\/\/intvla.unizg.hr\/index.php\/smiljka-vikic-topic\/\">Mr. sc. Smiljka Viki\u0107-Topi\u0107<\/a>[\/vc_column_text][vc_separator type=&#8221;normal&#8221;][vc_column_text]<\/p>\n<h3>Bodovna vrijednost<\/h3>\n<p>[\/vc_column_text][vc_column_text]2\u00a0ECTS[\/vc_column_text][vc_separator type=&#8221;normal&#8221;][vc_column_text]<\/p>\n<h3>Na\u010din izvo\u0111enja nastave<\/h3>\n<p>[\/vc_column_text][vc_column_text]Predavanja, 10 sati[\/vc_column_text][vc_separator type=&#8221;normal&#8221;][\/vc_column][\/vc_row]<\/p>\n<\/section>","protected":false},"excerpt":{"rendered":"<p>[vc_row row_type=&#8221;row&#8221; use_row_as_full_screen_section=&#8221;no&#8221; type=&#8221;full_width&#8221; angled_section=&#8221;no&#8221; text_align=&#8221;left&#8221; background_image_as_pattern=&#8221;without_pattern&#8221; padding_bottom=&#8221;25&#8243; css_animation=&#8221;&#8221;][vc_column][vc_column_text] Intelektualno vlasni\u0161tvo u istra\u017eivanju lijekova i biomedicini [\/vc_column_text][\/vc_column][\/vc_row][vc_row row_type=&#8221;row&#8221; use_row_as_full_screen_section=&#8221;no&#8221; type=&#8221;full_width&#8221; angled_section=&#8221;no&#8221; text_align=&#8221;left&#8221; background_image_as_pattern=&#8221;without_pattern&#8221; padding_bottom=&#8221;75&#8243; css_animation=&#8221;&#8221;][vc_column width=&#8221;2\/3&#8243;][vc_accordion active_tab=&#8221;1&#8243; collapsible=&#8221;yes&#8221; style=&#8221;boxed_toggle&#8221;][vc_accordion_tab title=&#8221;Ciljevi predmeta&#8221;][vc_column_text]Cilj kolegija je upoznati polaznike s procesom istra\u017eivanja lijekova, te osposobiti studente\/ice za rje\u0161avanje osnovnih&#8230;<\/p>\n","protected":false},"author":3,"featured_media":0,"parent":0,"menu_order":0,"comment_status":"closed","ping_status":"closed","template":"","meta":{"footnotes":""},"_links":{"self":[{"href":"https:\/\/intvla.unizg.hr\/index.php\/wp-json\/wp\/v2\/pages\/15659"}],"collection":[{"href":"https:\/\/intvla.unizg.hr\/index.php\/wp-json\/wp\/v2\/pages"}],"about":[{"href":"https:\/\/intvla.unizg.hr\/index.php\/wp-json\/wp\/v2\/types\/page"}],"author":[{"embeddable":true,"href":"https:\/\/intvla.unizg.hr\/index.php\/wp-json\/wp\/v2\/users\/3"}],"replies":[{"embeddable":true,"href":"https:\/\/intvla.unizg.hr\/index.php\/wp-json\/wp\/v2\/comments?post=15659"}],"version-history":[{"count":4,"href":"https:\/\/intvla.unizg.hr\/index.php\/wp-json\/wp\/v2\/pages\/15659\/revisions"}],"predecessor-version":[{"id":16709,"href":"https:\/\/intvla.unizg.hr\/index.php\/wp-json\/wp\/v2\/pages\/15659\/revisions\/16709"}],"wp:attachment":[{"href":"https:\/\/intvla.unizg.hr\/index.php\/wp-json\/wp\/v2\/media?parent=15659"}],"curies":[{"name":"wp","href":"https:\/\/api.w.org\/{rel}","templated":true}]}}