{"id":15649,"date":"2016-01-22T08:21:27","date_gmt":"2016-01-22T08:21:27","guid":{"rendered":"http:\/\/virgo.pravo.hr\/intvla\/www\/wordpress\/?page_id=15649"},"modified":"2019-05-31T00:15:19","modified_gmt":"2019-05-30T22:15:19","slug":"upravljanje-intelektualnim-vlasnistvom","status":"publish","type":"page","link":"https:\/\/intvla.unizg.hr\/index.php\/upravljanje-intelektualnim-vlasnistvom\/","title":{"rendered":"Upravljanje intelektualnim vlasni\u0161tvom"},"content":{"rendered":"<section class=\"wpb-content-wrapper\"><p>[vc_row row_type=&#8221;row&#8221; use_row_as_full_screen_section=&#8221;no&#8221; type=&#8221;full_width&#8221; angled_section=&#8221;no&#8221; text_align=&#8221;left&#8221; background_image_as_pattern=&#8221;without_pattern&#8221; padding_bottom=&#8221;25&#8243; css_animation=&#8221;&#8221;][vc_column][vc_column_text]<\/p>\n<h3>Upravljanje intelektualnim vlasni\u0161tvom<\/h3>\n<p>[\/vc_column_text][\/vc_column][\/vc_row][vc_row row_type=&#8221;row&#8221; use_row_as_full_screen_section=&#8221;no&#8221; type=&#8221;full_width&#8221; angled_section=&#8221;no&#8221; text_align=&#8221;left&#8221; background_image_as_pattern=&#8221;without_pattern&#8221; padding_bottom=&#8221;75&#8243; css_animation=&#8221;&#8221;][vc_column width=&#8221;2\/3&#8243;][vc_accordion active_tab=&#8221;1&#8243; collapsible=&#8221;yes&#8221; style=&#8221;boxed_toggle&#8221;][vc_accordion_tab title=&#8221;Ciljevi predmeta&#8221;][vc_column_text]<\/p>\n<p style=\"text-align: justify;\">Cilj kolegija je osposobiti studente\/ice za rje\u0161avanje prakti\u010dnih zadataka i problema u svezi s upravljanjem intelektualnim vlasni\u0161tvom u kontekstu poslovanja zasnovanog na znanju\/tehnologiji.<\/p>\n<p>[\/vc_column_text][\/vc_accordion_tab][vc_accordion_tab title=&#8221;Sadr\u017eaj predmeta i satnica&#8221;][vc_column_text]a) principi upravljanja intelektualnim vlasni\u0161tvom u poslovanju zasnovanom na znanju\/tehnologiji (1 h)<\/p>\n<p>b) oblici komercijalizacije intelektualnog vlasni\u0161tva\u00a0 i\u00a0 upravljanje suradnjama\/partnerstvima (2 h)<\/p>\n<p>c) upravljanje intelektualnim vlasni\u0161tvom u istra\u017eivanju i razvoju (3h)<\/p>\n<p>d) licenciranje tehnologije (3h)<\/p>\n<p>e) upravljanje intelektualnim vlasni\u0161tvom u pokretanju poduze\u0107a zasnovanih na tehnologiji\/znanju (2h)<\/p>\n<p>f) procjena i vrednovanje intelektualnog vlasni\u0161tva (3h)<\/p>\n<p>g) strate\u0161ko upravljanje intelektualnim vlasni\u0161tvom u organizacijama (3h)<\/p>\n<p>h) analize slu\u010dajeva u upravljanju intelektualnim vlasni\u0161tvom \u2013prezentacije studentskih radova i rasprava (3h)[\/vc_column_text][\/vc_accordion_tab][vc_accordion_tab title=&#8221;Literatura&#8221;][vc_column_text]<strong>Obvezna literatura<\/strong><\/p>\n<p>[\/vc_column_text][vc_empty_space][vc_column_text]<\/p>\n<p>1.\u00a0\u00a0\u00a0\u00a0 Intellectual Property Management in Health and Agricultural Innovation: A Handbook of Best Practices (eds. A Krattiger, RT Mahoney, L Nelsen et al.) MIHR: Oxford, U.K., and PIPRA: Davis, U.S.A., 2007-2009<\/p>\n<p>2.\u00a0\u00a0\u00a0\u00a0 Exchanging Value &#8211; Negotiating Technology Licensing Agreements &#8211; A Training Manual, World Intellectual Property Organisation, 2005<\/p>\n<p>3.\u00a0\u00a0\u00a0\u00a0 Lambert Tool-Kit for Collaborative Research, UK Intellectual Property Office,<\/p>\n<p>4.\u00a0\u00a0\u00a0\u00a0 Guide to Intellectual Property Rules for FP7 projects, , European Commision[\/vc_column_text][vc_empty_space][vc_column_text]<strong>Dopunska literatura<\/strong><\/p>\n<p>[\/vc_column_text][vc_empty_space][vc_column_text]<\/p>\n<p>1.\u00a0\u00a0\u00a0\u00a0 Intellectual property management &#8211; a practical guide for electrical and electronics related industries, Spruson &amp; Ferguson, 2007<\/p>\n<p>2.\u00a0\u00a0\u00a0\u00a0 POLTORAK A. &amp; LERNER P.J. Essentials of Licensing Intellectual Property, John Wiley and Sons, 2004<\/p>\n<p>3.\u00a0\u00a0\u00a0\u00a0 SPESER P.L., The Art and Science of Technology Transfer, John Wiley and Sons, 2006<\/p>\n<p>4.\u00a0\u00a0\u00a0\u00a0 SCHILLING M., Strategic Management of Technological Innovation, 3rd edition, McGraw-Hill\/Irwin, 2009<\/p>\n<p>5.\u00a0\u00a0\u00a0\u00a0 RAZGAITIS R., Valuation and Dealmaking of Technology Based Intellectual Property, Principles Methods and Tools, John Wiley and Sons, 2009<\/p>\n<p>6.\u00a0\u00a0\u00a0\u00a0 REILLY R., &amp;\u00a0 SCHWEIHS R, Valuing Intangible Assets, McGrawHill, 1998<\/p>\n<p>7.\u00a0\u00a0\u00a0\u00a0 RUSSELL L. P. &amp; SMITH\u00a0 G.V., Intellectual Property: Valuation, Exploitation, and Infringement Damages, 4th edition, John Wiley &amp; Sons, 2005<\/p>\n<p>8.\u00a0\u00a0\u00a0\u00a0 Managing Intellectual Property The Guide, A guide to strategic decision making in Universities, Auril\/Universities UK, 2002.<\/p>\n<p>9.\u00a0\u00a0\u00a0\u00a0 Intellectual asset management for universities, UK Intellectual Property Office, 2011<\/p>\n<p>10. \u00a0 \u00a0MATANOVAC VU\u010cKOVI\u0106, R., Pravni status autorskih djela stvorenih u radnom odnosu na sveu\u010dili\u0161tu, u: Zbornik Hrvatskog dru\u0161tva za autorsko pravo, Zagreb, vol. 11-12, 2011, str. 1-27.[\/vc_column_text][\/vc_accordion_tab][vc_accordion_tab title=&#8221;Ishodi u\u010denja&#8221;][vc_column_text]<strong>Ishodi u\u010denja na razini programa kojima predmet doprinosi<\/strong><\/p>\n<p>[\/vc_column_text][vc_empty_space][vc_column_text]<\/p>\n<p style=\"text-align: justify;\">Nakon odslu\u0161anog kolegija, obra\u0111ene studije slu\u010daja i polo\u017eenog usmenog ispita, student\/ica je osposobljen\/a rje\u0161avati prakti\u010dne probleme, pitanja i zadatke vezane uz upravljanje intelektualnim vlasni\u0161tvom, srednje razine slo\u017eenosti. Obra\u0111uju se strate\u0161ki, organizacijski i operativni aspekti upravljanja intelektualnim vlasni\u0161tvom i to i u svim fazama relevantnim za nastanak i kori\u0161tenje tehnolo\u0161kih inovacija. Navedene teme predstavljaju nadogradnju na znanja ste\u010dena u drugim obveznim predmetima ovoga studija. Kolegij je usmjeren na upravljanje intelektualnim vlasni\u0161tvom u kontekstu poslovanja zasnovanog na znanju i tehnologiji, te je komplementaran\u00a0 predmetima\u00a0 Autorsko pravo u kreativnim industrijama i Upravljanje brandom.<\/p>\n<p>[\/vc_column_text][vc_empty_space][vc_column_text]<strong>Ishodi u\u010denja na razini predmeta<\/strong><\/p>\n<p>[\/vc_column_text][vc_empty_space][vc_column_text]<\/p>\n<ul>\n<li>Stjecanje sposobnosti za analizu problema u upravljanju intelektualnim vlasni\u0161tvom srednje razine slo\u017eenosti i predlaganje rje\u0161enja<\/li>\n<li>Stjecanje sposobnosti za prakti\u010dno obavljanje poslova srednje razine slo\u017eenosti, vezanih uz strate\u0161ko i operativno upravljanje intelektualnim vlasni\u0161tvom unutar poslovanja zasnovanog na znanju\/tehnologiji.<\/li>\n<li>Stjecanje sposobnosti za prakti\u010dno obavljanje poslova srednje razine slo\u017eenosti, za komercijalizaciju intelektualnog vlasni\u0161tva.<\/li>\n<li>Stjecanje sposobnosti za prakti\u010dno obavljanje poslova srednje razine slo\u017eenosti, vezanih uz upravljanje intelektualnim vlasni\u0161tvom u istra\u017eivanju i razvoju<\/li>\n<li>Stjecanje sposobnosti\u00a0 za prakti\u010dno obavljanje poslova srednje razine slo\u017eenosti, vezanih uz procjenu i vrednovanje intelektualnog vlasni\u0161tva<\/li>\n<\/ul>\n<p>[\/vc_column_text][\/vc_accordion_tab][\/vc_accordion][\/vc_column][vc_column width=&#8221;1\/3&#8243;][vc_column_text]<\/p>\n<h3>Nositelj predmeta<\/h3>\n<p>[\/vc_column_text][vc_column_text]<a href=\"http:\/\/intvla.unizg.hr\/index.php\/miljenko-simpraga\/\">Prof. dr. sc. Miljenko \u0160impraga<\/a>[\/vc_column_text][vc_separator type=&#8221;normal&#8221;][vc_column_text]<\/p>\n<h3>Suradnici<\/h3>\n<p>[\/vc_column_text][vc_column_text]<a href=\"http:\/\/intvla.unizg.hr\/index.php\/vlatka-petrovic\/\">Dr. sc. Vlatka Petrovi\u0107<\/a><\/p>\n<p><a href=\"http:\/\/intvla.unizg.hr\/index.php\/smiljka-vikic-topic\/\">Mr. sc. Smiljka Viki\u0107 Topi\u0107<\/a>[\/vc_column_text][vc_separator type=&#8221;normal&#8221;][vc_column_text]<\/p>\n<h3>Bodovna vrijednost<\/h3>\n<p>[\/vc_column_text][vc_column_text]3 ECTS[\/vc_column_text][vc_separator type=&#8221;normal&#8221;][vc_column_text]<\/p>\n<h3>Na\u010din izvo\u0111enja nastave<\/h3>\n<p>[\/vc_column_text][vc_column_text]Predavanja, 20 sati[\/vc_column_text][vc_separator type=&#8221;normal&#8221;][\/vc_column][\/vc_row]<\/p>\n<\/section>","protected":false},"excerpt":{"rendered":"<p>[vc_row row_type=&#8221;row&#8221; use_row_as_full_screen_section=&#8221;no&#8221; type=&#8221;full_width&#8221; angled_section=&#8221;no&#8221; text_align=&#8221;left&#8221; background_image_as_pattern=&#8221;without_pattern&#8221; padding_bottom=&#8221;25&#8243; css_animation=&#8221;&#8221;][vc_column][vc_column_text] Upravljanje intelektualnim vlasni\u0161tvom [\/vc_column_text][\/vc_column][\/vc_row][vc_row row_type=&#8221;row&#8221; use_row_as_full_screen_section=&#8221;no&#8221; type=&#8221;full_width&#8221; angled_section=&#8221;no&#8221; text_align=&#8221;left&#8221; background_image_as_pattern=&#8221;without_pattern&#8221; padding_bottom=&#8221;75&#8243; css_animation=&#8221;&#8221;][vc_column width=&#8221;2\/3&#8243;][vc_accordion active_tab=&#8221;1&#8243; collapsible=&#8221;yes&#8221; style=&#8221;boxed_toggle&#8221;][vc_accordion_tab title=&#8221;Ciljevi predmeta&#8221;][vc_column_text] Cilj kolegija je osposobiti studente\/ice za rje\u0161avanje prakti\u010dnih zadataka i problema u svezi s upravljanjem intelektualnim vlasni\u0161tvom u&#8230;<\/p>\n","protected":false},"author":3,"featured_media":0,"parent":0,"menu_order":0,"comment_status":"closed","ping_status":"closed","template":"","meta":{"footnotes":""},"_links":{"self":[{"href":"https:\/\/intvla.unizg.hr\/index.php\/wp-json\/wp\/v2\/pages\/15649"}],"collection":[{"href":"https:\/\/intvla.unizg.hr\/index.php\/wp-json\/wp\/v2\/pages"}],"about":[{"href":"https:\/\/intvla.unizg.hr\/index.php\/wp-json\/wp\/v2\/types\/page"}],"author":[{"embeddable":true,"href":"https:\/\/intvla.unizg.hr\/index.php\/wp-json\/wp\/v2\/users\/3"}],"replies":[{"embeddable":true,"href":"https:\/\/intvla.unizg.hr\/index.php\/wp-json\/wp\/v2\/comments?post=15649"}],"version-history":[{"count":5,"href":"https:\/\/intvla.unizg.hr\/index.php\/wp-json\/wp\/v2\/pages\/15649\/revisions"}],"predecessor-version":[{"id":16659,"href":"https:\/\/intvla.unizg.hr\/index.php\/wp-json\/wp\/v2\/pages\/15649\/revisions\/16659"}],"wp:attachment":[{"href":"https:\/\/intvla.unizg.hr\/index.php\/wp-json\/wp\/v2\/media?parent=15649"}],"curies":[{"name":"wp","href":"https:\/\/api.w.org\/{rel}","templated":true}]}}