{"id":15614,"date":"2016-01-26T16:44:20","date_gmt":"2016-01-26T16:44:20","guid":{"rendered":"http:\/\/virgo.pravo.hr\/intvla\/www\/wordpress\/?page_id=15614"},"modified":"2019-06-02T14:25:15","modified_gmt":"2019-06-02T12:25:15","slug":"romana-matanovac-vuckovic","status":"publish","type":"page","link":"https:\/\/intvla.unizg.hr\/index.php\/romana-matanovac-vuckovic\/","title":{"rendered":"Romana Matanovac Vu\u010dkovi\u0107"},"content":{"rendered":"<section class=\"wpb-content-wrapper\"><p>[vc_row row_type=&#8221;row&#8221; use_row_as_full_screen_section=&#8221;no&#8221; type=&#8221;full_width&#8221; angled_section=&#8221;no&#8221; text_align=&#8221;left&#8221; background_image_as_pattern=&#8221;without_pattern&#8221; css_animation=&#8221;&#8221;][vc_column][vc_column_text]<\/p>\n<h3><strong>Izv. prof. dr. sc. Romana Matanovac Vu\u010dkovi\u0107<\/strong><\/h3>\n<p>[\/vc_column_text][vc_empty_space][vc_column_text]<\/p>\n<p>[\/vc_column_text][\/vc_column][\/vc_row][vc_row row_type=&#8221;row&#8221; use_row_as_full_screen_section=&#8221;no&#8221; type=&#8221;full_width&#8221; angled_section=&#8221;no&#8221; text_align=&#8221;left&#8221; background_image_as_pattern=&#8221;without_pattern&#8221; padding_bottom=&#8221;75&#8243; css_animation=&#8221;&#8221;][vc_column width=&#8221;2\/3&#8243;][vc_column_text]<\/p>\n<p>Izv. prof. dr. sc. Romana Matanovac Vu\u010dkovi\u0107 (1973.) diplomirala je na Pravnom fakultetu Sveu\u010dili\u0161ta u Zagrebu 1998. te doktorirala 2010. na doktorskom studiju Gra\u0111anskopravne i obiteljskopravna znanost, s temom <em>Prijenos i licencija \u017eiga u kontekstu prilagodbe hrvatskog prava europskom<\/em>. Pravosudni ispit polo\u017eila je 2001. Ispit za patentnog zastupnika i zastupnika za \u017eigove pred Dr\u017eavnim zavodom za intelektualno vlasni\u0161tvo polo\u017eila je 2007. a europska patentna zastupnica pred Europskom patentnom organizacijom postala je 2008. Vi\u0161e puta bila je na studijskom boravku na <em>Max-Planck-Institutu za inovacije i tr\u017ei\u0161no natjecanje<\/em> u M\u00fcnchenu.<\/p>\n<p>[\/vc_column_text][vc_empty_space][vc_column_text]<\/p>\n<p>Od 2016. radi kao izvanredna profesorica na Katedri za gra\u0111ansko pravo Pravnog fakulteta Sveu\u010dili\u0161ta u Zagrebu na kojem je zaposlena od 2003., najprije kao asistentica, potom kao vi\u0161a asistentica te od 2011. kao docentica. Zaposlenje na Pravnom fakultetu prekinula je od 2005. do 2008., kad je imenovana zamjenicom ravnatelja Dr\u017eavnog zavoda za intelektualno vlasni\u0161tvo. Tamo je obavljala brojne stru\u010dne poslove u podru\u010dju intelektualnog vlasni\u0161tva, od pisanja propisa do provo\u0111enja raznih studija i projekata, kao i brojne aktivnosti vezane uz upravljanje procesima i institucijom te predstavljanje institucije u me\u0111unarodnim aktivnostima. Od 2001. do 2003., bila je zaposlena kao pravna savjetnica i voditeljica odjela za medije, mehani\u010dka prava i nove tehnologije u Hrvatskom dru\u0161tvu skladatelja Za\u0161tita autorskih muzi\u010dkih prava (HDS ZAMP). Prvo radno iskustvo kao pravnica stekla je u tvrtki Emporion, d.o.o., Zagreb.<\/p>\n<p>[\/vc_column_text][vc_empty_space][vc_column_text]<\/p>\n<p>Obavlja brojne stru\u010dne poslove. Od 2017. godine sura\u0111uje kao me\u0111unarodna ekspertica u podru\u010dju autorskog prava sa Svjetskom organizacijom za intelektualno vlasni\u0161tvo (WIPO) u projektima pravne pomo\u0107i u Albaniji, Bosni i Hercegovini te u Izraelu. Od 2018. anga\u017eirana je i kao ekspertica na projektu \u201eCapacity building for Technology Transfer in the Western Balkans\u201c koji se provodi u Albaniji, Bosni i Hercegovini, Crnoj Gori, Kosovu, Sjevernoj Makedoniji i Srbiji a financiran je iz sredstava Europske unije. Sura\u0111ivala je s Pohl Consulting &amp; Associates GmbH iz Berlina te Danskim uredom za patente i \u017eigove kao konzultantica u projektu pravne pomo\u0107i u podru\u010dju intelektualnog vlasni\u0161tva na Kosovu, tako\u0111er financiranog sredstvima Europske unije, 2013. i 2014. godine. Od 2010. do 2012. godine bila je konzultantica Europske patentne organizacije u projektima pravne pomo\u0107i u podru\u010dju intelektualnog vlasni\u0161tva u Crnoj Gori i na Kosovu, koji su tako\u0111er bili financirani iz sredstava Europske unije. Kao ekspertica je bila pozvana 2012. godine od nadle\u017enih tijela pojedinih dr\u017eava \u010dlanica za obavljanje stru\u010dnih poslova u podru\u010dju intelektualnog vlasni\u0161tva u Albaniji. Od 2011. godine do danas anga\u017eirana je na vi\u0161e projekata na Sveu\u010dili\u0161tu u Zagrebu koji su financirani iz sredstava Europske unije ili kreditom Svjetske banke a odnose se na transfer tehnologije i intelektualno vlasni\u0161tvo.<\/p>\n<p>[\/vc_column_text][vc_empty_space][vc_column_text]<\/p>\n<p>Bila je predsjednica Vije\u0107a stru\u010dnjaka za naknade u podru\u010dju autorskog i srodnih prava od 2005. do 2009. te predsjednica \u017dalbenih vije\u0107a u podru\u010dju prava industrijskog vlasni\u0161tva od 2007. do 2013. Kao \u010dlanica radne skupine sudjelovala je u pripremi pregovora s Europskom unijom za poglavlje 7. Pravo intelektualnog vlasni\u0161tva i poglavlje 26. Obrazovanje i kultura. Bila je \u010dlanica upravnog odbora Hrvatskog audiovizualnog centra od 2007. do 2016. Arbitrica je na listi arbitara pred Stalnim izbranim sudi\u0161tem pri Hrvatskoj gospodarskoj komori od 2014. I naposljetku, 1.\u00a0 srpnja 2018. godine ministrica kulture u Vladi Republike Hrvatske, dr. sc. Nina Obuljen Kor\u017einek, imenovala ju je svojom posebnom savjetnicom.<\/p>\n<p>[\/vc_column_text][vc_empty_space][vc_column_text]<\/p>\n<p>Od 2004. napisala je jednu knjigu, 50 znanstvenih radova (22 u koautorstvu), 12 stru\u010dnih radova te 2 stru\u010dna priru\u010dnika. Urednica je dvije knjige, nekoliko zbornika i znanstvenih \u010dasopisa te vi\u0161e od 10 doma\u0107ih i me\u0111unarodnih savjetovanja i konferencija. Izlagala na vi\u0161e od\u00a0 100 me\u0111unarodnih i doma\u0107ih znanstvenih i stru\u010dnih konferencija, seminara i sl. Izvodi nastavu iz predmeta iz podru\u010dja gra\u0111anskog prava i prava intelektualnog vlasni\u0161tva na diplomskim i poslijediplomskim studijima na Pravnom fakultetu Sveu\u010dili\u0161ta u Zagrebu. Na Muzi\u010dkoj akademiji i Akademiji dramskih umjetnosti istog Sveu\u010dili\u0161ta nositeljica je vi\u0161e kolegija iz podru\u010dja autorskog prava te iz podru\u010dja kulture i umjetnosti. Sudjeluje na vi\u0161e znanstvenih projekata, kao znanstvenica ili voditeljica. \u010clanica je nekoliko doma\u0107ih i me\u0111unarodnih znanstvenih i stru\u010dnih asocijacija.<\/p>\n<p>[\/vc_column_text][vc_empty_space][vc_column_text]<\/p>\n<p>O svemu detaljno na <a href=\"http:\/\/www.matanovac-vuckovic.com\/index.php\">http:\/\/www.matanovac-vuckovic.com\/index.php<\/a><\/p>\n<p>[\/vc_column_text][vc_empty_space][vc_column_text]<\/p>\n<p>Godine 1999. diplomirala je gitaru na Muzi\u010dkoj akademiji Sveu\u010dili\u0161ta u Zagrebu, u klasi Istv\u00e0na R\u00f6mera a od 1996. do 1999. usavr\u0161avala se na poslijediplomskom umjetni\u010dkom studiju gitare na Sveu\u010dili\u0161tu za glazbu i dramske umjetnosti <em>Mozarteum<\/em> u Salzburgu, u klasi Eliota Fiska. Kao gitaristica osvajala je brojne nagrade i priznanja, me\u0111u ostalim nagradu <em>Darko Luki\u0107<\/em> za najboljeg mladog glazbenika 1995. i prvu nagradu na natjecanju mladih glazbenika<em> Radio podij<\/em> u organizaciji Hrvatske radiotelevizije 1996. Odr\u017eala je vi\u0161e od 300 koncerata u zemlji i inozemstvu do 2000. godine, od kada vi\u0161e nije javno aktivna. Od prosinca 2018. je predsjednica Hrvatskog glazbenog zavoda, kao prva \u017eena u njegovoj 200-godi\u0161njoj povijesti.<\/p>\n<p>[\/vc_column_text][vc_empty_space][vc_column_text]<\/p>\n<p>[\/vc_column_text][\/vc_column][vc_column width=&#8221;1\/3&#8243;] <img loading=\"lazy\" decoding=\"async\" class=\"alignnone size-medium wp-image-16683\" src=\"http:\/\/intvla.unizg.hr\/wp-content\/uploads\/2019\/06\/RMV-300x212.jpg\" alt=\"\" width=\"300\" height=\"212\" srcset=\"https:\/\/intvla.unizg.hr\/wp-content\/uploads\/2019\/06\/RMV-300x212.jpg 300w, https:\/\/intvla.unizg.hr\/wp-content\/uploads\/2019\/06\/RMV-768x543.jpg 768w, https:\/\/intvla.unizg.hr\/wp-content\/uploads\/2019\/06\/RMV-1024x724.jpg 1024w, https:\/\/intvla.unizg.hr\/wp-content\/uploads\/2019\/06\/RMV-700x495.jpg 700w, https:\/\/intvla.unizg.hr\/wp-content\/uploads\/2019\/06\/RMV.jpg 1384w\" sizes=\"(max-width: 300px) 100vw, 300px\" \/> [vc_empty_space][vc_column_text]<\/p>\n<h5>Predmeti<\/h5>\n<p>[\/vc_column_text][vc_separator type=&#8221;normal&#8221;][vc_column_text]<\/p>\n<p><a href=\"http:\/\/intvla.unizg.hr\/index.php\/autorsko-pravo\/\">Autorsko pravo<\/a><\/p>\n<p><a href=\"http:\/\/intvla.unizg.hr\/index.php\/pravna-zastita-izuma\/\">Pravna za\u0161tita izuma<\/a><\/p>\n<p><a href=\"http:\/\/intvla.unizg.hr\/index.php\/pravo-ziga-industrijskog-dizajna-i-drugih-oznaka-razlikovanja\/\">Pravo \u017eiga, industrijskog dizajna i drugih oznaka razlikovanja<\/a><\/p>\n<p><a href=\"http:\/\/intvla.unizg.hr\/index.php\/europski-aspekti-prava-intelektualnog-vlasnistva\/\">Europski aspekti prava intelektualnog vlasni\u0161tva<\/a><\/p>\n<p><a href=\"http:\/\/intvla.unizg.hr\/index.php\/autorsko-i-srodna-prava-u-kreativnim-industrijama\/\">Autorsko i srodna prava u kreativnim industrijama<\/a><\/p>\n<p><a href=\"http:\/\/intvla.unizg.hr\/index.php\/individualno-i-kolektivno-ostvarivanje-autorskog-i-srodnih-prava\/\">Individualno i kolektivno ostvarivanje autorskog i srodnih prava<\/a><\/p>\n<p><a href=\"http:\/\/intvla.unizg.hr\/index.php\/pravna-zastita-novih-biljnih-sorti\/\">Pravna za\u0161tita novih biljnih sorti<\/a>[\/vc_column_text][vc_empty_space][vc_column_text]<\/p>\n<h5>Mati\u010dna ustanova<\/h5>\n<p>[\/vc_column_text][vc_separator type=&#8221;normal&#8221;][vc_column_text]Pravni fakultet Sveu\u010dili\u0161ta u Zagrebu[\/vc_column_text][\/vc_column][\/vc_row]<\/p>\n<\/section>","protected":false},"excerpt":{"rendered":"<p>[vc_row row_type=&#8221;row&#8221; use_row_as_full_screen_section=&#8221;no&#8221; type=&#8221;full_width&#8221; angled_section=&#8221;no&#8221; text_align=&#8221;left&#8221; background_image_as_pattern=&#8221;without_pattern&#8221; css_animation=&#8221;&#8221;][vc_column][vc_column_text] Izv. prof. dr. sc. Romana Matanovac Vu\u010dkovi\u0107 [\/vc_column_text][vc_empty_space][vc_column_text] [\/vc_column_text][\/vc_column][\/vc_row][vc_row row_type=&#8221;row&#8221; use_row_as_full_screen_section=&#8221;no&#8221; type=&#8221;full_width&#8221; angled_section=&#8221;no&#8221; text_align=&#8221;left&#8221; background_image_as_pattern=&#8221;without_pattern&#8221; padding_bottom=&#8221;75&#8243; css_animation=&#8221;&#8221;][vc_column width=&#8221;2\/3&#8243;][vc_column_text] Izv. prof. dr. sc. Romana Matanovac Vu\u010dkovi\u0107 (1973.) diplomirala je na Pravnom fakultetu Sveu\u010dili\u0161ta u Zagrebu 1998. te doktorirala&#8230;<\/p>\n","protected":false},"author":3,"featured_media":0,"parent":0,"menu_order":0,"comment_status":"closed","ping_status":"closed","template":"","meta":{"footnotes":""},"_links":{"self":[{"href":"https:\/\/intvla.unizg.hr\/index.php\/wp-json\/wp\/v2\/pages\/15614"}],"collection":[{"href":"https:\/\/intvla.unizg.hr\/index.php\/wp-json\/wp\/v2\/pages"}],"about":[{"href":"https:\/\/intvla.unizg.hr\/index.php\/wp-json\/wp\/v2\/types\/page"}],"author":[{"embeddable":true,"href":"https:\/\/intvla.unizg.hr\/index.php\/wp-json\/wp\/v2\/users\/3"}],"replies":[{"embeddable":true,"href":"https:\/\/intvla.unizg.hr\/index.php\/wp-json\/wp\/v2\/comments?post=15614"}],"version-history":[{"count":6,"href":"https:\/\/intvla.unizg.hr\/index.php\/wp-json\/wp\/v2\/pages\/15614\/revisions"}],"predecessor-version":[{"id":16707,"href":"https:\/\/intvla.unizg.hr\/index.php\/wp-json\/wp\/v2\/pages\/15614\/revisions\/16707"}],"wp:attachment":[{"href":"https:\/\/intvla.unizg.hr\/index.php\/wp-json\/wp\/v2\/media?parent=15614"}],"curies":[{"name":"wp","href":"https:\/\/api.w.org\/{rel}","templated":true}]}}