{"id":15526,"date":"2015-05-11T14:56:34","date_gmt":"2015-05-11T14:56:34","guid":{"rendered":"http:\/\/demo.qodeinteractive.com\/bridge86\/?page_id=15526"},"modified":"2019-05-30T23:22:03","modified_gmt":"2019-05-30T21:22:03","slug":"nastavni-program","status":"publish","type":"page","link":"https:\/\/intvla.unizg.hr\/index.php\/nastavni-program\/","title":{"rendered":"Nastavni program"},"content":{"rendered":"<section class=\"wpb-content-wrapper\"><p>[vc_row row_type=&#8221;row&#8221; use_row_as_full_screen_section=&#8221;no&#8221; type=&#8221;grid&#8221; angled_section=&#8221;no&#8221; text_align=&#8221;left&#8221; background_image_as_pattern=&#8221;without_pattern&#8221; padding_top=&#8221;75&#8243; padding_bottom=&#8221;75&#8243; css_animation=&#8221;&#8221;][vc_column][vc_column_text]<\/p>\n<h3>Struktura studija, ritam studiranja i obveze polaznika<\/h3>\n<p>[\/vc_column_text][vc_separator type=&#8221;normal&#8221;][vc_column_text]Studij traje jednu akademsku godinu (dva semestra) u ukupnom optere\u0107enju 60 ECTS bodova, uz mogu\u0107u izradu, ocjenu i obranu zavr\u0161nog specijalisti\u010dkog rada u tre\u0107em ili \u010detvrtom semestru, s obzirom na to da se o\u010dekuje da \u0107e ve\u0107ina polaznika biti izvanredni studenti. (<a href=\"http:\/\/intvla.unizg.hr\/index.php\/struktura-studija-ritam-utjeti-studiranja-obveze-polaznika-zavrsni-rad\/\">detaljno<\/a>)<\/p>\n<p>&nbsp;<\/p>\n<p>Nastava je&nbsp;prilago\u0111ena zaposlenim studentima te se odr\u017eava radnim danom od 17 do 21 sati i\/ili vikendom.[\/vc_column_text][\/vc_column][\/vc_row][vc_row row_type=&#8221;row&#8221; use_row_as_full_screen_section=&#8221;no&#8221; type=&#8221;grid&#8221; header_style=&#8221;light&#8221; angled_section=&#8221;no&#8221; text_align=&#8221;left&#8221; background_image_as_pattern=&#8221;without_pattern&#8221; background_color=&#8221;#2f2f2f&#8221; padding_top=&#8221;75&#8243; padding_bottom=&#8221;75&#8243; css_animation=&#8221;&#8221;][vc_column width=&#8221;1\/3&#8243;][vc_column_text]<\/p>\n<h3>Prvi semestar<\/h3>\n<p>[\/vc_column_text][vc_separator type=&#8221;normal&#8221;][vc_column_text]<\/p>\n<h5><span style=\"color: #ffffff;\">Pripremni predmet<\/span><\/h5>\n<p>[\/vc_column_text][vc_column_text]<\/p>\n<p style=\"text-align: justify;\"><span style=\"color: #999999;\">Studenti ne-pravnici kao prvi moraju polo\u017eiti ispit iz kolegija <\/span><em><a href=\"http:\/\/intvla.unizg.hr\/index.php\/temelji-privatnog-i-procesnog-prava-2\/\">Temelji privatnog i procesnog prava (5 ECTS)<\/a><\/em><span style=\"color: #999999;\"> koji je razlikovni kolegij.<\/span><\/p>\n<p>[\/vc_column_text][vc_empty_space][vc_column_text]<\/p>\n<h5><span style=\"color: #ffffff;\">Obvezni predmeti<\/span><\/h5>\n<p>[\/vc_column_text][vc_column_text]<span style=\"color: #999999;\">Studenti upisuju \u010detiri obvezna predmeta:<br \/>\n<\/span><em><a href=\"http:\/\/intvla.unizg.hr\/index.php\/autorsko-pravo\/\">Autorsko pravo (4 ECTS)<br \/>\n<\/a><\/em><em><a href=\"http:\/\/intvla.unizg.hr\/index.php\/pravna-zastita-izuma\/\">Pravna za\u0161tita izuma (4 ECTS)<br \/>\n<\/a><\/em><em><a href=\"http:\/\/intvla.unizg.hr\/index.php\/pravo-ziga-industrijskog-dizajna-i-drugih-oznaka-razlikovanja\/\">Pravo \u017eiga, industrijskog dizajna i drugih oznaka razlikovanja (5 ECTS)<\/a><\/em><span style=\"color: #999999;\"><br \/>\n<\/span><em><a href=\"http:\/\/intvla.unizg.hr\/index.php\/upravljanje-intelektualnim-vlasnistvom\/\">Upravljanje intelektualnim vlasni\u0161tvom (3 ECTS)<\/a><\/em>[\/vc_column_text][vc_empty_space][vc_column_text]<\/p>\n<h5><span style=\"color: #ffffff;\">Seminari<\/span><\/h5>\n<p>[\/vc_column_text][vc_column_text]<\/p>\n<p style=\"text-align: left;\"><span style=\"color: #999999;\">Student upisuje dva seminara izme\u0111u tri ponu\u0111ena:<br \/>\n<\/span><em><a href=\"http:\/\/intvla.unizg.hr\/index.php\/autorsko-pravo\/\">Autorsko pravo (2 ECTS)<\/a><\/em><\/p>\n<p style=\"text-align: left;\"><em><a href=\"http:\/\/intvla.unizg.hr\/index.php\/pravna-zastita-izuma\/\">Pravna za\u0161tita izuma (2 ECTS)<br \/>\n<\/a><\/em><em><a href=\"http:\/\/intvla.unizg.hr\/index.php\/pravo-ziga-industrijskog-dizajna-i-drugih-oznaka-razlikovanja\/\">Pravo \u017eiga, industrijskog dizajna i drugih oznaka razlikovanja (2 ECTS)<\/a><\/em><\/p>\n<p>[\/vc_column_text][vc_empty_space][vc_column_text]<\/p>\n<h5><span style=\"color: #ffffff;\">Izbor teme specijalisti\u010dkog rada<\/span><\/h5>\n<p>[\/vc_column_text][vc_column_text]<span style=\"color: #999999;\">Tijekom prvog semestra student u suradnji s mentorom razra\u0111uje i predla\u017ee temu specijalisti\u010dkog rada.<\/span>[\/vc_column_text][\/vc_column][vc_column width=&#8221;1\/3&#8243;][vc_column_text]<\/p>\n<h3>Drugi semestar<\/h3>\n<p>[\/vc_column_text][vc_separator type=&#8221;normal&#8221;][vc_column_text]<span style=\"color: #999999;\">U drugom semestru student upisuje predmete koji ukupno nose najmanje 16 ECTS bodova, s liste izbornih predmeta.<\/span>[\/vc_column_text][vc_empty_space][vc_column_text]<em><a href=\"http:\/\/intvla.unizg.hr\/index.php\/intelektualno-vlasnistvo-u-istrazivanju-lijekova-i-biomedicini\/\">Intelektualno vlasni\u0161tvo u istra\u017eivanju lijekova i biomedicini (2 ECTS)<\/a><\/em><\/p>\n<p><a href=\"http:\/\/intvla.unizg.hr\/index.php\/patenti-u-biotehnologiji\/\"><em>Patenti u biotehnologiji (2 ECTS)<\/em><\/a><\/p>\n<p><a href=\"http:\/\/intvla.unizg.hr\/index.php\/patentna-zastita-u-tehnickim-znanostima\/\"><em>Patentna za\u0161tita u tehni\u010dkim znanostima (2 ECTS)<\/em><\/a><\/p>\n<p><a href=\"http:\/\/intvla.unizg.hr\/index.php\/informacijsko-komunikacijske-tehnologije-i-intelektualno-vlasnistvo\/\"><em>Informacijsko-komunikacijske tehnologije i intelektualno vlasni\u0161tvo (3 ECTS)<\/em><\/a><\/p>\n<p><a href=\"http:\/\/intvla.unizg.hr\/index.php\/europski-aspekti-prava-intelektualnog-vlasnistva\/\"><em>Europski aspekti prava intelektualnog vlasni\u0161tva (3 ECTS)<\/em><\/a><\/p>\n<p><a href=\"http:\/\/intvla.unizg.hr\/index.php\/medunarodno-i-medunarodno-privatno-pravo-intelektualnog-vlasnistva\/\"><em>Me\u0111unarodno i me\u0111unarodno privatno pravo intelektualnog vlasni\u0161tva (3 ECTS)<\/em><\/a><\/p>\n<p><a href=\"http:\/\/intvla.unizg.hr\/index.php\/autorsko-i-srodna-prava-u-kreativnim-industrijama\/\"><em>Autorsko i srodna prava u kreativnim industrijama (3 ECTS)<\/em><\/a><\/p>\n<p><a href=\"http:\/\/intvla.unizg.hr\/index.php\/individualno-i-kolektivno-ostvarivanje-autorskog-i-srodnih-prava\/\"><em>Individualno i kolektivno ostvarivanje autorskog i srodnih prava (2 ECTS)<\/em><\/a><\/p>\n<p><a href=\"http:\/\/intvla.unizg.hr\/index.php\/poslovni-i-pravni-aspekti-ugovora-u-podrucju-industrijskog-vlasnistva\/\"><em>Poslovni i pravni aspekti ugovora u podru\u010dju industrijskog vlasni\u0161tva (2 ECTS)<\/em><\/a><\/p>\n<p><a href=\"http:\/\/intvla.unizg.hr\/index.php\/pravo-trzisnog-natjecanja-i-intelektualno-vlasnistvo\/\"><em>Pravo tr\u017ei\u0161nog natjecanja i intelektualno vlasni\u0161tvo (3 ECTS)<\/em><\/a><\/p>\n<p><a href=\"http:\/\/intvla.unizg.hr\/index.php\/upravljanje-markom\/\"><em>Upravljanje markom (3 ECTS)<\/em><\/a><\/p>\n<p><a href=\"http:\/\/intvla.unizg.hr\/index.php\/odabrane-teme-ekonomske-analize-prava\/\"><em>Odabrane teme ekonomske analize prava (2 ECTS)<\/em><\/a><\/p>\n<p><em><a href=\"http:\/\/intvla.unizg.hr\/index.php\/pravna-zastita-novih-biljnih-sorti\/\">Pravna za\u0161tita novih biljnih sorti (3 ECTS)<\/a><\/em>[\/vc_column_text][\/vc_column][vc_column width=&#8221;1\/3&#8243;][vc_column_text]<\/p>\n<h3>Specijalisti\u010dki rad<\/h3>\n<p>[\/vc_column_text][vc_separator type=&#8221;normal&#8221;][vc_column_text]<span style=\"color: #999999;\">Studij se zavr\u0161ava izradom i obranom zavr\u0161nog rada pred tro\u010dlanim povjerenstvom, \u010dime se ostvaruje 24 ECTS bodova.<\/span><\/p>\n<p><span style=\"color: #999999;\">Uvjet za pristupanje obrani zavr\u0161nog rada su polo\u017eeni svi upisani kolegiji i izrada dva pisana seminarska rada, \u010dime se stje\u010de najmanje 36 ECTS bodova.<\/span>[\/vc_column_text][\/vc_column][\/vc_row]<\/p>\n<\/section>","protected":false},"excerpt":{"rendered":"<p>[vc_row row_type=&#8221;row&#8221; use_row_as_full_screen_section=&#8221;no&#8221; type=&#8221;grid&#8221; angled_section=&#8221;no&#8221; text_align=&#8221;left&#8221; background_image_as_pattern=&#8221;without_pattern&#8221; padding_top=&#8221;75&#8243; padding_bottom=&#8221;75&#8243; css_animation=&#8221;&#8221;][vc_column][vc_column_text] Struktura studija, ritam studiranja i obveze polaznika [\/vc_column_text][vc_separator type=&#8221;normal&#8221;][vc_column_text]Studij traje jednu akademsku godinu (dva semestra) u ukupnom optere\u0107enju 60 ECTS bodova, uz mogu\u0107u izradu, ocjenu i obranu zavr\u0161nog specijalisti\u010dkog rada u tre\u0107em ili \u010detvrtom semestru,&#8230;<\/p>\n","protected":false},"author":3,"featured_media":0,"parent":0,"menu_order":0,"comment_status":"open","ping_status":"open","template":"full_width.php","meta":{"footnotes":""},"_links":{"self":[{"href":"https:\/\/intvla.unizg.hr\/index.php\/wp-json\/wp\/v2\/pages\/15526"}],"collection":[{"href":"https:\/\/intvla.unizg.hr\/index.php\/wp-json\/wp\/v2\/pages"}],"about":[{"href":"https:\/\/intvla.unizg.hr\/index.php\/wp-json\/wp\/v2\/types\/page"}],"author":[{"embeddable":true,"href":"https:\/\/intvla.unizg.hr\/index.php\/wp-json\/wp\/v2\/users\/3"}],"replies":[{"embeddable":true,"href":"https:\/\/intvla.unizg.hr\/index.php\/wp-json\/wp\/v2\/comments?post=15526"}],"version-history":[{"count":123,"href":"https:\/\/intvla.unizg.hr\/index.php\/wp-json\/wp\/v2\/pages\/15526\/revisions"}],"predecessor-version":[{"id":16608,"href":"https:\/\/intvla.unizg.hr\/index.php\/wp-json\/wp\/v2\/pages\/15526\/revisions\/16608"}],"wp:attachment":[{"href":"https:\/\/intvla.unizg.hr\/index.php\/wp-json\/wp\/v2\/media?parent=15526"}],"curies":[{"name":"wp","href":"https:\/\/api.w.org\/{rel}","templated":true}]}}