{"id":15466,"date":"2015-05-11T12:55:39","date_gmt":"2015-05-11T12:55:39","guid":{"rendered":"http:\/\/demo.qodeinteractive.com\/bridge86\/?page_id=15466"},"modified":"2023-06-14T14:26:03","modified_gmt":"2023-06-14T12:26:03","slug":"osnovno","status":"publish","type":"page","link":"https:\/\/intvla.unizg.hr\/index.php\/osnovno\/","title":{"rendered":"Osnovne informacije"},"content":{"rendered":"<section class=\"wpb-content-wrapper\"><p>[vc_row css_animation=&#8221;&#8221; row_type=&#8221;row&#8221; use_row_as_full_screen_section=&#8221;no&#8221; type=&#8221;full_width&#8221; angled_section=&#8221;no&#8221; text_align=&#8221;left&#8221; background_image_as_pattern=&#8221;without_pattern&#8221;][vc_column][vc_column_text]<p>[\/vc_column_text][\/vc_column][\/vc_row][vc_row css_animation=&#8221;&#8221; row_type=&#8221;row&#8221; use_row_as_full_screen_section=&#8221;no&#8221; type=&#8221;grid&#8221; angled_section=&#8221;no&#8221; text_align=&#8221;left&#8221; background_image_as_pattern=&#8221;without_pattern&#8221; padding_top=&#8221;75&#8243;][vc_column][vc_column_text]<\/p>\n<h3>Sveu\u010dili\u0161ni interdisciplinarni poslijediplomski specijalisti\u010dki studij <em>Intelektualno vlasni\u0161tvo<\/em><\/h3>\n<p>[\/vc_column_text][vc_empty_space][vc_column_text]<\/p>\n<p>[\/vc_column_text][\/vc_column][\/vc_row][vc_row css_animation=&#8221;&#8221; row_type=&#8221;row&#8221; use_row_as_full_screen_section=&#8221;no&#8221; type=&#8221;grid&#8221; angled_section=&#8221;no&#8221; text_align=&#8221;left&#8221; background_image_as_pattern=&#8221;without_pattern&#8221; padding_bottom=&#8221;75&#8243;][vc_column][vc_column_text]<\/p>\n<p>[\/vc_column_text][vc_empty_space height=&#8221;16px&#8221;][vc_column_text]<\/p>\n<p>[\/vc_column_text][\/vc_column][vc_empty_space height=&#8221;16px&#8221;][vc_column_text]<\/p>\n<p>Sveu\u010dili\u0161te u Zagrebu uo\u010dilo je nedostatak kadrova specijaliziranih za podru\u010dje intelektualnog vlasni\u0161tva koji mogu u praksi uspje\u0161no rje\u0161avati probleme za\u0161tite i iskori\u0161tavanja intelektualnih tvorevina. Senat Sveu\u010dili\u0161ta 2014. godine donio je odluku o osnivanju i izvo\u0111enju poslijediplomskog specijalisti\u010dkog studija iz ovog podru\u010dja.<\/p>\n<p><strong>Interdisciplinarnost<\/strong> je jedna od temeljnih zna\u010dajki ovoga studija. Sinergijom znanja nastavni\u010dkog kadra razli\u010ditih struka osigurava se sveobuhvatno obrazovanje o za\u0161titi intelektualnih tvorevina i njihovoj ulozi u suvremenoj znanosti i gospodarstvu. Stoga se u izvedbu programa studija uklju\u010duju nastavnici s Pravnog fakulteta, Prehrambeno-biotehnolo\u0161kog fakulteta, Medicinskog fakulteta, Tekstilno-tehnolo\u0161kog fakulteta, Ekonomskog fakulteta, Fakulteta elektronike i ra\u010dunarstva, Muzi\u010dke akademije, Akademije dramskih umjetnosti, Akademije likovnih umjetnosti i s Arhitektonskog fakulteta (uklju\u010duju\u0107i i Studij dizajna) sa Sveu\u010dili\u0161ta u Zagrebu. Tako\u0111er, kao suradnici u izvo\u0111enju nastave i seminara sudjeluju stru\u010dnjaci iz Centra za istra\u017eivanje, razvoj i transfer tehnologije Sveu\u010dili\u0161ta u Zagrebu, iz Dr\u017eavnog zavoda za intelektualno vlasni\u0161tvo te drugi stru\u010dnjaci iz prakse, poglavito suci i patentni zastupnici.<\/p>\n<p>Program ovoga specijalisti\u010dkog studija namijenjen je osobama svih struka \u010dija je profesionalna djelatnost vezana uz podru\u010dje intelektualnog vlasni\u0161tva, a cilj mu je omogu\u0107iti sustavno i cjelovito stjecanje znanja koje je potrebno za uspje\u0161no i u\u010dinkovito rje\u0161avanje problema povezanih s pravnom za\u0161titom i drugim aspektima iskori\u0161tavanja intelektualnih tvorevina.<\/p>\n<p>Nastava je terminski prilago\u0111ena zaposlenim polaznicima, a za polaznike izvan Zagreba osigurana je mogu\u0107nost <strong><em>online<\/em><\/strong> pra\u0107enja.<\/p>\n<p>\u0160KOLARINA<\/p>\n<p>\u0160kolarina za cijeli studij iznosi 5.500 \u20ac<\/p>\n<p>Mogu\u0107nost pla\u0107anja u ratama:<\/p>\n<p>1. rata \u2013 2.500 \u20ac, uplata tijekom upisa<br \/>2. rata \u2013 1.500 \u20ac, uplata do 23.prosinca 2023.<br \/>3. rata \u2013 1.500 \u20ac, uplata do 30. travnja 2024.<\/p>\n<p>[\/vc_column_text][vc_column_text]<\/p>\n<p style=\"text-align: justify;\">Nastava je terminski prilago\u0111ena zaposlenim polaznicima, a za polaznike izvan Zagreba osigurana je mogu\u0107nost online pra\u0107enja.<\/p>\n<p>[\/vc_column_text][\/vc_row][vc_row css_animation=&#8221;&#8221; row_type=&#8221;row&#8221; use_row_as_full_screen_section=&#8221;no&#8221; type=&#8221;full_width&#8221; angled_section=&#8221;no&#8221; text_align=&#8221;left&#8221; background_image_as_pattern=&#8221;without_pattern&#8221;][vc_column][vc_column_text]<\/p>\n<\/p>\r\n<p>[\/vc_column_text][\/vc_column][\/vc_row]<\/p><\/section>","protected":false},"excerpt":{"rendered":"<p>[vc_row css_animation=&#8221;&#8221; row_type=&#8221;row&#8221; use_row_as_full_screen_section=&#8221;no&#8221; type=&#8221;full_width&#8221; angled_section=&#8221;no&#8221; text_align=&#8221;left&#8221; background_image_as_pattern=&#8221;without_pattern&#8221;][vc_column][vc_column_text] [\/vc_column_text][\/vc_column][\/vc_row]<\/p>\n","protected":false},"author":3,"featured_media":0,"parent":0,"menu_order":0,"comment_status":"open","ping_status":"open","template":"full_width.php","meta":{"footnotes":""},"_links":{"self":[{"href":"https:\/\/intvla.unizg.hr\/index.php\/wp-json\/wp\/v2\/pages\/15466"}],"collection":[{"href":"https:\/\/intvla.unizg.hr\/index.php\/wp-json\/wp\/v2\/pages"}],"about":[{"href":"https:\/\/intvla.unizg.hr\/index.php\/wp-json\/wp\/v2\/types\/page"}],"author":[{"embeddable":true,"href":"https:\/\/intvla.unizg.hr\/index.php\/wp-json\/wp\/v2\/users\/3"}],"replies":[{"embeddable":true,"href":"https:\/\/intvla.unizg.hr\/index.php\/wp-json\/wp\/v2\/comments?post=15466"}],"version-history":[{"count":104,"href":"https:\/\/intvla.unizg.hr\/index.php\/wp-json\/wp\/v2\/pages\/15466\/revisions"}],"predecessor-version":[{"id":16857,"href":"https:\/\/intvla.unizg.hr\/index.php\/wp-json\/wp\/v2\/pages\/15466\/revisions\/16857"}],"wp:attachment":[{"href":"https:\/\/intvla.unizg.hr\/index.php\/wp-json\/wp\/v2\/media?parent=15466"}],"curies":[{"name":"wp","href":"https:\/\/api.w.org\/{rel}","templated":true}]}}